{"id":2552,"date":"2020-12-15T17:46:11","date_gmt":"2020-12-15T16:46:11","guid":{"rendered":"https:\/\/3rings.eu\/?page_id=2552"},"modified":"2025-12-02T08:22:22","modified_gmt":"2025-12-02T07:22:22","slug":"marken","status":"publish","type":"page","link":"https:\/\/3rings.eu\/de\/marken\/","title":{"rendered":"The Brands"},"content":{"rendered":"<div data-elementor-type=\"wp-page\" data-elementor-id=\"2552\" class=\"elementor elementor-2552\" data-elementor-post-type=\"page\">\n\t\t\t\t\t\t<section class=\"elementor-section elementor-top-section elementor-element elementor-element-428732e3 elementor-section-full_width elementor-section-height-min-height elementor-section-items-stretch elementor-section-content-bottom elementor-section-height-default elementor-invisible\" data-id=\"428732e3\" data-element_type=\"section\" data-e-type=\"section\" data-settings=\"{&quot;background_background&quot;:&quot;classic&quot;,&quot;animation&quot;:&quot;fadeInLeft&quot;}\">\n\t\t\t\t\t\t<div class=\"elementor-container elementor-column-gap-no\">\n\t\t\t\t\t<div class=\"elementor-column elementor-col-50 elementor-top-column elementor-element elementor-element-566faac2\" data-id=\"566faac2\" data-element_type=\"column\" data-e-type=\"column\" data-settings=\"{&quot;background_background&quot;:&quot;classic&quot;}\">\n\t\t\t<div class=\"elementor-widget-wrap elementor-element-populated\">\n\t\t\t\t\t\t<div class=\"elementor-element elementor-element-6c854063 elementor-widget elementor-widget-heading\" data-id=\"6c854063\" data-element_type=\"widget\" data-e-type=\"widget\" data-widget_type=\"heading.default\">\n\t\t\t\t<div class=\"elementor-widget-container\">\n\t\t\t\t\t<h1 class=\"elementor-heading-title elementor-size-default\">Marken im Vertrieb<\/h1>\t\t\t\t<\/div>\n\t\t\t\t<\/div>\n\t\t\t\t<div class=\"elementor-element elementor-element-2c782ab9 elementor-widget elementor-widget-heading\" data-id=\"2c782ab9\" data-element_type=\"widget\" data-e-type=\"widget\" data-widget_type=\"heading.default\">\n\t\t\t\t<div class=\"elementor-widget-container\">\n\t\t\t\t\t<h2 class=\"elementor-heading-title elementor-size-default\">Nescens &amp; Biolux<\/h2>\t\t\t\t<\/div>\n\t\t\t\t<\/div>\n\t\t\t\t\t<\/div>\n\t\t<\/div>\n\t\t\t\t<div class=\"elementor-column elementor-col-25 elementor-top-column elementor-element elementor-element-15947d2b\" data-id=\"15947d2b\" data-element_type=\"column\" data-e-type=\"column\">\n\t\t\t<div class=\"elementor-widget-wrap elementor-element-populated\">\n\t\t\t\t\t\t<div class=\"elementor-element elementor-element-7d2668ba elementor-align-center elementor-widget elementor-widget-lottie\" data-id=\"7d2668ba\" data-element_type=\"widget\" data-e-type=\"widget\" data-settings=\"{&quot;source_json&quot;:{&quot;url&quot;:&quot;https:\\\/\\\/3rings.eu\\\/wp-content\\\/uploads\\\/2020\\\/12\\\/3rings_animation.json&quot;,&quot;id&quot;:2352,&quot;size&quot;:&quot;&quot;},&quot;source&quot;:&quot;media_file&quot;,&quot;caption_source&quot;:&quot;none&quot;,&quot;link_to&quot;:&quot;none&quot;,&quot;trigger&quot;:&quot;arriving_to_viewport&quot;,&quot;viewport&quot;:{&quot;unit&quot;:&quot;%&quot;,&quot;size&quot;:&quot;&quot;,&quot;sizes&quot;:{&quot;start&quot;:0,&quot;end&quot;:100}},&quot;play_speed&quot;:{&quot;unit&quot;:&quot;px&quot;,&quot;size&quot;:1,&quot;sizes&quot;:[]},&quot;start_point&quot;:{&quot;unit&quot;:&quot;%&quot;,&quot;size&quot;:0,&quot;sizes&quot;:[]},&quot;end_point&quot;:{&quot;unit&quot;:&quot;%&quot;,&quot;size&quot;:100,&quot;sizes&quot;:[]},&quot;renderer&quot;:&quot;svg&quot;}\" data-widget_type=\"lottie.default\">\n\t\t\t\t<div class=\"elementor-widget-container\">\n\t\t\t\t\t<div class=\"e-lottie__container\"><div class=\"e-lottie__animation\"><\/div><\/div>\t\t\t\t<\/div>\n\t\t\t\t<\/div>\n\t\t\t\t\t<\/div>\n\t\t<\/div>\n\t\t\t\t<div class=\"elementor-column elementor-col-25 elementor-top-column elementor-element elementor-element-1792e1a2\" data-id=\"1792e1a2\" data-element_type=\"column\" data-e-type=\"column\">\n\t\t\t<div class=\"elementor-widget-wrap elementor-element-populated\">\n\t\t\t\t\t\t<div class=\"elementor-element elementor-element-73a5e033 elementor-widget-mobile__width-initial animated-slow elementor-widget-tablet__width-initial elementor-invisible elementor-widget elementor-widget-spacer\" data-id=\"73a5e033\" data-element_type=\"widget\" data-e-type=\"widget\" data-settings=\"{&quot;_animation&quot;:&quot;fadeInRight&quot;}\" data-widget_type=\"spacer.default\">\n\t\t\t\t<div class=\"elementor-widget-container\">\n\t\t\t\t\t\t\t<div class=\"elementor-spacer\">\n\t\t\t<div class=\"elementor-spacer-inner\"><\/div>\n\t\t<\/div>\n\t\t\t\t\t\t<\/div>\n\t\t\t\t<\/div>\n\t\t\t\t\t<\/div>\n\t\t<\/div>\n\t\t\t\t\t<\/div>\n\t\t<\/section>\n\t\t\t\t<section class=\"elementor-section elementor-top-section elementor-element elementor-element-7bd9d0b elementor-section-boxed elementor-section-height-default elementor-section-height-default elementor-invisible\" data-id=\"7bd9d0b\" data-element_type=\"section\" data-e-type=\"section\" data-settings=\"{&quot;animation&quot;:&quot;fadeInRight&quot;}\">\n\t\t\t\t\t\t<div class=\"elementor-container elementor-column-gap-default\">\n\t\t\t\t\t<div class=\"elementor-column elementor-col-100 elementor-top-column elementor-element elementor-element-51d84109\" data-id=\"51d84109\" data-element_type=\"column\" data-e-type=\"column\">\n\t\t\t<div class=\"elementor-widget-wrap elementor-element-populated\">\n\t\t\t\t\t\t<div class=\"elementor-element elementor-element-48ebaee9 elementor-widget elementor-widget-heading\" data-id=\"48ebaee9\" data-element_type=\"widget\" data-e-type=\"widget\" data-widget_type=\"heading.default\">\n\t\t\t\t<div class=\"elementor-widget-container\">\n\t\t\t\t\t<h2 class=\"elementor-heading-title elementor-size-default\">Nescens<\/h2>\t\t\t\t<\/div>\n\t\t\t\t<\/div>\n\t\t\t\t<div class=\"elementor-element elementor-element-297247f8 elementor-blockquote--skin-quotation elementor-blockquote--align-center elementor-widget elementor-widget-blockquote\" data-id=\"297247f8\" data-element_type=\"widget\" data-e-type=\"widget\" data-widget_type=\"blockquote.default\">\n\t\t\t\t<div class=\"elementor-widget-container\">\n\t\t\t\t\t\t\t<blockquote class=\"elementor-blockquote\">\n\t\t\t<p class=\"elementor-blockquote__content\">\n\t\t\t\tEin rationelles, technisches und hochwirksames Anti-Aging-Pflegeprogramm\t\t\t<\/p>\n\t\t\t\t\t<\/blockquote>\n\t\t\t\t\t\t<\/div>\n\t\t\t\t<\/div>\n\t\t\t\t<section class=\"elementor-section elementor-inner-section elementor-element elementor-element-6a3f6ad elementor-hidden-tablet elementor-hidden-phone elementor-section-boxed elementor-section-height-default elementor-section-height-default\" data-id=\"6a3f6ad\" data-element_type=\"section\" data-e-type=\"section\">\n\t\t\t\t\t\t<div class=\"elementor-container elementor-column-gap-default\">\n\t\t\t\t\t<div class=\"elementor-column elementor-col-50 elementor-inner-column elementor-element elementor-element-6c65457\" data-id=\"6c65457\" data-element_type=\"column\" data-e-type=\"column\">\n\t\t\t<div class=\"elementor-widget-wrap elementor-element-populated\">\n\t\t\t\t\t\t<div class=\"elementor-element elementor-element-7f1a5fb0 elementor-widget elementor-widget-text-editor\" data-id=\"7f1a5fb0\" data-element_type=\"widget\" data-e-type=\"widget\" data-widget_type=\"text-editor.default\">\n\t\t\t\t<div class=\"elementor-widget-container\">\n\t\t\t\t\t\t\t\t\t<p class=\"translation-block\">Die <a href=\"http:\/\/www.nescens.com\/\" target=\"_blank\" rel=\"noopener\"><strong>Nescens<\/strong><\/a> Kosmetik ist die Kreation von Professor Jacques Proust, einem Spezialisten f\u00fcr die Biologie des Alterns, einem Pionier der Anti-Aging-Medizin und Gr\u00fcnder des Zentrums f\u00fcr die Pr\u00e4vention des Alterns an der Genolier-Klinik in der Schweiz im Jahr 1998.<\/p><p>Die revolution\u00e4re Formel der Expertenbehandlung der Marke Nescens ist das Ergebnis von vier Jahren wissenschaftlicher Forschung zur Pr\u00e4vention und Optimierung der \"Jugendlichen Sch\u00f6nheit\" jedes Einzelnen. Das ist eine perfekte Balance zwischen konventioneller Kosmetik und pharmazeutischen Produkten. Die Entwicklung dieser Kosmetik basiert auf dem Verst\u00e4ndnis der wichtigsten biologischen Mechanismen der Hautalterung. In der Kosmetik hat die zellul\u00e4re Forschung von Nescens vor allem die Rolle der Stammzellen bei der Geweberegeneration hervorgehoben.<\/p><p>Die Anti-Aging-Pflegeprogramme von Nescens tragen das Swisscos Label, das ihre Herkunft, Qualit\u00e4t und Wirksamkeit garantiert. Die hochkonzentrierten Wirkstoffe der vorbereitenden Behandlungen, Seren und Cremes garantieren sofortige, klinisch nachgewiesene Ergebnisse.<\/p><p>Im Dienste der Sch\u00f6nheit und des Wohlbefindens ist jedes Anti-Aging-Hautpflegeprogramm von Nescens ein wahres Ritual, das das Hautgewebe in der Tiefe regeneriert und strahlende, lang anhaltende Eigenschaften wiederherstellt.<\/p><p>Die Marke Nescens, die sowohl medizinisches Fachwissen als auch eine prestigetr\u00e4chtige Positionierung vereint, wird erfolgreich von 3 Rings Europe in etwa 30 Premium-Verkaufsstellen vertrieben, darunter in Italien, Spanien, Gro\u00dfbritannien und Deutschland.<\/p>\t\t\t\t\t\t\t\t<\/div>\n\t\t\t\t<\/div>\n\t\t\t\t\t<\/div>\n\t\t<\/div>\n\t\t\t\t<div class=\"elementor-column elementor-col-50 elementor-inner-column elementor-element elementor-element-f6307db\" data-id=\"f6307db\" data-element_type=\"column\" data-e-type=\"column\">\n\t\t\t<div class=\"elementor-widget-wrap elementor-element-populated\">\n\t\t\t\t\t\t<div class=\"elementor-element elementor-element-c12b494 elementor-widget elementor-widget-image\" data-id=\"c12b494\" data-element_type=\"widget\" data-e-type=\"widget\" data-widget_type=\"image.default\">\n\t\t\t\t<div class=\"elementor-widget-container\">\n\t\t\t\t\t\t\t\t\t\t\t\t\t\t\t<img fetchpriority=\"high\" decoding=\"async\" width=\"800\" height=\"542\" src=\"https:\/\/3rings.eu\/wp-content\/uploads\/2020\/12\/nescens-professeur-jacques-proust.jpg\" class=\"attachment-large size-large wp-image-2656\" alt=\"Nescens - Professor Jacques Proust\" srcset=\"https:\/\/3rings.eu\/wp-content\/uploads\/2020\/12\/nescens-professeur-jacques-proust.jpg 960w, https:\/\/3rings.eu\/wp-content\/uploads\/2020\/12\/nescens-professeur-jacques-proust-300x203.jpg 300w, https:\/\/3rings.eu\/wp-content\/uploads\/2020\/12\/nescens-professeur-jacques-proust-768x520.jpg 768w, https:\/\/3rings.eu\/wp-content\/uploads\/2020\/12\/nescens-professeur-jacques-proust-16x12.jpg 16w, https:\/\/3rings.eu\/wp-content\/uploads\/2020\/12\/nescens-professeur-jacques-proust-600x406.jpg 600w\" sizes=\"(max-width: 800px) 100vw, 800px\" title=\"\">\t\t\t\t\t\t\t\t\t\t\t\t\t\t\t<\/div>\n\t\t\t\t<\/div>\n\t\t\t\t<div class=\"elementor-element elementor-element-f284ac0 elementor-widget elementor-widget-image\" data-id=\"f284ac0\" data-element_type=\"widget\" data-e-type=\"widget\" data-widget_type=\"image.default\">\n\t\t\t\t<div class=\"elementor-widget-container\">\n\t\t\t\t\t\t\t\t\t\t\t\t\t\t\t<img decoding=\"async\" width=\"602\" height=\"258\" src=\"https:\/\/3rings.eu\/wp-content\/uploads\/2020\/12\/nescens-research.jpg\" class=\"attachment-large size-large wp-image-2657\" alt=\"Nescens - Forschung\" srcset=\"https:\/\/3rings.eu\/wp-content\/uploads\/2020\/12\/nescens-research.jpg 602w, https:\/\/3rings.eu\/wp-content\/uploads\/2020\/12\/nescens-research-300x129.jpg 300w, https:\/\/3rings.eu\/wp-content\/uploads\/2020\/12\/nescens-research-16x7.jpg 16w, https:\/\/3rings.eu\/wp-content\/uploads\/2020\/12\/nescens-research-600x257.jpg 600w\" sizes=\"(max-width: 602px) 100vw, 602px\" title=\"\">\t\t\t\t\t\t\t\t\t\t\t\t\t\t\t<\/div>\n\t\t\t\t<\/div>\n\t\t\t\t<div class=\"elementor-element elementor-element-27c0ddf elementor-widget elementor-widget-image\" data-id=\"27c0ddf\" data-element_type=\"widget\" data-e-type=\"widget\" data-widget_type=\"image.default\">\n\t\t\t\t<div class=\"elementor-widget-container\">\n\t\t\t\t\t\t\t\t\t\t\t\t\t\t\t<img decoding=\"async\" width=\"800\" height=\"580\" src=\"https:\/\/3rings.eu\/wp-content\/uploads\/2020\/12\/nescens-brand-1024x742.jpg\" class=\"attachment-large size-large wp-image-2655\" alt=\"Nescens Marke\" srcset=\"https:\/\/3rings.eu\/wp-content\/uploads\/2020\/12\/nescens-brand-1024x742.jpg 1024w, https:\/\/3rings.eu\/wp-content\/uploads\/2020\/12\/nescens-brand-300x217.jpg 300w, https:\/\/3rings.eu\/wp-content\/uploads\/2020\/12\/nescens-brand-768x557.jpg 768w, https:\/\/3rings.eu\/wp-content\/uploads\/2020\/12\/nescens-brand-16x12.jpg 16w, https:\/\/3rings.eu\/wp-content\/uploads\/2020\/12\/nescens-brand-600x435.jpg 600w, https:\/\/3rings.eu\/wp-content\/uploads\/2020\/12\/nescens-brand.jpg 1058w\" sizes=\"(max-width: 800px) 100vw, 800px\" title=\"\">\t\t\t\t\t\t\t\t\t\t\t\t\t\t\t<\/div>\n\t\t\t\t<\/div>\n\t\t\t\t\t<\/div>\n\t\t<\/div>\n\t\t\t\t\t<\/div>\n\t\t<\/section>\n\t\t\t\t<section class=\"elementor-section elementor-inner-section elementor-element elementor-element-92d6107 elementor-hidden-desktop elementor-section-boxed elementor-section-height-default elementor-section-height-default\" data-id=\"92d6107\" data-element_type=\"section\" data-e-type=\"section\">\n\t\t\t\t\t\t<div class=\"elementor-container elementor-column-gap-default\">\n\t\t\t\t\t<div class=\"elementor-column elementor-col-100 elementor-inner-column elementor-element elementor-element-b159e15\" data-id=\"b159e15\" data-element_type=\"column\" data-e-type=\"column\">\n\t\t\t<div class=\"elementor-widget-wrap elementor-element-populated\">\n\t\t\t\t\t\t<div class=\"elementor-element elementor-element-8c2996f elementor-widget elementor-widget-text-editor\" data-id=\"8c2996f\" data-element_type=\"widget\" data-e-type=\"widget\" data-widget_type=\"text-editor.default\">\n\t\t\t\t<div class=\"elementor-widget-container\">\n\t\t\t\t\t\t\t\t\t<p class=\"translation-block\">Die <a href=\"http:\/\/www.nescens.com\/\" target=\"_blank\" rel=\"noopener\"><strong>Nescens<\/strong><\/a> Kosmetik ist die Kreation von Professor Jacques Proust, einem Spezialisten f\u00fcr die Biologie des Alterns, einem Pionier der Anti-Aging-Medizin und Gr\u00fcnder des Zentrums f\u00fcr die Pr\u00e4vention des Alterns an der Genolier-Klinik in der Schweiz im Jahr 1998.<\/p>\t\t\t\t\t\t\t\t<\/div>\n\t\t\t\t<\/div>\n\t\t\t\t<div class=\"elementor-element elementor-element-27948db elementor-widget elementor-widget-image\" data-id=\"27948db\" data-element_type=\"widget\" data-e-type=\"widget\" data-widget_type=\"image.default\">\n\t\t\t\t<div class=\"elementor-widget-container\">\n\t\t\t\t\t\t\t\t\t\t\t\t\t\t\t<img fetchpriority=\"high\" decoding=\"async\" width=\"800\" height=\"542\" src=\"https:\/\/3rings.eu\/wp-content\/uploads\/2020\/12\/nescens-professeur-jacques-proust.jpg\" class=\"attachment-large size-large wp-image-2656\" alt=\"Nescens - Professor Jacques Proust\" srcset=\"https:\/\/3rings.eu\/wp-content\/uploads\/2020\/12\/nescens-professeur-jacques-proust.jpg 960w, https:\/\/3rings.eu\/wp-content\/uploads\/2020\/12\/nescens-professeur-jacques-proust-300x203.jpg 300w, https:\/\/3rings.eu\/wp-content\/uploads\/2020\/12\/nescens-professeur-jacques-proust-768x520.jpg 768w, https:\/\/3rings.eu\/wp-content\/uploads\/2020\/12\/nescens-professeur-jacques-proust-16x12.jpg 16w, https:\/\/3rings.eu\/wp-content\/uploads\/2020\/12\/nescens-professeur-jacques-proust-600x406.jpg 600w\" sizes=\"(max-width: 800px) 100vw, 800px\" title=\"\">\t\t\t\t\t\t\t\t\t\t\t\t\t\t\t<\/div>\n\t\t\t\t<\/div>\n\t\t\t\t<div class=\"elementor-element elementor-element-1f8e823 elementor-widget elementor-widget-text-editor\" data-id=\"1f8e823\" data-element_type=\"widget\" data-e-type=\"widget\" data-widget_type=\"text-editor.default\">\n\t\t\t\t<div class=\"elementor-widget-container\">\n\t\t\t\t\t\t\t\t\t<p>Die revolution\u00e4re Formel der Expertenbehandlung der Marke Nescens ist das Ergebnis von vier Jahren wissenschaftlicher Forschung zur Pr\u00e4vention und Optimierung der \"Jugendlichen Sch\u00f6nheit\" jedes Einzelnen. Das ist eine perfekte Balance zwischen konventioneller Kosmetik und pharmazeutischen Produkten. Die Entwicklung dieser Kosmetik basiert auf dem Verst\u00e4ndnis der wichtigsten biologischen Mechanismen der Hautalterung. In der Kosmetik hat die zellul\u00e4re Forschung von Nescens vor allem die Rolle der Stammzellen bei der Geweberegeneration hervorgehoben.<\/p>\t\t\t\t\t\t\t\t<\/div>\n\t\t\t\t<\/div>\n\t\t\t\t<div class=\"elementor-element elementor-element-50836f2 elementor-widget elementor-widget-image\" data-id=\"50836f2\" data-element_type=\"widget\" data-e-type=\"widget\" data-widget_type=\"image.default\">\n\t\t\t\t<div class=\"elementor-widget-container\">\n\t\t\t\t\t\t\t\t\t\t\t\t\t\t\t<img decoding=\"async\" width=\"602\" height=\"258\" src=\"https:\/\/3rings.eu\/wp-content\/uploads\/2020\/12\/nescens-research.jpg\" class=\"attachment-large size-large wp-image-2657\" alt=\"Nescens - Forschung\" srcset=\"https:\/\/3rings.eu\/wp-content\/uploads\/2020\/12\/nescens-research.jpg 602w, https:\/\/3rings.eu\/wp-content\/uploads\/2020\/12\/nescens-research-300x129.jpg 300w, https:\/\/3rings.eu\/wp-content\/uploads\/2020\/12\/nescens-research-16x7.jpg 16w, https:\/\/3rings.eu\/wp-content\/uploads\/2020\/12\/nescens-research-600x257.jpg 600w\" sizes=\"(max-width: 602px) 100vw, 602px\" title=\"\">\t\t\t\t\t\t\t\t\t\t\t\t\t\t\t<\/div>\n\t\t\t\t<\/div>\n\t\t\t\t<div class=\"elementor-element elementor-element-320361c elementor-widget elementor-widget-text-editor\" data-id=\"320361c\" data-element_type=\"widget\" data-e-type=\"widget\" data-widget_type=\"text-editor.default\">\n\t\t\t\t<div class=\"elementor-widget-container\">\n\t\t\t\t\t\t\t\t\t<p>Die Anti-Aging-Pflegeprogramme von Nescens tragen das Swisscos Label, das ihre Herkunft, Qualit\u00e4t und Wirksamkeit garantiert. Die hochkonzentrierten Wirkstoffe der vorbereitenden Behandlungen, Seren und Cremes garantieren sofortige, klinisch nachgewiesene Ergebnisse.<\/p><p>Im Dienste der Sch\u00f6nheit und des Wohlbefindens ist jedes Anti-Aging-Hautpflegeprogramm von Nescens ein wahres Ritual, das das Hautgewebe in der Tiefe regeneriert und strahlende, lang anhaltende Eigenschaften wiederherstellt.<\/p><p>Die Marke Nescens, die sowohl medizinisches Fachwissen als auch eine prestigetr\u00e4chtige Positionierung vereint, wird erfolgreich von 3 Rings Europe in etwa 30 Premium-Verkaufsstellen vertrieben, darunter in Italien, Spanien, Gro\u00dfbritannien und Deutschland.<\/p>\t\t\t\t\t\t\t\t<\/div>\n\t\t\t\t<\/div>\n\t\t\t\t<div class=\"elementor-element elementor-element-ba355cf elementor-widget elementor-widget-image\" data-id=\"ba355cf\" data-element_type=\"widget\" data-e-type=\"widget\" data-widget_type=\"image.default\">\n\t\t\t\t<div class=\"elementor-widget-container\">\n\t\t\t\t\t\t\t\t\t\t\t\t\t\t\t<img decoding=\"async\" width=\"800\" height=\"580\" src=\"https:\/\/3rings.eu\/wp-content\/uploads\/2020\/12\/nescens-brand-1024x742.jpg\" class=\"attachment-large size-large wp-image-2655\" alt=\"Nescens Marke\" srcset=\"https:\/\/3rings.eu\/wp-content\/uploads\/2020\/12\/nescens-brand-1024x742.jpg 1024w, https:\/\/3rings.eu\/wp-content\/uploads\/2020\/12\/nescens-brand-300x217.jpg 300w, https:\/\/3rings.eu\/wp-content\/uploads\/2020\/12\/nescens-brand-768x557.jpg 768w, https:\/\/3rings.eu\/wp-content\/uploads\/2020\/12\/nescens-brand-16x12.jpg 16w, https:\/\/3rings.eu\/wp-content\/uploads\/2020\/12\/nescens-brand-600x435.jpg 600w, https:\/\/3rings.eu\/wp-content\/uploads\/2020\/12\/nescens-brand.jpg 1058w\" sizes=\"(max-width: 800px) 100vw, 800px\" title=\"\">\t\t\t\t\t\t\t\t\t\t\t\t\t\t\t<\/div>\n\t\t\t\t<\/div>\n\t\t\t\t\t<\/div>\n\t\t<\/div>\n\t\t\t\t\t<\/div>\n\t\t<\/section>\n\t\t\t\t\t<\/div>\n\t\t<\/div>\n\t\t\t\t\t<\/div>\n\t\t<\/section>\n\t\t\t\t<\/div>","protected":false},"excerpt":{"rendered":"<p>Brands Distributed Nescens &amp; Biolux Nescens A rational, technical and highly effective anti-aging care program The Nescens Cosmeceuticals range is the creation of Professor Jacques Proust, a specialist in the biology of aging, a pioneer in anti-aging medicine and founder of the Center for the Prevention of Aging at the Genolier Clinic in Switzerland in [&hellip;]<\/p>","protected":false},"author":1,"featured_media":2332,"parent":0,"menu_order":0,"comment_status":"closed","ping_status":"closed","template":"","meta":{"footnotes":""},"class_list":["post-2552","page","type-page","status-publish","has-post-thumbnail","hentry"],"_links":{"self":[{"href":"https:\/\/3rings.eu\/de\/wp-json\/wp\/v2\/pages\/2552","targetHints":{"allow":["GET"]}}],"collection":[{"href":"https:\/\/3rings.eu\/de\/wp-json\/wp\/v2\/pages"}],"about":[{"href":"https:\/\/3rings.eu\/de\/wp-json\/wp\/v2\/types\/page"}],"author":[{"embeddable":true,"href":"https:\/\/3rings.eu\/de\/wp-json\/wp\/v2\/users\/1"}],"replies":[{"embeddable":true,"href":"https:\/\/3rings.eu\/de\/wp-json\/wp\/v2\/comments?post=2552"}],"version-history":[{"count":3,"href":"https:\/\/3rings.eu\/de\/wp-json\/wp\/v2\/pages\/2552\/revisions"}],"predecessor-version":[{"id":3455,"href":"https:\/\/3rings.eu\/de\/wp-json\/wp\/v2\/pages\/2552\/revisions\/3455"}],"wp:featuredmedia":[{"embeddable":true,"href":"https:\/\/3rings.eu\/de\/wp-json\/wp\/v2\/media\/2332"}],"wp:attachment":[{"href":"https:\/\/3rings.eu\/de\/wp-json\/wp\/v2\/media?parent=2552"}],"curies":[{"name":"wp","href":"https:\/\/api.w.org\/{rel}","templated":true}]}}