{"id":61,"date":"2020-10-06T15:05:59","date_gmt":"2020-10-06T13:05:59","guid":{"rendered":"https:\/\/3rings.eu\/?page_id=61"},"modified":"2020-12-30T15:57:42","modified_gmt":"2020-12-30T14:57:42","slug":"3rings-europe","status":"publish","type":"page","link":"https:\/\/3rings.eu\/de\/3rings-europe\/","title":{"rendered":"3 Rings Europe"},"content":{"rendered":"<div data-elementor-type=\"wp-page\" data-elementor-id=\"61\" class=\"elementor elementor-61\" data-elementor-post-type=\"page\">\n\t\t\t\t\t\t<section class=\"elementor-section elementor-top-section elementor-element elementor-element-e990e9 elementor-section-full_width elementor-section-height-min-height elementor-section-items-stretch elementor-section-content-bottom elementor-section-height-default elementor-invisible\" data-id=\"e990e9\" data-element_type=\"section\" data-e-type=\"section\" data-settings=\"{&quot;background_background&quot;:&quot;classic&quot;,&quot;animation&quot;:&quot;fadeInLeft&quot;}\">\n\t\t\t\t\t\t<div class=\"elementor-container elementor-column-gap-no\">\n\t\t\t\t\t<div class=\"elementor-column elementor-col-50 elementor-top-column elementor-element elementor-element-6aae38b9\" data-id=\"6aae38b9\" data-element_type=\"column\" data-e-type=\"column\" data-settings=\"{&quot;background_background&quot;:&quot;classic&quot;}\">\n\t\t\t<div class=\"elementor-widget-wrap elementor-element-populated\">\n\t\t\t\t\t\t<div class=\"elementor-element elementor-element-36048523 elementor-widget elementor-widget-heading\" data-id=\"36048523\" data-element_type=\"widget\" data-e-type=\"widget\" data-widget_type=\"heading.default\">\n\t\t\t\t<div class=\"elementor-widget-container\">\n\t\t\t\t\t<h1 class=\"elementor-heading-title elementor-size-default\">3 Rings Europe<\/h1>\t\t\t\t<\/div>\n\t\t\t\t<\/div>\n\t\t\t\t<div class=\"elementor-element elementor-element-3446a842 elementor-widget elementor-widget-heading\" data-id=\"3446a842\" data-element_type=\"widget\" data-e-type=\"widget\" data-widget_type=\"heading.default\">\n\t\t\t\t<div class=\"elementor-widget-container\">\n\t\t\t\t\t<h2 class=\"elementor-heading-title elementor-size-default\">Autorisierter Vertriebsh\u00e4ndler<\/h2>\t\t\t\t<\/div>\n\t\t\t\t<\/div>\n\t\t\t\t\t<\/div>\n\t\t<\/div>\n\t\t\t\t<div class=\"elementor-column elementor-col-25 elementor-top-column elementor-element elementor-element-51808a3a\" data-id=\"51808a3a\" data-element_type=\"column\" data-e-type=\"column\">\n\t\t\t<div class=\"elementor-widget-wrap elementor-element-populated\">\n\t\t\t\t\t\t<div class=\"elementor-element elementor-element-7e31cbc elementor-align-center elementor-widget elementor-widget-lottie\" data-id=\"7e31cbc\" data-element_type=\"widget\" data-e-type=\"widget\" data-settings=\"{&quot;source_json&quot;:{&quot;url&quot;:&quot;https:\\\/\\\/3rings.eu\\\/wp-content\\\/uploads\\\/2020\\\/12\\\/3rings_animation.json&quot;,&quot;id&quot;:2352,&quot;size&quot;:&quot;&quot;},&quot;source&quot;:&quot;media_file&quot;,&quot;caption_source&quot;:&quot;none&quot;,&quot;link_to&quot;:&quot;none&quot;,&quot;trigger&quot;:&quot;arriving_to_viewport&quot;,&quot;viewport&quot;:{&quot;unit&quot;:&quot;%&quot;,&quot;size&quot;:&quot;&quot;,&quot;sizes&quot;:{&quot;start&quot;:0,&quot;end&quot;:100}},&quot;play_speed&quot;:{&quot;unit&quot;:&quot;px&quot;,&quot;size&quot;:1,&quot;sizes&quot;:[]},&quot;start_point&quot;:{&quot;unit&quot;:&quot;%&quot;,&quot;size&quot;:0,&quot;sizes&quot;:[]},&quot;end_point&quot;:{&quot;unit&quot;:&quot;%&quot;,&quot;size&quot;:100,&quot;sizes&quot;:[]},&quot;renderer&quot;:&quot;svg&quot;}\" data-widget_type=\"lottie.default\">\n\t\t\t\t<div class=\"elementor-widget-container\">\n\t\t\t\t\t<div class=\"e-lottie__container\"><div class=\"e-lottie__animation\"><\/div><\/div>\t\t\t\t<\/div>\n\t\t\t\t<\/div>\n\t\t\t\t\t<\/div>\n\t\t<\/div>\n\t\t\t\t<div class=\"elementor-column elementor-col-25 elementor-top-column elementor-element elementor-element-6abc3afd\" data-id=\"6abc3afd\" data-element_type=\"column\" data-e-type=\"column\">\n\t\t\t<div class=\"elementor-widget-wrap elementor-element-populated\">\n\t\t\t\t\t\t<div class=\"elementor-element elementor-element-5f7be4a8 elementor-widget-mobile__width-initial animated-slow elementor-widget-tablet__width-initial elementor-invisible elementor-widget elementor-widget-spacer\" data-id=\"5f7be4a8\" data-element_type=\"widget\" data-e-type=\"widget\" data-settings=\"{&quot;_animation&quot;:&quot;fadeInRight&quot;}\" data-widget_type=\"spacer.default\">\n\t\t\t\t<div class=\"elementor-widget-container\">\n\t\t\t\t\t\t\t<div class=\"elementor-spacer\">\n\t\t\t<div class=\"elementor-spacer-inner\"><\/div>\n\t\t<\/div>\n\t\t\t\t\t\t<\/div>\n\t\t\t\t<\/div>\n\t\t\t\t\t<\/div>\n\t\t<\/div>\n\t\t\t\t\t<\/div>\n\t\t<\/section>\n\t\t\t\t<section class=\"elementor-section elementor-top-section elementor-element elementor-element-32e6d67d elementor-section-boxed elementor-section-height-default elementor-section-height-default elementor-invisible\" data-id=\"32e6d67d\" data-element_type=\"section\" data-e-type=\"section\" data-settings=\"{&quot;animation&quot;:&quot;fadeInRight&quot;}\">\n\t\t\t\t\t\t<div class=\"elementor-container elementor-column-gap-default\">\n\t\t\t\t\t<div class=\"elementor-column elementor-col-100 elementor-top-column elementor-element elementor-element-369cf673\" data-id=\"369cf673\" data-element_type=\"column\" data-e-type=\"column\">\n\t\t\t<div class=\"elementor-widget-wrap elementor-element-populated\">\n\t\t\t\t\t\t<div class=\"elementor-element elementor-element-919def7 elementor-widget elementor-widget-heading\" data-id=\"919def7\" data-element_type=\"widget\" data-e-type=\"widget\" data-widget_type=\"heading.default\">\n\t\t\t\t<div class=\"elementor-widget-container\">\n\t\t\t\t\t<h2 class=\"elementor-heading-title elementor-size-default\">DIE GESCHICHTE HINTER 3 RINGS EUROPE<\/h2>\t\t\t\t<\/div>\n\t\t\t\t<\/div>\n\t\t\t\t<div class=\"elementor-element elementor-element-503101cc elementor-widget elementor-widget-text-editor\" data-id=\"503101cc\" data-element_type=\"widget\" data-e-type=\"widget\" data-widget_type=\"text-editor.default\">\n\t\t\t\t<div class=\"elementor-widget-container\">\n\t\t\t\t\t\t\t\t\t<p>3 Rings Europe ist ein Unternehmen, das sich auf den Vertrieb und die Vermarktung von innovativen Kosmetika und kosmezeutische Produkte spezialisiert hat.<\/p><p>Das sind fachkundige Behandlungen mit hochkonzentrierten Wirkstoffen, die perfekt auf die Pharmazie und Kosmetologie abgestimmt und das Ergebnis langj\u00e4hriger wissenschaftlicher Forschung sind.<\/p><p>Die Gr\u00fcnder von 3 Rings Europe, Christian Stadelmann und Julien Michoud, verf\u00fcgen \u00fcber fast 15 Jahre Erfahrung in der Kosmetik-Branche. F\u00fcr diese beiden, die eine bedeutende Schweizer Hautpflegemarke f\u00fcr Anti-Aging entwickelt haben, basiert ein erfolgreiches Gesch\u00e4ft auf menschlichen Beziehungen, Freundlichkeit und Qualit\u00e4t.<\/p><p>Die 3 Ringe stehen f\u00fcr die drei Kinder der beiden Gr\u00fcnder: Rachel, die Tochter von Christian, und Alba und Adrien, die S\u00f6hne von Julien. Die Ringe repr\u00e4sentieren die Verbindung, das Engagement und die Idee der Vereinigung und Komplementarit\u00e4t. Das sind starke Werte, die die beiden V\u00e4ter zusammengebracht haben und die ihnen Energie, Zusammenhalt und gegenseitiges Vertrauen bei der Entwicklung ihres neuen Projekts vermitteln.<\/p>\t\t\t\t\t\t\t\t<\/div>\n\t\t\t\t<\/div>\n\t\t\t\t<div class=\"elementor-element elementor-element-0b02ba8 elementor-widget elementor-widget-heading\" data-id=\"0b02ba8\" data-element_type=\"widget\" data-e-type=\"widget\" data-widget_type=\"heading.default\">\n\t\t\t\t<div class=\"elementor-widget-container\">\n\t\t\t\t\t<h2 class=\"elementor-heading-title elementor-size-default\">ZWEI GR\u00dcNDER, EINE VISION<\/h2>\t\t\t\t<\/div>\n\t\t\t\t<\/div>\n\t\t\t\t<section class=\"elementor-section elementor-inner-section elementor-element elementor-element-7a07d02 elementor-section-boxed elementor-section-height-default elementor-section-height-default\" data-id=\"7a07d02\" data-element_type=\"section\" data-e-type=\"section\">\n\t\t\t\t\t\t<div class=\"elementor-container elementor-column-gap-default\">\n\t\t\t\t\t<div class=\"elementor-column elementor-col-50 elementor-inner-column elementor-element elementor-element-a9e68c3\" data-id=\"a9e68c3\" data-element_type=\"column\" data-e-type=\"column\">\n\t\t\t<div class=\"elementor-widget-wrap elementor-element-populated\">\n\t\t\t\t\t\t<div class=\"elementor-element elementor-element-3535b21 elementor-widget elementor-widget-text-editor\" data-id=\"3535b21\" data-element_type=\"widget\" data-e-type=\"widget\" data-widget_type=\"text-editor.default\">\n\t\t\t\t<div class=\"elementor-widget-container\">\n\t\t\t\t\t\t\t\t\t<p class=\"translation-block\">\u00ab <strong>Christian<\/strong> zeichnet sich in der Finanzanalyse und im operativen Management aus. Er arbeitet im Backoffice an der Wachstumsstrategie und Gesch\u00e4ftsentwicklung. Methodisch und rigoros ist er auch gut darin, Innovationen im Wellness-Markt aufzusp\u00fcren, basierend auf einer detaillierten Kenntnis des Sektors und der Erwartungen von anspruchsvollen Verbrauchern, die nach leistungsstarken Behandlungen suchen. \u00bb <em>Julien<\/em><\/p>\t\t\t\t\t\t\t\t<\/div>\n\t\t\t\t<\/div>\n\t\t\t\t\t<\/div>\n\t\t<\/div>\n\t\t\t\t<div class=\"elementor-column elementor-col-50 elementor-inner-column elementor-element elementor-element-eb06507\" data-id=\"eb06507\" data-element_type=\"column\" data-e-type=\"column\">\n\t\t\t<div class=\"elementor-widget-wrap elementor-element-populated\">\n\t\t\t\t\t\t<div class=\"elementor-element elementor-element-38b1958 elementor-widget elementor-widget-image\" data-id=\"38b1958\" data-element_type=\"widget\" data-e-type=\"widget\" data-widget_type=\"image.default\">\n\t\t\t\t<div class=\"elementor-widget-container\">\n\t\t\t\t\t\t\t\t\t\t\t\t<figure class=\"wp-caption\">\n\t\t\t\t\t\t\t\t\t\t<img fetchpriority=\"high\" decoding=\"async\" width=\"256\" height=\"286\" src=\"https:\/\/3rings.eu\/wp-content\/uploads\/2020\/12\/christian-stadelmann.jpg\" class=\"attachment-large size-large wp-image-2533\" alt=\"Christian Stadelmann\" srcset=\"https:\/\/3rings.eu\/wp-content\/uploads\/2020\/12\/christian-stadelmann.jpg 256w, https:\/\/3rings.eu\/wp-content\/uploads\/2020\/12\/christian-stadelmann-11x12.jpg 11w\" sizes=\"(max-width: 256px) 100vw, 256px\" title=\"\">\t\t\t\t\t\t\t\t\t\t\t<figcaption class=\"widget-image-caption wp-caption-text\">Christian Stadelmann<\/figcaption>\n\t\t\t\t\t\t\t\t\t\t<\/figure>\n\t\t\t\t\t\t\t\t\t<\/div>\n\t\t\t\t<\/div>\n\t\t\t\t<div class=\"elementor-element elementor-element-8495ca0 elementor-shape-rounded elementor-grid-0 e-grid-align-center elementor-widget elementor-widget-social-icons\" data-id=\"8495ca0\" data-element_type=\"widget\" data-e-type=\"widget\" data-widget_type=\"social-icons.default\">\n\t\t\t\t<div class=\"elementor-widget-container\">\n\t\t\t\t\t\t\t<div class=\"elementor-social-icons-wrapper elementor-grid\" role=\"list\">\n\t\t\t\t\t\t\t<span class=\"elementor-grid-item\" role=\"listitem\">\n\t\t\t\t\t<a class=\"elementor-icon elementor-social-icon elementor-social-icon-linkedin elementor-animation-grow elementor-repeater-item-71580f8\" href=\"https:\/\/www.linkedin.com\/in\/christian-stadelmann-42b002202\/\" target=\"_blank\" rel=\"noopener noreferrer nofollow\">\n\t\t\t\t\t\t<span class=\"elementor-screen-only\">Linkedin<\/span>\n\t\t\t\t\t\t<i aria-hidden=\"true\" class=\"fab fa-linkedin\"><\/i>\t\t\t\t\t<\/a>\n\t\t\t\t<\/span>\n\t\t\t\t\t\t\t<span class=\"elementor-grid-item\" role=\"listitem\">\n\t\t\t\t\t<a class=\"elementor-icon elementor-social-icon elementor-social-icon-envelope elementor-animation-grow elementor-repeater-item-fb38da1\" href=\"mailto:info@3rings.eu\" target=\"_blank\">\n\t\t\t\t\t\t<span class=\"elementor-screen-only\">Umschlag<\/span>\n\t\t\t\t\t\t<i aria-hidden=\"true\" class=\"fas fa-envelope\"><\/i>\t\t\t\t\t<\/a>\n\t\t\t\t<\/span>\n\t\t\t\t\t<\/div>\n\t\t\t\t\t\t<\/div>\n\t\t\t\t<\/div>\n\t\t\t\t\t<\/div>\n\t\t<\/div>\n\t\t\t\t\t<\/div>\n\t\t<\/section>\n\t\t\t\t<section class=\"elementor-section elementor-inner-section elementor-element elementor-element-48788da elementor-section-boxed elementor-section-height-default elementor-section-height-default\" data-id=\"48788da\" data-element_type=\"section\" data-e-type=\"section\">\n\t\t\t\t\t\t<div class=\"elementor-container elementor-column-gap-default\">\n\t\t\t\t\t<div class=\"elementor-column elementor-col-50 elementor-inner-column elementor-element elementor-element-34a2b1e\" data-id=\"34a2b1e\" data-element_type=\"column\" data-e-type=\"column\">\n\t\t\t<div class=\"elementor-widget-wrap elementor-element-populated\">\n\t\t\t\t\t\t<div class=\"elementor-element elementor-element-2adeb2a elementor-widget elementor-widget-text-editor\" data-id=\"2adeb2a\" data-element_type=\"widget\" data-e-type=\"widget\" data-widget_type=\"text-editor.default\">\n\t\t\t\t<div class=\"elementor-widget-container\">\n\t\t\t\t\t\t\t\t\t<p class=\"translation-block\">\u00ab <strong>Julien<\/strong> ist leidenschaftlich in den Bereichen Beziehungsstrategie, B2B-Gesch\u00e4ftsentwicklung, Markenpositionierung, Einzel- und Gro\u00dfhandelsnetzwerkmanagement. Er ist an vorderster Front der Szene, im Kontakt mit Kunden und Partnern in Europa und international. Seine Berufserfahrung erlaubt es ihm, die Entwicklung unserer Marketing-Netzwerke sowie das Management von multikulturellen Teams zu leiten. Hochgradig charismatisch und dynamisch, zeichnet er sich durch den Aufbau starker menschlicher und professioneller Beziehungen aus. \u00bb <em>Christian<\/em><\/p>\t\t\t\t\t\t\t\t<\/div>\n\t\t\t\t<\/div>\n\t\t\t\t\t<\/div>\n\t\t<\/div>\n\t\t\t\t<div class=\"elementor-column elementor-col-50 elementor-inner-column elementor-element elementor-element-8c681b2\" data-id=\"8c681b2\" data-element_type=\"column\" data-e-type=\"column\">\n\t\t\t<div class=\"elementor-widget-wrap elementor-element-populated\">\n\t\t\t\t\t\t<div class=\"elementor-element elementor-element-dc4eebb elementor-widget elementor-widget-image\" data-id=\"dc4eebb\" data-element_type=\"widget\" data-e-type=\"widget\" data-widget_type=\"image.default\">\n\t\t\t\t<div class=\"elementor-widget-container\">\n\t\t\t\t\t\t\t\t\t\t\t\t<figure class=\"wp-caption\">\n\t\t\t\t\t\t\t\t\t\t<img decoding=\"async\" width=\"256\" height=\"297\" src=\"https:\/\/3rings.eu\/wp-content\/uploads\/2020\/12\/julien-michoud.jpg\" class=\"attachment-large size-large wp-image-2534\" alt=\"Julien Michoud\" srcset=\"https:\/\/3rings.eu\/wp-content\/uploads\/2020\/12\/julien-michoud.jpg 256w, https:\/\/3rings.eu\/wp-content\/uploads\/2020\/12\/julien-michoud-10x12.jpg 10w\" sizes=\"(max-width: 256px) 100vw, 256px\" title=\"\">\t\t\t\t\t\t\t\t\t\t\t<figcaption class=\"widget-image-caption wp-caption-text\">Julien Michoud<\/figcaption>\n\t\t\t\t\t\t\t\t\t\t<\/figure>\n\t\t\t\t\t\t\t\t\t<\/div>\n\t\t\t\t<\/div>\n\t\t\t\t<div class=\"elementor-element elementor-element-f096294 elementor-shape-rounded elementor-grid-0 e-grid-align-center elementor-widget elementor-widget-social-icons\" data-id=\"f096294\" data-element_type=\"widget\" data-e-type=\"widget\" data-widget_type=\"social-icons.default\">\n\t\t\t\t<div class=\"elementor-widget-container\">\n\t\t\t\t\t\t\t<div class=\"elementor-social-icons-wrapper elementor-grid\" role=\"list\">\n\t\t\t\t\t\t\t<span class=\"elementor-grid-item\" role=\"listitem\">\n\t\t\t\t\t<a class=\"elementor-icon elementor-social-icon elementor-social-icon-linkedin elementor-animation-grow elementor-repeater-item-71580f8\" href=\"https:\/\/www.linkedin.com\/in\/julien-michoud-2178901a\/\" target=\"_blank\" rel=\"noopener noreferrer nofollow\">\n\t\t\t\t\t\t<span class=\"elementor-screen-only\">Linkedin<\/span>\n\t\t\t\t\t\t<i aria-hidden=\"true\" class=\"fab fa-linkedin\"><\/i>\t\t\t\t\t<\/a>\n\t\t\t\t<\/span>\n\t\t\t\t\t\t\t<span class=\"elementor-grid-item\" role=\"listitem\">\n\t\t\t\t\t<a class=\"elementor-icon elementor-social-icon elementor-social-icon-envelope elementor-animation-grow elementor-repeater-item-fb38da1\" href=\"mailto:info@3rings.eu\" target=\"_blank\">\n\t\t\t\t\t\t<span class=\"elementor-screen-only\">Umschlag<\/span>\n\t\t\t\t\t\t<i aria-hidden=\"true\" class=\"fas fa-envelope\"><\/i>\t\t\t\t\t<\/a>\n\t\t\t\t<\/span>\n\t\t\t\t\t<\/div>\n\t\t\t\t\t\t<\/div>\n\t\t\t\t<\/div>\n\t\t\t\t\t<\/div>\n\t\t<\/div>\n\t\t\t\t\t<\/div>\n\t\t<\/section>\n\t\t\t\t<div class=\"elementor-element elementor-element-2464ef2 elementor-blockquote--skin-quotation elementor-blockquote--align-center elementor-widget elementor-widget-blockquote\" data-id=\"2464ef2\" data-element_type=\"widget\" data-e-type=\"widget\" data-widget_type=\"blockquote.default\">\n\t\t\t\t<div class=\"elementor-widget-container\">\n\t\t\t\t\t\t\t<blockquote class=\"elementor-blockquote\">\n\t\t\t<p class=\"elementor-blockquote__content\">\n\t\t\t\tSch\u00f6nheit liegt im Auge des Betrachters\t\t\t<\/p>\n\t\t\t\t\t\t\t<div class=\"e-q-footer\">\n\t\t\t\t\t\t\t\t\t\t\t<cite class=\"elementor-blockquote__author\">Orson Welles<\/cite>\n\t\t\t\t\t\t\t\t\t\t\t\t\t\t<\/div>\n\t\t\t\t\t<\/blockquote>\n\t\t\t\t\t\t<\/div>\n\t\t\t\t<\/div>\n\t\t\t\t<div class=\"elementor-element elementor-element-383a1d7 elementor-widget elementor-widget-heading\" data-id=\"383a1d7\" data-element_type=\"widget\" data-e-type=\"widget\" data-widget_type=\"heading.default\">\n\t\t\t\t<div class=\"elementor-widget-container\">\n\t\t\t\t\t<h2 class=\"elementor-heading-title elementor-size-default\">Gesch\u00e4ftspartnerschaft nach 3 RINGS<\/h2>\t\t\t\t<\/div>\n\t\t\t\t<\/div>\n\t\t\t\t<div class=\"elementor-element elementor-element-05c105c elementor-tabs-view-horizontal elementor-widget elementor-widget-tabs\" data-id=\"05c105c\" data-element_type=\"widget\" data-e-type=\"widget\" data-widget_type=\"tabs.default\">\n\t\t\t\t<div class=\"elementor-widget-container\">\n\t\t\t\t\t\t\t<div class=\"elementor-tabs\">\n\t\t\t<div class=\"elementor-tabs-wrapper\" role=\"tablist\" >\n\t\t\t\t\t\t\t\t\t<div id=\"elementor-tab-title-6031\" class=\"elementor-tab-title elementor-tab-desktop-title\" aria-selected=\"true\" data-tab=\"1\" role=\"tab\" tabindex=\"0\" aria-controls=\"elementor-tab-content-6031\" aria-expanded=\"false\">Leistung<\/div>\n\t\t\t\t\t\t\t\t\t<div id=\"elementor-tab-title-6032\" class=\"elementor-tab-title elementor-tab-desktop-title\" aria-selected=\"false\" data-tab=\"2\" role=\"tab\" tabindex=\"-1\" aria-controls=\"elementor-tab-content-6032\" aria-expanded=\"false\">Unterst\u00fctzung<\/div>\n\t\t\t\t\t\t\t\t\t<div id=\"elementor-tab-title-6033\" class=\"elementor-tab-title elementor-tab-desktop-title\" aria-selected=\"false\" data-tab=\"3\" role=\"tab\" tabindex=\"-1\" aria-controls=\"elementor-tab-content-6033\" aria-expanded=\"false\">Pflichtbewusstsein<\/div>\n\t\t\t\t\t\t\t<\/div>\n\t\t\t<div class=\"elementor-tabs-content-wrapper\" role=\"tablist\" aria-orientation=\"vertical\">\n\t\t\t\t\t\t\t\t\t<div class=\"elementor-tab-title elementor-tab-mobile-title\" aria-selected=\"true\" data-tab=\"1\" role=\"tab\" tabindex=\"0\" aria-controls=\"elementor-tab-content-6031\" aria-expanded=\"false\">Leistung<\/div>\n\t\t\t\t\t<div id=\"elementor-tab-content-6031\" class=\"elementor-tab-content elementor-clearfix\" data-tab=\"1\" role=\"tabpanel\" aria-labelledby=\"elementor-tab-title-6031\" tabindex=\"0\" hidden=\"false\"><p>3 Rings Europe zielt darauf ab, f\u00fcr jede seiner Verkaufsstellen ein Aktivator f\u00fcr das Gesch\u00e4ft zu sein, indem es spezielle Marketing-Tools bereitstellt, die Umsatz generieren.<\/p><\/div>\n\t\t\t\t\t\t\t\t\t<div class=\"elementor-tab-title elementor-tab-mobile-title\" aria-selected=\"false\" data-tab=\"2\" role=\"tab\" tabindex=\"-1\" aria-controls=\"elementor-tab-content-6032\" aria-expanded=\"false\">Unterst\u00fctzung<\/div>\n\t\t\t\t\t<div id=\"elementor-tab-content-6032\" class=\"elementor-tab-content elementor-clearfix\" data-tab=\"2\" role=\"tabpanel\" aria-labelledby=\"elementor-tab-title-6032\" tabindex=\"0\" hidden=\"hidden\"><p>3 Rings Europe bietet ma\u00dfgeschneiderte Unterst\u00fctzung und Beratung in Sachen Markenimage und Handelsstrategie. Als Experten f\u00fcr hochmoderne Premiumprodukte helfen wir, den besten Vertriebsansatz und das Wachstumspotenzial in jedem Markt zu definieren.<\/p><\/div>\n\t\t\t\t\t\t\t\t\t<div class=\"elementor-tab-title elementor-tab-mobile-title\" aria-selected=\"false\" data-tab=\"3\" role=\"tab\" tabindex=\"-1\" aria-controls=\"elementor-tab-content-6033\" aria-expanded=\"false\">Pflichtbewusstsein<\/div>\n\t\t\t\t\t<div id=\"elementor-tab-content-6033\" class=\"elementor-tab-content elementor-clearfix\" data-tab=\"3\" role=\"tabpanel\" aria-labelledby=\"elementor-tab-title-6033\" tabindex=\"0\" hidden=\"hidden\"><p>3 Rings Europe hat sich verpflichtet, konsequent innovative Produkte auszuw\u00e4hlen, die auf den neuesten Erkenntnissen der biomedizinischen Anti-Aging-Forschung basieren.<\/p><p>Die Kosmetikmarken Nescens und Biolux stehen f\u00fcr Exzellenz und Innovation made in Switzerland, mit einem Verst\u00e4ndnis f\u00fcr die Heilung der Haut. Dieser Ansatz wird systematisch durch klinische Tests unterst\u00fctzt, die die Qualit\u00e4t und Sicherheit der vertriebenen Programme und Produkte garantieren.<\/p><\/div>\n\t\t\t\t\t\t\t<\/div>\n\t\t<\/div>\n\t\t\t\t\t\t<\/div>\n\t\t\t\t<\/div>\n\t\t\t\t<div class=\"elementor-element elementor-element-e6d9d4b elementor-widget elementor-widget-heading\" data-id=\"e6d9d4b\" data-element_type=\"widget\" data-e-type=\"widget\" data-widget_type=\"heading.default\">\n\t\t\t\t<div class=\"elementor-widget-container\">\n\t\t\t\t\t<h2 class=\"elementor-heading-title elementor-size-default\">IMPRESSUM<\/h2>\t\t\t\t<\/div>\n\t\t\t\t<\/div>\n\t\t\t\t<div class=\"elementor-element elementor-element-20cb264e elementor-widget elementor-widget-text-editor\" data-id=\"20cb264e\" data-element_type=\"widget\" data-e-type=\"widget\" data-widget_type=\"text-editor.default\">\n\t\t\t\t<div class=\"elementor-widget-container\">\n\t\t\t\t\t\t\t\t\t<p><strong>3 Rings Europe SA<\/strong><br \/>19, Av. du Pr\u00e9 de Challes<br \/>74940 Annecy<br \/>Frankreich<\/p><p>VAT: FR 05879722809<br \/>N\u00b0 Siret: 87972280900024<\/p><p>Website:\u00a0<a href=\"https:\/\/3rings.eu\/de\/\">https:\/\/3rings.eu<\/a><br \/>Email:\u00a0<a href=\"mailto:info@3rings.eu\">info@3rings.eu<\/a><\/p>\t\t\t\t\t\t\t\t<\/div>\n\t\t\t\t<\/div>\n\t\t\t\t\t<\/div>\n\t\t<\/div>\n\t\t\t\t\t<\/div>\n\t\t<\/section>\n\t\t\t\t<\/div>","protected":false},"excerpt":{"rendered":"<p>Authorized Distributor The DNA of 3 RINGS Europe 3 Rings Europe is a company that specializes in the distribution and marketing of innovative cosmetics and cosmeceuticals. These expert treatments, highly concentrated in active ingredients, perfectly align with pharmaceuticals and cosmetology, resulting from many years of scientific research. The founders of 3 Rings Europe, Christian Stadelmann [&hellip;]<\/p>","protected":false},"author":1,"featured_media":2332,"parent":0,"menu_order":0,"comment_status":"closed","ping_status":"closed","template":"elementor_header_footer","meta":{"footnotes":""},"class_list":["post-61","page","type-page","status-publish","has-post-thumbnail","hentry"],"_links":{"self":[{"href":"https:\/\/3rings.eu\/de\/wp-json\/wp\/v2\/pages\/61","targetHints":{"allow":["GET"]}}],"collection":[{"href":"https:\/\/3rings.eu\/de\/wp-json\/wp\/v2\/pages"}],"about":[{"href":"https:\/\/3rings.eu\/de\/wp-json\/wp\/v2\/types\/page"}],"author":[{"embeddable":true,"href":"https:\/\/3rings.eu\/de\/wp-json\/wp\/v2\/users\/1"}],"replies":[{"embeddable":true,"href":"https:\/\/3rings.eu\/de\/wp-json\/wp\/v2\/comments?post=61"}],"version-history":[{"count":0,"href":"https:\/\/3rings.eu\/de\/wp-json\/wp\/v2\/pages\/61\/revisions"}],"wp:featuredmedia":[{"embeddable":true,"href":"https:\/\/3rings.eu\/de\/wp-json\/wp\/v2\/media\/2332"}],"wp:attachment":[{"href":"https:\/\/3rings.eu\/de\/wp-json\/wp\/v2\/media?parent=61"}],"curies":[{"name":"wp","href":"https:\/\/api.w.org\/{rel}","templated":true}]}}