{"id":653,"date":"2020-10-21T19:11:43","date_gmt":"2020-10-21T17:11:43","guid":{"rendered":"https:\/\/3rings.eu\/?page_id=653"},"modified":"2020-12-03T11:46:31","modified_gmt":"2020-12-03T10:46:31","slug":"haftungsausschluss","status":"publish","type":"page","link":"https:\/\/3rings.eu\/de\/haftungsausschluss\/","title":{"rendered":"Haftungsausschluss"},"content":{"rendered":"<div data-elementor-type=\"wp-page\" data-elementor-id=\"653\" class=\"elementor elementor-653\" data-elementor-post-type=\"page\">\n\t\t\t\t\t\t<section class=\"elementor-section elementor-top-section elementor-element elementor-element-12845b8b elementor-section-boxed elementor-section-height-default elementor-section-height-default\" data-id=\"12845b8b\" data-element_type=\"section\" data-e-type=\"section\">\n\t\t\t\t\t\t<div class=\"elementor-container elementor-column-gap-default\">\n\t\t\t\t\t<div class=\"elementor-column elementor-col-100 elementor-top-column elementor-element elementor-element-797b5887\" data-id=\"797b5887\" data-element_type=\"column\" data-e-type=\"column\">\n\t\t\t<div class=\"elementor-widget-wrap elementor-element-populated\">\n\t\t\t\t\t\t<div class=\"elementor-element elementor-element-73ce0221 elementor-widget elementor-widget-heading\" data-id=\"73ce0221\" data-element_type=\"widget\" data-e-type=\"widget\" data-widget_type=\"heading.default\">\n\t\t\t\t<div class=\"elementor-widget-container\">\n\t\t\t\t\t<h1 class=\"elementor-heading-title elementor-size-default\">Haftungsausschluss<\/h1>\t\t\t\t<\/div>\n\t\t\t\t<\/div>\n\t\t\t\t<div class=\"elementor-element elementor-element-2e4e7341 elementor-widget elementor-widget-shortcode\" data-id=\"2e4e7341\" data-element_type=\"widget\" data-e-type=\"widget\" data-widget_type=\"shortcode.default\">\n\t\t\t\t<div class=\"elementor-widget-container\">\n\t\t\t\t\t\t\t<div class=\"elementor-shortcode\">\n<!-- Legal document generated by Complianz | GDPR\/CCPA Cookie Consent https:\/\/wordpress.org\/plugins\/complianz-gdpr -->\n<div id=\"cmplz-document\" class=\"cmplz-document disclaimer cmplz-document-all\"><p>3 Rings Europe SA ist dazu verpflichtet, diese Website aktuell und akkurat zu halten. Solltest du dennoch auf irgendetwas sto\u00dfen, das veraltet oder inkorrekt ist, w\u00fcrden wir es sch\u00e4tzen, wenn du es uns wissen l\u00e4sst. Bitte weise darauf hin, wo du auf der Seite die Information gelesen hast. Wir werden uns dann so schnell wie m\u00f6glich darum k\u00fcmmern. Bitte sende deine R\u00fcckmeldung an: <span class=\"cmplz-obfuscate\">&#105;n&#102;o@<span class=\"cmplz-fmail-domain\">&#101;&#120;.c&#111;m<\/span>3r&#105;&#110;&#103;&#115;&#046;eu<\/span>.<\/p><p>Wir \u00fcbernehmen keine Haftung f\u00fcr aus Ungenauigkeit oder Unvollst\u00e4ndigkeit resultierenden Verluste, noch f\u00fcr entstehende Verluste oder Verbreitung von Informationen durch das Internet, wie St\u00f6rungen oder Unterbrechungen. Bei der Verwendung von Internetfomularen streben wir danach die Anzahl der ben\u00f6tigten Felder zu minimieren. F\u00fcr jegliche Verluste die aus der Verwendung von 3 Rings Europe SA empfohlener oder stammender Daten, Hinweisen oder Ideen \u00fcbernimmt 3 Rings Europe SA keine Haftung.<\/p><p>Die Verwendung der Website und all ihrer Teile (einschlie\u00dflich Foren) unterliegen den <a href=\"https:\/\/3rings.eu\/de\/bedingungen-konditionen\/\" target=\"_blank\">Nutzungsbedingungen<\/a>. Bereits die Verwendung der Website impliziert das Wissen und die Akzeptanz dieser Nutzungsbedingungen.<\/p><p>Jegliche pers\u00f6nliche Information welche du uns innerhalb des Kontexts deiner Antwort oder deinem Antrag zur Verf\u00fcgung stellst, wird ausschlie\u00dflich gem\u00e4\u00df unserer Datenschutzerkl\u00e4rung genutzt.<\/p><p>3 Rings Europe SA wird jede angemessene Ma\u00dfnahme ergreifen um sein System gegen jede Form unrechtm\u00e4\u00dfiger Nutzung zu sch\u00fctzen. 3 Rings Europe SA wird geeignete Technologien und organisatorische Ma\u00dfnahmen zu diesem Zweck, unter Ber\u00fccksichtigung des aktuellen Standes der Technik, einf\u00fchren. Es ist jedoch nicht verantwortlich f\u00fcr direkte und\/oder indirekte Verluste jeglicher Art, welche bei einem Benutzer der Website auftreten, die der unrechtm\u00e4\u00dfigen Nutzung des Systems von Drittanbietern entspringt.<\/p><p>3 Rings Europe SA \u00fcbernimmt keine Verantwortung f\u00fcr den Inhalt von Websites, zu denen oder von denen ein Hyperlink oder eine anderer Verweis f\u00fchrt. Produkte oder Serviceleistungen, die von Drittanbieten angeboten werden, werden nach entsprechenden Bedingungen und Konditionen jener Drittanbieter behandelt werden.<\/p><p>Jegliches intellektuelle Eigentumsrecht an Inhalten auf dieser Website ist im Besitz von 3 Rings Europe SA oder von Drittanbietern, welche diese Inhalte selbst platziert haben, oder von denen 3 Rings Europe SA \u00fcber eine Endnutzer-Lizenzvereinbarung verf\u00fcgt.<\/p><p>Das Kopieren, Verbreiten oder jegliche andere Nutzung dieses Materials ist ohne die schriftliche Erlaubnis von 3 Rings Europe SA nicht gestattet, sofern in geltendem Gesetz nicht anders vereinbart oder ausgenommen (wie etwa das Recht zu zitieren), solang der spezifische Inhalt nichts anderes vorschreibt.<\/p><p>Wenn du Fragen oder Probleme mit der Verf\u00fcgbarkeit der Website hast, z\u00f6gere nicht uns zu kontaktieren.<\/p><\/div><\/div>\n\t\t\t\t\t\t<\/div>\n\t\t\t\t<\/div>\n\t\t\t\t\t<\/div>\n\t\t<\/div>\n\t\t\t\t\t<\/div>\n\t\t<\/section>\n\t\t\t\t<\/div>","protected":false},"excerpt":{"rendered":"","protected":false},"author":1,"featured_media":0,"parent":0,"menu_order":0,"comment_status":"closed","ping_status":"closed","template":"","meta":{"footnotes":""},"class_list":["post-653","page","type-page","status-publish","hentry"],"_links":{"self":[{"href":"https:\/\/3rings.eu\/de\/wp-json\/wp\/v2\/pages\/653","targetHints":{"allow":["GET"]}}],"collection":[{"href":"https:\/\/3rings.eu\/de\/wp-json\/wp\/v2\/pages"}],"about":[{"href":"https:\/\/3rings.eu\/de\/wp-json\/wp\/v2\/types\/page"}],"author":[{"embeddable":true,"href":"https:\/\/3rings.eu\/de\/wp-json\/wp\/v2\/users\/1"}],"replies":[{"embeddable":true,"href":"https:\/\/3rings.eu\/de\/wp-json\/wp\/v2\/comments?post=653"}],"version-history":[{"count":0,"href":"https:\/\/3rings.eu\/de\/wp-json\/wp\/v2\/pages\/653\/revisions"}],"wp:attachment":[{"href":"https:\/\/3rings.eu\/de\/wp-json\/wp\/v2\/media?parent=653"}],"curies":[{"name":"wp","href":"https:\/\/api.w.org\/{rel}","templated":true}]}}