{"id":1096,"date":"2020-11-08T09:53:41","date_gmt":"2020-11-08T08:53:41","guid":{"rendered":"https:\/\/3rings.eu\/anti-skin-slackening-complex-200ml\/"},"modified":"2025-01-22T11:17:08","modified_gmt":"2025-01-22T10:17:08","slug":"nescens-anti-hauterschlaffungs-komplex-korper-200ml","status":"publish","type":"product","link":"https:\/\/3rings.eu\/de\/produkt\/nescens-anti-hauterschlaffungs-komplex-korper-200ml\/","title":{"rendered":"Hautstraffung Komplex, K\u00f6rper - Nescens"},"content":{"rendered":"<p>Die ultimative Anti-Aging-K\u00f6rperbehandlung. Ein umfassender Verj\u00fcngungskomplex f\u00fcr die Hautstrukturen, um der Erschlaffung des Gewebes vorzubeugen, sie auszugleichen und seine Elastizit\u00e4t zu verbessern. Der Anti-Hauterschlaffungs-Komplex kombiniert hohe kosmezeutische Leistung mit dem Luxus einer fl\u00fcssigen, umh\u00fcllenden galenischen Formulierung.<\/p>\n<h2>Kosmezeutische Vorteile<\/h2>\n<ul>\n<li>Stellt die physiologische Spannung des Gewebes wieder her und verbessert dessen Tonus.<\/li>\n<li>F\u00f6rdert die Regenerationsmechanismen der extrazellul\u00e4ren Matrixbestandteile - Kollagen, Elastin, Glykosaminoglykane -, die f\u00fcr eine straffe und elastische Haut von entscheidender Bedeutung sind.<\/li>\n<li>Reguliert den nat\u00fcrlichen Exfoliationsprozess und beseitigt die Rauheit der Epidermis.<\/li>\n<li>Stellt die Wasserversorgung und die Lipide im Stratum corneum wieder her, was f\u00fcr die Erhaltung einer weichen und komfortablen Haut unerl\u00e4sslich ist.<\/li>\n<li>Verhindert und korrigiert Pigmentierungsprobleme im Zusammenhang mit chronologischer und photoinduzierter Alterung f\u00fcr eine perfekt gleichm\u00e4\u00dfige Haut.<\/li>\n<\/ul>\n<h2>Anleitung zur richtigen Anwendung<\/h2>\n<p class=\"translation-block\">Als Teil des kosmezeutischen Hautpflegeprogramms von Nescens tragen Sie den Anti-Hauterschlaffung Komplex morgens und abends mit nach oben gerichteten, gl\u00e4ttenden Bewegungen auf die gesamte K\u00f6rperoberfl\u00e4che auf. \u00a0Angezeigt bei der Behandlung von Hauterschlaffung, Atrophie, Dehydration, Delipidation und Pigmentierungsproblemen am K\u00f6rper. F\u00fcr trockene und schuppige Stellen (Unterarme, Oberschenkel, Beine...) tragen Sie zuvor die <a href=\"https:\/\/3rings.eu\/de\/produkt\/nescens-pha-oberflachenemulsion-korper-200ml\/\" target=\"_self\">PHA Oberfl\u00e4chenemulsion<\/a> auf. Tragen Sie den Anti-Hauterschlaffung Komplex auf die \u00fcbrigen Bereiche auf.<\/p>\n<p>F\u00fcr M\u00e4nner und Frauen. Klinisch getestet unter dermatologischer Aufsicht.<\/p>\n<h2>Wichtigste Wirkstoffe<\/h2>\n<ul>\n<li><strong>Niacinamid<\/strong> \u00fcbt eine stabilisierende Wirkung auf die epidermale Barriere aus. Verbessert den Feuchtigkeitsgehalt des Stratum corneum. Beschleunigt die Differenzierung der Keratinozyten.<\/li>\n<li><strong>N-Acetyl-Glucosamin:<\/strong> unterst\u00fctzt die zellul\u00e4re Adh\u00e4sion (es bindet Glykoproteine, die ihrerseits Korneozyten zusammenbinden). Stimuliert die Expression von Keratinozyten-Differenzierungsmarkern (Keratin, Involucrin).<\/li>\n<li><strong>Taurin:<\/strong> sch\u00fctzt die Epidermiszellen vor Austrocknung in einer trockenen Umgebung.<\/li>\n<li><strong>Retinylpalmitat (Vitamin A):<\/strong> beschleunigt die Regeneration von Epidermiszellen und normalisiert deren Differenzierungsprozess.<\/li>\n<li><strong>Ascorbyl Tetraisopalmitat (Vitamin C):<\/strong> stimuliert die Kollagenproduktion.<\/li>\n<li><strong>Tocopherylacetat (Vitamin E):<\/strong> erh\u00f6ht die Befeuchtung der Hornschicht der Haut. Verbessert das Relief der Hautoberfl\u00e4che. Zeigt photoprotektive Effekte und erh\u00f6ht die Wirksamkeit von Sonnenschutzfaktoren (SPF). Bietet vorteilhafte antioxidative Wirkungen.<\/li>\n<li><strong>Methylsilanolmannuronat<\/strong> f\u00f6rdert die Regeneration der Haut. Verz\u00f6gert den Verlust der Hautelastizit\u00e4t und Ver\u00e4nderungen der Bindegewebsstruktur, die mit dem Alterungsprozess verbunden sind.<\/li>\n<li><strong>Glyzerin:<\/strong> stellt die lamellare Struktur der interzellul\u00e4ren Lipide im Stratum corneum wieder her und sorgt f\u00fcr eine optimale Hydratation in den verschiedenen Schichten der Epidermis.<\/li>\n<li><strong>Harnstoff:<\/strong> erh\u00f6ht die Aktivit\u00e4t von Enzymen, die an der Synthese von epidermalen Lipiden beteiligt sind.<\/li>\n<li><strong>Panthenol:<\/strong> tr\u00e4gt zur Rekonstitution der epidermalen Lipidschichten bei. Seine hygroskopischen Eigenschaften f\u00f6rdern die Hydratation.<\/li>\n<\/ul>\n<p>&nbsp;<\/p>","protected":false},"excerpt":{"rendered":"<p>Hilft, die F\u00e4higkeit des Hautgewebes wiederherzustellen, seine wichtigsten Jugendmerkmale wieder aufzubauen: Elastizit\u00e4t, Spannkraft, Geschmeidigkeit, Komfort und Ausstrahlung.<\/p>","protected":false},"featured_media":1168,"comment_status":"open","ping_status":"closed","template":"","meta":[],"product_brand":[],"product_cat":[88,73],"product_tag":[],"class_list":{"0":"post-1096","1":"product","2":"type-product","3":"status-publish","4":"has-post-thumbnail","6":"product_cat-correcting-care","7":"product_cat-cosmeceutic","9":"first","10":"instock","11":"taxable","12":"shipping-taxable","13":"purchasable","14":"product-type-simple"},"_links":{"self":[{"href":"https:\/\/3rings.eu\/de\/wp-json\/wp\/v2\/product\/1096","targetHints":{"allow":["GET"]}}],"collection":[{"href":"https:\/\/3rings.eu\/de\/wp-json\/wp\/v2\/product"}],"about":[{"href":"https:\/\/3rings.eu\/de\/wp-json\/wp\/v2\/types\/product"}],"replies":[{"embeddable":true,"href":"https:\/\/3rings.eu\/de\/wp-json\/wp\/v2\/comments?post=1096"}],"version-history":[{"count":0,"href":"https:\/\/3rings.eu\/de\/wp-json\/wp\/v2\/product\/1096\/revisions"}],"wp:featuredmedia":[{"embeddable":true,"href":"https:\/\/3rings.eu\/de\/wp-json\/wp\/v2\/media\/1168"}],"wp:attachment":[{"href":"https:\/\/3rings.eu\/de\/wp-json\/wp\/v2\/media?parent=1096"}],"wp:term":[{"taxonomy":"product_brand","embeddable":true,"href":"https:\/\/3rings.eu\/de\/wp-json\/wp\/v2\/product_brand?post=1096"},{"taxonomy":"product_cat","embeddable":true,"href":"https:\/\/3rings.eu\/de\/wp-json\/wp\/v2\/product_cat?post=1096"},{"taxonomy":"product_tag","embeddable":true,"href":"https:\/\/3rings.eu\/de\/wp-json\/wp\/v2\/product_tag?post=1096"}],"curies":[{"name":"wp","href":"https:\/\/api.w.org\/{rel}","templated":true}]}}