{"id":1098,"date":"2020-11-08T09:53:41","date_gmt":"2020-11-08T08:53:41","guid":{"rendered":"https:\/\/3rings.eu\/bio-identical-rehydrating-serum-30ml\/"},"modified":"2025-02-11T03:12:00","modified_gmt":"2025-02-11T02:12:00","slug":"nescens-bio-identisches-feuchtigkeitsspendendes-serum-gesicht-30ml","status":"publish","type":"product","link":"https:\/\/3rings.eu\/de\/produkt\/nescens-bio-identisches-feuchtigkeitsspendendes-serum-gesicht-30ml\/","title":{"rendered":"Bio-Identisches Rehydrierendes Serum, Gesicht - Nescens"},"content":{"rendered":"<p>Die Funktionslogik der Hautrehydratation, die bei dem bio-identischen Rehydratationsserum von Nescens angewendet wird, besteht darin, alle Hydratationsmechanismen der Haut anzusprechen, die f\u00fcr die Aufrechterhaltung ihres jugendlichen Zustands wichtig sind.<\/p>\n<p>Die Inhaltsstoffe der Formulierung haben die F\u00e4higkeit, Wasser in den verschiedenen Schichten des Stratum corneum einzuschlie\u00dfen und die Lipidbarriere zu reorganisieren, wodurch der transepidermale Wasserverlust (TEWL) begrenzt wird. Das bio-identische Rehydrations-Serum von Nescens optimiert die epidermalen Feuchtigkeitsstr\u00f6me und hat einen gro\u00dfen Einfluss auf die Jugendlichkeitsmerkmale der Haut. Diese intensive Rehydrierung bewirkt, dass das Mikrorelief der Haut \"nivelliert\" wird: Falten erscheinen vermindert und die Epidermis erh\u00e4lt das glatte, pralle und volle Aussehen jung aussehender Haut zur\u00fcck.<\/p>\n<h2>Kosmezeutische Vorteile<\/h2>\n<ul>\n<li>Gleicht das durch Alterung und Sonneneinstrahlung bedingte Defizit an den verschiedenen Komponenten des Natural Moisturizing Factor (NMF) aus und f\u00f6rdert deren Synthese.<\/li>\n<li>Baut die lamellare Struktur der Hautlipide wieder auf.<\/li>\n<li>Verhindert Sch\u00e4den am interzellul\u00e4ren Zement.<\/li>\n<li>Aktiviert Aquaporine (\"Wasserpumpen\") in Zellmembranen.<\/li>\n<li>Korrigiert Defizite in der Hyalurons\u00e4ureproduktion und aktiviert deren Synthese.<\/li>\n<\/ul>\n<p><em>Hydratation der oberen Schichten der Epidermis.<\/em><\/p>\n<h2>Anleitung zur richtigen Anwendung<\/h2>\n<p class=\"translation-block\">Morgens und abends ein paar Tropfen auf Gesicht und Hals auftragen, vor der Anwendung der <a href=\"https:\/\/3rings.eu\/de\/produkt-kategorie\/kosmezeutisch\/korrekturpflege\/\" target=\"_self\">Korrekturpflege<\/a>.<\/p>\n<p>Das bio-identische rehydrierende Serum wird als Langzeitbehandlung f\u00fcr konstitutionell dehydrierte Hautzust\u00e4nde oder als Intensivkur f\u00fcr punktuelle dehydrierte Hautzust\u00e4nde, die durch besondere klimatische Bedingungen beg\u00fcnstigt werden, empfohlen.<\/p>\n<p>In \u00dcbereinstimmung mit dem kosmezeutischen System von Nescens wird empfohlen, das bio-identische rehydrierende Serum zweimal t\u00e4glich vor der Anwendung der korrigierenden Pflege von Nescens aufzutragen, um deren feuchtigkeitsspendende Wirkung zu verst\u00e4rken.<\/p>\n<p>F\u00fcr M\u00e4nner und Frauen. Klinisch getestet unter dermatologischer und ophtalmologischer Aufsicht.<\/p>\n<h2>Wichtigste Wirkstoffe<\/h2>\n<ul>\n<li><strong>Pyrrolidon-Carbons\u00e4ure:<\/strong> Bestandteil des Natural Moisturizing Factor (NMF), dieses stark hygroskopische Molek\u00fcl wirkt als sehr effektiver Feuchtigkeitsspender. Hilft bei der Normalisierung von unausgeglichenen Lipid-Lamellenstrukturen im Stratum corneum.<\/li>\n<li><strong>Milchs\u00e4ure:<\/strong> Bestandteil des Natural Moisturizing Factor (NMF), sichert den optimalen Feuchtigkeitsgehalt im Stratum corneum.<\/li>\n<li><strong>Xylose:<\/strong> Bestandteil der nat\u00fcrlichen Glykosaminoglykane, steigert die Produktion von Hyalurons\u00e4ure durch Keratinozyten und wirkt als Hautfeuchthaltemittel.<\/li>\n<li><strong>Tamarindus indica-Extrakt:<\/strong> Filmbildender Polysaccharid-Komplex, pflanzliches \u00c4quivalent von Hyalurons\u00e4ure.<\/li>\n<li><strong>Glyzerin:<\/strong> Stellt die Organisation der interzellul\u00e4ren Lipidlamellen im Stratum corneum wieder her. Sorgt f\u00fcr eine optimale Hydratation der verschiedenen Schichten der Epidermis.<\/li>\n<li><strong>Harnstoff:<\/strong> hochreguliert epidermale lipidsynthetisierende Enzyme.<\/li>\n<li><strong>Saccharid Isomerat:<\/strong> bietet hochwirksame und lang anhaltende Hydratation.<\/li>\n<li><strong>Aminos\u00e4uren mix:<\/strong> enth\u00e4lt 10 Aminos\u00e4uren mit hohen Feuchthalteeigenschaften (Arginin, Glycin, Alanin, Serin, Valin, Isoleucin, Prolin, Threonin, Histidin, Phenylalanin), die am Aufbau des NMF beteiligt sind.<\/li>\n<\/ul>","protected":false},"excerpt":{"rendered":"<p>Stellt den Natural Moisturizing Factor (NMF) wieder her, der f\u00fcr das jugendliche Aussehen der Haut unerl\u00e4sslich ist, und steigert seine Synthese.<\/p>","protected":false},"featured_media":1164,"comment_status":"open","ping_status":"closed","template":"","meta":[],"product_brand":[],"product_cat":[84,73],"product_tag":[],"class_list":{"0":"post-1098","1":"product","2":"type-product","3":"status-publish","4":"has-post-thumbnail","6":"product_cat-serum","7":"product_cat-cosmeceutic","9":"first","10":"instock","11":"taxable","12":"shipping-taxable","13":"purchasable","14":"product-type-simple"},"_links":{"self":[{"href":"https:\/\/3rings.eu\/de\/wp-json\/wp\/v2\/product\/1098","targetHints":{"allow":["GET"]}}],"collection":[{"href":"https:\/\/3rings.eu\/de\/wp-json\/wp\/v2\/product"}],"about":[{"href":"https:\/\/3rings.eu\/de\/wp-json\/wp\/v2\/types\/product"}],"replies":[{"embeddable":true,"href":"https:\/\/3rings.eu\/de\/wp-json\/wp\/v2\/comments?post=1098"}],"version-history":[{"count":0,"href":"https:\/\/3rings.eu\/de\/wp-json\/wp\/v2\/product\/1098\/revisions"}],"wp:featuredmedia":[{"embeddable":true,"href":"https:\/\/3rings.eu\/de\/wp-json\/wp\/v2\/media\/1164"}],"wp:attachment":[{"href":"https:\/\/3rings.eu\/de\/wp-json\/wp\/v2\/media?parent=1098"}],"wp:term":[{"taxonomy":"product_brand","embeddable":true,"href":"https:\/\/3rings.eu\/de\/wp-json\/wp\/v2\/product_brand?post=1098"},{"taxonomy":"product_cat","embeddable":true,"href":"https:\/\/3rings.eu\/de\/wp-json\/wp\/v2\/product_cat?post=1098"},{"taxonomy":"product_tag","embeddable":true,"href":"https:\/\/3rings.eu\/de\/wp-json\/wp\/v2\/product_tag?post=1098"}],"curies":[{"name":"wp","href":"https:\/\/api.w.org\/{rel}","templated":true}]}}