{"id":1099,"date":"2020-11-08T09:53:41","date_gmt":"2020-11-08T08:53:41","guid":{"rendered":"https:\/\/3rings.eu\/bio-identical-restoring-mask-100ml\/"},"modified":"2025-01-22T11:17:24","modified_gmt":"2025-01-22T10:17:24","slug":"nescens-bio-identische-wiederherstellungsmaske-gesicht-100ml","status":"publish","type":"product","link":"https:\/\/3rings.eu\/de\/produkt\/nescens-bio-identische-wiederherstellungsmaske-gesicht-100ml\/","title":{"rendered":"Wiederherstellende Bio-Identische Maske - Gesicht - Nescens"},"content":{"rendered":"<p>Dieses innovative Verfahren wird \"bio-identisch\" genannt, weil es die Haut mit bio-identischen Lipiden versorgt, die den nat\u00fcrlich in der Epidermis synthetisierten Lipiden \u00e4hnlich sind und sich perfekt in die Strukturen der Haut integrieren.<\/p>\n<h2>Kosmezeutische Vorteile<\/h2>\n<p>Diese Maske st\u00e4rkt tief die Struktur der Haut und:<\/p>\n<ul>\n<li>unterst\u00fctzt die Regeneration der epidermalen Lipidschicht, indem es die Konsolidierung des interzellul\u00e4ren Zements f\u00f6rdert und die Schutzfunktion der Hautbarriere wiederherstellt.<\/li>\n<li>reduziert den transepidermalen Wasserverlust, indem es dessen Verdunstung einschr\u00e4nkt, und sorgt so f\u00fcr ein optimales Hydro-Lipid-Gleichgewicht, das f\u00fcr die Erhaltung einer jung aussehenden Haut unerl\u00e4sslich ist.<\/li>\n<li>neutralisiert die Hyperreaktivit\u00e4t der Haut, die durch thermische, physikalische und chemische Aggressionen entsteht.<\/li>\n<\/ul>\n<h2>Anleitung zur richtigen Anwendung<\/h2>\n<p>Zweimal pro Woche oder h\u00e4ufiger auftragen, je nach den physiologischen Bed\u00fcrfnissen der Haut.<\/p>\n<p>Tragen Sie eine d\u00fcnne Schicht des Produkts auf ein perfekt gereinigtes und trockenes Gesicht und den Hals auf.<\/p>\n<p>Lassen Sie es 15 Minuten einwirken und sp\u00fclen Sie es mit warmem Wasser ab.<\/p>\n<p>F\u00fcr M\u00e4nner und Frauen. Klinisch getestet unter dermatologischer Aufsicht.<\/p>\n<h2>Wichtigste Wirkstoffe<\/h2>\n<ul>\n<li><strong>Ceramide AP, NP und EOP:<\/strong> grundlegende Lipide, die f\u00fcr die Wiederherstellung der Hydrolipidbarriere notwendig sind. Sie sorgen f\u00fcr den Zusammenhalt der Stratum corneum-Schicht der Haut.<\/li>\n<li><strong>Phytosphingosin:<\/strong> reduziert die Aktivit\u00e4t von Matrix-Metalloproteasen und erh\u00f6ht die Produktion von extrazellul\u00e4ren Matrixproteinen. Stimuliert die Differenzierung der Keratinozyten. St\u00e4rkt den Zusammenhalt der Korneozyten. Hat Anti-Aging-Effekte.<\/li>\n<li><strong>Cholesterin:<\/strong> wesentlicher Bestandteil der epidermalen Lipidbarriere.<\/li>\n<li><strong>Palmitins\u00e4ure:<\/strong> Reguliert die S\u00e4uerung, Integrit\u00e4t und Koh\u00e4sion des Stratum corneum. Erh\u00f6ht die Hydratation und Elastizit\u00e4t der Haut.<\/li>\n<li><strong>Stearins\u00e4ure:<\/strong> spielt eine Schl\u00fcsselrolle bei der Aufrechterhaltung der Flexibilit\u00e4t der Lipidbarriere im Stratum corneum. Hat eine entz\u00fcndungshemmende Wirkung.<\/li>\n<li><strong>Niacinamid<\/strong> \u00fcbt eine stabilisierende Wirkung auf die epidermale Barriere aus. Verbessert den Feuchtigkeitsgehalt des Stratum corneum. Beschleunigt die Differenzierung der Keratinozyten.<\/li>\n<li><strong>Saccharid Isomerat:<\/strong> bietet eine hochwirksame und lang anhaltende Hydratation unter Bedingungen trockener Luft und niedriger relativer Luftfeuchtigkeit.<\/li>\n<li><strong>Palmitoyl Tripeptid-1 + Palmitoyl Tetrapeptid-7:<\/strong> Aktiviert den Reparaturprozess der Haut. Gl\u00e4ttet Falten und verbessert den Tonus und die Elastizit\u00e4t der Haut. F\u00f6rdert die Synthese von Komponenten der extrazellul\u00e4ren Matrix.<\/li>\n<li><strong>Glyzerin:<\/strong> Stellt die Organisation der interzellul\u00e4ren Lipidlamellen im Stratum corneum wieder her. Sorgt f\u00fcr eine optimale Hydratation der verschiedenen Schichten der Epidermis.<\/li>\n<li><strong>Harnstoff:<\/strong> Reduziert die epidermale Hyperproliferation und induziert die Differenzierung der Keratinozyten. Hochreguliert epidermale lipidsynthetisierende Enzyme.<\/li>\n<li><strong>Pyrrolidon-Carbons\u00e4ure:<\/strong> Bestandteil des Natural Moisturizing Factor (NMF), dieses stark hygroskopische Molek\u00fcl wirkt als sehr effektiver Feuchtigkeitsspender. Hilft bei der Normalisierung von unausgeglichenen Lipid-Lamellenstrukturen im Stratum corneum.<\/li>\n<li><strong>Tamarindus indica-Extrakt:<\/strong> Filmbildender Polysaccharid-Komplex, pflanzliches \u00c4quivalent von Hyalurons\u00e4ure.<\/li>\n<li><strong>Aminos\u00e4uren mix:<\/strong> enth\u00e4lt 10 Aminos\u00e4uren mit hohen Feuchthalteeigenschaften (Arginin, Glycin, Alanin, Serin, Valin, Isoleucin, Prolin, Threonin, Histidin, Phenylalanin), die am Aufbau des NMF beteiligt sind.<\/li>\n<li><strong>S\u00fc\u00dfes Mandel\u00f6l:<\/strong> hat eine beruhigende Wirkung und macht die Haut weich und geschmeidig. Verbessert den Teint und den Ton der Haut. Gl\u00e4ttet und verj\u00fcngt die Haut. Reduziert hypertrophe post-operative Narben.<\/li>\n<li><strong>Sheabutter:<\/strong> zieht schnell in die Haut ein, wirkt als r\u00fcckfettendes Mittel und hat ausgezeichnete wasserbindende Eigenschaften. Die in Sheabutter identifizierten phenolischen Verbindungen haben antioxidative Eigenschaften, und einige ihrer Bestandteile haben entz\u00fcndungshemmende, lindernde und feuchtigkeitsspendende Eigenschaften.<\/li>\n<li><strong>Ascorbylpalmitat (Vitamin C):<\/strong> stimuliert die Kollagenproduktion.<\/li>\n<li><strong>Tocopherol (Vitamin E):<\/strong> starkes Antioxidans und Lichtschutzmittel, verhindert die Peroxidation der Hautlipide.<\/li>\n<\/ul>","protected":false},"excerpt":{"rendered":"<p>Liefert Wirkstoffe, die f\u00fcr die R\u00fcckfettung und Wiederherstellung der Haut unerl\u00e4sslich sind. Die Haut wird hydratisiert, fest und widerstandsf\u00e4hig. Die Haut wird tiefgreifend restauriert und gewinnt an Weichheit und Komfort zur\u00fcck. Die Gesichtsz\u00fcge sind gegl\u00e4ttet und ausgeruht. Der Teint ist strahlend.<\/p>","protected":false},"featured_media":1154,"comment_status":"open","ping_status":"closed","template":"","meta":[],"product_brand":[],"product_cat":[86,73],"product_tag":[],"class_list":{"0":"post-1099","1":"product","2":"type-product","3":"status-publish","4":"has-post-thumbnail","6":"product_cat-mask","7":"product_cat-cosmeceutic","9":"first","10":"instock","11":"taxable","12":"shipping-taxable","13":"purchasable","14":"product-type-simple"},"_links":{"self":[{"href":"https:\/\/3rings.eu\/de\/wp-json\/wp\/v2\/product\/1099","targetHints":{"allow":["GET"]}}],"collection":[{"href":"https:\/\/3rings.eu\/de\/wp-json\/wp\/v2\/product"}],"about":[{"href":"https:\/\/3rings.eu\/de\/wp-json\/wp\/v2\/types\/product"}],"replies":[{"embeddable":true,"href":"https:\/\/3rings.eu\/de\/wp-json\/wp\/v2\/comments?post=1099"}],"version-history":[{"count":0,"href":"https:\/\/3rings.eu\/de\/wp-json\/wp\/v2\/product\/1099\/revisions"}],"wp:featuredmedia":[{"embeddable":true,"href":"https:\/\/3rings.eu\/de\/wp-json\/wp\/v2\/media\/1154"}],"wp:attachment":[{"href":"https:\/\/3rings.eu\/de\/wp-json\/wp\/v2\/media?parent=1099"}],"wp:term":[{"taxonomy":"product_brand","embeddable":true,"href":"https:\/\/3rings.eu\/de\/wp-json\/wp\/v2\/product_brand?post=1099"},{"taxonomy":"product_cat","embeddable":true,"href":"https:\/\/3rings.eu\/de\/wp-json\/wp\/v2\/product_cat?post=1099"},{"taxonomy":"product_tag","embeddable":true,"href":"https:\/\/3rings.eu\/de\/wp-json\/wp\/v2\/product_tag?post=1099"}],"curies":[{"name":"wp","href":"https:\/\/api.w.org\/{rel}","templated":true}]}}