{"id":1101,"date":"2020-11-08T09:53:41","date_gmt":"2020-11-08T08:53:41","guid":{"rendered":"https:\/\/3rings.eu\/cellular-renewal-emulsion-night-30ml\/"},"modified":"2024-11-16T05:36:32","modified_gmt":"2024-11-16T04:36:32","slug":"nescens-zellerneuerungs-emulsion-nacht-gesicht-30ml","status":"publish","type":"product","link":"https:\/\/3rings.eu\/de\/produkt\/nescens-zellerneuerungs-emulsion-nacht-gesicht-30ml\/","title":{"rendered":"Zellerneuerungsemulsion - Nacht - Gesicht - Nescens"},"content":{"rendered":"<p>Nescens Zellerneuerungsemulsion enth\u00e4lt hochkonzentrierte Wirkstoffe mit synergistischen Eigenschaften, die die Abschuppung und Regeneration der Epidermiszellen f\u00f6rdern und deren Alterung verhindern helfen.<\/p>\n<h2>Kosmezeutische Vorteile<\/h2>\n<ul>\n<li>Induziert ein starkes Zellteilungssignal, um die Wiederherstellung der Hautbedeckung zu beschleunigen.<\/li>\n<li>Aktiviert die Synthese von Strukturproteinen und hilft, das St\u00fctzsystem der Haut wieder aufzubauen.<\/li>\n<li>Verst\u00e4rkt die Aktivit\u00e4t der nat\u00fcrlichen Feuchthaltefaktoren.<\/li>\n<li>Verringert das Erscheinungsbild von pigment\u00e4ren Unvollkommenheiten.<\/li>\n<\/ul>\n<h2>Anleitung zur richtigen Anwendung<\/h2>\n<p class=\"translation-block\">Verwenden Sie die Zellerneuerungsemulsion jede Nacht, nach der <a href=\"https:\/\/3rings.eu\/de\/produkt-kategorie\/kosmezeutisch\/grundierungspflege\/\" target=\"_self\">Grundierungspflege<\/a> und dem passenden <a href=\"https:\/\/3rings.eu\/de\/produkt-kategorie\/kosmezeutisch\/serum\/\" target=\"_self\">Nescens Serum<\/a>.<\/p>\n<p class=\"translation-block\">Apply in the evening to face and neck in smoothing motions, taking care to avoid the eye contour area. Finish off with light tapping motions to help the penetration of the cosmeceutical. This formulation is particularly effective when used in combination with the <a href=\"https:\/\/3rings.eu\/de\/produkt\/nescens-molekulare-regeneration-emulsion-tages-gesicht-30ml\/\" target=\"_self\">Molecular Regeneration Emulsion, day correcting care<\/a>.<\/p>\n<p>F\u00fcr M\u00e4nner und Frauen. Klinisch getestet unter dermatologischer und ophtalmologischer Aufsicht.<\/p>\n<h2>Wichtigste Wirkstoffe<\/h2>\n<ul>\n<li><strong>Retinylpalmitat:<\/strong> beschleunigt die Regeneration von Epidermiszellen und normalisiert deren Differenzierungsprozess.<\/li>\n<li><strong>Lactobions\u00e4ure:<\/strong> F\u00f6rdert die Erneuerung der Keratinozyten und sorgt f\u00fcr den Zusammenhalt der Epidermisschicht. Sorgt f\u00fcr ein hochwirksames, aber sanftes Peeling. H\u00e4lt Wassermolek\u00fcle im Stratum corneum der Haut zur\u00fcck.<\/li>\n<li><strong>L-Fucose:<\/strong> verbessert die Elastizit\u00e4t der Haut und f\u00f6rdert die Synthese von Kollagen- und Elastinfasern.<\/li>\n<li><strong>Phytins\u00e4ure:<\/strong> verhindert altersbedingte Hautdystrophie und sorgt f\u00fcr das ideale Feuchtigkeitsniveau.<\/li>\n<li><strong>Niacinamid<\/strong> \u00dcbt eine stabilisierende Wirkung auf die Epidermiszellen aus. Erh\u00e4lt die Hautfeuchtigkeit durch Ausgleich der epidermalen Lipide im Stratum corneum. Erh\u00f6ht die Vaskularisierung der dermalen Papillen.<\/li>\n<li><strong>Ascorbyltetraisopalmitat<\/strong> stimuliert die Kollagenproduktion.<\/li>\n<\/ul>","protected":false},"excerpt":{"rendered":"<p>Liefert eine kraftvolle Anti-Schlaffheitswirkung. Glatter und fester, die Haut wirkt am Morgen sichtbar verj\u00fcngt. Der Teint sieht strahlender aus.<\/p>","protected":false},"featured_media":1162,"comment_status":"open","ping_status":"closed","template":"","meta":[],"product_brand":[],"product_cat":[88,73],"product_tag":[],"class_list":{"0":"post-1101","1":"product","2":"type-product","3":"status-publish","4":"has-post-thumbnail","6":"product_cat-correcting-care","7":"product_cat-cosmeceutic","9":"first","10":"instock","11":"taxable","12":"shipping-taxable","13":"purchasable","14":"product-type-simple"},"_links":{"self":[{"href":"https:\/\/3rings.eu\/de\/wp-json\/wp\/v2\/product\/1101","targetHints":{"allow":["GET"]}}],"collection":[{"href":"https:\/\/3rings.eu\/de\/wp-json\/wp\/v2\/product"}],"about":[{"href":"https:\/\/3rings.eu\/de\/wp-json\/wp\/v2\/types\/product"}],"replies":[{"embeddable":true,"href":"https:\/\/3rings.eu\/de\/wp-json\/wp\/v2\/comments?post=1101"}],"version-history":[{"count":0,"href":"https:\/\/3rings.eu\/de\/wp-json\/wp\/v2\/product\/1101\/revisions"}],"wp:featuredmedia":[{"embeddable":true,"href":"https:\/\/3rings.eu\/de\/wp-json\/wp\/v2\/media\/1162"}],"wp:attachment":[{"href":"https:\/\/3rings.eu\/de\/wp-json\/wp\/v2\/media?parent=1101"}],"wp:term":[{"taxonomy":"product_brand","embeddable":true,"href":"https:\/\/3rings.eu\/de\/wp-json\/wp\/v2\/product_brand?post=1101"},{"taxonomy":"product_cat","embeddable":true,"href":"https:\/\/3rings.eu\/de\/wp-json\/wp\/v2\/product_cat?post=1101"},{"taxonomy":"product_tag","embeddable":true,"href":"https:\/\/3rings.eu\/de\/wp-json\/wp\/v2\/product_tag?post=1101"}],"curies":[{"name":"wp","href":"https:\/\/api.w.org\/{rel}","templated":true}]}}