{"id":1102,"date":"2020-11-08T09:53:41","date_gmt":"2020-11-08T08:53:41","guid":{"rendered":"https:\/\/3rings.eu\/cleansing-gel-130ml\/"},"modified":"2024-06-29T18:08:22","modified_gmt":"2024-06-29T16:08:22","slug":"nescens-reinigungs-gel-gesicht-130ml","status":"publish","type":"product","link":"https:\/\/3rings.eu\/de\/produkt\/nescens-reinigungs-gel-gesicht-130ml\/","title":{"rendered":"Reinigungsgel, Gesicht - Nescens"},"content":{"rendered":"<p>Nescens Reinigungsgel kombiniert eine effektive und dennoch sanfte Reinigungsbasis mit einem Anti-Trockenheits-Komplex. Speziell entwickelt f\u00fcr die t\u00e4gliche Reinigung von Gesicht und Hals. Es ist ein grundlegender vorbereitender Schritt vor der Anwendung eines jeden Nescens Hautpflegeprodukts.<\/p>\n<h2>Kosmezeutische Vorteile<\/h2>\n<ul>\n<li>Reinigt die Haut porentief.<\/li>\n<li>Entfernt abgestorbene Zellen und Unreinheiten.<\/li>\n<li>Die Haut gewinnt an Leuchtkraft und Geschmeidigkeit zur\u00fcck.<\/li>\n<li>Sorgt f\u00fcr ein angenehmes Gef\u00fchl.<\/li>\n<li>Hinterl\u00e4sst die Haut sauber und revitalisiert.<\/li>\n<li>Sch\u00fctzt das nat\u00fcrliche hydrolipidische Gleichgewicht der Haut.<\/li>\n<\/ul>\n<h2>Anleitung zur richtigen Anwendung<\/h2>\n<p>Morgens und abends, um die Haut vor der Anwendung von Pflegeprodukten ideal vorzubereiten.<\/p>\n<p>Dr\u00fccken Sie 4 Mal auf die Pumpe, um die entsprechende Menge des Reinigungsgels in die Handfl\u00e4che der sauberen, feuchten H\u00e4nde abzugeben. Bilden Sie einen Schaum und tragen Sie den Reinigungsschaum mit leicht kreisenden Bewegungen auf das zuvor angefeuchtete Gesicht und den Hals auf. Sp\u00fclen Sie gr\u00fcndlich mit lauwarmem Wasser nach und tupfen Sie die Haut anschlie\u00dfend sanft trocken.<\/p>\n<p>Geeignet zum Abschminken von Gesicht, Augen und Lippen (au\u00dfer wasserfestem Make-up).<\/p>\n<p class=\"translation-block\">In \u00dcbereinstimmung mit dem Nescens kosmezeutischen System, verwenden Sie das Reinigungsgel morgens und abends, f\u00fcr eine optimale Vorbereitung der Haut. Fahren Sie fort mit der Anwendung des <a href=\"https:\/\/3rings.eu\/de\/produkt\/nescens-metabolischer-aktivator-gesichtstoner-150ml\/\" target=\"_self\">metabolic activator toner<\/a>.<\/p>\n<p>F\u00fcr M\u00e4nner und Frauen. Klinisch getestet unter dermatologischer und ophtalmologischer Aufsicht.<\/p>","protected":false},"excerpt":{"rendered":"<p>Reinigt die Haut porentief, entfernt abgestorbene Zellen und Unreinheiten von der Oberfl\u00e4che und hilft, das nat\u00fcrliche Hydrolipid-Gleichgewicht der Haut zu sch\u00fctzen. Hinterl\u00e4sst ein sauberes und belebtes Gef\u00fchl auf der Haut.<\/p>","protected":false},"featured_media":1160,"comment_status":"open","ping_status":"closed","template":"","meta":[],"product_brand":[],"product_cat":[87,73],"product_tag":[],"class_list":{"0":"post-1102","1":"product","2":"type-product","3":"status-publish","4":"has-post-thumbnail","6":"product_cat-priming-care","7":"product_cat-cosmeceutic","9":"first","10":"instock","11":"taxable","12":"shipping-taxable","13":"purchasable","14":"product-type-simple"},"_links":{"self":[{"href":"https:\/\/3rings.eu\/de\/wp-json\/wp\/v2\/product\/1102","targetHints":{"allow":["GET"]}}],"collection":[{"href":"https:\/\/3rings.eu\/de\/wp-json\/wp\/v2\/product"}],"about":[{"href":"https:\/\/3rings.eu\/de\/wp-json\/wp\/v2\/types\/product"}],"replies":[{"embeddable":true,"href":"https:\/\/3rings.eu\/de\/wp-json\/wp\/v2\/comments?post=1102"}],"version-history":[{"count":0,"href":"https:\/\/3rings.eu\/de\/wp-json\/wp\/v2\/product\/1102\/revisions"}],"wp:featuredmedia":[{"embeddable":true,"href":"https:\/\/3rings.eu\/de\/wp-json\/wp\/v2\/media\/1160"}],"wp:attachment":[{"href":"https:\/\/3rings.eu\/de\/wp-json\/wp\/v2\/media?parent=1102"}],"wp:term":[{"taxonomy":"product_brand","embeddable":true,"href":"https:\/\/3rings.eu\/de\/wp-json\/wp\/v2\/product_brand?post=1102"},{"taxonomy":"product_cat","embeddable":true,"href":"https:\/\/3rings.eu\/de\/wp-json\/wp\/v2\/product_cat?post=1102"},{"taxonomy":"product_tag","embeddable":true,"href":"https:\/\/3rings.eu\/de\/wp-json\/wp\/v2\/product_tag?post=1102"}],"curies":[{"name":"wp","href":"https:\/\/api.w.org\/{rel}","templated":true}]}}