{"id":1103,"date":"2020-11-08T09:53:41","date_gmt":"2020-11-08T08:53:41","guid":{"rendered":"https:\/\/3rings.eu\/dark-spot-correcting-serum-facebody-30ml\/"},"modified":"2024-03-25T01:24:02","modified_gmt":"2024-03-25T00:24:02","slug":"nescens-dunkle-flecken-korrektur-serum-gesichts-korper-30ml","status":"publish","type":"product","link":"https:\/\/3rings.eu\/de\/produkt\/nescens-dunkle-flecken-korrektur-serum-gesichts-korper-30ml\/","title":{"rendered":"Dunkle Fleckenkorrektur Serum - Gesicht &amp; K\u00f6rper - Nescens"},"content":{"rendered":"<p>Das Nescens Serum zur Korrektur dunkler Flecken stellt einen bedeutenden Durchbruch bei der Korrektur von Hautver\u00e4nderungen im Zusammenhang mit der Lichtalterung dar. Es kombiniert die leistungsf\u00e4higsten Wirkstoffe mit nachgewiesener klinischer Wirksamkeit, um das Auftreten von lokalisierten dunklen Flecken, die durch UV-Strahlung und den Alterungsprozess verursacht werden, zu reduzieren.<\/p>\n<p>Eine regelm\u00e4\u00dfige Anwendung hilft, das Erscheinungsbild der Haut zu verj\u00fcngen: Pigmentflecken werden aufgehellt; Gleichm\u00e4\u00dfigkeit und Klarheit des Gewebes werden wiederhergestellt.<\/p>\n<h2>Kosmezeutische Vorteile<\/h2>\n<ul>\n<li>Hilft, die Synthese von Melanin, dem f\u00fcr die Hautf\u00e4rbung verantwortlichen Pigment, durch seine Wirkung auf das Enzym Tyrosinase zu reduzieren.<\/li>\n<li>Blockiert die \u00dcbertragung von Melanin auf die Keratinozyten und hilft so, den Melanisationsmechanismus zu verz\u00f6gern.<\/li>\n<li>Verlangsamt den Melanin-Oxidationsprozess, der f\u00fcr die Verdunkelung verantwortlich ist.<\/li>\n<li>Verhindert Angriffe durch freie Radikale und filtert Sonnenstrahlen, die an der photoinduzierten Alterung beteiligt sind.<\/li>\n<\/ul>\n<h2>Anleitung zur richtigen Anwendung<\/h2>\n<p>Verwenden Sie das Serum zur Korrektur dunkler Flecken morgens und abends in einer gezielten Anwendung auf dunklen Flecken und Bereichen mit Hyperchromie.<\/p>\n<p class=\"translation-block\">In \u00dcbereinstimmung mit dem kosmezeutischen System von Nescens folgen Sie der Anwendung von <a href=\"https:\/\/3rings.eu\/de\/produkt-kategorie\/kosmezeutisch\/korrekturpflege\/\" target=\"_self\">Nescens korrigierenden Gesichts- oder K\u00f6rperpflegeprodukten<\/a>.<\/p>\n<p>F\u00fcr M\u00e4nner und Frauen. Klinisch getestet unter dermatologischer Aufsicht.<\/p>\n<h2>Wichtigste Wirkstoffe<\/h2>\n<ul>\n<li><strong>Niacinamid<\/strong> starker Photoprotektor, st\u00f6rt die \u00dcbertragung von Melanosomen auf Keratinozyten.<\/li>\n<li><strong>Alpha-Arabutin:<\/strong> hemmt das Tyrosin-Enzym, das an der Produktion von Melanin beteiligt ist.<\/li>\n<li><strong>Phytins\u00e4ure:<\/strong> Verlangsamt die Melaninproduktion. Versorgt die Haut mit einem idealen Feuchtigkeitsniveau.<\/li>\n<li><strong>Ascorbyl Tetra-Isopalmitat und Tocopherol:<\/strong> starke Antioxidantien und Photoprotektoren. Hemmt die Melanin-Synthese.<\/li>\n<\/ul>","protected":false},"excerpt":{"rendered":"<p>Kombiniert die leistungsst\u00e4rksten Wirkstoffe mit nachgewiesener klinischer Wirksamkeit bei der Reduzierung des Erscheinungsbildes von lokalisierten dunklen Flecken, die durch UV-Strahlung und Alterung verursacht werden.<\/p>","protected":false},"featured_media":1158,"comment_status":"open","ping_status":"closed","template":"","meta":[],"product_brand":[],"product_cat":[84,73],"product_tag":[],"class_list":{"0":"post-1103","1":"product","2":"type-product","3":"status-publish","4":"has-post-thumbnail","6":"product_cat-serum","7":"product_cat-cosmeceutic","9":"first","10":"instock","11":"taxable","12":"shipping-taxable","13":"purchasable","14":"product-type-simple"},"_links":{"self":[{"href":"https:\/\/3rings.eu\/de\/wp-json\/wp\/v2\/product\/1103","targetHints":{"allow":["GET"]}}],"collection":[{"href":"https:\/\/3rings.eu\/de\/wp-json\/wp\/v2\/product"}],"about":[{"href":"https:\/\/3rings.eu\/de\/wp-json\/wp\/v2\/types\/product"}],"replies":[{"embeddable":true,"href":"https:\/\/3rings.eu\/de\/wp-json\/wp\/v2\/comments?post=1103"}],"version-history":[{"count":0,"href":"https:\/\/3rings.eu\/de\/wp-json\/wp\/v2\/product\/1103\/revisions"}],"wp:featuredmedia":[{"embeddable":true,"href":"https:\/\/3rings.eu\/de\/wp-json\/wp\/v2\/media\/1158"}],"wp:attachment":[{"href":"https:\/\/3rings.eu\/de\/wp-json\/wp\/v2\/media?parent=1103"}],"wp:term":[{"taxonomy":"product_brand","embeddable":true,"href":"https:\/\/3rings.eu\/de\/wp-json\/wp\/v2\/product_brand?post=1103"},{"taxonomy":"product_cat","embeddable":true,"href":"https:\/\/3rings.eu\/de\/wp-json\/wp\/v2\/product_cat?post=1103"},{"taxonomy":"product_tag","embeddable":true,"href":"https:\/\/3rings.eu\/de\/wp-json\/wp\/v2\/product_tag?post=1103"}],"curies":[{"name":"wp","href":"https:\/\/api.w.org\/{rel}","templated":true}]}}