{"id":1104,"date":"2020-11-08T09:53:41","date_gmt":"2020-11-08T08:53:41","guid":{"rendered":"https:\/\/3rings.eu\/detoxifiying-exfoliating-cleanser-75ml\/"},"modified":"2024-10-20T20:21:48","modified_gmt":"2024-10-20T18:21:48","slug":"nescens-entgiftendes-peeling-reinigungsmittel-gesicht-korper-75ml","status":"publish","type":"product","link":"https:\/\/3rings.eu\/de\/produkt\/nescens-entgiftendes-peeling-reinigungsmittel-gesicht-korper-75ml\/","title":{"rendered":"Entgiftendes Peeling \u200b- Gesicht &amp; K\u00f6rper - Nescens"},"content":{"rendered":"<p>Entgiftet die Zelle, indem es abgebaute Bestandteile eliminiert, die dazu neigen, sie vorzeitig seneszieren zu lassen. Dieser leistungsstarke Mechanismus ist wesentlich f\u00fcr die Aufrechterhaltung der zellul\u00e4ren Hom\u00f6ostase und die Erhaltung der Jugend des Gewebes.<\/p>\n<h3>Biologisches Grundprinzip<\/h3>\n<p>Um ihre Hom\u00f6ostase aufrechtzuerhalten, muss die Zelle verschiedene abgebaute und angesammelte Bestandteile entfernen. Die k\u00fcrzlich auf der Haut entdeckte Autophagie ist heutzutage ein leistungsf\u00e4higer Mechanismus, der f\u00fcr die Entgiftung von Zellen und die Sicherstellung ihrer ordnungsgem\u00e4\u00dfen Funktion sowie f\u00fcr die Begrenzung der Seneszenz unerl\u00e4sslich ist.<\/p>\n<h2>Kosmezeutische Vorteile<\/h2>\n<ul>\n<li>Es enth\u00e4lt ein ultra-effizientes Reinigungsmittel-System, das entwickelt wurde, um Unreinheiten aus der Epidermis zu entfernen, ohne das nat\u00fcrliche Hydrolipid-Gleichgewicht zu ver\u00e4ndern.<\/li>\n<li>Verhindert das Entfetten und Austrocknen von Geweben.<\/li>\n<li>Peelt sanft, ohne zu sch\u00e4len, und verbessert die Textur und das Aussehen der Haut (Glanz, erweiterte und sichtbare Poren, unregelm\u00e4\u00dfige Hautstruktur, feine Linien, Hyperpigmentierung der Haut...).<\/li>\n<li>Hilft, den pH-Wert der Haut wieder ins Gleichgewicht zu bringen, der mit zunehmendem Alter dazu neigt, alkalisch zu werden.<\/li>\n<li>Entgiftet die Zelle, indem es abgebaute Bestandteile eliminiert, die dazu neigen, ihren Alterungsprozess zu beschleunigen.<\/li>\n<li>Bringt den Teint wieder zum Strahlen und neutralisiert die an der Hautalterung beteiligten freien Radikale.<\/li>\n<\/ul>\n<h2>Anleitung zur richtigen Anwendung<\/h2>\n<p>Als Teil des Nescens kosmezeutischen Programms zur Tiefenreinigung verwenden Sie den entgiftenden Peeling-Reiniger t\u00e4glich unter der Dusche auf dem zuvor angefeuchteten Gesicht und K\u00f6rper. Emulgieren und absp\u00fclen.<\/p>\n<p>Nescens schafft eine neue \u00c4ra von Duschgelen. Bei Kontakt mit Wasser verwandelt sich dieses durchscheinende, mit blauen Anti-Oxidationsmittel-Mikroperlen beladene Gel in einen cremigen Schaum, der tief reinigt und die Haut frisch und glatt hinterl\u00e4sst.<\/p>\n<p>Seine tragbare Gr\u00f6\u00dfe und seine \"all in one\"-Funktion machen ihn zu einem universellen Produkt, das unter allen Umst\u00e4nden einsetzbar ist.<\/p>\n<p>Alle Hautzust\u00e4nde. Ideal f\u00fcr stumpfen Teint auf der Suche nach Ausstrahlung.<\/p>\n<p>Unisex-Anwendung. Klinisch getestet unter dermatologischer Kontrolle.<\/p>\n<h2>Wichtigste Wirkstoffe<\/h2>\n<ul>\n<li><strong>Coco-Betaine, Decyl Glucosid:<\/strong> sch\u00e4umende Reinigungsmittel. Entfernt Unreinheiten aus der Epidermis, ohne das nat\u00fcrliche hydrolipidische Gleichgewicht zu ver\u00e4ndern.<\/li>\n<li><strong>Coco-Glucosid:<\/strong> r\u00fcckfettender Wirkstoff pflanzlichen Ursprungs (aus Kokosnuss- und Sonnenblumen\u00f6l). Verhindert die Entfettung und Austrocknung des Gewebes durch das Waschen. Macht die Haut weich und spendet ihr Feuchtigkeit.<\/li>\n<li><strong>Dinatrium-Cocoyl-Glutamat, Natrium-Cocoyl-Glutamat:<\/strong> sehr mildes Reinigungsmittel, abgeleitet von einer Aminos\u00e4ure und einer nat\u00fcrlichen Fetts\u00e4ure. Ausgezeichneter Reiniger, auch in hartem Wasser. Hinterl\u00e4sst die Haut weich und hydratisiert.<\/li>\n<li><strong>Hydrolysierter Candida Saitoana Extrakt (Zellenentgiftung):<\/strong> gereinigter Wirkstoff, Hefeextrakt (Candida Saitoana), reich an Alpha-Glucanen, gewonnen durch ein biotechnologisches Verfahren, wesentlich f\u00fcr die Aktivierung des kutanen autophagischen Systems. St\u00e4rkt den zellul\u00e4ren Entgiftungsprozess, indem er ver\u00e4nderte Bestandteile (oxidierte Proteine und peroxidierte Lipide), die die Zellen \u00fcbers\u00e4ttigen, eliminiert. Garantiert die Langlebigkeit von Zellen und Gewebe. Verbessert die Oberfl\u00e4chenbeschaffenheit berauschter Haut, gl\u00e4ttet das Mikrorelief und belebt die Ausstrahlung des Teints. Begrenzt die Zeichen der Lichtalterung, reduziert Falten und verbessert die Homogenit\u00e4t der Haut.<\/li>\n<li><strong>Unispheres nt-2103 (blau):<\/strong> blaue Mikrokugeln mit Vitamin A und E, die aktiv Falten bek\u00e4mpfen und den Alterungsprozess verz\u00f6gern. Verbessert die Textur und Festigkeit der Haut.<\/li>\n<li><strong>Panthenol (Provitamin B5):<\/strong> Spendet Feuchtigkeit, stimuliert die Zellproliferation und f\u00f6rdert die Geweberegeneration. Sch\u00fctzt und sorgt f\u00fcr Geschmeidigkeit und samtige Haut.<\/li>\n<li><strong>Glykols\u00e4ure:<\/strong> Alpha-Hydroxy-S\u00e4ure (AHA). Hilft, den interzellul\u00e4ren Zement aufzul\u00f6sen, der f\u00fcr die abnormale Keratinisierung verantwortlich ist, und f\u00f6rdert die Hydratation der Haut. Aktiviert den nat\u00fcrlichen Prozess der Entfernung abgestorbener Zellen und verbessert das Erscheinungsbild von zu Akne neigender Haut.<\/li>\n<li><strong>Chondrus Crispus Pulver (Carrageenan oder Rotalgen):<\/strong> pr\u00e4sentiert beruhigende, feuchtigkeitsspendende und restrukturierende Eigenschaften. Erzeugt einen sch\u00fctzenden Film.<\/li>\n<\/ul>","protected":false},"excerpt":{"rendered":"<p>Der erste All-in-One-Anti-Aging-Reiniger, der unter der Dusche angewendet werden kann. Er basiert auf einer ultra-innovativen \"Zellreinigungstechnologie\", die den Prozess der Selbstregeneration der Haut stimuliert. Die Haut erscheint ultra-sauber, frisch und klar.<\/p>","protected":false},"featured_media":1156,"comment_status":"open","ping_status":"closed","template":"","meta":[],"product_brand":[],"product_cat":[87,73],"product_tag":[],"class_list":{"0":"post-1104","1":"product","2":"type-product","3":"status-publish","4":"has-post-thumbnail","6":"product_cat-priming-care","7":"product_cat-cosmeceutic","9":"first","10":"instock","11":"taxable","12":"shipping-taxable","13":"purchasable","14":"product-type-simple"},"_links":{"self":[{"href":"https:\/\/3rings.eu\/de\/wp-json\/wp\/v2\/product\/1104","targetHints":{"allow":["GET"]}}],"collection":[{"href":"https:\/\/3rings.eu\/de\/wp-json\/wp\/v2\/product"}],"about":[{"href":"https:\/\/3rings.eu\/de\/wp-json\/wp\/v2\/types\/product"}],"replies":[{"embeddable":true,"href":"https:\/\/3rings.eu\/de\/wp-json\/wp\/v2\/comments?post=1104"}],"version-history":[{"count":0,"href":"https:\/\/3rings.eu\/de\/wp-json\/wp\/v2\/product\/1104\/revisions"}],"wp:featuredmedia":[{"embeddable":true,"href":"https:\/\/3rings.eu\/de\/wp-json\/wp\/v2\/media\/1156"}],"wp:attachment":[{"href":"https:\/\/3rings.eu\/de\/wp-json\/wp\/v2\/media?parent=1104"}],"wp:term":[{"taxonomy":"product_brand","embeddable":true,"href":"https:\/\/3rings.eu\/de\/wp-json\/wp\/v2\/product_brand?post=1104"},{"taxonomy":"product_cat","embeddable":true,"href":"https:\/\/3rings.eu\/de\/wp-json\/wp\/v2\/product_cat?post=1104"},{"taxonomy":"product_tag","embeddable":true,"href":"https:\/\/3rings.eu\/de\/wp-json\/wp\/v2\/product_tag?post=1104"}],"curies":[{"name":"wp","href":"https:\/\/api.w.org\/{rel}","templated":true}]}}