{"id":1105,"date":"2020-11-08T09:53:41","date_gmt":"2020-11-08T08:53:41","guid":{"rendered":"https:\/\/3rings.eu\/keratolytic-complex-15ml\/"},"modified":"2025-01-21T00:23:48","modified_gmt":"2025-01-20T23:23:48","slug":"nescens-keratolytischer-komplex-gesicht-15ml","status":"publish","type":"product","link":"https:\/\/3rings.eu\/de\/produkt\/nescens-keratolytischer-komplex-gesicht-15ml\/","title":{"rendered":"Keratolytischer Komplex, Gesicht - Nescens"},"content":{"rendered":"<p>Die Resurfacing-Technik von Nescens wird empfohlen, um auf das Erscheinungsbild von M\u00e4ngeln im Hautprofil einzuwirken. Sie kombiniert eine Polyhydroxys\u00e4ure mit einem intensiven Peelingmittel. Ihr synergistischer Effekt f\u00f6rdert die oberfl\u00e4chliche Abschuppung der Haut, um ihre Abdeckung zu verfeinern.<\/p>\n<h2>Kosmezeutische Vorteile<\/h2>\n<ul>\n<li>Sorgt f\u00fcr eine kraftvolle Erneuerung des Hautgewebes und eine gl\u00e4ttende Wirkung.<\/li>\n<li>F\u00f6rdert die Zellproliferation und die Biosynthese von molekularen Komponenten, wodurch die mechanischen Eigenschaften der Themen (Elastizit\u00e4t, Festigkeit, Spannkraft) verbessert werden.<\/li>\n<li>Verbessert die Eigenschaften der Hautbarriere und erh\u00f6ht die Widerstandsf\u00e4higkeit der Haut gegen Umwelteinfl\u00fcsse.<\/li>\n<li>Wirkt den Auswirkungen der Lichtalterung durch seine antioxidativen, chelatbildenden und depigmentierenden Eigenschaften entgegen.<\/li>\n<\/ul>\n<h2>Anleitung zur richtigen Anwendung<\/h2>\n<p>Chemisches Peeling, empfohlen ein- bis zweimal pro Woche, vorzugsweise nachts. Die H\u00e4ufigkeit der Anwendung f\u00fcr dieses Cosmeceutical wird durch Ihren Hautzustand bestimmt:<\/p>\n<ul>\n<li>bei feiner und empfindlicher Haut und\/oder sichtbaren Anzeichen vorzeitiger Hautalterung: 1 einmalige Anwendung pro Woche;<\/li>\n<li>bei dicker Haut und\/oder fortgeschrittenen sichtbaren Zeichen der Hautalterung: 2 Anwendungen pro Woche.<\/li>\n<\/ul>\n<p class=\"translation-block\">Tragen Sie den keratolytischen Komplex nach dem <a href=\"https:\/\/3rings.eu\/de\/produkt\/nescens-reinigungs-gel-gesicht-130ml\/\" target=\"_self\">Reinigungsgel<\/a> vorzugsweise auf Gesicht und Hals auf, vermeiden Sie dabei jeglichen Kontakt mit den Augen. Lassen Sie das Cosmeceutical f\u00fcr 5 Minuten einwirken. Entfernen Sie das gesamte Produkt mit einem feuchten Tuch. Gut abtrocknen.<\/p>\n<p>F\u00fcr M\u00e4nner und Frauen. Klinisch getestet unter dermatologischer Aufsicht.<\/p>\n<p>Verwenden Sie es nicht bei Sonneneinstrahlung oder f\u00fcr M\u00e4nner in der Stunde nach der Rasur.<\/p>\n<h2>Wichtigste Wirkstoffe<\/h2>\n<ul>\n<li><strong>Lactobions\u00e4ure:<\/strong> sorgt f\u00fcr ein hochwirksames, aber sanftes Peeling. F\u00f6rdert die Erneuerung der Keratinozyten und sorgt f\u00fcr den Zusammenhalt der Epidermisschicht. H\u00e4lt Wassermolek\u00fcle im Stratum corneum der Haut zur\u00fcck.<\/li>\n<li><strong>Salicyls\u00e4ure:<\/strong> Peelt sanft das Stratum corneum und versorgt die Haut gleichzeitig mit Feuchtigkeit.<\/li>\n<li><strong>Phytins\u00e4ure:<\/strong> verhindert altersbedingte Hautdystrophie und minimiert die Kalziumansammlung in reifer Haut. Sorgt f\u00fcr ein optimales Hydratationsniveau.<\/li>\n<\/ul>","protected":false},"excerpt":{"rendered":"<p>Hinterl\u00e4sst die Haut retexturiert und sichtbar gegl\u00e4ttet, als ob sie neu gestrafft w\u00e4re. Hautrauhigkeit erscheint vermindert, w\u00e4hrend das Erscheinungsbild der Poren gestrafft wird. Der Teint erscheint gleichm\u00e4\u00dfiger. Das jugendliche Aussehen der Gesichtsz\u00fcge wird wiederhergestellt.<\/p>","protected":false},"featured_media":1150,"comment_status":"open","ping_status":"closed","template":"","meta":[],"product_brand":[],"product_cat":[85,73],"product_tag":[],"class_list":{"0":"post-1105","1":"product","2":"type-product","3":"status-publish","4":"has-post-thumbnail","6":"product_cat-exfoliator","7":"product_cat-cosmeceutic","9":"first","10":"instock","11":"taxable","12":"shipping-taxable","13":"purchasable","14":"product-type-simple"},"_links":{"self":[{"href":"https:\/\/3rings.eu\/de\/wp-json\/wp\/v2\/product\/1105","targetHints":{"allow":["GET"]}}],"collection":[{"href":"https:\/\/3rings.eu\/de\/wp-json\/wp\/v2\/product"}],"about":[{"href":"https:\/\/3rings.eu\/de\/wp-json\/wp\/v2\/types\/product"}],"replies":[{"embeddable":true,"href":"https:\/\/3rings.eu\/de\/wp-json\/wp\/v2\/comments?post=1105"}],"version-history":[{"count":0,"href":"https:\/\/3rings.eu\/de\/wp-json\/wp\/v2\/product\/1105\/revisions"}],"wp:featuredmedia":[{"embeddable":true,"href":"https:\/\/3rings.eu\/de\/wp-json\/wp\/v2\/media\/1150"}],"wp:attachment":[{"href":"https:\/\/3rings.eu\/de\/wp-json\/wp\/v2\/media?parent=1105"}],"wp:term":[{"taxonomy":"product_brand","embeddable":true,"href":"https:\/\/3rings.eu\/de\/wp-json\/wp\/v2\/product_brand?post=1105"},{"taxonomy":"product_cat","embeddable":true,"href":"https:\/\/3rings.eu\/de\/wp-json\/wp\/v2\/product_cat?post=1105"},{"taxonomy":"product_tag","embeddable":true,"href":"https:\/\/3rings.eu\/de\/wp-json\/wp\/v2\/product_tag?post=1105"}],"curies":[{"name":"wp","href":"https:\/\/api.w.org\/{rel}","templated":true}]}}