{"id":1106,"date":"2020-11-08T09:53:41","date_gmt":"2020-11-08T08:53:41","guid":{"rendered":"https:\/\/3rings.eu\/metabolic-activator-toner-150ml\/"},"modified":"2023-01-05T08:29:36","modified_gmt":"2023-01-05T07:29:36","slug":"nescens-metabolischer-aktivator-gesichtstoner-150ml","status":"publish","type":"product","link":"https:\/\/3rings.eu\/de\/produkt\/nescens-metabolischer-aktivator-gesichtstoner-150ml\/","title":{"rendered":"Metabolischer Aktivator Toner - Gesicht - \n Nescens"},"content":{"rendered":"<p>H\u00e4lt Wassermolek\u00fcle im Stratum corneum zur\u00fcck und beruhigt m\u00f6gliche Irritationen. F\u00f6rdert die nat\u00fcrliche Exfoliation der Epidermis und erh\u00e4lt die Hydratation, wodurch der frische, strahlende Teint jung aussehender Haut zum Vorschein kommt.<\/p>\n<h2>Kosmezeutische Vorteile<\/h2>\n<ul>\n<li>Stimuliert die metabolischen Zellfunktionen.<\/li>\n<li>F\u00f6rdert die nat\u00fcrliche Exfoliation der Epidermis.<\/li>\n<li>Verbessert die Wirkung der Wirkstoffe.<\/li>\n<li>H\u00e4lt Wassermolek\u00fcle im Stratum corneum zur\u00fcck.<\/li>\n<li>Stellt die nat\u00fcrliche hydrolipidische Barrierefunktion und den pH-Wert der Haut wieder her.<\/li>\n<li>Beruhigt m\u00f6gliche Irritationen.<\/li>\n<li>Beseitigt die letzten R\u00fcckst\u00e4nde aus der Reinigungsphase und neutralisiert Ablagerungen, die durch hartes Wasser entstanden sind.<\/li>\n<\/ul>\n<h2>Anleitung zur richtigen Anwendung<\/h2>\n<p class=\"translation-block\">In \u00dcbereinstimmung mit dem kosmezeutischen System von Nescens verwenden Sie den metabolischen Aktivator Toner zweimal t\u00e4glich vor der Anwendung der <a href=\"https:\/\/3rings.eu\/de\/produkt-kategorie\/kosmezeutisch\/korrekturpflege\/\" target=\"_self\">Nescens korrigierenden Pflegebehandlungen<\/a>, um deren Absorption zu optimieren und ihre Wirkung zu verst\u00e4rken, oder verwenden Sie ihn allein, um die Haut zu straffen und die Poren zu verengen.<\/p>\n<p>Spr\u00fchen Sie den metabolischen Aktivator Toner in die Handfl\u00e4che und tragen Sie ihn dann auf das perfekt gereinigte und getrocknete Gesicht und den Hals auf.<\/p>\n<p>Massieren Sie das Hautgewebe mit gl\u00e4ttenden Bewegungen, um die Aufnahme der Fl\u00fcssigkeit zu f\u00f6rdern.<\/p>\n<p>F\u00fcr M\u00e4nner und Frauen. Klinisch getestet unter dermatologischer und augen\u00e4rztlicher Aufsicht.<\/p>\n<h2>Wichtigste Wirkstoffe<\/h2>\n<ul>\n<li><strong>Lactobions\u00e4ure:<\/strong> sorgt f\u00fcr ein hochwirksames, aber sanftes Peeling. F\u00f6rdert die Erneuerung der Keratinozyten und sorgt f\u00fcr den Zusammenhalt der Epidermisschicht.<\/li>\n<li><strong>Salicyls\u00e4ure:<\/strong> f\u00f6rdert die nicht-aggressive Exfoliation der Hautoberfl\u00e4che bei gleichzeitiger Hydratisierung der Haut.<\/li>\n<li><strong>Niacinamid<\/strong> \u00fcbt eine stabilisierende Wirkung auf die epidermale Barriere aus. F\u00f6rdert die Ceramid-Synthese. Verbessert den Feuchtigkeitsgehalt des Stratum corneum. Erh\u00f6ht die Vaskularisierung der dermalen Papillen.<\/li>\n<li><strong>Taurin:<\/strong> sch\u00fctzt die Epidermiszellen vor Austrocknung in einer trockenen Umgebung.<\/li>\n<li><strong>Saccharid Isomerat:<\/strong> bietet eine hochwirksame und lang anhaltende Hydratation.<\/li>\n<li><strong>Glyzerin:<\/strong> Stellt die Organisation der interzellul\u00e4ren Lipidlamellen im Stratum corneum wieder her. Sorgt f\u00fcr eine optimale Hydratation der verschiedenen Schichten der Epidermis.<\/li>\n<li><strong>Harnstoff:<\/strong> f\u00f6rdert die Aktivit\u00e4t von Schl\u00fcsselenzymen, die f\u00fcr die Lipidsynthese in der Epidermis notwendig sind.<\/li>\n<li><strong>Panthenol:<\/strong> Schl\u00fcsselelement bei der aeroben Energieproduktion in Keratinozyten. Beteiligt sich an der Rekonstitution der epidermalen Lipidschichten. Seine hygroskopischen Eigenschaften f\u00f6rdern die Hydratation.<\/li>\n<li><strong>Fomes officinalis (Pilz) Extrakt:<\/strong> sorgt f\u00fcr eine adstringierende Wirkung, die zu einem gestrafften, tonisierten und belebten Hautbild f\u00fchrt.<\/li>\n<\/ul>","protected":false},"excerpt":{"rendered":"<p>Stimuliert die Zellfunktion und strafft das Hautgewebe. Die Poren erscheinen gestrafft und das Hautbild verfeinert, die Oberfl\u00e4che wirkt glatter.<\/p>","protected":false},"featured_media":1274,"comment_status":"open","ping_status":"closed","template":"","meta":[],"product_brand":[],"product_cat":[87],"product_tag":[],"class_list":{"0":"post-1106","1":"product","2":"type-product","3":"status-publish","4":"has-post-thumbnail","6":"product_cat-priming-care","8":"first","9":"instock","10":"taxable","11":"shipping-taxable","12":"purchasable","13":"product-type-simple"},"_links":{"self":[{"href":"https:\/\/3rings.eu\/de\/wp-json\/wp\/v2\/product\/1106","targetHints":{"allow":["GET"]}}],"collection":[{"href":"https:\/\/3rings.eu\/de\/wp-json\/wp\/v2\/product"}],"about":[{"href":"https:\/\/3rings.eu\/de\/wp-json\/wp\/v2\/types\/product"}],"replies":[{"embeddable":true,"href":"https:\/\/3rings.eu\/de\/wp-json\/wp\/v2\/comments?post=1106"}],"version-history":[{"count":0,"href":"https:\/\/3rings.eu\/de\/wp-json\/wp\/v2\/product\/1106\/revisions"}],"wp:featuredmedia":[{"embeddable":true,"href":"https:\/\/3rings.eu\/de\/wp-json\/wp\/v2\/media\/1274"}],"wp:attachment":[{"href":"https:\/\/3rings.eu\/de\/wp-json\/wp\/v2\/media?parent=1106"}],"wp:term":[{"taxonomy":"product_brand","embeddable":true,"href":"https:\/\/3rings.eu\/de\/wp-json\/wp\/v2\/product_brand?post=1106"},{"taxonomy":"product_cat","embeddable":true,"href":"https:\/\/3rings.eu\/de\/wp-json\/wp\/v2\/product_cat?post=1106"},{"taxonomy":"product_tag","embeddable":true,"href":"https:\/\/3rings.eu\/de\/wp-json\/wp\/v2\/product_tag?post=1106"}],"curies":[{"name":"wp","href":"https:\/\/api.w.org\/{rel}","templated":true}]}}