{"id":1107,"date":"2020-11-08T09:53:42","date_gmt":"2020-11-08T08:53:42","guid":{"rendered":"https:\/\/3rings.eu\/molecular-regeneration-emulsion-day-30ml\/"},"modified":"2023-10-29T13:46:21","modified_gmt":"2023-10-29T12:46:21","slug":"nescens-molekulare-regeneration-emulsion-tages-gesicht-30ml","status":"publish","type":"product","link":"https:\/\/3rings.eu\/de\/produkt\/nescens-molekulare-regeneration-emulsion-tages-gesicht-30ml\/","title":{"rendered":"Molekulare Regenerationsemulsion - Tag - \n Gesicht - Nescens"},"content":{"rendered":"<p>Nescens Molekulare regenerierende Emulsion, ein Konzentrat von Wirkstoffen, die aufgrund ihrer synergistischen Wirkung ausgew\u00e4hlt wurden, soll helfen, molekulare Schadensmechanismen zu neutralisieren, die mit der nat\u00fcrlichen und photoinduzierten Alterung zusammenh\u00e4ngen, und die Erneuerung von Makromolek\u00fclen in der extrazellul\u00e4ren Matrix zu f\u00f6rdern.<\/p>\n<h2>Kosmezeutische Vorteile<\/h2>\n<ul>\n<li>Hilft, Glykations- und Oxidationsprozesse zu neutralisieren, um die optimale Zellfunktion wiederherzustellen und die Verh\u00e4rtung von Kollagen- und Elastinfasern zu verhindern.<\/li>\n<li>Reduziert die Aktivit\u00e4t von Metalloproteasen - Enzyme, die am Abbau und der Fragmentierung von Strukturproteinen beteiligt sind - um die Bildung von Rissen in der St\u00fctzarchitektur des Gewebes, am Ursprung von Falten, zu verhindern.<\/li>\n<li>Erh\u00f6ht die Widerstandsf\u00e4higkeit der Haut gegen UV-Strahlung und hilft so, den Photo-Aging-Prozess zu begrenzen.<\/li>\n<li>Beteiligt sich an der Erneuerung der Makromolek\u00fcle in der extrazellul\u00e4ren Matrix und f\u00f6rdert die Festigkeit und Dichte des Gewebes.<\/li>\n<li>Hilft, durch exogene und endogene Angriffe verursachte Gewebeentz\u00fcndungen zu begrenzen.<\/li>\n<li>Bietet intensive und dauerhafte Hydratation dank der Einbeziehung von feuchtigkeitsspendenden Wirkstoffen mit gradueller Wirkung.<\/li>\n<li>N\u00e4hrt die Haut mit bio-identischen Lipiden (\u00e4hnlich den Lipiden, die in der Epidermis nat\u00fcrlich synthetisiert werden).<\/li>\n<\/ul>\n<h2>Anleitung zur richtigen Anwendung<\/h2>\n<p class=\"translation-block\">Verwenden Sie die Molekulare regenerierende Emulsion jeden Morgen nach der <a href=\"https:\/\/3rings.eu\/de\/produkt-kategorie\/kosmezeutisch\/grundierungspflege\/\" target=\"_self\">Grundpflege<\/a> und dem entsprechenden <a href=\"https:\/\/3rings.eu\/de\/produkt-kategorie\/kosmezeutisch\/serum\/\" target=\"_self\">Nescens Serum<\/a>. Diese Formulierung ist besonders wirksam, wenn sie in Verbindung mit der <a href=\"https:\/\/3rings.eu\/de\/produkt\/nescens-zellerneuerungs-emulsion-nacht-gesicht-30ml\/\" target=\"_self\">Zellerneuerungsemulsion<\/a> (korrigierende Nachtpflege) verwendet wird.<\/p>\n<p>Morgens mit gl\u00e4ttenden Bewegungen auf Gesicht und Hals auftragen, dabei die Augenpartie aussparen. Klopfen Sie abschlie\u00dfend mit leichten Bewegungen, um das Eindringen des Cosmeceuticals zu unterst\u00fctzen.<\/p>\n<p>F\u00fcr M\u00e4nner und Frauen. Klinisch getestet unter dermatologischer und ophtalmologischer Aufsicht.<\/p>\n<h2>Wichtigste Wirkstoffe<\/h2>\n<ul>\n<li><strong>Niacinamid<\/strong> Stimuliert die Kollagenproduktion und verhindert deren Abbau. Verringert Pigmentflecken. Sorgt f\u00fcr eine photoprotektive Wirkung.<\/li>\n<li><strong>Ascorbyltetraisopalmitat (stabilisierte Form von Vitamin C), Tocopherol und Tocopherylacetat (Vitamine E):<\/strong> Starke Antioxidantien und Photoprotektoren. Helfen, zellul\u00e4re und molekulare Sch\u00e4den (Peroxidation der Hautlipide) zu verhindern, die durch freie Sauerstoffradikale verursacht werden. Verbessern Sie die Ausstrahlung der Haut und den Gewebetonus.<\/li>\n<li><strong>Decarboxy Carnosin HCL:<\/strong> hemmt den Glykationsprozess. Ein wichtiges Antioxidans. Ein extrem stabiles synthetisches Dipeptid, das nicht abgebaut wird.<\/li>\n<li><strong>Harnstoff:<\/strong> erh\u00f6ht die Aktivit\u00e4t von Enzymen, die an der Synthese von epidermalen Lipiden beteiligt sind.<\/li>\n<li><strong>Glyzerin:<\/strong> stellt die lamellare Struktur der interzellul\u00e4ren Lipide im Stratum corneum wieder her und sorgt f\u00fcr eine optimale Hydratation in den verschiedenen Schichten der Epidermis.<\/li>\n<li><strong>Taurin:<\/strong> sch\u00fctzt die Epidermiszellen vor Austrocknung in trockenen Umgebungen.<\/li>\n<li><strong>Saccharid Isomerat:<\/strong> sorgt f\u00fcr optimale, lang anhaltende Hydratation.<\/li>\n<li><strong>Panthenol:<\/strong> Ein Schl\u00fcsselelement f\u00fcr die aerobe Energieproduktion in Keratinozyten. Tr\u00e4gt zur Rekonstitution der epidermalen Lipidschichten bei. Seine hygroskopischen Eigenschaften f\u00f6rdern die Hydratation.<\/li>\n<li><strong>Ceramide AP, NP, EOP:<\/strong> grundlegende Lipide, die zur Wiederherstellung der Hydrolipidbarriere notwendig sind. Helfen, den Zusammenhalt der Hornschicht der Haut zu gew\u00e4hrleisten.<\/li>\n<li><strong>Phytosphingosin:<\/strong> reduziert die Metalloproteinase-Aktivit\u00e4t und erh\u00f6ht die Proteinsynthese in der extrazellul\u00e4ren Matrix. Stimuliert die Differenzierung der Keratinozyten. St\u00e4rkt den Zusammenhalt zwischen den Korneozyten. Hat Anti-Aging-Effekte.<\/li>\n<li><strong>Cholesterin:<\/strong> ein wesentlicher Bestandteil der epidermalen Lipidbarriere.<\/li>\n<li><strong>Sheabutter:<\/strong> hilft, den Alterungsprozess der Haut zu verz\u00f6gern. Kombiniert erweichende, feuchtigkeitsspendende und restrukturierende Eigenschaften.<\/li>\n<li><strong>N-Acetylglucosamin:<\/strong> f\u00f6rdert die Zelladh\u00e4sion durch Verkn\u00fcpfung der Glykoproteine, die den Zusammenhalt zwischen den Korneozyten gew\u00e4hrleisten. F\u00f6rdert die Expression der Keratinozyten-Differenzierungsmarker (Keratin und Involucrin).<\/li>\n<li><strong>Methylsilanolmannuronat<\/strong> f\u00f6rdert die Regeneration der Haut. Verz\u00f6gert den Verlust der Hautelastizit\u00e4t und Ver\u00e4nderungen der Bindegewebsstruktur, die mit dem Alterungsprozess verbunden sind.<\/li>\n<li><strong>Camellia sinensis Blatt-Extrakt:<\/strong> Wei\u00dfer Tee hat noch st\u00e4rkere antioxidative und antiradikale Eigenschaften als gr\u00fcner Tee. Als Antioxidans und Hemmstoff f\u00fcr freie Radikale hat er eine besonders starke Schutzwirkung auf die Haut.<\/li>\n<li><strong>Extrakt aus Silybum marianum (Phytosom aus Sojaphospholipiden, das Silibinin enth\u00e4lt):<\/strong> hemmt die Lipidperoxidation und hilft bei der DNA-Reparatur. Maximiert die intrazellul\u00e4re Glutathion-Synthese. Hat eine entz\u00fcndungshemmende und immunoregulierende Wirkung.<\/li>\n<li><strong>Cynara scolymus Blatt-Extrakt (Artischocke):<\/strong> normalisiert das Wachstum der Keratinozyten in der Epidermis, stimuliert die Kollagensynthese in der Dermis und sch\u00fctzt sie gleichzeitig vor Sch\u00e4den.<\/li>\n<li><strong>Crocus chrysanthus Zwiebel-Extrakt:<\/strong> erleichtert die interzellul\u00e4re Kommunikation. Erh\u00f6ht die Produktion von Keratinozyten-Wachstumsfaktoren (TGF \u03b2-\u00e4hnlich), die die Kollagen- und Elastinsynthese durch Fibroblasten stimulieren.<\/li>\n<\/ul>","protected":false},"excerpt":{"rendered":"<p>Stellt die F\u00e4higkeit des Hautgewebes wieder her, seine wichtigsten Jugendmerkmale wiederherzustellen: Geschmeidigkeit, Dichte und Festigkeit. Falten sind weniger sichtbar und die Hautoberfl\u00e4che hat ein glatteres Aussehen. Der Teint sieht strahlender aus.<\/p>","protected":false},"featured_media":1146,"comment_status":"open","ping_status":"closed","template":"","meta":[],"product_brand":[],"product_cat":[88,73],"product_tag":[],"class_list":{"0":"post-1107","1":"product","2":"type-product","3":"status-publish","4":"has-post-thumbnail","6":"product_cat-correcting-care","7":"product_cat-cosmeceutic","9":"first","10":"instock","11":"taxable","12":"shipping-taxable","13":"purchasable","14":"product-type-simple"},"_links":{"self":[{"href":"https:\/\/3rings.eu\/de\/wp-json\/wp\/v2\/product\/1107","targetHints":{"allow":["GET"]}}],"collection":[{"href":"https:\/\/3rings.eu\/de\/wp-json\/wp\/v2\/product"}],"about":[{"href":"https:\/\/3rings.eu\/de\/wp-json\/wp\/v2\/types\/product"}],"replies":[{"embeddable":true,"href":"https:\/\/3rings.eu\/de\/wp-json\/wp\/v2\/comments?post=1107"}],"version-history":[{"count":0,"href":"https:\/\/3rings.eu\/de\/wp-json\/wp\/v2\/product\/1107\/revisions"}],"wp:featuredmedia":[{"embeddable":true,"href":"https:\/\/3rings.eu\/de\/wp-json\/wp\/v2\/media\/1146"}],"wp:attachment":[{"href":"https:\/\/3rings.eu\/de\/wp-json\/wp\/v2\/media?parent=1107"}],"wp:term":[{"taxonomy":"product_brand","embeddable":true,"href":"https:\/\/3rings.eu\/de\/wp-json\/wp\/v2\/product_brand?post=1107"},{"taxonomy":"product_cat","embeddable":true,"href":"https:\/\/3rings.eu\/de\/wp-json\/wp\/v2\/product_cat?post=1107"},{"taxonomy":"product_tag","embeddable":true,"href":"https:\/\/3rings.eu\/de\/wp-json\/wp\/v2\/product_tag?post=1107"}],"curies":[{"name":"wp","href":"https:\/\/api.w.org\/{rel}","templated":true}]}}