{"id":1109,"date":"2020-11-08T09:53:42","date_gmt":"2020-11-08T08:53:42","guid":{"rendered":"https:\/\/3rings.eu\/renewing-gel-mask-eye-contour-30ml\/"},"modified":"2025-02-11T04:02:33","modified_gmt":"2025-02-11T03:02:33","slug":"nescens-erneuernde-gel-maske-augen-kontur-30ml","status":"publish","type":"product","link":"https:\/\/3rings.eu\/de\/produkt\/nescens-erneuernde-gel-maske-augen-kontur-30ml\/","title":{"rendered":"Erneuernde Gel-Maske, Augenkontur - Nescens"},"content":{"rendered":"<p>Anzeichen von M\u00fcdigkeit und fortgeschrittener Alterung werden reduziert. Die Augen erstrahlen in neuer Jugendlichkeit.<\/p>\n<h2>Kosmezeutische Vorteile<\/h2>\n<ul>\n<li>Anti-Augenringe: hellt dunkle Bereiche durch Aktivierung der Mikrozirkulation auf.<\/li>\n<li>Anti-Schlaffheit: resorbiert die unter den unteren Augenlidern angesammelten Fette und reaktiviert das Lymphgef\u00e4\u00dfsystem. Entstaut und erfrischt.<\/li>\n<li>Anti-Falten: versorgt die Epidermis mit Wasser. Aktiviert die Mechanismen der Zellregeneration. Tr\u00e4gt zum Auff\u00fcllen von Mikrofalten bei.<\/li>\n<\/ul>\n<h2>Anleitung zur richtigen Anwendung<\/h2>\n<p>Zwei- bis dreimal pro Woche anwenden.<\/p>\n<p>Als Teil des kosmezeutischen Hautpflegeprogramms von Nescens verwenden Sie die erneuernde Gel-Maske auf einer perfekt gereinigten und trockenen Augenkontur.<\/p>\n<p>Gro\u00dfz\u00fcgig auf die gesamte periorbitale Fl\u00e4che (Ober- und Unterlider sowie auf die Zornesfalten) auftragen.<\/p>\n<p>Lassen Sie es 10 Minuten einwirken und sp\u00fclen Sie es mit lauwarmem Wasser ab oder entfernen Sie einfach \u00fcbersch\u00fcssiges Produkt.<\/p>\n<p class=\"translation-block\">Fahren Sie mit der Anwendung am Tag und Nachts <a href=\"https:\/\/3rings.eu\/de\/produkt-kategorie\/kosmezeutisch\/korrekturpflege\/\" target=\"_self\">Korrekturpflegeprodukten<\/a> fort.<\/p>\n<p>F\u00fcr M\u00e4nner und Frauen. Klinisch getestet unter dermatologischer und augen\u00e4rztlicher Aufsicht.<\/p>\n<h2>Wichtigste Wirkstoffe<\/h2>\n<ul>\n<li><strong>Methylsilanolmannuronat<\/strong> Organisches Derivat von Silizium. Feuchthaltende Eigenschaften. Tr\u00e4gt auch zur Ern\u00e4hrung der Haut bei. Zytostimulierende Wirkung. Anti-freie Radikale und Anti-Glykationswirkung. Verbessert den Venentonus und hat straffende und lipolytische Eigenschaften, sowie eine entz\u00fcndungshemmende Wirkung. Hilft, die Hautregeneration zu f\u00f6rdern. Verz\u00f6gert den Verlust der Hautelastizit\u00e4t und Ver\u00e4nderungen der Bindegewebsstruktur, die mit dem Alterungsprozess einhergehen.<\/li>\n<li><strong>Glyzerin:<\/strong> stellt die lamellare Struktur der interzellul\u00e4ren Lipide im Stratum corneum wieder her und sorgt f\u00fcr eine optimale Hydratation in den verschiedenen Schichten der Epidermis.<\/li>\n<li><strong>Harnstoff:<\/strong> f\u00f6rdert die Aktivit\u00e4t von Schl\u00fcsselenzymen, die f\u00fcr die Lipidsynthese in der Epidermis notwendig sind.<\/li>\n<li><strong>Panthenol (Provitamin B5):<\/strong> unterst\u00fctzt die Regeneration der epidermalen Lipidschicht. Seine hygroskopischen Eigenschaften f\u00f6rdern die Hydratation. Stimuliert die Zellproliferation und f\u00f6rdert die Regeneration des Gewebes. Sch\u00fctzt und macht die Epidermis weich und samtig.<\/li>\n<li><strong>Pyrrolidon-Carbons\u00e4ure:<\/strong> Bestandteil des Natural Moisturizing Factor (NMF), dieses stark hygroskopische Molek\u00fcl wirkt als sehr effektiver Feuchtigkeitsspender. Hilft bei der Normalisierung von unausgeglichenen Lipid-Lamellenstrukturen.<\/li>\n<li><strong>Aminos\u00e4uren mix:<\/strong> enth\u00e4lt 10 Aminos\u00e4uren mit hohen Feuchthalteeigenschaften (Arginin, Glycin, Alanin, Serin, Valin, Isoleucin, Prolin, Threonin, Histidin, Phenylalanin), die den NMF erh\u00f6hen.<\/li>\n<li><strong>Decarboxy Carnosin HCL:<\/strong> stoppt den Glykationsprozess. Ein wichtiges Antioxidans. Ein extrem stabiles synthetisches Dipeptid, das nicht abgebaut wird.<\/li>\n<li><strong>Xylitylglucosid + Anhydroxylitol + Xylitol:<\/strong> Harmonisierung des Wasserhaushaltes der Haut. Hat eine feuchtigkeitsspendende und restrukturierende Wirkung. Optimiert die Feuchtigkeitsreserven, indem es den Hydratationsgrad der Epidermis verbessert und die Wasserreserven der Haut erh\u00f6ht. Begrenzt den transepidermalen Wasserverlust durch Stimulierung der Ceramid-Synthese, die den Barriereeffekt verst\u00e4rkt und die Haut st\u00e4rker und widerstandsf\u00e4higer macht. Sorgt f\u00fcr eine visuelle Verbesserung der Hautoberfl\u00e4che durch Normalisierung der Schuppenbildung und Gl\u00e4ttung des kutanen Mikroreliefs.<\/li>\n<li><strong>Koffein:<\/strong> reduziert lokalisierte Adipositas und beg\u00fcnstigt die Entgiftung des Gewebes.<\/li>\n<li><strong>Trehalose:<\/strong> nat\u00fcrlich vorkommendes Disacharrid. Sch\u00fctzt Haut- und Haarsch\u00e4den, die durch Dehydrierung unter normalen und extremen Bedingungen entstehen.<\/li>\n<li><strong>Hamamelis Virginiana Bl\u00fctenwasser:<\/strong> verwendet f\u00fcr seine adstringierenden, blutstillenden und gef\u00e4\u00dfverengenden Eigenschaften.<\/li>\n<li><strong>Glycyrrhetins\u00e4ure:<\/strong> beruhigende Eigenschaften.<\/li>\n<li><strong>Natriumhyaluronat:<\/strong> verf\u00fcgt \u00fcber ausgezeichnete feuchtigkeitsspendende und filmbildende F\u00e4higkeiten. Hilft, die wichtigsten Eigenschaften junger Haut, wie Geschmeidigkeit, Elastizit\u00e4t und Spannkraft, zu erhalten.<\/li>\n<li><strong>Phospholipide + Escin + Beta-Sitosterol:<\/strong> der in Phytosomen (biokompatible pflanzliche Phospholipid-Komplexe) enthaltene Escin-Extrakt wird zur Bek\u00e4mpfung von R\u00f6tungen und zur Aufhellung des Teints eingesetzt.<\/li>\n<li><strong>Chondrus Crispus Pulver (Carrageenan oder Rotalgen):<\/strong> besitzt beruhigende, feuchtigkeitsspendende und restrukturierende Eigenschaften. Zeigt auch filmbildende Eigenschaften.<\/li>\n<li><strong>Saccharid Isomerat:<\/strong> besitzt ein hohes Wasserbindungspotenzial und verbindet sich chemisch mit Keratin (was ein Auswaschen unm\u00f6glich macht) und verbessert auf diese Weise die Wasserbindung des Keratins in erheblichem Umfang und nachhaltig. Dieses beruhigende und feuchtigkeitsspendende Mittel reduziert die Trockenheit und Rauheit der Haut und beruhigt die Haut.<\/li>\n<li><strong>Pentylenglykol:<\/strong> Verbessert das Wasserbindeverm\u00f6gen der Haut und erh\u00f6ht ihren Hydratationsgrad. Hilft, den Hydrolipidfilm der Epidermis zu regenerieren.<\/li>\n<\/ul>","protected":false},"excerpt":{"rendered":"<p>Dunkle Umrandungen - Tr\u00e4nens\u00e4cke - Falten: Korrigiert die 3 spezifischen Zeichen der Alterung im Bereich der Augenkontur in einer einzigen Geste. Bringt 30 aktive Inhaltsstoffe in einer beispiellosen Gel-Textur zusammen, um das jugendliche Aussehen der Augen in nur wenigen Anwendungen wiederherzustellen.<\/p>","protected":false},"featured_media":1132,"comment_status":"open","ping_status":"closed","template":"","meta":[],"product_brand":[],"product_cat":[86,73],"product_tag":[],"class_list":{"0":"post-1109","1":"product","2":"type-product","3":"status-publish","4":"has-post-thumbnail","6":"product_cat-mask","7":"product_cat-cosmeceutic","9":"first","10":"instock","11":"taxable","12":"shipping-taxable","13":"purchasable","14":"product-type-simple"},"_links":{"self":[{"href":"https:\/\/3rings.eu\/de\/wp-json\/wp\/v2\/product\/1109","targetHints":{"allow":["GET"]}}],"collection":[{"href":"https:\/\/3rings.eu\/de\/wp-json\/wp\/v2\/product"}],"about":[{"href":"https:\/\/3rings.eu\/de\/wp-json\/wp\/v2\/types\/product"}],"replies":[{"embeddable":true,"href":"https:\/\/3rings.eu\/de\/wp-json\/wp\/v2\/comments?post=1109"}],"version-history":[{"count":0,"href":"https:\/\/3rings.eu\/de\/wp-json\/wp\/v2\/product\/1109\/revisions"}],"wp:featuredmedia":[{"embeddable":true,"href":"https:\/\/3rings.eu\/de\/wp-json\/wp\/v2\/media\/1132"}],"wp:attachment":[{"href":"https:\/\/3rings.eu\/de\/wp-json\/wp\/v2\/media?parent=1109"}],"wp:term":[{"taxonomy":"product_brand","embeddable":true,"href":"https:\/\/3rings.eu\/de\/wp-json\/wp\/v2\/product_brand?post=1109"},{"taxonomy":"product_cat","embeddable":true,"href":"https:\/\/3rings.eu\/de\/wp-json\/wp\/v2\/product_cat?post=1109"},{"taxonomy":"product_tag","embeddable":true,"href":"https:\/\/3rings.eu\/de\/wp-json\/wp\/v2\/product_tag?post=1109"}],"curies":[{"name":"wp","href":"https:\/\/api.w.org\/{rel}","templated":true}]}}