{"id":1111,"date":"2020-11-08T09:53:42","date_gmt":"2020-11-08T08:53:42","guid":{"rendered":"https:\/\/3rings.eu\/sequential-micro-peeling-60ml\/"},"modified":"2023-01-05T08:19:34","modified_gmt":"2023-01-05T07:19:34","slug":"nescens-sequenzielles-mikro-peeling-gesicht-60ml","status":"publish","type":"product","link":"https:\/\/3rings.eu\/de\/produkt\/nescens-sequenzielles-mikro-peeling-gesicht-60ml\/","title":{"rendered":"Sequentielles Mikro-Peeling, Gesicht - Nescens"},"content":{"rendered":"<p>Bringt einen kraftvollen Erneuerungseffekt f\u00fcr die Epidermis durch einen einzigartigen Peeling-Prozess, der auf einer sequentiellen Dreifachwirkung basiert: biomimetisch, enzymatisch und mechanisch. Reduziert die durch das Alter verlangsamte Zellerneuerungszeit. Das auf diese Weise gelieferte Signal tr\u00e4gt zur Reduzierung der Zellerneuerungszeit bei, die sich mit dem Alter verlangsamt.<\/p>\n<h2>Kosmezeutische Vorteile<\/h2>\n<ul>\n<li>Reinigt die Haut tief und entfernt Unreinheiten.<\/li>\n<li>Stimuliert die Zellerneuerung und verbessert die mechanischen Eigenschaften des Hautgewebes (Geschmeidigkeit, Festigkeit, Tonus, etc.).<\/li>\n<li>St\u00e4rkt das Hautgewebe und hilft, seine Widerstandsf\u00e4higkeit gegen\u00fcber \u00e4u\u00dferen Faktoren zu erh\u00f6hen.<\/li>\n<li>Gl\u00e4ttet die Hautoberfl\u00e4che, beseitigt Unebenheiten und reduziert Oberfl\u00e4chenfehler.<\/li>\n<\/ul>\n<h2>Anleitung zur richtigen Anwendung<\/h2>\n<p class=\"translation-block\">Als Teil des kosmezeutischen Hautpflegeprogramms von Nescens verwenden Sie das sequenzielle Mikro-Peeling ein- bis zweimal pro Woche nach der gr\u00fcndlichen Reinigung von Gesicht und Hals. Es wird empfohlen, es vor der Anwendung der <a href=\"https:\/\/3rings.eu\/de\/produkt-kategorie\/kosmezeutisch\/korrekturpflege\/\" target=\"_self\">Nescens korrigierenden Pflegebehandlungen<\/a> anzuwenden, um deren Aufnahme zu f\u00f6rdern und die Ergebnisse zu maximieren.<\/p>\n<p>F\u00fcr M\u00e4nner und Frauen. Klinisch getestet unter dermatologischer Aufsicht.<\/p>\n<h2>Wichtigste Wirkstoffe<\/h2>\n<ul>\n<li><strong>Polymilchs\u00e4ure (mechanisch Exfoliant):<\/strong> die polierende Wirkung der Polymilchs\u00e4ure-Mikropartikel erneuert die Oberfl\u00e4che der Epidermis. Die Gr\u00f6\u00dfe der K\u00f6rner wurde so gew\u00e4hlt, dass ein nicht-aggressives Peeling entsteht. Dieses nat\u00fcrliche Polymer, biologisch abbaubar und umweltfreundlich, wirkt als sanftes und nicht reizendes Peelingmittel.<\/li>\n<li><strong>Bacillus-Ferment (enzymatisches Peeling):<\/strong> l\u00f6st durch eine proteolytische Spaltung die abgestorbenen Zellen von der Hautoberfl\u00e4che ab. Verbessert das Aussehen und die Textur der Haut.<\/li>\n<li><strong>Hexanoyl Dipeptide-3 Norleucine Acetate (biomimetisches Peeling):<\/strong> diese liposomale Formulierung, die ein spezifisches Tripeptid einkapselt, aktiviert die Regeneration der Hautzellen, indem sie den nat\u00fcrlichen Exfoliationsprozess der Epidermis beschleunigt.<\/li>\n<\/ul>","protected":false},"excerpt":{"rendered":"<p>Oberfl\u00e4chendefekte werden reduziert (feine Linien, dunkle Flecken, sichtbare Poren, etc.). Die Haut erh\u00e4lt ein erneuertes Aussehen, sichtbar glatter, weicher und j\u00fcnger. Durch die Aktivierung der Zellatmung wird der Teint wieder ebenm\u00e4\u00dfig und strahlend.<\/p>","protected":false},"featured_media":1137,"comment_status":"open","ping_status":"closed","template":"","meta":[],"product_brand":[],"product_cat":[85,73],"product_tag":[],"class_list":{"0":"post-1111","1":"product","2":"type-product","3":"status-publish","4":"has-post-thumbnail","6":"product_cat-exfoliator","7":"product_cat-cosmeceutic","9":"first","10":"instock","11":"taxable","12":"shipping-taxable","13":"purchasable","14":"product-type-simple"},"_links":{"self":[{"href":"https:\/\/3rings.eu\/de\/wp-json\/wp\/v2\/product\/1111","targetHints":{"allow":["GET"]}}],"collection":[{"href":"https:\/\/3rings.eu\/de\/wp-json\/wp\/v2\/product"}],"about":[{"href":"https:\/\/3rings.eu\/de\/wp-json\/wp\/v2\/types\/product"}],"replies":[{"embeddable":true,"href":"https:\/\/3rings.eu\/de\/wp-json\/wp\/v2\/comments?post=1111"}],"version-history":[{"count":0,"href":"https:\/\/3rings.eu\/de\/wp-json\/wp\/v2\/product\/1111\/revisions"}],"wp:featuredmedia":[{"embeddable":true,"href":"https:\/\/3rings.eu\/de\/wp-json\/wp\/v2\/media\/1137"}],"wp:attachment":[{"href":"https:\/\/3rings.eu\/de\/wp-json\/wp\/v2\/media?parent=1111"}],"wp:term":[{"taxonomy":"product_brand","embeddable":true,"href":"https:\/\/3rings.eu\/de\/wp-json\/wp\/v2\/product_brand?post=1111"},{"taxonomy":"product_cat","embeddable":true,"href":"https:\/\/3rings.eu\/de\/wp-json\/wp\/v2\/product_cat?post=1111"},{"taxonomy":"product_tag","embeddable":true,"href":"https:\/\/3rings.eu\/de\/wp-json\/wp\/v2\/product_tag?post=1111"}],"curies":[{"name":"wp","href":"https:\/\/api.w.org\/{rel}","templated":true}]}}