{"id":1112,"date":"2020-11-08T09:53:42","date_gmt":"2020-11-08T08:53:42","guid":{"rendered":"https:\/\/3rings.eu\/sequential-peeling-body-175ml\/"},"modified":"2024-12-05T23:51:00","modified_gmt":"2024-12-05T22:51:00","slug":"nescens-sequentielles-peeling-korper-175ml","status":"publish","type":"product","link":"https:\/\/3rings.eu\/de\/produkt\/nescens-sequentielles-peeling-korper-175ml\/","title":{"rendered":"Sequentielles Peeling, K\u00f6rper - Nescens"},"content":{"rendered":"<p>Mit diesem sequentiellen Peeling steht die Exfoliation im Mittelpunkt des Anti-Aging-Ansatzes von Nescens und markiert einen bedeutenden Schritt nach vorn. Die Nescens-Forschung hat ein einzigartiges Peeling-Verfahren entwickelt, das auf einer sequentiellen Dreifachwirkung basiert, um der Epidermis einen kraftvollen Erneuerungseffekt zu verleihen: biomimetisch, enzymatisch und mechanisch.<\/p>\n<h2>Kosmezeutische Vorteile<\/h2>\n<ul>\n<li>Reinigt die Haut tief und entfernt Unreinheiten.<\/li>\n<li>Stimuliert die Zellerneuerung und verbessert die mechanischen Eigenschaften des Hautgewebes (Geschmeidigkeit, Festigkeit, Tonus, etc.).<\/li>\n<li>St\u00e4rkt das Hautgewebe und hilft, seine Widerstandsf\u00e4higkeit gegen\u00fcber \u00e4u\u00dferen Faktoren zu erh\u00f6hen.<\/li>\n<li>Gl\u00e4ttet die Hautoberfl\u00e4che, beseitigt Unebenheiten und reduziert Oberfl\u00e4chenfehler.<\/li>\n<\/ul>\n<h2>Anleitung zur richtigen Anwendung<\/h2>\n<p class=\"translation-block\">Als Teil des kosmezeutischen Hautpflegeprogramms von Nescens verwenden Sie das sequentielle Peeling zweimal w\u00f6chentlich auf der gesamten K\u00f6rperoberfl\u00e4che. Es wird empfohlen, es vor der Anwendung der <a href=\"https:\/\/3rings.eu\/de\/produkt-kategorie\/kosmezeutisch\/korrekturpflege\/\" target=\"_self\">Nescens korrigierenden Pflegebehandlungen<\/a> anzuwenden, um deren Aufnahme zu f\u00f6rdern und die Ergebnisse zu maximieren.<\/p>\n<p>F\u00fcr M\u00e4nner und Frauen. Klinisch getestet unter dermatologischer Aufsicht.<\/p>\n<h2>Wichtigste Wirkstoffe<\/h2>\n<ul>\n<li><strong>Polymilchs\u00e4ure (mechanisch Exfoliant):<\/strong> die polierende Wirkung der Polymilchs\u00e4ure-Mikropartikel erneuert die Oberfl\u00e4che der Epidermis. Die Gr\u00f6\u00dfe der K\u00f6rner wurde so gew\u00e4hlt, dass ein nicht-aggressives Peeling entsteht. Dieses nat\u00fcrliche Polymer, biologisch abbaubar und umweltfreundlich, wirkt als sanftes und nicht reizendes Peelingmittel.<\/li>\n<li><strong>Bacillus-Ferment (enzymatisches Peeling):<\/strong> l\u00f6st durch eine proteolytische Spaltung die abgestorbenen Zellen von der Hautoberfl\u00e4che ab. Verbessert das Aussehen und die Textur der Haut.<\/li>\n<li><strong>Hexanoyl Dipeptide-3 Norleucine Acetate (biomimetisches Peeling):<\/strong> diese liposomale Formulierung, die ein spezifisches Tripeptid einkapselt, aktiviert die Regeneration der Hautzellen, indem sie den nat\u00fcrlichen Exfoliationsprozess der Epidermis beschleunigt.<\/li>\n<\/ul>","protected":false},"excerpt":{"rendered":"<p>Die Zellerneuerung, die sich mit zunehmendem Alter verlangsamt, wird reaktiviert, wodurch die mechanischen Eigenschaften des Gewebes (Elastizit\u00e4t, Festigkeit, Spannkraft usw.) verbessert werden. Die Qualit\u00e4t der Haut wird wiederhergestellt: Samtig glatt, sofort verfeinert.<\/p>","protected":false},"featured_media":1135,"comment_status":"open","ping_status":"closed","template":"","meta":[],"product_brand":[],"product_cat":[85,73],"product_tag":[],"class_list":{"0":"post-1112","1":"product","2":"type-product","3":"status-publish","4":"has-post-thumbnail","6":"product_cat-exfoliator","7":"product_cat-cosmeceutic","9":"first","10":"instock","11":"taxable","12":"shipping-taxable","13":"purchasable","14":"product-type-simple"},"_links":{"self":[{"href":"https:\/\/3rings.eu\/de\/wp-json\/wp\/v2\/product\/1112","targetHints":{"allow":["GET"]}}],"collection":[{"href":"https:\/\/3rings.eu\/de\/wp-json\/wp\/v2\/product"}],"about":[{"href":"https:\/\/3rings.eu\/de\/wp-json\/wp\/v2\/types\/product"}],"replies":[{"embeddable":true,"href":"https:\/\/3rings.eu\/de\/wp-json\/wp\/v2\/comments?post=1112"}],"version-history":[{"count":0,"href":"https:\/\/3rings.eu\/de\/wp-json\/wp\/v2\/product\/1112\/revisions"}],"wp:featuredmedia":[{"embeddable":true,"href":"https:\/\/3rings.eu\/de\/wp-json\/wp\/v2\/media\/1135"}],"wp:attachment":[{"href":"https:\/\/3rings.eu\/de\/wp-json\/wp\/v2\/media?parent=1112"}],"wp:term":[{"taxonomy":"product_brand","embeddable":true,"href":"https:\/\/3rings.eu\/de\/wp-json\/wp\/v2\/product_brand?post=1112"},{"taxonomy":"product_cat","embeddable":true,"href":"https:\/\/3rings.eu\/de\/wp-json\/wp\/v2\/product_cat?post=1112"},{"taxonomy":"product_tag","embeddable":true,"href":"https:\/\/3rings.eu\/de\/wp-json\/wp\/v2\/product_tag?post=1112"}],"curies":[{"name":"wp","href":"https:\/\/api.w.org\/{rel}","templated":true}]}}