{"id":1113,"date":"2020-11-08T09:53:42","date_gmt":"2020-11-08T08:53:42","guid":{"rendered":"https:\/\/3rings.eu\/smoothing-gel-emulsion-eye-contour-15ml\/"},"modified":"2025-01-22T11:18:19","modified_gmt":"2025-01-22T10:18:19","slug":"nescens-glattende-gel-emulsion-augen-kontur-bereich-15ml","status":"publish","type":"product","link":"https:\/\/3rings.eu\/de\/produkt\/nescens-glattende-gel-emulsion-augen-kontur-bereich-15ml\/","title":{"rendered":"Gl\u00e4ttende Gel-Emulsion, Augenkonturbereich - Nescens"},"content":{"rendered":"<p>Nescens gl\u00e4ttende Gel-Emulsion enth\u00e4lt High-Tech-Wirkstoffe, die helfen, die Synthese von St\u00fctzglykoproteinen zu stimulieren und dadurch das Erscheinungsbild von Rhytiden, Falten der periorbitalen Zone, zu vermindern.<\/p>\n<h2>Kosmezeutische Vorteile<\/h2>\n<ul>\n<li>F\u00f6rdert die Erneuerung von Keratinozyten und Fibroblasten.<\/li>\n<li>Aktiviert die Produktion von Kollagen, Elastin und Glykosaminoglykanen.<\/li>\n<li>Sorgt f\u00fcr eine optimale Hydratation der Haut.<\/li>\n<\/ul>\n<h2>Anleitung zur richtigen Anwendung<\/h2>\n<p class=\"translation-block\">Morgens und abends auf die Augenkonturpartie auftragen. \u00dcben Sie sanften Druck von den inneren Augenwinkeln zu den \u00e4u\u00dferen Augenwinkeln aus. Beenden Sie die Anwendung mit leicht klopfenden Bewegungen, um das Eindringen des Cosmeceuticals zu unterst\u00fctzen. Fahren Sie mit dem Auftragen des passenden <a href=\"https:\/\/3rings.eu\/de\/produkt-kategorie\/kosmezeutisch\/korrekturpflege\/\" target=\"_self\">Gesichtskorrektur-Pflegeprodukts<\/a> fort und achten Sie darauf, den Bereich der Augenkontur zu vermeiden.<\/p>\n<p>F\u00fcr M\u00e4nner und Frauen. Klinisch getestet unter dermatologischer und ophtalmologischer Aufsicht.<\/p>\n<h2>Wichtigste Wirkstoffe<\/h2>\n<ul>\n<li><strong>L-Fucose:<\/strong> Erh\u00f6ht die Erneuerung der Keratinozyten. Verbessert die Festigkeit der Haut durch Steigerung der Kollagen- und Elastinsynthese.<\/li>\n<li><strong>Lactobions\u00e4ure:<\/strong> unterst\u00fctzt die Erneuerung der Keratinozyten und sorgt f\u00fcr einen optimalen Zusammenhalt der epidermalen Barriere. Sehr effektive und sanfte Peelingeigenschaften. H\u00e4lt Wassermolek\u00fcle im Stratum corneum zur\u00fcck.<\/li>\n<li><strong>Palmitoyl Tripeptid-5:<\/strong> stimuliert die Mechanismen der Kollagensynthese.<\/li>\n<li><strong>Tocopherol:<\/strong> starkes Antioxidans und Photoprotektor, hemmt die Peroxidation von Hautlipiden.<\/li>\n<\/ul>","protected":false},"excerpt":{"rendered":"<p>Wirkt auf das Gewebe im Bereich der Augenkontur, um bestehende Falten zu gl\u00e4tten und das Auftreten neuer Falten zu verz\u00f6gern. Das jugendliche Aussehen der Augen wird verl\u00e4ngert.<\/p>","protected":false},"featured_media":1148,"comment_status":"open","ping_status":"closed","template":"","meta":[],"product_brand":[],"product_cat":[88,73],"product_tag":[],"class_list":{"0":"post-1113","1":"product","2":"type-product","3":"status-publish","4":"has-post-thumbnail","6":"product_cat-correcting-care","7":"product_cat-cosmeceutic","9":"first","10":"instock","11":"taxable","12":"shipping-taxable","13":"purchasable","14":"product-type-simple"},"_links":{"self":[{"href":"https:\/\/3rings.eu\/de\/wp-json\/wp\/v2\/product\/1113","targetHints":{"allow":["GET"]}}],"collection":[{"href":"https:\/\/3rings.eu\/de\/wp-json\/wp\/v2\/product"}],"about":[{"href":"https:\/\/3rings.eu\/de\/wp-json\/wp\/v2\/types\/product"}],"replies":[{"embeddable":true,"href":"https:\/\/3rings.eu\/de\/wp-json\/wp\/v2\/comments?post=1113"}],"version-history":[{"count":0,"href":"https:\/\/3rings.eu\/de\/wp-json\/wp\/v2\/product\/1113\/revisions"}],"wp:featuredmedia":[{"embeddable":true,"href":"https:\/\/3rings.eu\/de\/wp-json\/wp\/v2\/media\/1148"}],"wp:attachment":[{"href":"https:\/\/3rings.eu\/de\/wp-json\/wp\/v2\/media?parent=1113"}],"wp:term":[{"taxonomy":"product_brand","embeddable":true,"href":"https:\/\/3rings.eu\/de\/wp-json\/wp\/v2\/product_brand?post=1113"},{"taxonomy":"product_cat","embeddable":true,"href":"https:\/\/3rings.eu\/de\/wp-json\/wp\/v2\/product_cat?post=1113"},{"taxonomy":"product_tag","embeddable":true,"href":"https:\/\/3rings.eu\/de\/wp-json\/wp\/v2\/product_tag?post=1113"}],"curies":[{"name":"wp","href":"https:\/\/api.w.org\/{rel}","templated":true}]}}