{"id":1116,"date":"2020-11-08T09:53:42","date_gmt":"2020-11-08T08:53:42","guid":{"rendered":"https:\/\/3rings.eu\/scent-candle-black-tea-180gr\/"},"modified":"2025-02-11T03:12:40","modified_gmt":"2025-02-11T02:12:40","slug":"nescens-duftkerze-black-tea-180gr","status":"publish","type":"product","link":"https:\/\/3rings.eu\/de\/produkt\/nescens-duftkerze-black-tea-180gr\/","title":{"rendered":"Duftkerze, Black Tea - Nescens"},"content":{"rendered":"<p>Schwarz gef\u00e4rbte Tasse, die mit Teebl\u00e4ttern verziert ist und den subtilen Kontrast zwischen dem Glanz einer gl\u00e4nzenden Oberfl\u00e4che und n\u00fcchterneren, matten Schwarzt\u00f6nen zeigt. Pr\u00e4sentiert in einem hochwertigen Etui, schwarz und gold. Kerze mit 3 Dochten aus 100% Baumwolle, bleifrei, von Hand gesetzt. Enth\u00e4lt 10 % Duftstoff. Hergestellt in Frankreich, in Grasse, der Hauptstadt des Parfums. Brenndauer: ca. 150 Stunden.<\/p>\n<p>Allergenfreier Duft.<\/p>\n<h2>Vorteile<\/h2>\n<ul>\n<li>Parf\u00fcmiert Gemeinschaftsr\u00e4ume subtil und angenehm.<\/li>\n<li>Schafft eine warme und entspannende Atmosph\u00e4re.<\/li>\n<\/ul>\n<h2>Geruchspyramide<\/h2>\n<p><img fetchpriority=\"high\" decoding=\"async\" class=\"alignnone wp-image-2036 size-full\" title=\"Nescens - Duftkerze - Black Tea - Geruchspyramide\" src=\"https:\/\/3rings.eu\/wp-content\/uploads\/2020\/11\/nescens-scented-candle-black-tea-olfactive-pyramid.jpg\" alt=\"Nescens - Duftkerze - Black Tea - Geruchspyramide\" width=\"716\" height=\"475\" srcset=\"https:\/\/3rings.eu\/wp-content\/uploads\/2020\/11\/nescens-scented-candle-black-tea-olfactive-pyramid.jpg 716w, https:\/\/3rings.eu\/wp-content\/uploads\/2020\/11\/nescens-scented-candle-black-tea-olfactive-pyramid-300x199.jpg 300w, https:\/\/3rings.eu\/wp-content\/uploads\/2020\/11\/nescens-scented-candle-black-tea-olfactive-pyramid-16x12.jpg 16w, https:\/\/3rings.eu\/wp-content\/uploads\/2020\/11\/nescens-scented-candle-black-tea-olfactive-pyramid-600x398.jpg 600w\" sizes=\"(max-width: 716px) 100vw, 716px\" \/><\/p>\n<h2>Anleitung zur richtigen Anwendung<\/h2>\n<p>Befolgen Sie die Anweisungen auf der Verpackung.<\/p>","protected":false},"excerpt":{"rendered":"<p>Als raffinierter Duft des Winters enth\u00fcllt die Black Tea Kerze ihre warmen und umh\u00fcllenden Noten: ein w\u00fcrziger Duft von schwarzem Tee, mit der w\u00fcrzigen und holzigen Harmonie von Safran, braunem Rhum und Vetiver, verbunden mit den zarten D\u00fcften von Rosenknospen und wei\u00dfer Feige. Eine subtile Duftkerze f\u00fcr eine elegante Atmosph\u00e4re.<\/p>","protected":false},"featured_media":1179,"comment_status":"open","ping_status":"closed","template":"","meta":[],"product_brand":[],"product_cat":[89,73],"product_tag":[],"class_list":{"0":"post-1116","1":"product","2":"type-product","3":"status-publish","4":"has-post-thumbnail","6":"product_cat-fragrance-candle","7":"product_cat-cosmeceutic","9":"first","10":"instock","11":"taxable","12":"shipping-taxable","13":"purchasable","14":"product-type-simple"},"_links":{"self":[{"href":"https:\/\/3rings.eu\/de\/wp-json\/wp\/v2\/product\/1116","targetHints":{"allow":["GET"]}}],"collection":[{"href":"https:\/\/3rings.eu\/de\/wp-json\/wp\/v2\/product"}],"about":[{"href":"https:\/\/3rings.eu\/de\/wp-json\/wp\/v2\/types\/product"}],"replies":[{"embeddable":true,"href":"https:\/\/3rings.eu\/de\/wp-json\/wp\/v2\/comments?post=1116"}],"version-history":[{"count":0,"href":"https:\/\/3rings.eu\/de\/wp-json\/wp\/v2\/product\/1116\/revisions"}],"wp:featuredmedia":[{"embeddable":true,"href":"https:\/\/3rings.eu\/de\/wp-json\/wp\/v2\/media\/1179"}],"wp:attachment":[{"href":"https:\/\/3rings.eu\/de\/wp-json\/wp\/v2\/media?parent=1116"}],"wp:term":[{"taxonomy":"product_brand","embeddable":true,"href":"https:\/\/3rings.eu\/de\/wp-json\/wp\/v2\/product_brand?post=1116"},{"taxonomy":"product_cat","embeddable":true,"href":"https:\/\/3rings.eu\/de\/wp-json\/wp\/v2\/product_cat?post=1116"},{"taxonomy":"product_tag","embeddable":true,"href":"https:\/\/3rings.eu\/de\/wp-json\/wp\/v2\/product_tag?post=1116"}],"curies":[{"name":"wp","href":"https:\/\/api.w.org\/{rel}","templated":true}]}}