{"id":1117,"date":"2020-11-08T09:53:42","date_gmt":"2020-11-08T08:53:42","guid":{"rendered":"https:\/\/3rings.eu\/bougie-parf-bleu-init-180gr\/"},"modified":"2025-02-11T03:13:04","modified_gmt":"2025-02-11T02:13:04","slug":"nescens-duftkerze-bleu-initial-180gr","status":"publish","type":"product","link":"https:\/\/3rings.eu\/de\/produkt\/nescens-duftkerze-bleu-initial-180gr\/","title":{"rendered":"Duftkerze, Bleu Initial - Nescens"},"content":{"rendered":"<p>Inspiriert von der ikonischen blauen Farbe der Marke, haben die Bleu Initial Duftprodukte die Form eines Raumdufts, eines Diffusors und einer Kerze der olfaktorischen Signatur der Nescens Hautpflegeserie.<\/p>\n<p>Lackiertes wei\u00dfes Glas mit hochgl\u00e4nzendem silbernen Aluminiumdeckel, gesch\u00fctzt durch einen Beutel. Traditionelles wei\u00dfes Mineralwachs. 100 % Baumwolldocht, bleifrei, von Hand gesetzt. Enth\u00e4lt 10 % Duftstoff. Hergestellt in Frankreich, in Grasse, der Hauptstadt des Parfums. Brenndauer: ca. 45 Stunden.<\/p>\n<p>Allergenfreier Duft.<\/p>\n<h2>Vorteile<\/h2>\n<ul>\n<li>Parf\u00fcmiert Gemeinschaftsr\u00e4ume subtil und angenehm.<\/li>\n<li>Schafft eine warme und entspannende Atmosph\u00e4re.<\/li>\n<li>Taucht den Kunden in das beruhigende olfaktorische Universum von Nescens f\u00fcr ein perfektes Wohlf\u00fchlerlebnis ein.<\/li>\n<\/ul>\n<h2>Geruchspyramide<\/h2>\n<p><img fetchpriority=\"high\" decoding=\"async\" class=\"alignnone wp-image-2014 size-full\" title=\"Nescens - Duftkerze - Initial Blue - Geruchspyramide\" src=\"https:\/\/3rings.eu\/wp-content\/uploads\/2020\/11\/nescens-room-fragrance-bleu-initial-olfactive-pyramid.jpg\" alt=\"Nescens - Duftkerze - Initial Blue - Geruchspyramide\" width=\"1980\" height=\"702\" srcset=\"https:\/\/3rings.eu\/wp-content\/uploads\/2020\/11\/nescens-room-fragrance-bleu-initial-olfactive-pyramid.jpg 1980w, https:\/\/3rings.eu\/wp-content\/uploads\/2020\/11\/nescens-room-fragrance-bleu-initial-olfactive-pyramid-300x106.jpg 300w, https:\/\/3rings.eu\/wp-content\/uploads\/2020\/11\/nescens-room-fragrance-bleu-initial-olfactive-pyramid-1024x363.jpg 1024w, https:\/\/3rings.eu\/wp-content\/uploads\/2020\/11\/nescens-room-fragrance-bleu-initial-olfactive-pyramid-768x272.jpg 768w, https:\/\/3rings.eu\/wp-content\/uploads\/2020\/11\/nescens-room-fragrance-bleu-initial-olfactive-pyramid-1536x545.jpg 1536w, https:\/\/3rings.eu\/wp-content\/uploads\/2020\/11\/nescens-room-fragrance-bleu-initial-olfactive-pyramid-16x6.jpg 16w, https:\/\/3rings.eu\/wp-content\/uploads\/2020\/11\/nescens-room-fragrance-bleu-initial-olfactive-pyramid-600x213.jpg 600w\" sizes=\"(max-width: 1980px) 100vw, 1980px\" \/><\/p>\n<h2>Anleitung zur richtigen Anwendung<\/h2>\n<p>Befolgen Sie die Anweisungen auf der Verpackung.<\/p>","protected":false},"excerpt":{"rendered":"<p>Ein blumiger Duft mit frischen Zitrus- und Jasminnoten, abgerundet mit der warmen Sanftheit von narkotischen, holzigen und Vanille-Noten.<\/p>","protected":false},"featured_media":1181,"comment_status":"open","ping_status":"closed","template":"","meta":[],"product_brand":[],"product_cat":[89,73],"product_tag":[],"class_list":{"0":"post-1117","1":"product","2":"type-product","3":"status-publish","4":"has-post-thumbnail","6":"product_cat-fragrance-candle","7":"product_cat-cosmeceutic","9":"first","10":"instock","11":"taxable","12":"shipping-taxable","13":"purchasable","14":"product-type-simple"},"_links":{"self":[{"href":"https:\/\/3rings.eu\/de\/wp-json\/wp\/v2\/product\/1117","targetHints":{"allow":["GET"]}}],"collection":[{"href":"https:\/\/3rings.eu\/de\/wp-json\/wp\/v2\/product"}],"about":[{"href":"https:\/\/3rings.eu\/de\/wp-json\/wp\/v2\/types\/product"}],"replies":[{"embeddable":true,"href":"https:\/\/3rings.eu\/de\/wp-json\/wp\/v2\/comments?post=1117"}],"version-history":[{"count":0,"href":"https:\/\/3rings.eu\/de\/wp-json\/wp\/v2\/product\/1117\/revisions"}],"wp:featuredmedia":[{"embeddable":true,"href":"https:\/\/3rings.eu\/de\/wp-json\/wp\/v2\/media\/1181"}],"wp:attachment":[{"href":"https:\/\/3rings.eu\/de\/wp-json\/wp\/v2\/media?parent=1117"}],"wp:term":[{"taxonomy":"product_brand","embeddable":true,"href":"https:\/\/3rings.eu\/de\/wp-json\/wp\/v2\/product_brand?post=1117"},{"taxonomy":"product_cat","embeddable":true,"href":"https:\/\/3rings.eu\/de\/wp-json\/wp\/v2\/product_cat?post=1117"},{"taxonomy":"product_tag","embeddable":true,"href":"https:\/\/3rings.eu\/de\/wp-json\/wp\/v2\/product_tag?post=1117"}],"curies":[{"name":"wp","href":"https:\/\/api.w.org\/{rel}","templated":true}]}}