{"id":1120,"date":"2020-11-08T09:53:42","date_gmt":"2020-11-08T08:53:42","guid":{"rendered":"https:\/\/3rings.eu\/parfum-int-bleu-initial-100ml\/"},"modified":"2023-01-05T08:12:43","modified_gmt":"2023-01-05T07:12:43","slug":"nescens-raumduft-bleu-initial-100ml","status":"publish","type":"product","link":"https:\/\/3rings.eu\/de\/produkt\/nescens-raumduft-bleu-initial-100ml\/","title":{"rendered":"Raumduft, Bleu Initial - Nescens"},"content":{"rendered":"<p>Inspiriert von der ikonischen blauen Farbe der Marke, haben die Bleu Initial Duftprodukte die Form eines Raumdufts, eines Diffusors und einer Kerze der olfaktorischen Signatur der Nescens Hautpflegeserie.<\/p>\n<p>Flasche aus lackiertem Wei\u00dfglas. Enth\u00e4lt 10 % Duftstoff. Hergestellt in Frankreich, Grasse, der Hauptstadt des Parfums.<\/p>\n<p>Allergenfreier Duft.<\/p>\n<h2>Vorteile<\/h2>\n<ul>\n<li>Beduftet subtil und angenehm Spa-W\u00e4sche, Behandlungskabine und Gemeinschaftsr\u00e4ume.<\/li>\n<li>Schafft eine warme, erholsame Atmosph\u00e4re.<\/li>\n<li>Taucht den Kunden in das beruhigende olfaktorische Universum von Nescens f\u00fcr ein perfektes Wohlf\u00fchlerlebnis ein.<\/li>\n<\/ul>\n<h2>Geruchspyramide<\/h2>\n<p><img fetchpriority=\"high\" decoding=\"async\" class=\"alignnone wp-image-2014 size-full\" title=\"Nescens - Raumduft - Initial Blue - Geruchspyramide\" src=\"https:\/\/3rings.eu\/wp-content\/uploads\/2020\/11\/nescens-room-fragrance-bleu-initial-olfactive-pyramid.jpg\" alt=\"Nescens - Raumduft - Initial Blue - Geruchspyramide\" width=\"1980\" height=\"702\" srcset=\"https:\/\/3rings.eu\/wp-content\/uploads\/2020\/11\/nescens-room-fragrance-bleu-initial-olfactive-pyramid.jpg 1980w, https:\/\/3rings.eu\/wp-content\/uploads\/2020\/11\/nescens-room-fragrance-bleu-initial-olfactive-pyramid-300x106.jpg 300w, https:\/\/3rings.eu\/wp-content\/uploads\/2020\/11\/nescens-room-fragrance-bleu-initial-olfactive-pyramid-1024x363.jpg 1024w, https:\/\/3rings.eu\/wp-content\/uploads\/2020\/11\/nescens-room-fragrance-bleu-initial-olfactive-pyramid-768x272.jpg 768w, https:\/\/3rings.eu\/wp-content\/uploads\/2020\/11\/nescens-room-fragrance-bleu-initial-olfactive-pyramid-1536x545.jpg 1536w, https:\/\/3rings.eu\/wp-content\/uploads\/2020\/11\/nescens-room-fragrance-bleu-initial-olfactive-pyramid-16x6.jpg 16w, https:\/\/3rings.eu\/wp-content\/uploads\/2020\/11\/nescens-room-fragrance-bleu-initial-olfactive-pyramid-600x213.jpg 600w\" sizes=\"(max-width: 1980px) 100vw, 1980px\" \/><\/p>\n<h2>Anleitung zur richtigen Anwendung<\/h2>\n<p>Um Ihr Spa zart zu beduften und einen einzigartigen Entspannungsmoment zu bieten, der in den Duft von Bleu Initial getaucht ist, spr\u00fchen Sie es in den Raum, auf die Bettw\u00e4sche oder auf weiche M\u00f6bel.<\/p>\n<p>Nicht auf der Haut anwenden, nicht unter dermatologischer Kontrolle getestet.<\/p>","protected":false},"excerpt":{"rendered":"<p>Ein blumiger Duft mit frischen Zitrus- und Jasminnoten, abgerundet mit der warmen Sanftheit von narkotischen, holzigen und Vanille-Noten.<\/p>","protected":false},"featured_media":1620,"comment_status":"open","ping_status":"closed","template":"","meta":[],"product_brand":[],"product_cat":[89,73],"product_tag":[],"class_list":{"0":"post-1120","1":"product","2":"type-product","3":"status-publish","4":"has-post-thumbnail","6":"product_cat-fragrance-candle","7":"product_cat-cosmeceutic","9":"first","10":"instock","11":"taxable","12":"shipping-taxable","13":"purchasable","14":"product-type-simple"},"_links":{"self":[{"href":"https:\/\/3rings.eu\/de\/wp-json\/wp\/v2\/product\/1120","targetHints":{"allow":["GET"]}}],"collection":[{"href":"https:\/\/3rings.eu\/de\/wp-json\/wp\/v2\/product"}],"about":[{"href":"https:\/\/3rings.eu\/de\/wp-json\/wp\/v2\/types\/product"}],"replies":[{"embeddable":true,"href":"https:\/\/3rings.eu\/de\/wp-json\/wp\/v2\/comments?post=1120"}],"version-history":[{"count":0,"href":"https:\/\/3rings.eu\/de\/wp-json\/wp\/v2\/product\/1120\/revisions"}],"wp:featuredmedia":[{"embeddable":true,"href":"https:\/\/3rings.eu\/de\/wp-json\/wp\/v2\/media\/1620"}],"wp:attachment":[{"href":"https:\/\/3rings.eu\/de\/wp-json\/wp\/v2\/media?parent=1120"}],"wp:term":[{"taxonomy":"product_brand","embeddable":true,"href":"https:\/\/3rings.eu\/de\/wp-json\/wp\/v2\/product_brand?post=1120"},{"taxonomy":"product_cat","embeddable":true,"href":"https:\/\/3rings.eu\/de\/wp-json\/wp\/v2\/product_cat?post=1120"},{"taxonomy":"product_tag","embeddable":true,"href":"https:\/\/3rings.eu\/de\/wp-json\/wp\/v2\/product_tag?post=1120"}],"curies":[{"name":"wp","href":"https:\/\/api.w.org\/{rel}","templated":true}]}}