{"id":1121,"date":"2020-11-08T09:53:43","date_gmt":"2020-11-08T08:53:43","guid":{"rendered":"https:\/\/3rings.eu\/global-anti-aging-hands-40ml\/"},"modified":"2023-01-05T08:11:59","modified_gmt":"2023-01-05T07:11:59","slug":"nescens-global-anti-aging-pflege-hands-40ml","status":"publish","type":"product","link":"https:\/\/3rings.eu\/de\/produkt\/nescens-global-anti-aging-pflege-hands-40ml\/","title":{"rendered":"Globale Anti-Aging-Pflege, H\u00e4nde - Nescens"},"content":{"rendered":"<p>Einzigartige kosmezeutische Formel mit einer ultrahohen Konzentration an Wirkstoffen, die schnell in die Haut einzieht und ein nicht fettendes Gef\u00fchl hinterl\u00e4sst. Dieses gezielte Anti-Aging-Produkt von Nescens basiert auf den Erkenntnissen der biomedizinischen Spitzenforschung zur Hautalterung. Die aktiven Inhaltsstoffe festigen, verdichten und st\u00e4rken die Haut und lassen die H\u00e4nde j\u00fcnger aussehen und sich j\u00fcnger anf\u00fchlen.<\/p>\n<h2>Kosmezeutische Vorteile<\/h2>\n<ul>\n<li>Verbessert die Barrierefunktion und erh\u00f6ht die Widerstandsf\u00e4higkeit der Haut gegen thermische, physikalische und chemische Angriffe.<\/li>\n<li>Aktiviert die Erneuerung der Strukturproteine und stimuliert die nat\u00fcrlichen Wachstumsfaktoren der Haut, wodurch die Festigkeit, Spannkraft und Dichte des Gewebes wiederhergestellt wird.<\/li>\n<li>Spendet intensive und lang anhaltende Feuchtigkeit.<\/li>\n<li>Verhindert Trockenheit.<\/li>\n<li>Repariert Pigmentierungen, die mit \u00e4lterer Haut einhergehen.<\/li>\n<li>Garantiert einen wirksamen Schutz gegen freie Radikale und UV-Strahlung, die Hauptursachen f\u00fcr chronologische oder photoinduzierte Alterung sind.<\/li>\n<\/ul>\n<h2>Anleitung zur richtigen Anwendung<\/h2>\n<p>Morgens und abends auf die perfekt gereinigten und getrockneten H\u00e4nde auftragen. Massieren Sie das Produkt in das Hautgewebe ein, von den Handgelenken bis zu den Fingerspitzen. Tragen Sie es tags\u00fcber nach dem Waschen der H\u00e4nde erneut auf. Beenden Sie die Anwendung mit leicht klopfenden Bewegungen, um das Eindringen des Cosmeceuticals zu unterst\u00fctzen.<\/p>\n<p class=\"translation-block\">Bei dunklen Flecken, die durch chronologische oder fotoinduzierte Alterung verursacht werden, tragen Sie <a href=\"https:\/\/3rings.eu\/de\/produkt\/nescens-dunkle-flecken-korrektur-serum-gesichts-korper-30ml\/\" target=\"_self\">Nescens Dark Spot correcting serum<\/a> direkt auf die betroffenen Stellen auf.<\/p>\n<p>F\u00fcr M\u00e4nner und Frauen. Klinisch getestet unter dermatologischer Aufsicht.<\/p>\n<h2>Wichtigste Wirkstoffe<\/h2>\n<ul>\n<li><strong>Phytosterine (Ecdysteron):<\/strong> leistungsstarker Zellproduktions-Booster mit einer hohen Konzentration an Ecdysteron aus tropischen Farn-Extrakten. Er hilft, den Alterungsprozess zu verlangsamen und das Volumen, die Struktur und das Profil j\u00fcngerer Haut wiederherzustellen. Der Booster st\u00e4rkt die Verbindung zwischen der Dermis und der Epidermis, wodurch die Haut fester und elastischer wird. Die Epidermis wird st\u00e4rker geschichtet (schneller), wodurch die Dichte j\u00fcngerer Haut wiederhergestellt wird und der Zusammenhalt des Stratum corneum wiederhergestellt wird, so dass es die bestm\u00f6gliche Schutzbarriere bieten kann.<\/li>\n<li><strong>Niacinamid (Vitamin B3):<\/strong> multifunktionales Vitamin. Es st\u00e4rkt die Haut, indem es die Widerstandsf\u00e4higkeit der \u00e4u\u00dferen Schicht erh\u00f6ht und au\u00dferdem hilft, die Haut hydratisiert zu halten. Es verbessert sichtbar das Aussehen \u00e4lterer Haut, indem es gezielt die Kollagensynthese f\u00f6rdert. Es hilft auch, die Haut aufzuhellen, indem es der \u00dcbertragung von Melanosomen auf Keratinozyten entgegenwirkt, die die Pigmentierung der Haut verursachen. In-vivo-Studien haben gezeigt, dass Niacinamid dunkle Flecken deutlich reduziert und hilft, den Hautton auszugleichen.<\/li>\n<li><strong>Opuntia ficus-indica-Stamm-Extrakt (konzentrierter Extrakt aus dem Feigenkaktus oder Nopal-Kaktus):<\/strong> reich an Aminos\u00e4uren, Flavonen, Vitaminen, Antioxidantien und Polysacchariden. Es sch\u00fctzt die Haut vor Umwelteinfl\u00fcssen (blockiert die Freisetzung von Stressmarkern aus den sensorischen Nervenzellen in der Haut und beruhigt so gereizte Haut) und spendet intensive und lang anhaltende Feuchtigkeit (au\u00dfergew\u00f6hnliche feuchtigkeitsspendende Eigenschaften dank eines hohen Anteils an feuchtigkeitsspendenden Wirkstoffen). Klinische Studien, die sowohl an M\u00e4nnern als auch an Frauen durchgef\u00fchrt wurden, haben gezeigt, dass der konzentrierte Nopal-Extrakt au\u00dfergew\u00f6hnlich gut zur Beruhigung und Straffung der Haut beitr\u00e4gt. Er erwies sich auch als signifikant feuchtigkeitsspendend, sogar in Produkten, die zum Abwaschen bestimmt sind.<\/li>\n<li><strong>Retinylpalmitat (Vitamin A):<\/strong> beschleunigt den Zellumsatz in der Epidermis und f\u00f6rdert ein glattes, gleichm\u00e4\u00dfiges Aussehen. Au\u00dferdem hilft es, die Festigkeit der Haut zu verbessern und Trockenheit zu verhindern.<\/li>\n<li><strong>Tocopherol (Vitamin E):<\/strong> dient als Antioxidans und verbessert au\u00dferdem die Hydratation. Es belebt die Ausstrahlung der Haut, stellt die Spannkraft des Gewebes wieder her und sch\u00fctzt vor Sonnensch\u00e4den.<\/li>\n<li><strong>Natriumhyaluronat (eine Hyalurons\u00e4ure mit hohem Molekulargewicht):<\/strong> hat au\u00dfergew\u00f6hnliche hydratisierende und filmbildende Eigenschaften. Es st\u00e4rkt die Widerstandsf\u00e4higkeit exponierter Bereiche des Hautgewebes und hilft, die jugendliche Geschmeidigkeit, Elastizit\u00e4t und Spannkraft der Haut zu erhalten.<\/li>\n<li><strong>Alpha Arbutin:<\/strong> hellt die Haut auf und f\u00f6rdert einen gleichm\u00e4\u00dfigen Hautton durch Hemmung des Enzyms Tyrosinase, das f\u00fcr die Biosynthese von Melanin in der Haut ben\u00f6tigt wird.<\/li>\n<li><strong>Crocus chrysanthus Zwiebel-Extrakt:<\/strong> kurbelt die Kollagen- und Elastinproduktion in der Haut an und stimuliert die nat\u00fcrlichen Hautwachstumsfaktoren (wie in klinischen Studien auf Basis einer zweiw\u00f6chigen Behandlung best\u00e4tigt). Der Extrakt verj\u00fcngt die Hautmatrix, indem er die Kommunikation zwischen den Hautzellen stimuliert, was die biomechanischen Eigenschaften der Haut verbessert (wesentlich f\u00fcr Gewebewachstum, Regeneration und Verj\u00fcngung).<\/li>\n<li><strong>Phytosphingosin:<\/strong> ein biomimetisches Lipid, das mit dem nat\u00fcrlich in der Haut vorkommenden Lipid identisch ist. Es spielt eine Schl\u00fcsselrolle bei der F\u00f6rderung der Funktion der Hautbarriere. Es beruhigt gesch\u00e4digtes Gewebe, indem es die Mikroflora der Haut ausgleicht.<br \/>\n<strong>Magnesiumascorbylphosphat (Vitamin C):<\/strong> sch\u00fctzt aktiv vor Alterung, indem es dunkle Flecken reduziert, freie Radikale neutralisiert und das Auftreten von Falten verhindert.<\/li>\n<li><strong>Oliven\u00f6l (Pflanzen\u00f6l), Tocopherylacetat (Vitamin E), Glycine Soja (Sojabohnen)-Sterole, Glycerin, Natriumcarboxymethyl-Beta-Glucan, Carnosin, Milchs\u00e4ure:<\/strong>\n<ul>\n<li>Innovativer lamellarer Feuchtigkeitsspender mit Dreifach-Wirkung. Sie bildet einen Schutzfilm, st\u00e4rkt die Abwehrkr\u00e4fte der Haut und ahmt die nat\u00fcrlichen Feuchthaltefaktoren nach, um die Feuchtigkeit im Hautgewebe zu halten und die Barrierefunktion zu st\u00e4rken.<\/li>\n<li>Carnosin: Anti-Aging-Peptid. Es verhindert die Vernetzung und Verh\u00e4rtung von Kollagen und Elastin, die durch den Glykationsprozess verursacht werden.<\/li>\n<\/ul>\n<\/li>\n<\/ul>\n<p>Klinische Studien haben gezeigt, dass dieser Hydrokomplex-Feuchtigkeitsspender die Haut mit sofortiger und lang anhaltender Wirkung st\u00e4rkt und beruhigt.<\/p>","protected":false},"excerpt":{"rendered":"<p>Ein hochwirksames All-in-One-Produkt, das das Erscheinungsbild altersbedingter Ver\u00e4nderungen am \u00fcberm\u00e4\u00dfig beanspruchten Gewebe der H\u00e4nde verhindert und korrigiert - Austrocknung, Trockenheit, Rauheit, Mikrofalten, dunkle Flecken, Verlust der Dichte. F\u00fcr H\u00e4nde, die sich verj\u00fcngt und revitalisiert anf\u00fchlen.<\/p>","protected":false},"featured_media":1130,"comment_status":"open","ping_status":"closed","template":"","meta":[],"product_brand":[],"product_cat":[88,73],"product_tag":[],"class_list":{"0":"post-1121","1":"product","2":"type-product","3":"status-publish","4":"has-post-thumbnail","6":"product_cat-correcting-care","7":"product_cat-cosmeceutic","9":"first","10":"instock","11":"taxable","12":"shipping-taxable","13":"purchasable","14":"product-type-simple"},"_links":{"self":[{"href":"https:\/\/3rings.eu\/de\/wp-json\/wp\/v2\/product\/1121","targetHints":{"allow":["GET"]}}],"collection":[{"href":"https:\/\/3rings.eu\/de\/wp-json\/wp\/v2\/product"}],"about":[{"href":"https:\/\/3rings.eu\/de\/wp-json\/wp\/v2\/types\/product"}],"replies":[{"embeddable":true,"href":"https:\/\/3rings.eu\/de\/wp-json\/wp\/v2\/comments?post=1121"}],"version-history":[{"count":0,"href":"https:\/\/3rings.eu\/de\/wp-json\/wp\/v2\/product\/1121\/revisions"}],"wp:featuredmedia":[{"embeddable":true,"href":"https:\/\/3rings.eu\/de\/wp-json\/wp\/v2\/media\/1130"}],"wp:attachment":[{"href":"https:\/\/3rings.eu\/de\/wp-json\/wp\/v2\/media?parent=1121"}],"wp:term":[{"taxonomy":"product_brand","embeddable":true,"href":"https:\/\/3rings.eu\/de\/wp-json\/wp\/v2\/product_brand?post=1121"},{"taxonomy":"product_cat","embeddable":true,"href":"https:\/\/3rings.eu\/de\/wp-json\/wp\/v2\/product_cat?post=1121"},{"taxonomy":"product_tag","embeddable":true,"href":"https:\/\/3rings.eu\/de\/wp-json\/wp\/v2\/product_tag?post=1121"}],"curies":[{"name":"wp","href":"https:\/\/api.w.org\/{rel}","templated":true}]}}