{"id":1122,"date":"2020-11-08T09:53:43","date_gmt":"2020-11-08T08:53:43","guid":{"rendered":"https:\/\/3rings.eu\/total-anti-aging-oil-body-150ml\/"},"modified":"2024-07-25T13:58:50","modified_gmt":"2024-07-25T11:58:50","slug":"nescens-total-anti-aging-ol-korper-150ml","status":"publish","type":"product","link":"https:\/\/3rings.eu\/de\/produkt\/nescens-total-anti-aging-ol-korper-150ml\/","title":{"rendered":"Total Anti-Aging \u00d6l, K\u00f6rper - Nescens"},"content":{"rendered":"<p>Au\u00dfergew\u00f6hnliche pflanzliche Eigenschaften sind das Herzst\u00fcck des ersten Massage- und Behandlungs\u00f6ls von Nescens, f\u00fcr straffere, glattere und tonisierte Haut. Die exklusive Formel dieses \u00f6lbasierten Pr\u00e4parats kombiniert 4 hochwertige Pflanzen\u00f6le mit anti-radikalen Vitaminen. Diese \u00d6le wurden sorgf\u00e4ltig aufgrund ihrer n\u00e4hrenden, sch\u00fctzenden und aufbauenden Eigenschaften sowie der nachgewiesenen verj\u00fcngenden Wirkung ihrer Inhaltsstoffe (Vitamine, Mineralien, Antioxidantien und essentielle Fetts\u00e4uren) ausgew\u00e4hlt.<\/p>\n<h2>Kosmezeutische Vorteile<\/h2>\n<p>Die Inhaltsstoffe:<\/p>\n<ul>\n<li>Versorgt die Haut mit Feuchtigkeit und n\u00e4hrt sie intensiv, ohne sie auszutrocknen.<\/li>\n<li>Aktiviert die Zellerneuerung und verbessert die Elastizit\u00e4t und Festigkeit des Gewebes.<\/li>\n<li>Bietet Schutz vor externen Einfl\u00fcssen.<\/li>\n<li>Stellt die Strahlkraft der Haut wieder her und beruhigt Irritationen.<\/li>\n<li>Gl\u00e4ttet, erweicht und strafft das Gewebe.<\/li>\n<\/ul>\n<h2>Anleitung zur richtigen Anwendung<\/h2>\n<p>T\u00e4glicher Gebrauch, durch Modellierung und Gl\u00e4ttung von Bewegungen.<\/p>\n<p>F\u00fcr Unisex-Anwendung. Produkt klinisch unter dermatologischer Aufsicht getestet.<\/p>\n<h2>Wichtigste Wirkstoffe<\/h2>\n<ul>\n<li><strong>Prunus amygdalus dulcis \u00d6l (S\u00fc\u00dfmandel\u00f6l):<\/strong> wirkt als beruhigende Substanz und verleiht der Haut ein weiches und glattes Aussehen. Verbessert die Ausstrahlung und den Tonus der Haut. Sorgt f\u00fcr einen verj\u00fcngenden und gl\u00e4ttenden Effekt. Reduziert hypertrophe Narben bei postoperativen Eingriffen.<\/li>\n<li><strong>Simmondsia chinensis Samen\u00f6l (Jojoba\u00f6l):<\/strong> ein feuchtigkeitsspendendes und erweichendes \u00d6l. Reduziert den trans-epidermalen Wasserverlust und macht die Haut weich und geschmeidig.<\/li>\n<li><strong>Olea europaea Frucht\u00f6l (Oliven\u00f6l):<\/strong> nat\u00fcrlich reich an Antioxidantien (Anti-Aging), Squalen (Feuchtigkeitsspender), Vitaminen, Mineralien und nat\u00fcrlichen Fetts\u00e4uren. Verhindert das Auftreten von feinen Linien und Falten; n\u00e4hrt, regeneriert und sch\u00fctzt die Haut. Verbessert die Elastizit\u00e4t der Haut beim Einmassieren.<\/li>\n<li><strong>Argania spinosa Kern\u00f6l (Argan\u00f6l):<\/strong> reguliert den pH-Wert der Haut, hilft, die Haut vor Sonneneinstrahlung und anderen sch\u00e4dlichen Einfl\u00fcssen zu sch\u00fctzen. N\u00e4hrt und hydratisiert trockene, schuppige Haut. Stimuliert die Zellerneuerung und verbessert die Elastizit\u00e4t der Haut, w\u00e4hrend Falten und feine Linien gegl\u00e4ttet werden.<\/li>\n<li><strong>Ascorbylpalmitat (Vitamin C):<\/strong> stimuliert die Produktion von Kollagen.<\/li>\n<li><strong>Tocopherol &amp; Tocopherylacetat (Vitamin E):<\/strong> Erh\u00f6ht die Hautfeuchtigkeit. Verbessert die Qualit\u00e4t der Hautoberfl\u00e4che. Bietet einen Lichtschutz-Effekt und erh\u00f6ht die Effizienz der Sonnenschutzfaktoren (SPF). F\u00f6rdert die antioxidative Aktivit\u00e4t.<\/li>\n<\/ul>","protected":false},"excerpt":{"rendered":"<p>Kombiniert mit modellierenden und gl\u00e4ttenden Bewegungen verbessert das Nescens Total Anti-Aging-\u00d6l die Auspr\u00e4gung der wichtigsten Jugendmerkmale der Haut: Elastizit\u00e4t, Festigkeit, Weichheit, Komfort, Geschmeidigkeit, Tonus.<\/p>","protected":false},"featured_media":1127,"comment_status":"open","ping_status":"closed","template":"","meta":[],"product_brand":[],"product_cat":[90,73],"product_tag":[],"class_list":{"0":"post-1122","1":"product","2":"type-product","3":"status-publish","4":"has-post-thumbnail","6":"product_cat-modeling-care","7":"product_cat-cosmeceutic","9":"first","10":"instock","11":"taxable","12":"shipping-taxable","13":"purchasable","14":"product-type-simple"},"_links":{"self":[{"href":"https:\/\/3rings.eu\/de\/wp-json\/wp\/v2\/product\/1122","targetHints":{"allow":["GET"]}}],"collection":[{"href":"https:\/\/3rings.eu\/de\/wp-json\/wp\/v2\/product"}],"about":[{"href":"https:\/\/3rings.eu\/de\/wp-json\/wp\/v2\/types\/product"}],"replies":[{"embeddable":true,"href":"https:\/\/3rings.eu\/de\/wp-json\/wp\/v2\/comments?post=1122"}],"version-history":[{"count":0,"href":"https:\/\/3rings.eu\/de\/wp-json\/wp\/v2\/product\/1122\/revisions"}],"wp:featuredmedia":[{"embeddable":true,"href":"https:\/\/3rings.eu\/de\/wp-json\/wp\/v2\/media\/1127"}],"wp:attachment":[{"href":"https:\/\/3rings.eu\/de\/wp-json\/wp\/v2\/media?parent=1122"}],"wp:term":[{"taxonomy":"product_brand","embeddable":true,"href":"https:\/\/3rings.eu\/de\/wp-json\/wp\/v2\/product_brand?post=1122"},{"taxonomy":"product_cat","embeddable":true,"href":"https:\/\/3rings.eu\/de\/wp-json\/wp\/v2\/product_cat?post=1122"},{"taxonomy":"product_tag","embeddable":true,"href":"https:\/\/3rings.eu\/de\/wp-json\/wp\/v2\/product_tag?post=1122"}],"curies":[{"name":"wp","href":"https:\/\/api.w.org\/{rel}","templated":true}]}}