{"id":1170,"date":"2020-11-08T10:50:43","date_gmt":"2020-11-08T09:50:43","guid":{"rendered":"https:\/\/3rings.eu\/?post_type=product&#038;p=1170"},"modified":"2024-10-20T20:21:32","modified_gmt":"2024-10-20T18:21:32","slug":"nescens-aktivator-serum-stammzellen-gesicht-30ml","status":"publish","type":"product","link":"https:\/\/3rings.eu\/de\/produkt\/nescens-aktivator-serum-stammzellen-gesicht-30ml\/","title":{"rendered":"Stammzellen Aktivator Serum - Gesicht - Nescens"},"content":{"rendered":"<p>Das Aktivator Serum, die ultimative Kreation der Anti-Aging-Forschung von Nescens Biological, erh\u00f6ht die Regenerationskraft der Stammzellen in der Epidermis.<\/p>\n<p>Die regenerativen F\u00e4higkeiten der Epidermis werden auf spektakul\u00e4re Weise reaktiviert*. Auf diese Weise schafft Nescens die perfekten Bedingungen, um die Eigenschaften jugendlicher Haut - Festigkeit, Dichte, Gl\u00e4tte, Glanz, Feuchtigkeit und Ebenm\u00e4\u00dfigkeit - zum Leben zu erwecken. Die Haut wird an der Quelle erfrischt, von innen heraus neu geformt, verj\u00fcngt*.<\/p>\n<p><em>*In vitro-Tests an Inhaltsstoffen. \/ In-vivo-Tests an der Formel.<\/em><\/p>\n<h2>Kosmezeutische Vorteile<\/h2>\n<ul>\n<li>Beschleunigte Zellerneuerung.<\/li>\n<li>Erh\u00f6hte dermale + epidermale Dichte.<\/li>\n<li>Reduziertes Auftreten von Falten.<\/li>\n<\/ul>\n<h2>Anleitung zur richtigen Anwendung<\/h2>\n<p>Morgens und abends einige Tropfen auf Gesicht und Hals auftragen, vor der Anwendung von korrigierenden Pflegeprodukten.<\/p>\n<p class=\"translation-block\">Als Teil des kosmezeutischen Plans von Nescens ist das Aktivator-Serum Stammzellen f\u00fcr die zweimal t\u00e4gliche Anwendung vor der Anwendung der <a href=\"https:\/\/3rings.eu\/de\/produkt-kategorie\/kosmezeutisch\/korrekturpflege\/\" target=\"_self\">Nescens korrigierenden Pflegeserie<\/a> vorgesehen, um das regenerative Potenzial der epidermalen Zellen zu st\u00e4rken.<\/p>\n<ol>\n<li class=\"translation-block\"><strong>Nescens Grundierungspflege<\/strong><br>\n<em>Schritt 1<\/em>: Waschen Sie das Gesicht und den Hals mit <a href=\"https:\/\/3rings.eu\/de\/produkt\/nescens-reinigungs-gel-gesicht-130ml\/\" target=\"_self\">Reinigungsgel<\/a>. Gr\u00fcndlich abtrocknen.<br>\n<em>Schritt 2<\/em>: Spr\u00fchen Sie <a href=\"https:\/\/3rings.eu\/de\/produkt\/metabolic-activator-toner-face-150ml\/\" target=\"_self\">metabolic activator tonic<\/a> auf die H\u00e4nde und tragen Sie es auf das perfekt gereinigte und abgetrocknete Gesicht und den Hals auf. Massieren Sie es leicht in die Haut ein, um das Eindringen des Tonikums zu optimieren.<\/li>\n<li><strong>Nescens Serum<\/strong><br \/>\nSobald das Stoffwechselaktivator-Tonikum erfolgreich aufgenommen wurde, fahren Sie mit der Anwendung des Aktivator-Serums, Stammzellen, fort.<\/li>\n<li class=\"translation-block\"><strong>Nescens korrigierende Pflege<\/strong><br>\nTragen Sie im Anschluss die <a href=\"https:\/\/3rings.eu\/de\/produkt-kategorie\/kosmezeutisch\/korrekturpflege\/\" target=\"_self\">Nescens korrigierende Pflegeprodukte<\/a> f\u00fcr Gesicht und Augen auf.<\/li>\n<\/ol>\n<p>Der Aktivator Serum, Stammzellen wird insbesondere empfohlen f\u00fcr:<\/p>\n<ul>\n<li>Langzeitbehandlung, f\u00fcr reife Haut, der es an Dichte und Festigkeit fehlt.<\/li>\n<li>vor\u00fcbergehende Behandlung, bei d\u00fcnner und empfindlicher Haut, die durch bestimmte Bedingungen (medizinischer Eingriff oder plastische Chirurgie) verursacht wurde. Fragen Sie Ihren Arzt um Rat.<\/li>\n<\/ul>\n<p>Unisex. Klinisch getestet unter dermatologischer Aufsicht.<\/p>\n<h2>Wichtigste Wirkstoffe<\/h2>\n<ul>\n<li><strong>Saponaria pumila Kalluskultur-Extrakt (PhytoCellTec Nunatak):<\/strong> dieser aus den Stammzellen von Saponaria pumila entwickelte Wirkstoff sch\u00fctzt die dermalen Stammzellen vor dem Verlust ihres zellregenerativen Potenzials durch Sonneneinstrahlung. Die Haut erlangt nach 4 Wochen Behandlung ihre Elastizit\u00e4t, Festigkeit und Dichte zur\u00fcck.<\/li>\n<li><strong>Symphytum officinale Kalluskultur-Extrakt (PhytoCellTec Symphytum):<\/strong> Wirkstoff, der aus Stammzellen der Beinwellwurzel entwickelt wurde. Bewahrt die Zellteilungsf\u00e4higkeit der epidermalen Stammzellen vor den Auswirkungen der Alterung. Unterst\u00fctzt in vitro epidermale Stammzellen bei der Entwicklung einer neuen (3D) Epidermis, die dichter und reicher an Hyalurons\u00e4ure ist. Hilft, die altersbedingte Verringerung (Atrophie) der Epidermis zu verhindern. Erh\u00f6ht den Wassergehalt der Epidermiszellen, was zu einer Verbesserung der tiefen Hydratation f\u00fchrt.<\/li>\n<li><strong>Pichia\/Resveratrol Ferment-Extrakt:<\/strong> bek\u00e4mpft das Symptom der replikativen Alterung (Verringerung der zellregenerativen Kapazit\u00e4t), indem es die Wirkung der Telomerase (Enzymkomplex, der an der Zellteilung beteiligt ist) erh\u00f6ht. Reduziert Entz\u00fcndungsreaktionen (Inflammation) und erh\u00f6ht die Synthese von Kollagen IV, einem Matrixprotein, das f\u00fcr die Aufrechterhaltung der strukturellen Integrit\u00e4t der Hautzellen unerl\u00e4sslich ist. Hilft, Falten zu reduzieren, den Hautton und die Textur zu verbessern und die Pigmentierung zu kontrollieren.<\/li>\n<li><strong>Baicalin:<\/strong> gereinigte Fraktion der Scutellaria baicalensis-Wurzeln, standardisiert in Baicalin. Sch\u00fctzt die epidermalen Stammzellen vor den zytotoxischen Wirkungen der ultravioletten Strahlen und steigert ihre Proliferationsf\u00e4higkeit. Verz\u00f6gert den Alterungsprozess der kutanen Fibroblasten. Fibroblasten, die mit diesem Wirkstoff behandelt werden, sind in der Lage, f\u00fcnf zus\u00e4tzliche Teilungen zu durchlaufen, was einer 10%igen Steigerung der Verdopplungen entspricht. Hilft, die Hautalterung zu verz\u00f6gern. In-vivo-Tests haben au\u00dferdem eine Verbesserung der Hautstruktur sowie eine Zunahme der Festigkeit und Elastizit\u00e4t gezeigt.<\/li>\n<li><strong>Palmitoyl-Tetrapeptid-7+ Palmitoyl-Tetrapeptid-1:<\/strong> enth\u00e4lt Matrikine, die die Synthese von Makromolek\u00fclen in der extrazellul\u00e4ren Matrix aktivieren, basierend auf der Wirkung von Genen, die an der Restrukturierung und Reparatur der Haut beteiligt sind. Bietet eine sichtbare Anti-Falten-Wirkung. Sorgt au\u00dferdem f\u00fcr eine signifikante und substanzielle Verbesserung der Elastizit\u00e4t und Spannkraft der Haut.<\/li>\n<li><strong>Retinylpalmitat:<\/strong> beschleunigt die Regeneration der Epidermiszellen und reguliert ihre Differenzierung. Tr\u00e4gt dazu bei, die Textur und Festigkeit der Haut zu verbessern. Beugt Schuppenbildung und trockener Haut vor.<\/li>\n<li><strong>Niacinamid<\/strong> multifunktionaler Wirkstoff. Aktiviert die Proliferation von Keratinozyten und Fibroblasten. St\u00e4rkt die epidermale Barriere, indem es ihre Widerstandsf\u00e4higkeit gegen Degradation erh\u00f6ht. Erh\u00f6ht die Hydratation des Stratum corneum. Beschleunigt die Differenzierung der Keratinozyten. Stimuliert selektiv die Kollagensynthese und verbessert so das Erscheinungsbild reifer Haut. Tr\u00e4gt zur Hautaufhellung bei, indem es in die \u00dcbertragung von Melanosomen auf Keratinozyten eingreift. In-vivo-Tests haben bewiesen, dass Niacinamid Altersflecken signifikant reduziert und so den Teint ausgleicht.<\/li>\n<li><strong>Acetyl-Glucosamin (N-Acetyl-Glucosamin):<\/strong> aktiviert die Synthese von Kollagen und Elastin durch Fibroblasten und die auf Keratinozyten basierende Produktion von Hyalurons\u00e4ure und Glykosaminoglykanen. Es f\u00f6rdert die zellul\u00e4re Adh\u00e4sion (bindet Glyko-Proteine, die den Zusammenhalt der Korneozyten gew\u00e4hrleisten). Stimuliert die Wirkung von Keratinozyten-Differenzierungsmarkern (Keratin, Involucrine).<\/li>\n<li><strong>Natriumhyaluronat (fragmentierte Hyalurons\u00e4ure):<\/strong> hilft, die Hydratation und Festigkeit der Haut aufrechtzuerhalten, basierend auf der Stimulierung des zellul\u00e4ren Zusammenhalts und der Kollagensynthese. Begrenzt den epidermalen Feuchtigkeitsverlust durch St\u00e4rkung der Bindungen zwischen den Keratinozyten. Dank seiner einzigartigen hygroskopischen F\u00e4higkeit h\u00e4lt es die Hydratation aufrecht, indem es Wasserdepots in der Dermis bildet.<\/li>\n<li><strong>Panthenol (Provitamin B5):<\/strong> hilft bei der Wiederherstellung der epidermalen Lipidschichten. Spendet Feuchtigkeit und stimuliert die Zellteilung, sowie f\u00f6rdert die Geweberegeneration. Sch\u00fctzt und verleiht der Haut Weichheit und Geschmeidigkeit.<\/li>\n<\/ul>","protected":false},"excerpt":{"rendered":"<p>Die senolytischen Wirkstoffe f\u00f6rdern die Beseitigung alternder Zellen, ohne gesunde Zellen zu beeintr\u00e4chtigen.\n\nZahlreiche Studien haben gezeigt, dass die gezielte Eliminierung alternder Zellen zur Geweberegeneration und -verj\u00fcngung beitr\u00e4gt.<\/p>","protected":false},"featured_media":1171,"comment_status":"open","ping_status":"closed","template":"","meta":[],"product_brand":[],"product_cat":[84,73],"product_tag":[],"class_list":{"0":"post-1170","1":"product","2":"type-product","3":"status-publish","4":"has-post-thumbnail","6":"product_cat-serum","7":"product_cat-cosmeceutic","9":"first","10":"instock","11":"taxable","12":"shipping-taxable","13":"purchasable","14":"product-type-simple"},"_links":{"self":[{"href":"https:\/\/3rings.eu\/de\/wp-json\/wp\/v2\/product\/1170","targetHints":{"allow":["GET"]}}],"collection":[{"href":"https:\/\/3rings.eu\/de\/wp-json\/wp\/v2\/product"}],"about":[{"href":"https:\/\/3rings.eu\/de\/wp-json\/wp\/v2\/types\/product"}],"replies":[{"embeddable":true,"href":"https:\/\/3rings.eu\/de\/wp-json\/wp\/v2\/comments?post=1170"}],"version-history":[{"count":0,"href":"https:\/\/3rings.eu\/de\/wp-json\/wp\/v2\/product\/1170\/revisions"}],"wp:featuredmedia":[{"embeddable":true,"href":"https:\/\/3rings.eu\/de\/wp-json\/wp\/v2\/media\/1171"}],"wp:attachment":[{"href":"https:\/\/3rings.eu\/de\/wp-json\/wp\/v2\/media?parent=1170"}],"wp:term":[{"taxonomy":"product_brand","embeddable":true,"href":"https:\/\/3rings.eu\/de\/wp-json\/wp\/v2\/product_brand?post=1170"},{"taxonomy":"product_cat","embeddable":true,"href":"https:\/\/3rings.eu\/de\/wp-json\/wp\/v2\/product_cat?post=1170"},{"taxonomy":"product_tag","embeddable":true,"href":"https:\/\/3rings.eu\/de\/wp-json\/wp\/v2\/product_tag?post=1170"}],"curies":[{"name":"wp","href":"https:\/\/api.w.org\/{rel}","templated":true}]}}