{"id":3159,"date":"2021-08-27T15:10:49","date_gmt":"2021-08-27T13:10:49","guid":{"rendered":"https:\/\/3rings.eu\/?post_type=product&#038;p=3159"},"modified":"2024-11-20T05:36:24","modified_gmt":"2024-11-20T04:36:24","slug":"volumenspendender-lifting-balsam-lippen-und-kontur","status":"publish","type":"product","link":"https:\/\/3rings.eu\/de\/produkt\/volumenspendender-lifting-balsam-lippen-und-kontur\/","title":{"rendered":"Volumenspendender Lifting-Balsam - Lippen und Kontur"},"content":{"rendered":"<p>Gezielte Probleme<\/p>\n<p class=\"translation-block\">Mindert vertikale Falten.\nKosmezeutische Vorteile<\/p>\n<p>Mindert vertikale Falten - periorale Falten und Nasolabialfalten - und Bitterkeitsfalten f\u00fcr einen j\u00fcngeren und entspannteren Gesichtsausdruck in nur 7 Tagen\n    Steigert das Lippenvolumen f\u00fcr ein pralleres und runderes und dabei v\u00f6llig nat\u00fcrliches Aussehen\n    Reduziert das Verlaufen des Lippenstifts<br \/>\nVerleiht den Lippen mehr Volumen f\u00fcr ein volleres, definierteres und dennoch nat\u00fcrliches Aussehen<br \/>\nReduces lipstick migration<\/p>\n<p>*Tested on 17 women, aged 45 to 60. Analysis of vertical wrinkles using Visia-CR digital imaging. Analysis of wrinkle volume via profilometry on tissue imprints<br \/>\nKosmezeutisches Ger\u00e4t von Nescens<\/p>\n<p>Den Balsam im Rahmen des Nescens Cosmeceutical-Konzepts f\u00fcr ein optimales Ergebnis morgens und abends auf die Lippen und Lippenkonturen auftragen.<\/p>\n<p>Tags\u00fcber bei Bedarf erneut auftragen.<\/p>\n<p class=\"translation-block\">Fahren Sie mit der Anwendung am Tag und Nachts <a href=\"https:\/\/3rings.eu\/de\/produkt-kategorie\/kosmezeutisch\/korrekturpflege\/\" target=\"_self\">Korrekturpflegeprodukten<\/a> fort.<\/p>\n<p>F\u00fcr ein maximales Ergebnis kann der Nescens Balsam als \u00abSleeping Mask\u00bb vor dem Schlafengehen in dicker Schicht aufgetragen werden.<\/p>\n<p>Der abgeschr\u00e4gte Applikator ist ideal zum Auftragen auf den Anwendungsbereich geeignet.<\/p>","protected":false},"excerpt":{"rendered":"<p>Diese komplette Lippen- und Konturenpflege konzentriert die neuesten technologischen Errungenschaften, um ein jugendliches L\u00e4cheln wiederherzustellen.<\/p>","protected":false},"featured_media":3164,"comment_status":"open","ping_status":"closed","template":"","meta":[],"product_brand":[],"product_cat":[73,88],"product_tag":[],"class_list":{"0":"post-3159","1":"product","2":"type-product","3":"status-publish","4":"has-post-thumbnail","6":"product_cat-cosmeceutic","7":"product_cat-correcting-care","9":"first","10":"instock","11":"taxable","12":"shipping-taxable","13":"purchasable","14":"product-type-simple"},"_links":{"self":[{"href":"https:\/\/3rings.eu\/de\/wp-json\/wp\/v2\/product\/3159","targetHints":{"allow":["GET"]}}],"collection":[{"href":"https:\/\/3rings.eu\/de\/wp-json\/wp\/v2\/product"}],"about":[{"href":"https:\/\/3rings.eu\/de\/wp-json\/wp\/v2\/types\/product"}],"replies":[{"embeddable":true,"href":"https:\/\/3rings.eu\/de\/wp-json\/wp\/v2\/comments?post=3159"}],"version-history":[{"count":0,"href":"https:\/\/3rings.eu\/de\/wp-json\/wp\/v2\/product\/3159\/revisions"}],"wp:featuredmedia":[{"embeddable":true,"href":"https:\/\/3rings.eu\/de\/wp-json\/wp\/v2\/media\/3164"}],"wp:attachment":[{"href":"https:\/\/3rings.eu\/de\/wp-json\/wp\/v2\/media?parent=3159"}],"wp:term":[{"taxonomy":"product_brand","embeddable":true,"href":"https:\/\/3rings.eu\/de\/wp-json\/wp\/v2\/product_brand?post=3159"},{"taxonomy":"product_cat","embeddable":true,"href":"https:\/\/3rings.eu\/de\/wp-json\/wp\/v2\/product_cat?post=3159"},{"taxonomy":"product_tag","embeddable":true,"href":"https:\/\/3rings.eu\/de\/wp-json\/wp\/v2\/product_tag?post=3159"}],"curies":[{"name":"wp","href":"https:\/\/api.w.org\/{rel}","templated":true}]}}