{"id":3175,"date":"2021-11-10T10:46:12","date_gmt":"2021-11-10T09:46:12","guid":{"rendered":"https:\/\/3rings.eu\/?post_type=product&#038;p=3175"},"modified":"2024-10-27T20:09:30","modified_gmt":"2024-10-27T19:09:30","slug":"bio-identische-lipide-regenerierende-creme-gesicht-nescens-100ml","status":"publish","type":"product","link":"https:\/\/3rings.eu\/de\/produkt\/bio-identische-lipide-regenerierende-creme-gesicht-nescens-100ml\/","title":{"rendered":"Bio-Identical Lipid Replenishing Cream, Face &#8211; Nescens, 100ml"},"content":{"rendered":"<p>Die exklusive Formulierung der bio-identischen Lipide regenerierende Creme von Nescens hilft, den trockensten Hauttypen Substanz, Volumen und Komfort zur\u00fcckzugeben. Dieses extrem reichhaltige Pr\u00e4parat dringt ideal in die oberfl\u00e4chlichen Schichten der Epidermis ein und sorgt f\u00fcr eine remanente Wirkung. Das Epithel ist besser gesch\u00fctzt und widerstandsf\u00e4higer gegen \u00e4u\u00dfere Angriffe.<br \/>\nKosmezeutische Vorteile<\/p>\n<p>Diese kosmezeutische Formulierung von Nescens ist \u00e4u\u00dferst innovativ und wirkt auf zwei Ebenen:<\/p>\n<p>    kompensiert die bei alternder Haut beobachteten Lipiddefizite durch die exogene Zufuhr mehrerer Klassen bioidentischer Lipide (analog zu den nat\u00fcrlich in der Haut produzierten Lipiden);<br \/>\n    reaktivieren gleichzeitig die Synthese von physiologischen Lipiden, die durch das fortschreitende Alter beeintr\u00e4chtigt sind.<\/p>\n<p>Dieser innovative Prozess der Lipid-Rekonstitution induziert:<\/p>\n<p>    eine tiefe und langanhaltende Rehydrierung der Epidermis, schon bei den ersten Anwendungen;<br \/>\n    eine Verbesserung der mechanischen Eigenschaften der Haut: Widerstandsf\u00e4higkeit, Elastizit\u00e4t und Festigkeit;<br \/>\n    eine signifikante Reduzierung von Mikrofalten und feinen Linien;<br \/>\n    eine Normalisierung der \u00fcberm\u00e4\u00dfigen Abschuppung, die f\u00fcr trockene Haut charakteristisch ist;<br \/>\n    eine Gl\u00e4ttung der Oberfl\u00e4chenrauhigkeit.<\/p>\n<p>Anleitung zur richtigen Anwendung<\/p>\n<p>Morgens und abends auf Gesicht und Hals auftragen, allein oder zusammen mit den anderen korrigierenden Pflegeprodukten von Nescens.<\/p>\n<p class=\"translation-block\">Die bioidentische Lipide regenerierende Creme wird zur Langzeitbehandlung von konstitutionellen trockenen Hauterkrankungen oder als Intensivkur (12 Wochen) bei gelegentlichen trockenen Hauterkrankungen empfohlen. Gem\u00e4\u00df dem kosmezeutischen System von Nescens verwenden Sie die bio-identische r\u00fcckfettende Creme zweimal t\u00e4glich, unabh\u00e4ngig von oder in Verbindung mit anderen <a href=\"https:\/\/3rings.eu\/de\/produkt-kategorie\/kosmezeutisch\/korrekturpflege\/\" target=\"_self\">Nescens korrigierenden Pflegeprodukten<\/a>.<\/p>\n<p>F\u00fcr M\u00e4nner und Frauen. Klinisch getestet unter dermatologischer und ophtalmologischer Aufsicht.<br \/>\nWichtigste Wirkstoffe<\/p>\n<p>    Ceramid AP, NP und EOP: grundlegende Lipide, die f\u00fcr die Wiederherstellung der Hydrolipidbarriere notwendig sind. Sie sorgen f\u00fcr den Zusammenhalt der Hornschicht (Stratum corneum) der Haut.<br \/>\n    Phytosphingosin: Verringert die Aktivit\u00e4t von Matrix-Metalloproteasen und erh\u00f6ht die Produktion von Proteinen der extrazellul\u00e4ren Matrix. Stimuliert die Differenzierung der Keratinozyten. St\u00e4rkt den Zusammenhalt der Korneozyten. Hat Anti-Aging-Effekte.<br \/>\n    Cholesterin: wesentlicher Bestandteil der epidermalen Lipidbarriere.<br \/>\n    Palmitins\u00e4ure: Reguliert die Ans\u00e4uerung, die Integrit\u00e4t und den Zusammenhalt des Stratum corneum. Erh\u00f6ht die Hydratation und Elastizit\u00e4t der Haut.<br \/>\n    Stearins\u00e4ure: spielt eine Schl\u00fcsselrolle bei der Aufrechterhaltung der Flexibilit\u00e4t der Lipidbarriere im Stratum corneum. Hat eine entz\u00fcndungshemmende Wirkung.<br \/>\n    Niacinamid: \u00fcbt eine stabilisierende Wirkung auf die Epidermisbarriere aus. Verbessert den Feuchtigkeitsgehalt des Stratum corneum. Beschleunigt die Differenzierung der Keratinozyten.<br \/>\n    Glycerin: stellt die Organisation der interzellul\u00e4ren Lipidlamellen im Stratum corneum wieder her. Versorgt die verschiedenen Schichten der Epidermis mit Feuchtigkeit.<br \/>\n    Harnstoff: reduziert die epidermale Hyperproliferation und induziert die Differenzierung der Keratinozyten. Hochreguliert epidermale lipidsynthetisierende Enzyme<br \/>\n    Saccharid-Isomerat: bietet eine hochwirksame und lang anhaltende Hydratation unter den Bedingungen trockener Luft und niedriger relativer Luftfeuchtigkeit.<\/p>","protected":false},"excerpt":{"rendered":"<p>Intensiv mit Lipiden aufgef\u00fcllt, erh\u00e4lt die Haut das volle, geschmeidige und pralle Aussehen einer j\u00fcnger aussehenden Haut zur\u00fcck. Ihre Oberfl\u00e4che erscheint glatter und seidiger, der Teint strahlender. Stellt Substanz und Volumen wieder her und bietet selbst den trockensten Hauttypen Komfort.<\/p>","protected":false},"featured_media":3176,"comment_status":"open","ping_status":"closed","template":"","meta":[],"product_brand":[],"product_cat":[73,86],"product_tag":[],"class_list":{"0":"post-3175","1":"product","2":"type-product","3":"status-publish","4":"has-post-thumbnail","6":"product_cat-cosmeceutic","7":"product_cat-mask","9":"first","10":"instock","11":"taxable","12":"shipping-taxable","13":"purchasable","14":"product-type-simple"},"_links":{"self":[{"href":"https:\/\/3rings.eu\/de\/wp-json\/wp\/v2\/product\/3175","targetHints":{"allow":["GET"]}}],"collection":[{"href":"https:\/\/3rings.eu\/de\/wp-json\/wp\/v2\/product"}],"about":[{"href":"https:\/\/3rings.eu\/de\/wp-json\/wp\/v2\/types\/product"}],"replies":[{"embeddable":true,"href":"https:\/\/3rings.eu\/de\/wp-json\/wp\/v2\/comments?post=3175"}],"version-history":[{"count":0,"href":"https:\/\/3rings.eu\/de\/wp-json\/wp\/v2\/product\/3175\/revisions"}],"wp:featuredmedia":[{"embeddable":true,"href":"https:\/\/3rings.eu\/de\/wp-json\/wp\/v2\/media\/3176"}],"wp:attachment":[{"href":"https:\/\/3rings.eu\/de\/wp-json\/wp\/v2\/media?parent=3175"}],"wp:term":[{"taxonomy":"product_brand","embeddable":true,"href":"https:\/\/3rings.eu\/de\/wp-json\/wp\/v2\/product_brand?post=3175"},{"taxonomy":"product_cat","embeddable":true,"href":"https:\/\/3rings.eu\/de\/wp-json\/wp\/v2\/product_cat?post=3175"},{"taxonomy":"product_tag","embeddable":true,"href":"https:\/\/3rings.eu\/de\/wp-json\/wp\/v2\/product_tag?post=3175"}],"curies":[{"name":"wp","href":"https:\/\/api.w.org\/{rel}","templated":true}]}}