{"id":3183,"date":"2021-11-10T11:15:56","date_gmt":"2021-11-10T10:15:56","guid":{"rendered":"https:\/\/3rings.eu\/?post_type=product&#038;p=3183"},"modified":"2024-05-11T10:42:26","modified_gmt":"2024-05-11T08:42:26","slug":"hochwirksamer-abwehr-booster-gesicht-8ml","status":"publish","type":"product","link":"https:\/\/3rings.eu\/de\/produkt\/hochwirksamer-abwehr-booster-gesicht-8ml\/","title":{"rendered":"High-power defence booster &#8211; visage, 8ml"},"content":{"rendered":"<p>Gezielte Probleme<\/p>\n<p>Globale Hautalterung; Falten, feine Linien, schlaffe Haut, Auftreten von Pigmentflecken,Erstickung der Haut.<br \/>\nKosmezeutische Vorteile<\/p>\n<p>    Erh\u00f6ht die Widerstandskraft der Haut gegen\u00fcber oxidativem Stress, der von blauem Licht und UV-Strahlen erzeugt wird<br \/>\n    Sch\u00fctzt vor oxidativem Stress, der durch st\u00e4dtische Schadstoffe induziert wird, und bildet einen echten Schutz vor den sch\u00e4dlichen Auswirkungen von Feinpartikeln<br \/>\n    Aktiviert die Enzyme zur Reparatur der DNS durch Begrenzung der Folgen von Sch\u00e4den durch Oxidation<br \/>\n    Erh\u00f6ht die Zellenergie, steigert die ATP-Produktion (zellul\u00e4rer Superkraftstoff) durch die Mitochondrien und widersetzt sich der Bildung freier Radikale<br \/>\n    Stimuliert die Kollagen- und Elastinsynthese, hemmt den Glykationsprozess (Erstarrung der Kollagenfasern) und tr\u00e4gt gleichzeitig zur Aufrechterhaltung einer festen und glatten Haut bei. Die Verringerung des Auftretens von Falten und F\u00e4ltchen ist wirkungsvoll und in Labortests nachgewiesen<br \/>\n    Verst\u00e4rkt die Barrierefunktion, die eine gute Hautintegrit\u00e4t gew\u00e4hrleistet. Der Feuchtigkeitsgehalt steigt, der unmerkliche Wasserverlust der Haut wird begrenzt und erste Anzeichen von Alterung werden verz\u00f6gert<br \/>\n    Beschleunigt die Reparatur des Gewebes, das intensivem Stress ausgesetzt ist<\/p>\n<p>Kosmezeutisches Ger\u00e4t von Nescens<\/p>\n<p>Den Booster morgens und\/oder abends, allein oder in Verbindung mit Nescens Seren, Cremes oder Masken auftragen, entweder gelegentlich oder \u00fcber einen l\u00e4ngeren Zeitraum.\n\nAlle Hauttypen: Schadstoffen ausgesetzte, trockene, empfindliche und zu Unregelm\u00e4ssigkeiten neigende Haut usw.<\/p>","protected":false},"excerpt":{"rendered":"<p>Formel mit h\u00f6chster Niacinamid- und Dexpanthenol-Konzentration.<\/p>\n<p>Diese \u00abSupervitamine\u00bb mit antioxidativen Eigenschaften bilden eine hochwirksame Barriere zum Schutz vor den sch\u00e4dlichen Auswirkungen von blauem Licht, UV-Strahlen und st\u00e4dtischen Schadstoffen und bek\u00e4mpfen das vorzeitige Auftreten von Falten, F\u00e4ltchen und Pigmentflecken.<\/p>","protected":false},"featured_media":3189,"comment_status":"open","ping_status":"closed","template":"","meta":[],"product_brand":[],"product_cat":[73,84],"product_tag":[],"class_list":{"0":"post-3183","1":"product","2":"type-product","3":"status-publish","4":"has-post-thumbnail","6":"product_cat-cosmeceutic","7":"product_cat-serum","9":"first","10":"instock","11":"taxable","12":"shipping-taxable","13":"purchasable","14":"product-type-simple"},"_links":{"self":[{"href":"https:\/\/3rings.eu\/de\/wp-json\/wp\/v2\/product\/3183","targetHints":{"allow":["GET"]}}],"collection":[{"href":"https:\/\/3rings.eu\/de\/wp-json\/wp\/v2\/product"}],"about":[{"href":"https:\/\/3rings.eu\/de\/wp-json\/wp\/v2\/types\/product"}],"replies":[{"embeddable":true,"href":"https:\/\/3rings.eu\/de\/wp-json\/wp\/v2\/comments?post=3183"}],"version-history":[{"count":0,"href":"https:\/\/3rings.eu\/de\/wp-json\/wp\/v2\/product\/3183\/revisions"}],"wp:featuredmedia":[{"embeddable":true,"href":"https:\/\/3rings.eu\/de\/wp-json\/wp\/v2\/media\/3189"}],"wp:attachment":[{"href":"https:\/\/3rings.eu\/de\/wp-json\/wp\/v2\/media?parent=3183"}],"wp:term":[{"taxonomy":"product_brand","embeddable":true,"href":"https:\/\/3rings.eu\/de\/wp-json\/wp\/v2\/product_brand?post=3183"},{"taxonomy":"product_cat","embeddable":true,"href":"https:\/\/3rings.eu\/de\/wp-json\/wp\/v2\/product_cat?post=3183"},{"taxonomy":"product_tag","embeddable":true,"href":"https:\/\/3rings.eu\/de\/wp-json\/wp\/v2\/product_tag?post=3183"}],"curies":[{"name":"wp","href":"https:\/\/api.w.org\/{rel}","templated":true}]}}