{"id":3223,"date":"2022-04-26T08:53:43","date_gmt":"2022-04-26T06:53:43","guid":{"rendered":"https:\/\/3rings.eu\/?post_type=product&#038;p=3223"},"modified":"2023-01-05T08:06:22","modified_gmt":"2023-01-05T07:06:22","slug":"zombie-cell-clearing-serum-face","status":"publish","type":"product","link":"https:\/\/3rings.eu\/de\/produkt\/zombie-cell-clearing-serum-face\/","title":{"rendered":"Serum zur Beseitigung von Zombie-Zellen - Gesicht"},"content":{"rendered":"<div class=\"app_4\">\n<h4>Gezielte Probleme<\/h4>\n<p>Global skin-aging, redness and lack of density and elasticity.<\/p>\n<\/div>\n<div class=\"app_1\">\n<h4>Kosmezeutische Vorteile<\/h4>\n<p>In jungem Gewebe zerst\u00f6ren sich seneszente Zellen durch einen biologisch programmierten Prozess selbst. Wenn wir jedoch \u00e4lter werden und oxidativem Stress wie UV-Strahlen und Umweltverschmutzung ausgesetzt sind, nimmt die Zahl der seneszenten Zellen allm\u00e4hlich zu.<\/p>\n<p>Diese Zellen k\u00f6nnen sich nicht mehr selbst erneuern und Gewebe regenerieren, aber sie k\u00f6nnen auch nicht absterben, daher der Begriff \"Zombiezellen\". Stattdessen scheiden sie Stoffe aus, die Entz\u00fcndungen und Alterung verursachen k\u00f6nnen und benachbarte Zellen kontaminieren, so dass auch sie altern.<\/p>\n<p>Wenn diese \"Zombie-Zellen\" vorhanden sind, altert die Haut schneller, verliert an Dicke, bekommt Falten und wird weniger dicht und elastisch. Nescens hat eine fortschrittliche Formel entwickelt, die eine hohe Konzentration an senolytischen Wirkstoffen enth\u00e4lt, die seneszente Zellen angreifen und das Gewebe wiederherstellen k\u00f6nnen.<\/p>\n<p>Ergebnisse klinischer Studien*<\/p>\n<p>Nach nur vier Wochen zeigte das Serum statistisch signifikante Ergebnisse in den folgenden Bereichen:<\/p>\n<p>Geringere R\u00f6tung:<\/p>\n<p>- 31% &gt; Die Verringerung der R\u00f6tungen zeigt, dass das Serum den Entz\u00fcndungsprozess lindert, der bekannterma\u00dfen den Alterungsprozess beschleunigt.<\/p>\n<p>Erh\u00f6hte Elastizit\u00e4t:<\/p>\n<p>+ 12% Erh\u00f6hte Hautdichte:<\/p>\n<p>+ 6,6% &gt; Die Zunahme der Hautdichte und -elastizit\u00e4t ist ein Beweis daf\u00fcr, dass das Serum die Kollagenproduktion anregt und die Haut von innen heraus verj\u00fcngt.<\/p>\n<p>*In-vivo-Test - vier Wochen - 31 Freiwillige im Alter von 40 bis 70 Jahren.<\/p>\n<p>71 % der befragten Personen finden, dass das Produkt...<\/p>\n<ul>\n<li>verbessert und verfeinert die Hautqualit\u00e4t,<\/li>\n<li>gibt der Haut ihre Elastizit\u00e4t zur\u00fcck,<\/li>\n<li>hilft der Haut, sich regeneriert und energetisiert zu f\u00fchlen. 75%<\/li>\n<li>l\u00e4sst die Haut sch\u00f6ner aussehen,<\/li>\n<li>verbessert deutlich die Elastizit\u00e4t der Haut,<\/li>\n<li>verleiht der Haut eine gesunde Ausstrahlung und ein strahlendes Aussehen,<\/li>\n<li>gibt ein intensives Pflegegef\u00fchl und ein samtiges Finish. 79%<\/li>\n<li>l\u00e4sst die Haut frischer aussehen. 82%<\/li>\n<li>hinterl\u00e4sst ein weiches und geschmeidiges Hautgef\u00fchl f\u00fcr lange Zeit.<\/li>\n<\/ul>\n<p>&nbsp;<\/p>\n<p>*Selbsteinsch\u00e4tzung - vier Wochen - 28 Freiwillige im Alter von 40 bis 70 Jahren.<\/p><\/div>\n<p>&nbsp;<\/p>\n<p>&nbsp;<\/p>","protected":false},"excerpt":{"rendered":"<p>Nescens entwickelt das erste Serum zur Beseitigung von \u00abZombie-Zellen\u00bb, die die Hautalterung beschleunigen.<\/p>\n<p>Die senolytischen Wirkstoffe f\u00f6rdern die Beseitigung alternder Zellen, ohne gesunde Zellen zu beeintr\u00e4chtigen.\n\nZahlreiche Studien haben gezeigt, dass die gezielte Eliminierung alternder Zellen zur Geweberegeneration und -verj\u00fcngung beitr\u00e4gt.<\/p>","protected":false},"featured_media":3213,"comment_status":"open","ping_status":"closed","template":"","meta":[],"product_brand":[],"product_cat":[73,84],"product_tag":[],"class_list":{"0":"post-3223","1":"product","2":"type-product","3":"status-publish","4":"has-post-thumbnail","6":"product_cat-cosmeceutic","7":"product_cat-serum","9":"first","10":"instock","11":"taxable","12":"shipping-taxable","13":"purchasable","14":"product-type-simple"},"_links":{"self":[{"href":"https:\/\/3rings.eu\/de\/wp-json\/wp\/v2\/product\/3223","targetHints":{"allow":["GET"]}}],"collection":[{"href":"https:\/\/3rings.eu\/de\/wp-json\/wp\/v2\/product"}],"about":[{"href":"https:\/\/3rings.eu\/de\/wp-json\/wp\/v2\/types\/product"}],"replies":[{"embeddable":true,"href":"https:\/\/3rings.eu\/de\/wp-json\/wp\/v2\/comments?post=3223"}],"version-history":[{"count":0,"href":"https:\/\/3rings.eu\/de\/wp-json\/wp\/v2\/product\/3223\/revisions"}],"wp:featuredmedia":[{"embeddable":true,"href":"https:\/\/3rings.eu\/de\/wp-json\/wp\/v2\/media\/3213"}],"wp:attachment":[{"href":"https:\/\/3rings.eu\/de\/wp-json\/wp\/v2\/media?parent=3223"}],"wp:term":[{"taxonomy":"product_brand","embeddable":true,"href":"https:\/\/3rings.eu\/de\/wp-json\/wp\/v2\/product_brand?post=3223"},{"taxonomy":"product_cat","embeddable":true,"href":"https:\/\/3rings.eu\/de\/wp-json\/wp\/v2\/product_cat?post=3223"},{"taxonomy":"product_tag","embeddable":true,"href":"https:\/\/3rings.eu\/de\/wp-json\/wp\/v2\/product_tag?post=3223"}],"curies":[{"name":"wp","href":"https:\/\/api.w.org\/{rel}","templated":true}]}}