{"id":2552,"date":"2020-12-15T17:46:11","date_gmt":"2020-12-15T16:46:11","guid":{"rendered":"https:\/\/3rings.eu\/?page_id=2552"},"modified":"2025-12-02T08:22:22","modified_gmt":"2025-12-02T07:22:22","slug":"marcas","status":"publish","type":"page","link":"https:\/\/3rings.eu\/es\/marcas\/","title":{"rendered":"The Brands"},"content":{"rendered":"<div data-elementor-type=\"wp-page\" data-elementor-id=\"2552\" class=\"elementor elementor-2552\" data-elementor-post-type=\"page\">\n\t\t\t\t\t\t<section class=\"elementor-section elementor-top-section elementor-element elementor-element-428732e3 elementor-section-full_width elementor-section-height-min-height elementor-section-items-stretch elementor-section-content-bottom elementor-section-height-default elementor-invisible\" data-id=\"428732e3\" data-element_type=\"section\" data-e-type=\"section\" data-settings=\"{&quot;background_background&quot;:&quot;classic&quot;,&quot;animation&quot;:&quot;fadeInLeft&quot;}\">\n\t\t\t\t\t\t<div class=\"elementor-container elementor-column-gap-no\">\n\t\t\t\t\t<div class=\"elementor-column elementor-col-50 elementor-top-column elementor-element elementor-element-566faac2\" data-id=\"566faac2\" data-element_type=\"column\" data-e-type=\"column\" data-settings=\"{&quot;background_background&quot;:&quot;classic&quot;}\">\n\t\t\t<div class=\"elementor-widget-wrap elementor-element-populated\">\n\t\t\t\t\t\t<div class=\"elementor-element elementor-element-6c854063 elementor-widget elementor-widget-heading\" data-id=\"6c854063\" data-element_type=\"widget\" data-e-type=\"widget\" data-widget_type=\"heading.default\">\n\t\t\t\t<div class=\"elementor-widget-container\">\n\t\t\t\t\t<h1 class=\"elementor-heading-title elementor-size-default\">Marcas Distribuidas<\/h1>\t\t\t\t<\/div>\n\t\t\t\t<\/div>\n\t\t\t\t<div class=\"elementor-element elementor-element-2c782ab9 elementor-widget elementor-widget-heading\" data-id=\"2c782ab9\" data-element_type=\"widget\" data-e-type=\"widget\" data-widget_type=\"heading.default\">\n\t\t\t\t<div class=\"elementor-widget-container\">\n\t\t\t\t\t<h2 class=\"elementor-heading-title elementor-size-default\">Nescens &amp; Biolux<\/h2>\t\t\t\t<\/div>\n\t\t\t\t<\/div>\n\t\t\t\t\t<\/div>\n\t\t<\/div>\n\t\t\t\t<div class=\"elementor-column elementor-col-25 elementor-top-column elementor-element elementor-element-15947d2b\" data-id=\"15947d2b\" data-element_type=\"column\" data-e-type=\"column\">\n\t\t\t<div class=\"elementor-widget-wrap elementor-element-populated\">\n\t\t\t\t\t\t<div class=\"elementor-element elementor-element-7d2668ba elementor-align-center elementor-widget elementor-widget-lottie\" data-id=\"7d2668ba\" data-element_type=\"widget\" data-e-type=\"widget\" data-settings=\"{&quot;source_json&quot;:{&quot;url&quot;:&quot;https:\\\/\\\/3rings.eu\\\/wp-content\\\/uploads\\\/2020\\\/12\\\/3rings_animation.json&quot;,&quot;id&quot;:2352,&quot;size&quot;:&quot;&quot;},&quot;source&quot;:&quot;media_file&quot;,&quot;caption_source&quot;:&quot;none&quot;,&quot;link_to&quot;:&quot;none&quot;,&quot;trigger&quot;:&quot;arriving_to_viewport&quot;,&quot;viewport&quot;:{&quot;unit&quot;:&quot;%&quot;,&quot;size&quot;:&quot;&quot;,&quot;sizes&quot;:{&quot;start&quot;:0,&quot;end&quot;:100}},&quot;play_speed&quot;:{&quot;unit&quot;:&quot;px&quot;,&quot;size&quot;:1,&quot;sizes&quot;:[]},&quot;start_point&quot;:{&quot;unit&quot;:&quot;%&quot;,&quot;size&quot;:0,&quot;sizes&quot;:[]},&quot;end_point&quot;:{&quot;unit&quot;:&quot;%&quot;,&quot;size&quot;:100,&quot;sizes&quot;:[]},&quot;renderer&quot;:&quot;svg&quot;}\" data-widget_type=\"lottie.default\">\n\t\t\t\t<div class=\"elementor-widget-container\">\n\t\t\t\t\t<div class=\"e-lottie__container\"><div class=\"e-lottie__animation\"><\/div><\/div>\t\t\t\t<\/div>\n\t\t\t\t<\/div>\n\t\t\t\t\t<\/div>\n\t\t<\/div>\n\t\t\t\t<div class=\"elementor-column elementor-col-25 elementor-top-column elementor-element elementor-element-1792e1a2\" data-id=\"1792e1a2\" data-element_type=\"column\" data-e-type=\"column\">\n\t\t\t<div class=\"elementor-widget-wrap elementor-element-populated\">\n\t\t\t\t\t\t<div class=\"elementor-element elementor-element-73a5e033 elementor-widget-mobile__width-initial animated-slow elementor-widget-tablet__width-initial elementor-invisible elementor-widget elementor-widget-spacer\" data-id=\"73a5e033\" data-element_type=\"widget\" data-e-type=\"widget\" data-settings=\"{&quot;_animation&quot;:&quot;fadeInRight&quot;}\" data-widget_type=\"spacer.default\">\n\t\t\t\t<div class=\"elementor-widget-container\">\n\t\t\t\t\t\t\t<div class=\"elementor-spacer\">\n\t\t\t<div class=\"elementor-spacer-inner\"><\/div>\n\t\t<\/div>\n\t\t\t\t\t\t<\/div>\n\t\t\t\t<\/div>\n\t\t\t\t\t<\/div>\n\t\t<\/div>\n\t\t\t\t\t<\/div>\n\t\t<\/section>\n\t\t\t\t<section class=\"elementor-section elementor-top-section elementor-element elementor-element-7bd9d0b elementor-section-boxed elementor-section-height-default elementor-section-height-default elementor-invisible\" data-id=\"7bd9d0b\" data-element_type=\"section\" data-e-type=\"section\" data-settings=\"{&quot;animation&quot;:&quot;fadeInRight&quot;}\">\n\t\t\t\t\t\t<div class=\"elementor-container elementor-column-gap-default\">\n\t\t\t\t\t<div class=\"elementor-column elementor-col-100 elementor-top-column elementor-element elementor-element-51d84109\" data-id=\"51d84109\" data-element_type=\"column\" data-e-type=\"column\">\n\t\t\t<div class=\"elementor-widget-wrap elementor-element-populated\">\n\t\t\t\t\t\t<div class=\"elementor-element elementor-element-48ebaee9 elementor-widget elementor-widget-heading\" data-id=\"48ebaee9\" data-element_type=\"widget\" data-e-type=\"widget\" data-widget_type=\"heading.default\">\n\t\t\t\t<div class=\"elementor-widget-container\">\n\t\t\t\t\t<h2 class=\"elementor-heading-title elementor-size-default\">Nescens<\/h2>\t\t\t\t<\/div>\n\t\t\t\t<\/div>\n\t\t\t\t<div class=\"elementor-element elementor-element-297247f8 elementor-blockquote--skin-quotation elementor-blockquote--align-center elementor-widget elementor-widget-blockquote\" data-id=\"297247f8\" data-element_type=\"widget\" data-e-type=\"widget\" data-widget_type=\"blockquote.default\">\n\t\t\t\t<div class=\"elementor-widget-container\">\n\t\t\t\t\t\t\t<blockquote class=\"elementor-blockquote\">\n\t\t\t<p class=\"elementor-blockquote__content\">\n\t\t\t\tUn programa de tratamiento anti-envejecimiento racional, t\u00e9cnico y altamente eficaz.\t\t\t<\/p>\n\t\t\t\t\t<\/blockquote>\n\t\t\t\t\t\t<\/div>\n\t\t\t\t<\/div>\n\t\t\t\t<section class=\"elementor-section elementor-inner-section elementor-element elementor-element-6a3f6ad elementor-hidden-tablet elementor-hidden-phone elementor-section-boxed elementor-section-height-default elementor-section-height-default\" data-id=\"6a3f6ad\" data-element_type=\"section\" data-e-type=\"section\">\n\t\t\t\t\t\t<div class=\"elementor-container elementor-column-gap-default\">\n\t\t\t\t\t<div class=\"elementor-column elementor-col-50 elementor-inner-column elementor-element elementor-element-6c65457\" data-id=\"6c65457\" data-element_type=\"column\" data-e-type=\"column\">\n\t\t\t<div class=\"elementor-widget-wrap elementor-element-populated\">\n\t\t\t\t\t\t<div class=\"elementor-element elementor-element-7f1a5fb0 elementor-widget elementor-widget-text-editor\" data-id=\"7f1a5fb0\" data-element_type=\"widget\" data-e-type=\"widget\" data-widget_type=\"text-editor.default\">\n\t\t\t\t<div class=\"elementor-widget-container\">\n\t\t\t\t\t\t\t\t\t<p class=\"translation-block\">El rango de cosmec\u00e9uticos <a href=\"http:\/\/www.nescens.com\/\" target=\"_blank\" rel=\"noopener\"><strong>Nescens<\/strong><\/a> es la creaci\u00f3n del Profesor Jacques Proust, un especialista en la biolog\u00eda del envejecimiento, un pionero en la medicina anti-envejecimiento y el fundador del Centro para la Prevenci\u00f3n del Envejecimiento de la Cl\u00ednica Genolier en Suiza en 1998.<\/p><p>La f\u00f3rmula revolucionaria del tratamiento experto de la marca Nescens es el resultado de cuatro a\u00f1os de investigaci\u00f3n cient\u00edfica en la prevenci\u00f3n y optimizaci\u00f3n del \"capital juvenil\" de cada persona. Un balance perfecto entre cosm\u00e9ticos convencionales y productos farmacol\u00f3gicos, el desarrollo de estos cosmec\u00e9uticos esta basado en el entendimiento de los principales mecanismos biol\u00f3gicos de la piel. En cosm\u00e9ticos, la investigaci\u00f3n celular de Nescens ha destacado notablemente el papel de las c\u00e9lulas madre en la regeneraci\u00f3n tisular.<\/p><p>Los programas de tratamiento anti-envejecimiento de Nescens tienen la etiqueta Swisscos, la cual garantiza su origen, calidad, y efectividad. Altamente concentrado en ingredientes activos, los tratamientos preparatorios, sueros, y cremas garantizan resultados inmediatos cl\u00ednicamente probados.<\/p><p>Al servicio de la belleza y el bienestar, cada programa de tratamiento cut\u00e1neo anti-envejecimiento Nescens es un verdadero ritual que regenera los tejidos profundos de la piel y restaura rasgos radiantes y duraderos.<\/p><p>La marca Nescens, combinando experiencia m\u00e9dica con un posicionamiento prestigioso, es distribuida exitosamente por 3 Rings Europa en aproximadamente 30 puntos de venta premium, incluyendo Italia, Espa\u00f1a, el Reino Unido y Alemania.<\/p>\t\t\t\t\t\t\t\t<\/div>\n\t\t\t\t<\/div>\n\t\t\t\t\t<\/div>\n\t\t<\/div>\n\t\t\t\t<div class=\"elementor-column elementor-col-50 elementor-inner-column elementor-element elementor-element-f6307db\" data-id=\"f6307db\" data-element_type=\"column\" data-e-type=\"column\">\n\t\t\t<div class=\"elementor-widget-wrap elementor-element-populated\">\n\t\t\t\t\t\t<div class=\"elementor-element elementor-element-c12b494 elementor-widget elementor-widget-image\" data-id=\"c12b494\" data-element_type=\"widget\" data-e-type=\"widget\" data-widget_type=\"image.default\">\n\t\t\t\t<div class=\"elementor-widget-container\">\n\t\t\t\t\t\t\t\t\t\t\t\t\t\t\t<img fetchpriority=\"high\" decoding=\"async\" width=\"800\" height=\"542\" src=\"https:\/\/3rings.eu\/wp-content\/uploads\/2020\/12\/nescens-professeur-jacques-proust.jpg\" class=\"attachment-large size-large wp-image-2656\" alt=\"Nescens - Professor Jacques Proust\" srcset=\"https:\/\/3rings.eu\/wp-content\/uploads\/2020\/12\/nescens-professeur-jacques-proust.jpg 960w, https:\/\/3rings.eu\/wp-content\/uploads\/2020\/12\/nescens-professeur-jacques-proust-300x203.jpg 300w, https:\/\/3rings.eu\/wp-content\/uploads\/2020\/12\/nescens-professeur-jacques-proust-768x520.jpg 768w, https:\/\/3rings.eu\/wp-content\/uploads\/2020\/12\/nescens-professeur-jacques-proust-16x12.jpg 16w, https:\/\/3rings.eu\/wp-content\/uploads\/2020\/12\/nescens-professeur-jacques-proust-600x406.jpg 600w\" sizes=\"(max-width: 800px) 100vw, 800px\" title=\"\">\t\t\t\t\t\t\t\t\t\t\t\t\t\t\t<\/div>\n\t\t\t\t<\/div>\n\t\t\t\t<div class=\"elementor-element elementor-element-f284ac0 elementor-widget elementor-widget-image\" data-id=\"f284ac0\" data-element_type=\"widget\" data-e-type=\"widget\" data-widget_type=\"image.default\">\n\t\t\t\t<div class=\"elementor-widget-container\">\n\t\t\t\t\t\t\t\t\t\t\t\t\t\t\t<img decoding=\"async\" width=\"602\" height=\"258\" src=\"https:\/\/3rings.eu\/wp-content\/uploads\/2020\/12\/nescens-research.jpg\" class=\"attachment-large size-large wp-image-2657\" alt=\"Nescens - Investigaci\u00f3n\" srcset=\"https:\/\/3rings.eu\/wp-content\/uploads\/2020\/12\/nescens-research.jpg 602w, https:\/\/3rings.eu\/wp-content\/uploads\/2020\/12\/nescens-research-300x129.jpg 300w, https:\/\/3rings.eu\/wp-content\/uploads\/2020\/12\/nescens-research-16x7.jpg 16w, https:\/\/3rings.eu\/wp-content\/uploads\/2020\/12\/nescens-research-600x257.jpg 600w\" sizes=\"(max-width: 602px) 100vw, 602px\" title=\"\">\t\t\t\t\t\t\t\t\t\t\t\t\t\t\t<\/div>\n\t\t\t\t<\/div>\n\t\t\t\t<div class=\"elementor-element elementor-element-27c0ddf elementor-widget elementor-widget-image\" data-id=\"27c0ddf\" data-element_type=\"widget\" data-e-type=\"widget\" data-widget_type=\"image.default\">\n\t\t\t\t<div class=\"elementor-widget-container\">\n\t\t\t\t\t\t\t\t\t\t\t\t\t\t\t<img decoding=\"async\" width=\"800\" height=\"580\" src=\"https:\/\/3rings.eu\/wp-content\/uploads\/2020\/12\/nescens-brand-1024x742.jpg\" class=\"attachment-large size-large wp-image-2655\" alt=\"Marca Nescens\" srcset=\"https:\/\/3rings.eu\/wp-content\/uploads\/2020\/12\/nescens-brand-1024x742.jpg 1024w, https:\/\/3rings.eu\/wp-content\/uploads\/2020\/12\/nescens-brand-300x217.jpg 300w, https:\/\/3rings.eu\/wp-content\/uploads\/2020\/12\/nescens-brand-768x557.jpg 768w, https:\/\/3rings.eu\/wp-content\/uploads\/2020\/12\/nescens-brand-16x12.jpg 16w, https:\/\/3rings.eu\/wp-content\/uploads\/2020\/12\/nescens-brand-600x435.jpg 600w, https:\/\/3rings.eu\/wp-content\/uploads\/2020\/12\/nescens-brand.jpg 1058w\" sizes=\"(max-width: 800px) 100vw, 800px\" title=\"\">\t\t\t\t\t\t\t\t\t\t\t\t\t\t\t<\/div>\n\t\t\t\t<\/div>\n\t\t\t\t\t<\/div>\n\t\t<\/div>\n\t\t\t\t\t<\/div>\n\t\t<\/section>\n\t\t\t\t<section class=\"elementor-section elementor-inner-section elementor-element elementor-element-92d6107 elementor-hidden-desktop elementor-section-boxed elementor-section-height-default elementor-section-height-default\" data-id=\"92d6107\" data-element_type=\"section\" data-e-type=\"section\">\n\t\t\t\t\t\t<div class=\"elementor-container elementor-column-gap-default\">\n\t\t\t\t\t<div class=\"elementor-column elementor-col-100 elementor-inner-column elementor-element elementor-element-b159e15\" data-id=\"b159e15\" data-element_type=\"column\" data-e-type=\"column\">\n\t\t\t<div class=\"elementor-widget-wrap elementor-element-populated\">\n\t\t\t\t\t\t<div class=\"elementor-element elementor-element-8c2996f elementor-widget elementor-widget-text-editor\" data-id=\"8c2996f\" data-element_type=\"widget\" data-e-type=\"widget\" data-widget_type=\"text-editor.default\">\n\t\t\t\t<div class=\"elementor-widget-container\">\n\t\t\t\t\t\t\t\t\t<p class=\"translation-block\">El rango de cosmec\u00e9uticos <a href=\"http:\/\/www.nescens.com\/\" target=\"_blank\" rel=\"noopener\"><strong>Nescens<\/strong><\/a> es la creaci\u00f3n del Profesor Jacques Proust, un especialista en la biolog\u00eda del envejecimiento, un pionero en la medicina anti-envejecimiento y el fundador del Centro para la Prevenci\u00f3n del Envejecimiento de la Cl\u00ednica Genolier en Suiza en 1998.<\/p>\t\t\t\t\t\t\t\t<\/div>\n\t\t\t\t<\/div>\n\t\t\t\t<div class=\"elementor-element elementor-element-27948db elementor-widget elementor-widget-image\" data-id=\"27948db\" data-element_type=\"widget\" data-e-type=\"widget\" data-widget_type=\"image.default\">\n\t\t\t\t<div class=\"elementor-widget-container\">\n\t\t\t\t\t\t\t\t\t\t\t\t\t\t\t<img fetchpriority=\"high\" decoding=\"async\" width=\"800\" height=\"542\" src=\"https:\/\/3rings.eu\/wp-content\/uploads\/2020\/12\/nescens-professeur-jacques-proust.jpg\" class=\"attachment-large size-large wp-image-2656\" alt=\"Nescens - Professor Jacques Proust\" srcset=\"https:\/\/3rings.eu\/wp-content\/uploads\/2020\/12\/nescens-professeur-jacques-proust.jpg 960w, https:\/\/3rings.eu\/wp-content\/uploads\/2020\/12\/nescens-professeur-jacques-proust-300x203.jpg 300w, https:\/\/3rings.eu\/wp-content\/uploads\/2020\/12\/nescens-professeur-jacques-proust-768x520.jpg 768w, https:\/\/3rings.eu\/wp-content\/uploads\/2020\/12\/nescens-professeur-jacques-proust-16x12.jpg 16w, https:\/\/3rings.eu\/wp-content\/uploads\/2020\/12\/nescens-professeur-jacques-proust-600x406.jpg 600w\" sizes=\"(max-width: 800px) 100vw, 800px\" title=\"\">\t\t\t\t\t\t\t\t\t\t\t\t\t\t\t<\/div>\n\t\t\t\t<\/div>\n\t\t\t\t<div class=\"elementor-element elementor-element-1f8e823 elementor-widget elementor-widget-text-editor\" data-id=\"1f8e823\" data-element_type=\"widget\" data-e-type=\"widget\" data-widget_type=\"text-editor.default\">\n\t\t\t\t<div class=\"elementor-widget-container\">\n\t\t\t\t\t\t\t\t\t<p>La f\u00f3rmula revolucionaria del tratamiento experto de la marca Nescens es el resultado de cuatro a\u00f1os de investigaci\u00f3n cient\u00edfica en la prevenci\u00f3n y optimizaci\u00f3n del \"capital juvenil\" de cada persona. Un balance perfecto entre cosm\u00e9ticos convencionales y productos farmacol\u00f3gicos, el desarrollo de estos cosmec\u00e9uticos esta basado en el entendimiento de los principales mecanismos biol\u00f3gicos de la piel. En cosm\u00e9ticos, la investigaci\u00f3n celular de Nescens ha destacado notablemente el papel de las c\u00e9lulas madre en la regeneraci\u00f3n tisular.<\/p>\t\t\t\t\t\t\t\t<\/div>\n\t\t\t\t<\/div>\n\t\t\t\t<div class=\"elementor-element elementor-element-50836f2 elementor-widget elementor-widget-image\" data-id=\"50836f2\" data-element_type=\"widget\" data-e-type=\"widget\" data-widget_type=\"image.default\">\n\t\t\t\t<div class=\"elementor-widget-container\">\n\t\t\t\t\t\t\t\t\t\t\t\t\t\t\t<img decoding=\"async\" width=\"602\" height=\"258\" src=\"https:\/\/3rings.eu\/wp-content\/uploads\/2020\/12\/nescens-research.jpg\" class=\"attachment-large size-large wp-image-2657\" alt=\"Nescens - Investigaci\u00f3n\" srcset=\"https:\/\/3rings.eu\/wp-content\/uploads\/2020\/12\/nescens-research.jpg 602w, https:\/\/3rings.eu\/wp-content\/uploads\/2020\/12\/nescens-research-300x129.jpg 300w, https:\/\/3rings.eu\/wp-content\/uploads\/2020\/12\/nescens-research-16x7.jpg 16w, https:\/\/3rings.eu\/wp-content\/uploads\/2020\/12\/nescens-research-600x257.jpg 600w\" sizes=\"(max-width: 602px) 100vw, 602px\" title=\"\">\t\t\t\t\t\t\t\t\t\t\t\t\t\t\t<\/div>\n\t\t\t\t<\/div>\n\t\t\t\t<div class=\"elementor-element elementor-element-320361c elementor-widget elementor-widget-text-editor\" data-id=\"320361c\" data-element_type=\"widget\" data-e-type=\"widget\" data-widget_type=\"text-editor.default\">\n\t\t\t\t<div class=\"elementor-widget-container\">\n\t\t\t\t\t\t\t\t\t<p>Los programas de tratamiento anti-envejecimiento de Nescens tienen la etiqueta Swisscos, la cual garantiza su origen, calidad, y efectividad. Altamente concentrado en ingredientes activos, los tratamientos preparatorios, sueros, y cremas garantizan resultados inmediatos cl\u00ednicamente probados.<\/p><p>Al servicio de la belleza y el bienestar, cada programa de tratamiento cut\u00e1neo anti-envejecimiento Nescens es un verdadero ritual que regenera los tejidos profundos de la piel y restaura rasgos radiantes y duraderos.<\/p><p>La marca Nescens, combinando experiencia m\u00e9dica con un posicionamiento prestigioso, es distribuida exitosamente por 3 Rings Europa en aproximadamente 30 puntos de venta premium, incluyendo Italia, Espa\u00f1a, el Reino Unido y Alemania.<\/p>\t\t\t\t\t\t\t\t<\/div>\n\t\t\t\t<\/div>\n\t\t\t\t<div class=\"elementor-element elementor-element-ba355cf elementor-widget elementor-widget-image\" data-id=\"ba355cf\" data-element_type=\"widget\" data-e-type=\"widget\" data-widget_type=\"image.default\">\n\t\t\t\t<div class=\"elementor-widget-container\">\n\t\t\t\t\t\t\t\t\t\t\t\t\t\t\t<img decoding=\"async\" width=\"800\" height=\"580\" src=\"https:\/\/3rings.eu\/wp-content\/uploads\/2020\/12\/nescens-brand-1024x742.jpg\" class=\"attachment-large size-large wp-image-2655\" alt=\"Marca Nescens\" srcset=\"https:\/\/3rings.eu\/wp-content\/uploads\/2020\/12\/nescens-brand-1024x742.jpg 1024w, https:\/\/3rings.eu\/wp-content\/uploads\/2020\/12\/nescens-brand-300x217.jpg 300w, https:\/\/3rings.eu\/wp-content\/uploads\/2020\/12\/nescens-brand-768x557.jpg 768w, https:\/\/3rings.eu\/wp-content\/uploads\/2020\/12\/nescens-brand-16x12.jpg 16w, https:\/\/3rings.eu\/wp-content\/uploads\/2020\/12\/nescens-brand-600x435.jpg 600w, https:\/\/3rings.eu\/wp-content\/uploads\/2020\/12\/nescens-brand.jpg 1058w\" sizes=\"(max-width: 800px) 100vw, 800px\" title=\"\">\t\t\t\t\t\t\t\t\t\t\t\t\t\t\t<\/div>\n\t\t\t\t<\/div>\n\t\t\t\t\t<\/div>\n\t\t<\/div>\n\t\t\t\t\t<\/div>\n\t\t<\/section>\n\t\t\t\t\t<\/div>\n\t\t<\/div>\n\t\t\t\t\t<\/div>\n\t\t<\/section>\n\t\t\t\t<\/div>","protected":false},"excerpt":{"rendered":"<p>Brands Distributed Nescens &amp; Biolux Nescens A rational, technical and highly effective anti-aging care program The Nescens Cosmeceuticals range is the creation of Professor Jacques Proust, a specialist in the biology of aging, a pioneer in anti-aging medicine and founder of the Center for the Prevention of Aging at the Genolier Clinic in Switzerland in [&hellip;]<\/p>","protected":false},"author":1,"featured_media":2332,"parent":0,"menu_order":0,"comment_status":"closed","ping_status":"closed","template":"","meta":{"footnotes":""},"class_list":["post-2552","page","type-page","status-publish","has-post-thumbnail","hentry"],"_links":{"self":[{"href":"https:\/\/3rings.eu\/es\/wp-json\/wp\/v2\/pages\/2552","targetHints":{"allow":["GET"]}}],"collection":[{"href":"https:\/\/3rings.eu\/es\/wp-json\/wp\/v2\/pages"}],"about":[{"href":"https:\/\/3rings.eu\/es\/wp-json\/wp\/v2\/types\/page"}],"author":[{"embeddable":true,"href":"https:\/\/3rings.eu\/es\/wp-json\/wp\/v2\/users\/1"}],"replies":[{"embeddable":true,"href":"https:\/\/3rings.eu\/es\/wp-json\/wp\/v2\/comments?post=2552"}],"version-history":[{"count":3,"href":"https:\/\/3rings.eu\/es\/wp-json\/wp\/v2\/pages\/2552\/revisions"}],"predecessor-version":[{"id":3455,"href":"https:\/\/3rings.eu\/es\/wp-json\/wp\/v2\/pages\/2552\/revisions\/3455"}],"wp:featuredmedia":[{"embeddable":true,"href":"https:\/\/3rings.eu\/es\/wp-json\/wp\/v2\/media\/2332"}],"wp:attachment":[{"href":"https:\/\/3rings.eu\/es\/wp-json\/wp\/v2\/media?parent=2552"}],"curies":[{"name":"wp","href":"https:\/\/api.w.org\/{rel}","templated":true}]}}