{"id":61,"date":"2020-10-06T15:05:59","date_gmt":"2020-10-06T13:05:59","guid":{"rendered":"https:\/\/3rings.eu\/?page_id=61"},"modified":"2020-12-30T15:57:42","modified_gmt":"2020-12-30T14:57:42","slug":"3-rings-europa","status":"publish","type":"page","link":"https:\/\/3rings.eu\/es\/3-rings-europa\/","title":{"rendered":"3 Rings Europe"},"content":{"rendered":"<div data-elementor-type=\"wp-page\" data-elementor-id=\"61\" class=\"elementor elementor-61\" data-elementor-post-type=\"page\">\n\t\t\t\t\t\t<section class=\"elementor-section elementor-top-section elementor-element elementor-element-e990e9 elementor-section-full_width elementor-section-height-min-height elementor-section-items-stretch elementor-section-content-bottom elementor-section-height-default elementor-invisible\" data-id=\"e990e9\" data-element_type=\"section\" data-e-type=\"section\" data-settings=\"{&quot;background_background&quot;:&quot;classic&quot;,&quot;animation&quot;:&quot;fadeInLeft&quot;}\">\n\t\t\t\t\t\t<div class=\"elementor-container elementor-column-gap-no\">\n\t\t\t\t\t<div class=\"elementor-column elementor-col-50 elementor-top-column elementor-element elementor-element-6aae38b9\" data-id=\"6aae38b9\" data-element_type=\"column\" data-e-type=\"column\" data-settings=\"{&quot;background_background&quot;:&quot;classic&quot;}\">\n\t\t\t<div class=\"elementor-widget-wrap elementor-element-populated\">\n\t\t\t\t\t\t<div class=\"elementor-element elementor-element-36048523 elementor-widget elementor-widget-heading\" data-id=\"36048523\" data-element_type=\"widget\" data-e-type=\"widget\" data-widget_type=\"heading.default\">\n\t\t\t\t<div class=\"elementor-widget-container\">\n\t\t\t\t\t<h1 class=\"elementor-heading-title elementor-size-default\">3 Rings Europe<\/h1>\t\t\t\t<\/div>\n\t\t\t\t<\/div>\n\t\t\t\t<div class=\"elementor-element elementor-element-3446a842 elementor-widget elementor-widget-heading\" data-id=\"3446a842\" data-element_type=\"widget\" data-e-type=\"widget\" data-widget_type=\"heading.default\">\n\t\t\t\t<div class=\"elementor-widget-container\">\n\t\t\t\t\t<h2 class=\"elementor-heading-title elementor-size-default\">Distribuidor Autorizado<\/h2>\t\t\t\t<\/div>\n\t\t\t\t<\/div>\n\t\t\t\t\t<\/div>\n\t\t<\/div>\n\t\t\t\t<div class=\"elementor-column elementor-col-25 elementor-top-column elementor-element elementor-element-51808a3a\" data-id=\"51808a3a\" data-element_type=\"column\" data-e-type=\"column\">\n\t\t\t<div class=\"elementor-widget-wrap elementor-element-populated\">\n\t\t\t\t\t\t<div class=\"elementor-element elementor-element-7e31cbc elementor-align-center elementor-widget elementor-widget-lottie\" data-id=\"7e31cbc\" data-element_type=\"widget\" data-e-type=\"widget\" data-settings=\"{&quot;source_json&quot;:{&quot;url&quot;:&quot;https:\\\/\\\/3rings.eu\\\/wp-content\\\/uploads\\\/2020\\\/12\\\/3rings_animation.json&quot;,&quot;id&quot;:2352,&quot;size&quot;:&quot;&quot;},&quot;source&quot;:&quot;media_file&quot;,&quot;caption_source&quot;:&quot;none&quot;,&quot;link_to&quot;:&quot;none&quot;,&quot;trigger&quot;:&quot;arriving_to_viewport&quot;,&quot;viewport&quot;:{&quot;unit&quot;:&quot;%&quot;,&quot;size&quot;:&quot;&quot;,&quot;sizes&quot;:{&quot;start&quot;:0,&quot;end&quot;:100}},&quot;play_speed&quot;:{&quot;unit&quot;:&quot;px&quot;,&quot;size&quot;:1,&quot;sizes&quot;:[]},&quot;start_point&quot;:{&quot;unit&quot;:&quot;%&quot;,&quot;size&quot;:0,&quot;sizes&quot;:[]},&quot;end_point&quot;:{&quot;unit&quot;:&quot;%&quot;,&quot;size&quot;:100,&quot;sizes&quot;:[]},&quot;renderer&quot;:&quot;svg&quot;}\" data-widget_type=\"lottie.default\">\n\t\t\t\t<div class=\"elementor-widget-container\">\n\t\t\t\t\t<div class=\"e-lottie__container\"><div class=\"e-lottie__animation\"><\/div><\/div>\t\t\t\t<\/div>\n\t\t\t\t<\/div>\n\t\t\t\t\t<\/div>\n\t\t<\/div>\n\t\t\t\t<div class=\"elementor-column elementor-col-25 elementor-top-column elementor-element elementor-element-6abc3afd\" data-id=\"6abc3afd\" data-element_type=\"column\" data-e-type=\"column\">\n\t\t\t<div class=\"elementor-widget-wrap elementor-element-populated\">\n\t\t\t\t\t\t<div class=\"elementor-element elementor-element-5f7be4a8 elementor-widget-mobile__width-initial animated-slow elementor-widget-tablet__width-initial elementor-invisible elementor-widget elementor-widget-spacer\" data-id=\"5f7be4a8\" data-element_type=\"widget\" data-e-type=\"widget\" data-settings=\"{&quot;_animation&quot;:&quot;fadeInRight&quot;}\" data-widget_type=\"spacer.default\">\n\t\t\t\t<div class=\"elementor-widget-container\">\n\t\t\t\t\t\t\t<div class=\"elementor-spacer\">\n\t\t\t<div class=\"elementor-spacer-inner\"><\/div>\n\t\t<\/div>\n\t\t\t\t\t\t<\/div>\n\t\t\t\t<\/div>\n\t\t\t\t\t<\/div>\n\t\t<\/div>\n\t\t\t\t\t<\/div>\n\t\t<\/section>\n\t\t\t\t<section class=\"elementor-section elementor-top-section elementor-element elementor-element-32e6d67d elementor-section-boxed elementor-section-height-default elementor-section-height-default elementor-invisible\" data-id=\"32e6d67d\" data-element_type=\"section\" data-e-type=\"section\" data-settings=\"{&quot;animation&quot;:&quot;fadeInRight&quot;}\">\n\t\t\t\t\t\t<div class=\"elementor-container elementor-column-gap-default\">\n\t\t\t\t\t<div class=\"elementor-column elementor-col-100 elementor-top-column elementor-element elementor-element-369cf673\" data-id=\"369cf673\" data-element_type=\"column\" data-e-type=\"column\">\n\t\t\t<div class=\"elementor-widget-wrap elementor-element-populated\">\n\t\t\t\t\t\t<div class=\"elementor-element elementor-element-919def7 elementor-widget elementor-widget-heading\" data-id=\"919def7\" data-element_type=\"widget\" data-e-type=\"widget\" data-widget_type=\"heading.default\">\n\t\t\t\t<div class=\"elementor-widget-container\">\n\t\t\t\t\t<h2 class=\"elementor-heading-title elementor-size-default\">El ADN de 3 RINGS Europa<\/h2>\t\t\t\t<\/div>\n\t\t\t\t<\/div>\n\t\t\t\t<div class=\"elementor-element elementor-element-503101cc elementor-widget elementor-widget-text-editor\" data-id=\"503101cc\" data-element_type=\"widget\" data-e-type=\"widget\" data-widget_type=\"text-editor.default\">\n\t\t\t\t<div class=\"elementor-widget-container\">\n\t\t\t\t\t\t\t\t\t<p>3 Rings Europa es una compa\u00f1\u00eda que se especializa en la distribuci\u00f3n y venta de cosmeticos y cosmec\u00e9uticos innovadores.<\/p><p>Estos tratamientos expertos, con una alta concentraci\u00f3n de ingredientes activos, reunen perfectamente la farmac\u00e9utica y la cosmetolog\u00eda, producto de muchos a\u00f1os de investigaci\u00f3n cient\u00edfica.<\/p><p>Los fundadores de 3 Rings Europa, Christian Stadelmann y Julien Michoud, tienen casi 15 a\u00f1os de experiencia en la cosmetolog\u00eda multi-circuito. Para estos dos cuadragenarios, quienes han desarrollado una de las principales marcas suiza de tratamiento anti-edad para la piel, un negocio exitoso se basa en las relaciones humanas, la amabilidad y la calidad.<\/p><p>Christian y Julien han inscrito su ADN en su compa\u00f1\u00eda, ya que 3 Rings Europa simbliza a sus 3 hijos: Rachel, la hija de Christian, y Alba y Adrien, los hijos de Julien. Los anillos representan el v\u00ednculo, compromiso, y la idea de asociaci\u00f3n y complementariedad. Estos fuertes valores han reunido a ambos padres, llenando de energ\u00eda, cohesi\u00f3n y confianza mutua el desarrollo de su nuevo proyecto.<\/p>\t\t\t\t\t\t\t\t<\/div>\n\t\t\t\t<\/div>\n\t\t\t\t<div class=\"elementor-element elementor-element-0b02ba8 elementor-widget elementor-widget-heading\" data-id=\"0b02ba8\" data-element_type=\"widget\" data-e-type=\"widget\" data-widget_type=\"heading.default\">\n\t\t\t\t<div class=\"elementor-widget-container\">\n\t\t\t\t\t<h2 class=\"elementor-heading-title elementor-size-default\">Dos fundadores, una misma visi\u00f3n.<\/h2>\t\t\t\t<\/div>\n\t\t\t\t<\/div>\n\t\t\t\t<section class=\"elementor-section elementor-inner-section elementor-element elementor-element-7a07d02 elementor-section-boxed elementor-section-height-default elementor-section-height-default\" data-id=\"7a07d02\" data-element_type=\"section\" data-e-type=\"section\">\n\t\t\t\t\t\t<div class=\"elementor-container elementor-column-gap-default\">\n\t\t\t\t\t<div class=\"elementor-column elementor-col-50 elementor-inner-column elementor-element elementor-element-a9e68c3\" data-id=\"a9e68c3\" data-element_type=\"column\" data-e-type=\"column\">\n\t\t\t<div class=\"elementor-widget-wrap elementor-element-populated\">\n\t\t\t\t\t\t<div class=\"elementor-element elementor-element-3535b21 elementor-widget elementor-widget-text-editor\" data-id=\"3535b21\" data-element_type=\"widget\" data-e-type=\"widget\" data-widget_type=\"text-editor.default\">\n\t\t\t\t<div class=\"elementor-widget-container\">\n\t\t\t\t\t\t\t\t\t<p class=\"translation-block\">\u00ab <strong>Christian<\/strong> destaca en el an\u00e1lisis financiero y la gesti\u00f3n operativa. Trabaja en el back office en la estrategia de crecimiento y el desarrollo del negocio. Met\u00f3dico y riguroso, tambi\u00e9n se le da bien detectar las innovaciones en el mercado del bienestar, bas\u00e1ndose en un conocimiento detallado del sector y de las expectativas de los consumidores exigentes que buscan tratamientos de alto rendimiento.  \u00bb  <em>Julien<\/em><\/p>\t\t\t\t\t\t\t\t<\/div>\n\t\t\t\t<\/div>\n\t\t\t\t\t<\/div>\n\t\t<\/div>\n\t\t\t\t<div class=\"elementor-column elementor-col-50 elementor-inner-column elementor-element elementor-element-eb06507\" data-id=\"eb06507\" data-element_type=\"column\" data-e-type=\"column\">\n\t\t\t<div class=\"elementor-widget-wrap elementor-element-populated\">\n\t\t\t\t\t\t<div class=\"elementor-element elementor-element-38b1958 elementor-widget elementor-widget-image\" data-id=\"38b1958\" data-element_type=\"widget\" data-e-type=\"widget\" data-widget_type=\"image.default\">\n\t\t\t\t<div class=\"elementor-widget-container\">\n\t\t\t\t\t\t\t\t\t\t\t\t<figure class=\"wp-caption\">\n\t\t\t\t\t\t\t\t\t\t<img fetchpriority=\"high\" decoding=\"async\" width=\"256\" height=\"286\" src=\"https:\/\/3rings.eu\/wp-content\/uploads\/2020\/12\/christian-stadelmann.jpg\" class=\"attachment-large size-large wp-image-2533\" alt=\"Christian Stadelmann\" srcset=\"https:\/\/3rings.eu\/wp-content\/uploads\/2020\/12\/christian-stadelmann.jpg 256w, https:\/\/3rings.eu\/wp-content\/uploads\/2020\/12\/christian-stadelmann-11x12.jpg 11w\" sizes=\"(max-width: 256px) 100vw, 256px\" title=\"\">\t\t\t\t\t\t\t\t\t\t\t<figcaption class=\"widget-image-caption wp-caption-text\">Christian Stadelmann<\/figcaption>\n\t\t\t\t\t\t\t\t\t\t<\/figure>\n\t\t\t\t\t\t\t\t\t<\/div>\n\t\t\t\t<\/div>\n\t\t\t\t<div class=\"elementor-element elementor-element-8495ca0 elementor-shape-rounded elementor-grid-0 e-grid-align-center elementor-widget elementor-widget-social-icons\" data-id=\"8495ca0\" data-element_type=\"widget\" data-e-type=\"widget\" data-widget_type=\"social-icons.default\">\n\t\t\t\t<div class=\"elementor-widget-container\">\n\t\t\t\t\t\t\t<div class=\"elementor-social-icons-wrapper elementor-grid\" role=\"list\">\n\t\t\t\t\t\t\t<span class=\"elementor-grid-item\" role=\"listitem\">\n\t\t\t\t\t<a class=\"elementor-icon elementor-social-icon elementor-social-icon-linkedin elementor-animation-grow elementor-repeater-item-71580f8\" href=\"https:\/\/www.linkedin.com\/in\/christian-stadelmann-42b002202\/\" target=\"_blank\" rel=\"noopener noreferrer nofollow\">\n\t\t\t\t\t\t<span class=\"elementor-screen-only\">Linkedin<\/span>\n\t\t\t\t\t\t<i aria-hidden=\"true\" class=\"fab fa-linkedin\"><\/i>\t\t\t\t\t<\/a>\n\t\t\t\t<\/span>\n\t\t\t\t\t\t\t<span class=\"elementor-grid-item\" role=\"listitem\">\n\t\t\t\t\t<a class=\"elementor-icon elementor-social-icon elementor-social-icon-envelope elementor-animation-grow elementor-repeater-item-fb38da1\" href=\"mailto:info@3rings.eu\" target=\"_blank\">\n\t\t\t\t\t\t<span class=\"elementor-screen-only\">Sobre<\/span>\n\t\t\t\t\t\t<i aria-hidden=\"true\" class=\"fas fa-envelope\"><\/i>\t\t\t\t\t<\/a>\n\t\t\t\t<\/span>\n\t\t\t\t\t<\/div>\n\t\t\t\t\t\t<\/div>\n\t\t\t\t<\/div>\n\t\t\t\t\t<\/div>\n\t\t<\/div>\n\t\t\t\t\t<\/div>\n\t\t<\/section>\n\t\t\t\t<section class=\"elementor-section elementor-inner-section elementor-element elementor-element-48788da elementor-section-boxed elementor-section-height-default elementor-section-height-default\" data-id=\"48788da\" data-element_type=\"section\" data-e-type=\"section\">\n\t\t\t\t\t\t<div class=\"elementor-container elementor-column-gap-default\">\n\t\t\t\t\t<div class=\"elementor-column elementor-col-50 elementor-inner-column elementor-element elementor-element-34a2b1e\" data-id=\"34a2b1e\" data-element_type=\"column\" data-e-type=\"column\">\n\t\t\t<div class=\"elementor-widget-wrap elementor-element-populated\">\n\t\t\t\t\t\t<div class=\"elementor-element elementor-element-2adeb2a elementor-widget elementor-widget-text-editor\" data-id=\"2adeb2a\" data-element_type=\"widget\" data-e-type=\"widget\" data-widget_type=\"text-editor.default\">\n\t\t\t\t<div class=\"elementor-widget-container\">\n\t\t\t\t\t\t\t\t\t<p class=\"translation-block\">\u00ab <strong>Julien<\/strong> es un apasionado de la estrategia de relaciones, el desarrollo de negocios B2B, el posicionamiento de marcas y la gesti\u00f3n de redes minoristas y mayoristas. Est\u00e1 en primera l\u00ednea, en contacto con clientes y socios en Europa y a nivel internacional. Su experiencia profesional le permite liderar el desarrollo de nuestras redes de marketing as\u00ed como la gesti\u00f3n de equipos multiculturales. Muy carism\u00e1tico y din\u00e1mico, destaca en la construcci\u00f3n de s\u00f3lidas relaciones humanas y profesionales.\u00a0\u00bb <em>Christian<\/em><\/p>\t\t\t\t\t\t\t\t<\/div>\n\t\t\t\t<\/div>\n\t\t\t\t\t<\/div>\n\t\t<\/div>\n\t\t\t\t<div class=\"elementor-column elementor-col-50 elementor-inner-column elementor-element elementor-element-8c681b2\" data-id=\"8c681b2\" data-element_type=\"column\" data-e-type=\"column\">\n\t\t\t<div class=\"elementor-widget-wrap elementor-element-populated\">\n\t\t\t\t\t\t<div class=\"elementor-element elementor-element-dc4eebb elementor-widget elementor-widget-image\" data-id=\"dc4eebb\" data-element_type=\"widget\" data-e-type=\"widget\" data-widget_type=\"image.default\">\n\t\t\t\t<div class=\"elementor-widget-container\">\n\t\t\t\t\t\t\t\t\t\t\t\t<figure class=\"wp-caption\">\n\t\t\t\t\t\t\t\t\t\t<img decoding=\"async\" width=\"256\" height=\"297\" src=\"https:\/\/3rings.eu\/wp-content\/uploads\/2020\/12\/julien-michoud.jpg\" class=\"attachment-large size-large wp-image-2534\" alt=\"Julien Michoud\" srcset=\"https:\/\/3rings.eu\/wp-content\/uploads\/2020\/12\/julien-michoud.jpg 256w, https:\/\/3rings.eu\/wp-content\/uploads\/2020\/12\/julien-michoud-10x12.jpg 10w\" sizes=\"(max-width: 256px) 100vw, 256px\" title=\"\">\t\t\t\t\t\t\t\t\t\t\t<figcaption class=\"widget-image-caption wp-caption-text\">Julien Michoud<\/figcaption>\n\t\t\t\t\t\t\t\t\t\t<\/figure>\n\t\t\t\t\t\t\t\t\t<\/div>\n\t\t\t\t<\/div>\n\t\t\t\t<div class=\"elementor-element elementor-element-f096294 elementor-shape-rounded elementor-grid-0 e-grid-align-center elementor-widget elementor-widget-social-icons\" data-id=\"f096294\" data-element_type=\"widget\" data-e-type=\"widget\" data-widget_type=\"social-icons.default\">\n\t\t\t\t<div class=\"elementor-widget-container\">\n\t\t\t\t\t\t\t<div class=\"elementor-social-icons-wrapper elementor-grid\" role=\"list\">\n\t\t\t\t\t\t\t<span class=\"elementor-grid-item\" role=\"listitem\">\n\t\t\t\t\t<a class=\"elementor-icon elementor-social-icon elementor-social-icon-linkedin elementor-animation-grow elementor-repeater-item-71580f8\" href=\"https:\/\/www.linkedin.com\/in\/julien-michoud-2178901a\/\" target=\"_blank\" rel=\"noopener noreferrer nofollow\">\n\t\t\t\t\t\t<span class=\"elementor-screen-only\">Linkedin<\/span>\n\t\t\t\t\t\t<i aria-hidden=\"true\" class=\"fab fa-linkedin\"><\/i>\t\t\t\t\t<\/a>\n\t\t\t\t<\/span>\n\t\t\t\t\t\t\t<span class=\"elementor-grid-item\" role=\"listitem\">\n\t\t\t\t\t<a class=\"elementor-icon elementor-social-icon elementor-social-icon-envelope elementor-animation-grow elementor-repeater-item-fb38da1\" href=\"mailto:info@3rings.eu\" target=\"_blank\">\n\t\t\t\t\t\t<span class=\"elementor-screen-only\">Sobre<\/span>\n\t\t\t\t\t\t<i aria-hidden=\"true\" class=\"fas fa-envelope\"><\/i>\t\t\t\t\t<\/a>\n\t\t\t\t<\/span>\n\t\t\t\t\t<\/div>\n\t\t\t\t\t\t<\/div>\n\t\t\t\t<\/div>\n\t\t\t\t\t<\/div>\n\t\t<\/div>\n\t\t\t\t\t<\/div>\n\t\t<\/section>\n\t\t\t\t<div class=\"elementor-element elementor-element-2464ef2 elementor-blockquote--skin-quotation elementor-blockquote--align-center elementor-widget elementor-widget-blockquote\" data-id=\"2464ef2\" data-element_type=\"widget\" data-e-type=\"widget\" data-widget_type=\"blockquote.default\">\n\t\t\t\t<div class=\"elementor-widget-container\">\n\t\t\t\t\t\t\t<blockquote class=\"elementor-blockquote\">\n\t\t\t<p class=\"elementor-blockquote__content\">\n\t\t\t\tLa belleza est\u00e1 en los ojos de quien observa\t\t\t<\/p>\n\t\t\t\t\t\t\t<div class=\"e-q-footer\">\n\t\t\t\t\t\t\t\t\t\t\t<cite class=\"elementor-blockquote__author\">Orson Welles<\/cite>\n\t\t\t\t\t\t\t\t\t\t\t\t\t\t<\/div>\n\t\t\t\t\t<\/blockquote>\n\t\t\t\t\t\t<\/div>\n\t\t\t\t<\/div>\n\t\t\t\t<div class=\"elementor-element elementor-element-383a1d7 elementor-widget elementor-widget-heading\" data-id=\"383a1d7\" data-element_type=\"widget\" data-e-type=\"widget\" data-widget_type=\"heading.default\">\n\t\t\t\t<div class=\"elementor-widget-container\">\n\t\t\t\t\t<h2 class=\"elementor-heading-title elementor-size-default\">Asociaci\u00f3n comercial seg\u00fan 3 RINGS<\/h2>\t\t\t\t<\/div>\n\t\t\t\t<\/div>\n\t\t\t\t<div class=\"elementor-element elementor-element-05c105c elementor-tabs-view-horizontal elementor-widget elementor-widget-tabs\" data-id=\"05c105c\" data-element_type=\"widget\" data-e-type=\"widget\" data-widget_type=\"tabs.default\">\n\t\t\t\t<div class=\"elementor-widget-container\">\n\t\t\t\t\t\t\t<div class=\"elementor-tabs\">\n\t\t\t<div class=\"elementor-tabs-wrapper\" role=\"tablist\" >\n\t\t\t\t\t\t\t\t\t<div id=\"elementor-tab-title-6031\" class=\"elementor-tab-title elementor-tab-desktop-title\" aria-selected=\"true\" data-tab=\"1\" role=\"tab\" tabindex=\"0\" aria-controls=\"elementor-tab-content-6031\" aria-expanded=\"false\">Rendimiento<\/div>\n\t\t\t\t\t\t\t\t\t<div id=\"elementor-tab-title-6032\" class=\"elementor-tab-title elementor-tab-desktop-title\" aria-selected=\"false\" data-tab=\"2\" role=\"tab\" tabindex=\"-1\" aria-controls=\"elementor-tab-content-6032\" aria-expanded=\"false\">Soporte<\/div>\n\t\t\t\t\t\t\t\t\t<div id=\"elementor-tab-title-6033\" class=\"elementor-tab-title elementor-tab-desktop-title\" aria-selected=\"false\" data-tab=\"3\" role=\"tab\" tabindex=\"-1\" aria-controls=\"elementor-tab-content-6033\" aria-expanded=\"false\">Compromiso<\/div>\n\t\t\t\t\t\t\t<\/div>\n\t\t\t<div class=\"elementor-tabs-content-wrapper\" role=\"tablist\" aria-orientation=\"vertical\">\n\t\t\t\t\t\t\t\t\t<div class=\"elementor-tab-title elementor-tab-mobile-title\" aria-selected=\"true\" data-tab=\"1\" role=\"tab\" tabindex=\"0\" aria-controls=\"elementor-tab-content-6031\" aria-expanded=\"false\">Rendimiento<\/div>\n\t\t\t\t\t<div id=\"elementor-tab-content-6031\" class=\"elementor-tab-content elementor-clearfix\" data-tab=\"1\" role=\"tabpanel\" aria-labelledby=\"elementor-tab-title-6031\" tabindex=\"0\" hidden=\"false\"><p>3 Rings Europa busca ser un activador comercial para cada uno de sus puntos de venta al proporcionar herramientas mercantiles dirigidas a generar ganancias.<\/p><\/div>\n\t\t\t\t\t\t\t\t\t<div class=\"elementor-tab-title elementor-tab-mobile-title\" aria-selected=\"false\" data-tab=\"2\" role=\"tab\" tabindex=\"-1\" aria-controls=\"elementor-tab-content-6032\" aria-expanded=\"false\">Soporte<\/div>\n\t\t\t\t\t<div id=\"elementor-tab-content-6032\" class=\"elementor-tab-content elementor-clearfix\" data-tab=\"2\" role=\"tabpanel\" aria-labelledby=\"elementor-tab-title-6032\" tabindex=\"0\" hidden=\"hidden\"><p>3 Rings Europa ofrece apoyo y consejo personalizado en imagen para marcas y en estrat\u00e9gia comercial. Al ser expertos en productos premium de vanguardia, ayudamos a definir el mejor plan de distribuci\u00f3n y el potencial de crecimiento para cada mercado.<\/p><\/div>\n\t\t\t\t\t\t\t\t\t<div class=\"elementor-tab-title elementor-tab-mobile-title\" aria-selected=\"false\" data-tab=\"3\" role=\"tab\" tabindex=\"-1\" aria-controls=\"elementor-tab-content-6033\" aria-expanded=\"false\">Compromiso<\/div>\n\t\t\t\t\t<div id=\"elementor-tab-content-6033\" class=\"elementor-tab-content elementor-clearfix\" data-tab=\"3\" role=\"tabpanel\" aria-labelledby=\"elementor-tab-title-6033\" tabindex=\"0\" hidden=\"hidden\"><p>3 Rings Europa est\u00e1 comprometido a seleccionar productos decididamente innovadores bas\u00e1ndose en los \u00faltimos descubrimientos de la investigaci\u00f3n biom\u00e9dica en anti-envejecimiento.<\/p><p>Las marcas de cosm\u00e9ticos Nescens y Biolux representan la excelencia e innovaci\u00f3n Suiza, al comprender los mecanismos que participan en la reparaci\u00f3n de la piel. Este enfoque est\u00e1 respaldado sistem\u00e1ticamente por pruebas cl\u00ednicas, las cuales garantizan la calidad y seguridad de los programas y productos distribuidos.<\/p><\/div>\n\t\t\t\t\t\t\t<\/div>\n\t\t<\/div>\n\t\t\t\t\t\t<\/div>\n\t\t\t\t<\/div>\n\t\t\t\t<div class=\"elementor-element elementor-element-e6d9d4b elementor-widget elementor-widget-heading\" data-id=\"e6d9d4b\" data-element_type=\"widget\" data-e-type=\"widget\" data-widget_type=\"heading.default\">\n\t\t\t\t<div class=\"elementor-widget-container\">\n\t\t\t\t\t<h2 class=\"elementor-heading-title elementor-size-default\">Informaci\u00f3n Legal<\/h2>\t\t\t\t<\/div>\n\t\t\t\t<\/div>\n\t\t\t\t<div class=\"elementor-element elementor-element-20cb264e elementor-widget elementor-widget-text-editor\" data-id=\"20cb264e\" data-element_type=\"widget\" data-e-type=\"widget\" data-widget_type=\"text-editor.default\">\n\t\t\t\t<div class=\"elementor-widget-container\">\n\t\t\t\t\t\t\t\t\t<p><strong>3 Rings Europe SA<\/strong><br \/>19, Av. du Pr\u00e9 de Challes<br \/>74940 Annecy<br \/>France<\/p><p>IVA: FR 05879722809<br \/>N\u00b0 Siret: 87972280900024<\/p><p>Sitio web:\u00a0<a href=\"https:\/\/3rings.eu\/es\/\">https:\/\/3rings.eu<\/a><br \/>Correo electr\u00f3nico:\u00a0<a href=\"mailto:info@3rings.eu\">info@3rings.eu<\/a><\/p>\t\t\t\t\t\t\t\t<\/div>\n\t\t\t\t<\/div>\n\t\t\t\t\t<\/div>\n\t\t<\/div>\n\t\t\t\t\t<\/div>\n\t\t<\/section>\n\t\t\t\t<\/div>","protected":false},"excerpt":{"rendered":"<p>Authorized Distributor The DNA of 3 RINGS Europe 3 Rings Europe is a company that specializes in the distribution and marketing of innovative cosmetics and cosmeceuticals. These expert treatments, highly concentrated in active ingredients, perfectly align with pharmaceuticals and cosmetology, resulting from many years of scientific research. The founders of 3 Rings Europe, Christian Stadelmann [&hellip;]<\/p>","protected":false},"author":1,"featured_media":2332,"parent":0,"menu_order":0,"comment_status":"closed","ping_status":"closed","template":"elementor_header_footer","meta":{"footnotes":""},"class_list":["post-61","page","type-page","status-publish","has-post-thumbnail","hentry"],"_links":{"self":[{"href":"https:\/\/3rings.eu\/es\/wp-json\/wp\/v2\/pages\/61","targetHints":{"allow":["GET"]}}],"collection":[{"href":"https:\/\/3rings.eu\/es\/wp-json\/wp\/v2\/pages"}],"about":[{"href":"https:\/\/3rings.eu\/es\/wp-json\/wp\/v2\/types\/page"}],"author":[{"embeddable":true,"href":"https:\/\/3rings.eu\/es\/wp-json\/wp\/v2\/users\/1"}],"replies":[{"embeddable":true,"href":"https:\/\/3rings.eu\/es\/wp-json\/wp\/v2\/comments?post=61"}],"version-history":[{"count":0,"href":"https:\/\/3rings.eu\/es\/wp-json\/wp\/v2\/pages\/61\/revisions"}],"wp:featuredmedia":[{"embeddable":true,"href":"https:\/\/3rings.eu\/es\/wp-json\/wp\/v2\/media\/2332"}],"wp:attachment":[{"href":"https:\/\/3rings.eu\/es\/wp-json\/wp\/v2\/media?parent=61"}],"curies":[{"name":"wp","href":"https:\/\/api.w.org\/{rel}","templated":true}]}}