{"id":1096,"date":"2020-11-08T09:53:41","date_gmt":"2020-11-08T08:53:41","guid":{"rendered":"https:\/\/3rings.eu\/anti-skin-slackening-complex-200ml\/"},"modified":"2025-01-22T11:17:08","modified_gmt":"2025-01-22T10:17:08","slug":"nescens-complejo-antiadherente-cutaneo-cuerpo-200ml","status":"publish","type":"product","link":"https:\/\/3rings.eu\/es\/producto\/nescens-complejo-antiadherente-cutaneo-cuerpo-200ml\/","title":{"rendered":"Complejo antiadherente cut\u00e1neo, Cuerpo - Nescens"},"content":{"rendered":"<p>El tratamiento corporal antiedad definitivo. Un complejo de rejuvenecimiento general de las estructuras de la piel para prevenir y compensar el debilitamiento de los tejidos y mejorar su elasticidad. El complejo antiadherente de la piel combina un alto rendimiento cosmec\u00e9utico con el lujo de una f\u00f3rmula gal\u00e9nica fluida y envolvente.<\/p>\n<h2>Beneficios cosmec\u00e9uticos<\/h2>\n<ul>\n<li>Restaura la tensi\u00f3n fisiol\u00f3gica de los tejidos y mejora su tono.<\/li>\n<li>Estimula los mecanismos de regeneraci\u00f3n de los componentes de la matriz extracelular (col\u00e1geno, elastina, glicosaminoglicanos), de vital importancia para garantizar una piel firme y el\u00e1stica.<\/li>\n<li>Regula el proceso de exfoliaci\u00f3n natural y elimina las asperezas epid\u00e9rmicas.<\/li>\n<li>Restaura los suministros de agua y l\u00edpidos en el estrato c\u00f3rneo, esencial para la preservaci\u00f3n de una piel suave y confortable.<\/li>\n<li>Previene y corrige los problemas de pigmentaci\u00f3n relacionados con el envejecimiento cronol\u00f3gico y fotoinducido para lograr una piel perfectamente uniforme.<\/li>\n<\/ul>\n<h2>Instrucciones de uso<\/h2>\n<p class=\"translation-block\">Como parte del programa de cuidado de la piel cosmec\u00e9utico de Nescens, hay que aplicar el complejo antiadherente cut\u00e1neo por la ma\u00f1ana y por la noche en toda la superficie del cuerpo con movimientos de alisado hacia arriba. Indicado para el tratamiento de afecciones cut\u00e1neas corporales afectadas por la flacidez, atrofia, deshidrataci\u00f3n, deslipidaci\u00f3n y problemas de pigmentaci\u00f3n. Para zonas secas y escamosas (antebrazos, muslos, piernas\u2026), proceder con la aplicaci\u00f3n previa de la <a href=\"https:\/\/3rings.eu\/es\/producto\/nescens-emulsion-rejuvenecedora-pha-cuerpo-200ml\/\" target=\"_self\">emulsi\u00f3n reparadora de PHA<\/a>. Aplicar el complejo antiadherente cut\u00e1neo en las zonas restantes.<\/p>\n<p>Para hombre y mujer. Probado cl\u00ednicamente bajo control dermatol\u00f3gico.<\/p>\n<h2>Ingredientes activos principales<\/h2>\n<ul>\n<li><strong>Niacinamida:<\/strong> ejerce un efecto estabilizador sobre la barrera epid\u00e9rmica. Mejora el contenido de humedad del estrato c\u00f3rneo. Acelera la diferenciaci\u00f3n de queratinocitos.<\/li>\n<li><strong>N-acetilglucosamina:<\/strong> fomenta la adhesi\u00f3n celular (se une a las glicoprote\u00ednas, que a su vez se unen a los corneocitos). Estimula la expresi\u00f3n de marcadores de diferenciaci\u00f3n de queratinocitos (queratina, involucrina).<\/li>\n<li><strong>Taurina:<\/strong> protege las c\u00e9lulas epid\u00e9rmicas de la deshidrataci\u00f3n en un ambiente seco.<\/li>\n<li><strong>Palmitato de retinilo (vitamina A):<\/strong> acelera la regeneraci\u00f3n de las c\u00e9lulas epid\u00e9rmicas y normaliza su proceso de diferenciaci\u00f3n.<\/li>\n<li><strong>Tetraisopalmitato de ascorbilo (vitamina C):<\/strong> estimula la producci\u00f3n de col\u00e1geno.<\/li>\n<li><strong>Acetato de tocoferilo (vitamina E):<\/strong> aumenta la hidrataci\u00f3n de la capa c\u00f3rnea de la piel. Mejora el relieve de la superficie de la piel. Muestra efectos fotoprotectores y aumenta la eficacia de los factores de protecci\u00f3n solar (FPS). Ofrece beneficiosos efectos antioxidantes.<\/li>\n<li><strong>Manuronato de metilsilanol:<\/strong> fomenta la regeneraci\u00f3n de la piel. Retrasa la p\u00e9rdida de elasticidad cut\u00e1nea y los cambios en la estructura del tejido conectivo relacionados con el proceso de envejecimiento.<\/li>\n<li><strong>Glicerina:<\/strong> restaura la estructura laminar de los l\u00edpidos intercelulares en el estrato c\u00f3rneo y asegura una hidrataci\u00f3n \u00f3ptima en las diferentes capas de la epidermis.<\/li>\n<li><strong>Urea:<\/strong> aumenta la actividad de las enzimas implicadas en la s\u00edntesis de l\u00edpidos epid\u00e9rmicos.<\/li>\n<li><strong>Pantenol:<\/strong> contribuye a la reconstituci\u00f3n de las capas lip\u00eddicas epid\u00e9rmicas. Sus propiedades higrosc\u00f3picas potencian la hidrataci\u00f3n.<\/li>\n<\/ul>\n<p>&nbsp;<\/p>","protected":false},"excerpt":{"rendered":"<p>Ayuda a restaurar la capacidad de los tejidos de la piel para reconstruir sus principales marcadores de juventud: elasticidad, tono, flexibilidad, comodidad y luminosidad.<\/p>","protected":false},"featured_media":1168,"comment_status":"open","ping_status":"closed","template":"","meta":[],"product_brand":[],"product_cat":[88,73],"product_tag":[],"class_list":{"0":"post-1096","1":"product","2":"type-product","3":"status-publish","4":"has-post-thumbnail","6":"product_cat-correcting-care","7":"product_cat-cosmeceutic","9":"first","10":"instock","11":"taxable","12":"shipping-taxable","13":"purchasable","14":"product-type-simple"},"_links":{"self":[{"href":"https:\/\/3rings.eu\/es\/wp-json\/wp\/v2\/product\/1096","targetHints":{"allow":["GET"]}}],"collection":[{"href":"https:\/\/3rings.eu\/es\/wp-json\/wp\/v2\/product"}],"about":[{"href":"https:\/\/3rings.eu\/es\/wp-json\/wp\/v2\/types\/product"}],"replies":[{"embeddable":true,"href":"https:\/\/3rings.eu\/es\/wp-json\/wp\/v2\/comments?post=1096"}],"version-history":[{"count":0,"href":"https:\/\/3rings.eu\/es\/wp-json\/wp\/v2\/product\/1096\/revisions"}],"wp:featuredmedia":[{"embeddable":true,"href":"https:\/\/3rings.eu\/es\/wp-json\/wp\/v2\/media\/1168"}],"wp:attachment":[{"href":"https:\/\/3rings.eu\/es\/wp-json\/wp\/v2\/media?parent=1096"}],"wp:term":[{"taxonomy":"product_brand","embeddable":true,"href":"https:\/\/3rings.eu\/es\/wp-json\/wp\/v2\/product_brand?post=1096"},{"taxonomy":"product_cat","embeddable":true,"href":"https:\/\/3rings.eu\/es\/wp-json\/wp\/v2\/product_cat?post=1096"},{"taxonomy":"product_tag","embeddable":true,"href":"https:\/\/3rings.eu\/es\/wp-json\/wp\/v2\/product_tag?post=1096"}],"curies":[{"name":"wp","href":"https:\/\/api.w.org\/{rel}","templated":true}]}}