{"id":1097,"date":"2020-11-08T09:53:41","date_gmt":"2020-11-08T08:53:41","guid":{"rendered":"https:\/\/3rings.eu\/bio-identical-lipid-replenishing-50ml\/"},"modified":"2024-10-31T20:05:29","modified_gmt":"2024-10-31T19:05:29","slug":"nescens-crema-reconstituyente-lipidos-bioidentica-cara-50ml","status":"publish","type":"product","link":"https:\/\/3rings.eu\/es\/producto\/nescens-crema-reconstituyente-lipidos-bioidentica-cara-50ml\/","title":{"rendered":"Crema Reconstituyente de L\u00edpidos Bioid\u00e9ntica, Cara - Nescens"},"content":{"rendered":"<p>La f\u00f3rmula exclusiva de la crema reconstituyente de l\u00edpidos bioid\u00e9ntica de Nescens ayuda a restaurar la sustancia, el volumen y la comodidad de los tipos de piel m\u00e1s secos. Esta preparaci\u00f3n extremadamente rica penetra idealmente en las capas superficiales de la epidermis, asegurando una acci\u00f3n remanente. El epitelio est\u00e1 mejor protegido y es m\u00e1s resistente a agresiones externas.<\/p>\n<h2>Beneficios cosmec\u00e9uticos<\/h2>\n<p>Esta innovadora f\u00f3rmula cosmec\u00e9utica de Nescens act\u00faa en dos niveles para:<\/p>\n<ol>\n<li>Compensar las deficiencias lip\u00eddicas que se ven en la piel envejecida, mediante el suministro ex\u00f3geno de varias clases de l\u00edpidos bioid\u00e9nticos (an\u00e1logos a los l\u00edpidos producidos de manera natural en la piel).<\/li>\n<li>Reactivar a la vez la s\u00edntesis de los l\u00edpidos fisiol\u00f3gicos afectados por la edad avanzada.<\/li>\n<\/ol>\n<p>Este innovador proceso de reconstituci\u00f3n de l\u00edpidos induce:<\/p>\n<ul>\n<li>Una rehidrataci\u00f3n profunda y duradera de la epidermis, desde las primeras aplicaciones.<\/li>\n<li>Una mejora de las propiedades mec\u00e1nicas de la piel: resistencia, elasticidad y firmeza.<\/li>\n<li>Una reducci\u00f3n significativa de micro-pliegues y l\u00edneas delgadas.<\/li>\n<li>Una normalizaci\u00f3n de la descamaci\u00f3n excesiva, caracter\u00edstica de la piel seca.<\/li>\n<li>Un alisado de la rugosidad de la superficie.<\/li>\n<\/ul>\n<h2>Instrucciones de uso<\/h2>\n<p>Aplicar por la ma\u00f1ana y por la noche en la cara y el cuello, solo o junto con los dem\u00e1s productos de cuidado corrector de Nescens.<\/p>\n<p class=\"translation-block\">Se recomienda la crema reconstituyente de l\u00edpidos bioid\u00e9ntica para el tratamiento a largo plazo de las afecciones constitucionales de la piel seca o como tratamiento intensivo (12 semanas) para las afecciones ocasionales de la piel seca. Seg\u00fan el sistema cosmec\u00e9utico de Nescens, hay que usar la crema reconstituyente de l\u00edpidos bioid\u00e9ntica dos veces al d\u00eda, independientemente de o junto a otros <a href=\"https:\/\/3rings.eu\/es\/categoria-producto\/cosmeceutica\/tratamiento-corrector\/\" target=\"_self\">productos correctores Nescens<\/a>.<\/p>\n<p>Para hombre y mujer. Probado cl\u00ednicamente bajo supervisi\u00f3n dermatol\u00f3gica y oftalmol\u00f3gica.<\/p>\n<h2>Ingredientes activos principales<\/h2>\n<ul>\n<li><strong>Ceramida AP, NP y EOP:<\/strong> l\u00edpidos fundamentales necesarios para la restauraci\u00f3n de la barrera hidrolip\u00eddica. Aseguran la cohesi\u00f3n de la capa del estrato c\u00f3rneo de la piel.<\/li>\n<li><strong>Fitoesfingosina:<\/strong> reduce la actividad de las metaloproteasas de la matriz y aumenta la producci\u00f3n de prote\u00ednas de la matriz extracelular. Estimula la diferenciaci\u00f3n de queratinocitos. Refuerza la cohesi\u00f3n de los corneocitos. Tiene efectos anti-envejecimiento.<\/li>\n<li><strong>Colesterol:<\/strong> componente esencial de la barrera lip\u00eddica epid\u00e9rmica.<\/li>\n<li><strong>\u00c1cido palm\u00edtico:<\/strong> regula la acidificaci\u00f3n, la integridad y la cohesi\u00f3n del estrato c\u00f3rneo. Aumenta la hidrataci\u00f3n y elasticidad de la piel.<\/li>\n<li><strong>\u00c1cido este\u00e1rico:<\/strong> juega un papel clave en el mantenimiento de la flexibilidad de la barrera lip\u00eddica en el estrato c\u00f3rneo. Tiene un efecto antiinflamatorio.<\/li>\n<li><strong>Niacinamida:<\/strong> ejerce un efecto estabilizador sobre la barrera epid\u00e9rmica. Mejora el contenido de humedad del estrato c\u00f3rneo. Acelera la diferenciaci\u00f3n de queratinocitos.<\/li>\n<li><strong>Glicerina:<\/strong> restaura la organizaci\u00f3n de las laminillas lip\u00eddicas intercelulares en el estrato c\u00f3rneo. Aporta hidrataci\u00f3n a las diferentes capas de la epidermis.<\/li>\n<li><strong>Urea:<\/strong> reduce la hiperproliferaci\u00f3n epid\u00e9rmica e induce la diferenciaci\u00f3n de queratinocitos. Regula al alza las enzimas sintetizadoras de l\u00edpidos epid\u00e9rmicos.<\/li>\n<li><strong>Isomerato de sac\u00e1rido:<\/strong> proporciona una hidrataci\u00f3n altamente eficaz y duradera en condiciones de aire seco y baja humedad relativa.<\/li>\n<\/ul>","protected":false},"excerpt":{"rendered":"<p>Reposici\u00f3n intensa de l\u00edpidos. La piel recupera el aspecto pleno, flexible y terso de una piel de aspecto m\u00e1s joven. Su superficie aparece m\u00e1s suave y sedosa, y tu tez m\u00e1s radiante. Restaura sustancia y volumen, ofreciendo comodidad incluso a las pieles m\u00e1s secas.<\/p>","protected":false},"featured_media":1166,"comment_status":"open","ping_status":"closed","template":"","meta":[],"product_brand":[],"product_cat":[88,73],"product_tag":[],"class_list":{"0":"post-1097","1":"product","2":"type-product","3":"status-publish","4":"has-post-thumbnail","6":"product_cat-correcting-care","7":"product_cat-cosmeceutic","9":"first","10":"instock","11":"taxable","12":"shipping-taxable","13":"purchasable","14":"product-type-simple"},"_links":{"self":[{"href":"https:\/\/3rings.eu\/es\/wp-json\/wp\/v2\/product\/1097","targetHints":{"allow":["GET"]}}],"collection":[{"href":"https:\/\/3rings.eu\/es\/wp-json\/wp\/v2\/product"}],"about":[{"href":"https:\/\/3rings.eu\/es\/wp-json\/wp\/v2\/types\/product"}],"replies":[{"embeddable":true,"href":"https:\/\/3rings.eu\/es\/wp-json\/wp\/v2\/comments?post=1097"}],"version-history":[{"count":0,"href":"https:\/\/3rings.eu\/es\/wp-json\/wp\/v2\/product\/1097\/revisions"}],"wp:featuredmedia":[{"embeddable":true,"href":"https:\/\/3rings.eu\/es\/wp-json\/wp\/v2\/media\/1166"}],"wp:attachment":[{"href":"https:\/\/3rings.eu\/es\/wp-json\/wp\/v2\/media?parent=1097"}],"wp:term":[{"taxonomy":"product_brand","embeddable":true,"href":"https:\/\/3rings.eu\/es\/wp-json\/wp\/v2\/product_brand?post=1097"},{"taxonomy":"product_cat","embeddable":true,"href":"https:\/\/3rings.eu\/es\/wp-json\/wp\/v2\/product_cat?post=1097"},{"taxonomy":"product_tag","embeddable":true,"href":"https:\/\/3rings.eu\/es\/wp-json\/wp\/v2\/product_tag?post=1097"}],"curies":[{"name":"wp","href":"https:\/\/api.w.org\/{rel}","templated":true}]}}