{"id":1098,"date":"2020-11-08T09:53:41","date_gmt":"2020-11-08T08:53:41","guid":{"rendered":"https:\/\/3rings.eu\/bio-identical-rehydrating-serum-30ml\/"},"modified":"2025-02-11T03:12:00","modified_gmt":"2025-02-11T02:12:00","slug":"nescens-suero-rehidratante-bioidentico-cara-30ml","status":"publish","type":"product","link":"https:\/\/3rings.eu\/es\/producto\/nescens-suero-rehidratante-bioidentico-cara-30ml\/","title":{"rendered":"Suero rehidratante bioid\u00e9ntico, Cara - Nescens"},"content":{"rendered":"<p>La l\u00f3gica funcional de rehidrataci\u00f3n de la piel aplicada al suero rehidratante bioid\u00e9ntico de Nescens implica aplicar todos los mecanismos de hidrataci\u00f3n de la piel que son esenciales para mantener su estado juvenil.<\/p>\n<p>Los ingredientes de la formula tienen la capacidad de atrapar el agua en las diferentes capas del estrato c\u00f3rneo y reorganizar la barrera lip\u00eddica, limitando as\u00ed la p\u00e9rdida transepid\u00e9rmica del agua (TEWL). La optimizaci\u00f3n del suero rehidratante bioid\u00e9ntico de Nescens de los flujos de humedad epid\u00e9rmica tiene una gran influencia en las marcas de juventud de la piel. Esta intensa rehidrataci\u00f3n hace que el micro-relieve de la piel se \"nivele\": las arrugas disminuyen y la epidermis recupera la apariencia tersa y completa de una piel de aspecto joven.<\/p>\n<h2>Beneficios cosmec\u00e9uticos<\/h2>\n<ul>\n<li>Compensa el d\u00e9ficit relacionado con el envejecimiento y la exposici\u00f3n solar en los diferentes componentes del Factor Hidratante Natural (NMF) y favorece su s\u00edntesis.<\/li>\n<li>Reconstruye la estructura laminar de los l\u00edpidos cut\u00e1neos.<\/li>\n<li>Previene el da\u00f1o al cemento intercelular.<\/li>\n<li>Activa las acuaporinas (\"bombas de agua\") en las membranas celulares.<\/li>\n<li>Corrige las deficiencias en la producci\u00f3n de \u00e1cido hialur\u00f3nico y activa su s\u00edntesis.<\/li>\n<\/ul>\n<p><em>Hidrataci\u00f3n de las capas superiores de la epidermis.<\/em><\/p>\n<h2>Instrucciones de uso<\/h2>\n<p class=\"translation-block\">Aplicar por la ma\u00f1ana y por la noche unas gotas en la cara y el cuello, antes de la aplicaci\u00f3n de los tratamientos de  <a href=\"https:\/\/3rings.eu\/es\/categoria-producto\/cosmeceutica-2\/tratamiento-corrector\/\" target=\"_self\">cuidado corrector<\/a>.<\/p>\n<p>El suero rehidratante bioid\u00e9ntico se recomienda como un tratamiento a largo plazo para las afecciones constitucionales de la piel deshidratada o como un tratamiento intensivo para las afecciones puntuales de la piel deshidratada por condiciones clim\u00e1ticas particulares.<\/p>\n<p>Seg\u00fan el sistema cosmec\u00e9utico de Nescens, se recomienda aplicar el suero rehidratante bioid\u00e9ntico dos veces al d\u00eda, antes de la aplicaci\u00f3n de los tratamientos de cuidado corrector de Nescens para potenciar su efecto hidratante.<\/p>\n<p>Para hombre y mujer. Probado cl\u00ednicamente bajo supervisi\u00f3n dermatol\u00f3gica y oftalmol\u00f3gica.<\/p>\n<h2>Ingredientes activos principales<\/h2>\n<ul>\n<li><strong>\u00c1cido pirrolidona carbox\u00edlico:<\/strong> componente del Factor Hidratante Natural (NMF), esta mol\u00e9cula altamente higrosc\u00f3pica act\u00faa como un agente hidratante muy eficaz. Ayuda a la normalizaci\u00f3n de estructuras lamelares lip\u00eddicas desequilibradas en el estrato c\u00f3rneo.<\/li>\n<li><strong>\u00c1cido l\u00e1ctico:<\/strong> componente del Factor Hidratante Natural (NMF), bloquea los niveles \u00f3ptimos de hidrataci\u00f3n en el estrato c\u00f3rneo.<\/li>\n<li><strong>Xilosa:<\/strong> componente de los glicosaminoglicanos naturales, mejora la producci\u00f3n de \u00e1cido hialur\u00f3nico por los queratinocitos y act\u00faa como un agente hidratante de la piel.<\/li>\n<li><strong>Extracto de Tamarindus indica:<\/strong> complejo de polisac\u00e1ridos film\u00f3genos, equivalente vegetal del \u00e1cido hialur\u00f3nico.<\/li>\n<li><strong>Glicerina:<\/strong> restaura la organizaci\u00f3n de laminillas lip\u00eddicas intercelulares en el estrato c\u00f3rneo. Asegura una hidrataci\u00f3n \u00f3ptima de las diferentes capas de la epidermis.<\/li>\n<li><strong>Urea:<\/strong> regula al alza las enzimas epid\u00e9rmicas que sintetizan l\u00edpidos.<\/li>\n<li><strong>Isomerato de sac\u00e1rido:<\/strong> ofrece una hidrataci\u00f3n muy eficaz y duradera.<\/li>\n<li><strong>Mezcla de amino\u00e1cidos:<\/strong> incluye 10 amino\u00e1cidos con propiedades de retenci\u00f3n alta de humedad (arginina, glicina, alanina, serina, valina, isoleucina, prolina, treonina, histidina, fenilalanina), que participan en la constituci\u00f3n del NMF.<\/li>\n<\/ul>","protected":false},"excerpt":{"rendered":"<p>Restaura el Factor Hidratante Natural (NMF), esencial para una apariencia juvenil de la piel y potenciar su s\u00edntesis.<\/p>","protected":false},"featured_media":1164,"comment_status":"open","ping_status":"closed","template":"","meta":[],"product_brand":[],"product_cat":[84,73],"product_tag":[],"class_list":{"0":"post-1098","1":"product","2":"type-product","3":"status-publish","4":"has-post-thumbnail","6":"product_cat-serum","7":"product_cat-cosmeceutic","9":"first","10":"instock","11":"taxable","12":"shipping-taxable","13":"purchasable","14":"product-type-simple"},"_links":{"self":[{"href":"https:\/\/3rings.eu\/es\/wp-json\/wp\/v2\/product\/1098","targetHints":{"allow":["GET"]}}],"collection":[{"href":"https:\/\/3rings.eu\/es\/wp-json\/wp\/v2\/product"}],"about":[{"href":"https:\/\/3rings.eu\/es\/wp-json\/wp\/v2\/types\/product"}],"replies":[{"embeddable":true,"href":"https:\/\/3rings.eu\/es\/wp-json\/wp\/v2\/comments?post=1098"}],"version-history":[{"count":0,"href":"https:\/\/3rings.eu\/es\/wp-json\/wp\/v2\/product\/1098\/revisions"}],"wp:featuredmedia":[{"embeddable":true,"href":"https:\/\/3rings.eu\/es\/wp-json\/wp\/v2\/media\/1164"}],"wp:attachment":[{"href":"https:\/\/3rings.eu\/es\/wp-json\/wp\/v2\/media?parent=1098"}],"wp:term":[{"taxonomy":"product_brand","embeddable":true,"href":"https:\/\/3rings.eu\/es\/wp-json\/wp\/v2\/product_brand?post=1098"},{"taxonomy":"product_cat","embeddable":true,"href":"https:\/\/3rings.eu\/es\/wp-json\/wp\/v2\/product_cat?post=1098"},{"taxonomy":"product_tag","embeddable":true,"href":"https:\/\/3rings.eu\/es\/wp-json\/wp\/v2\/product_tag?post=1098"}],"curies":[{"name":"wp","href":"https:\/\/api.w.org\/{rel}","templated":true}]}}