{"id":1099,"date":"2020-11-08T09:53:41","date_gmt":"2020-11-08T08:53:41","guid":{"rendered":"https:\/\/3rings.eu\/bio-identical-restoring-mask-100ml\/"},"modified":"2025-01-22T11:17:24","modified_gmt":"2025-01-22T10:17:24","slug":"nescens-mascarilla-restauradora-bioidentica-cara-100ml","status":"publish","type":"product","link":"https:\/\/3rings.eu\/es\/producto\/nescens-mascarilla-restauradora-bioidentica-cara-100ml\/","title":{"rendered":"Mascarilla Restauradora Bioid\u00e9ntica, Cara - Nescens"},"content":{"rendered":"<p>Este innovador proceso se llama \u00abbioid\u00e9ntico\u00bb porque nutre la piel aportando l\u00edpidos bioid\u00e9nticos similares a los l\u00edpidos sintetizados naturalmente en la epidermis y que se integran perfectamente en las estructuras de la piel.<\/p>\n<h2>Beneficios cosmec\u00e9uticos<\/h2>\n<p>Esta mascarilla fortalece profundamente la estructura de la piel y:<\/p>\n<ul>\n<li>Ayuda a la regeneraci\u00f3n de la capa lip\u00eddica epid\u00e9rmica favoreciendo la consolidaci\u00f3n del cemento intercelular y restaurando la funci\u00f3n protectora de la barrera cut\u00e1nea.<\/li>\n<li>Reduce la p\u00e9rdida de agua transepid\u00e9rmica al limitar su evaporaci\u00f3n, asegurando un \u00f3ptimo equilibrio hidrolip\u00eddico indispensable para mantener una piel joven.<\/li>\n<li>Neutraliza la hiperreactividad de la piel resultante de las agresiones t\u00e9rmicas, f\u00edsicas y qu\u00edmicas.<\/li>\n<\/ul>\n<h2>Instrucciones de uso<\/h2>\n<p>Aplicar dos veces a la semana o con mayor frecuencia seg\u00fan las necesidades fisiol\u00f3gicas de la piel.<\/p>\n<p>Aplicar una fina capa del producto sobre la cara y el cuello perfectamente limpios y secos.<\/p>\n<p>Dejar actuar durante 15 minutos y aclarar con agua tibia.<\/p>\n<p>Para hombre y mujer. Probado cl\u00ednicamente bajo control dermatol\u00f3gico.<\/p>\n<h2>Ingredientes activos principales<\/h2>\n<ul>\n<li><strong>Ceramidas AP, NP y EOP:<\/strong> l\u00edpidos fundamentales necesarios para la restauraci\u00f3n de la barrera hidrolip\u00eddica. Aseguran la cohesi\u00f3n de la capa del estrato c\u00f3rneo de la piel.<\/li>\n<li><strong>Fitoesfingosina:<\/strong> reduce la actividad de las metaloproteasas de la matriz y aumenta la producci\u00f3n de prote\u00ednas de la matriz extracelular. Estimula la diferenciaci\u00f3n de queratinocitos. Refuerza la cohesi\u00f3n de los corneocitos. Tiene efectos anti-envejecimiento.<\/li>\n<li><strong>Colesterol:<\/strong> componente esencial de la barrera lip\u00eddica epid\u00e9rmica.<\/li>\n<li><strong>\u00c1cido palm\u00edtico:<\/strong> regula la acidificaci\u00f3n, la integridad y la cohesi\u00f3n del estrato c\u00f3rneo. Aumenta la hidrataci\u00f3n y elasticidad de la piel.<\/li>\n<li><strong>\u00c1cido este\u00e1rico:<\/strong> juega un papel clave en el mantenimiento de la flexibilidad de la barrera lip\u00eddica en el estrato c\u00f3rneo. Tiene un efecto antiinflamatorio.<\/li>\n<li><strong>Niacinamida:<\/strong> ejerce un efecto estabilizador sobre la barrera epid\u00e9rmica. Mejora el contenido de humedad del estrato c\u00f3rneo. Acelera la diferenciaci\u00f3n de queratinocitos.<\/li>\n<li><strong>Isomerato de sac\u00e1rido:<\/strong> proporciona una hidrataci\u00f3n altamente eficaz y duradera en condiciones de aire seco y baja humedad relativa.<\/li>\n<li><strong>Palmitoil Trip\u00e9ptido-1 + Palmitoil Tetrap\u00e9ptido-7:<\/strong> activa el proceso de reparaci\u00f3n de la piel. Suaviza las arrugas y mejora el tono y la elasticidad de la piel. Favorece la s\u00edntesis de componentes de la matriz extracelular.<\/li>\n<li><strong>Glicerina:<\/strong> restaura la organizaci\u00f3n de laminillas lip\u00eddicas intercelulares en el estrato c\u00f3rneo. Asegura una hidrataci\u00f3n \u00f3ptima de las diferentes capas de la epidermis.<\/li>\n<li><strong>Urea:<\/strong> reduce la hiperproliferaci\u00f3n epid\u00e9rmica e induce la diferenciaci\u00f3n de queratinocitos. Regula al alza las enzimas sintetizadoras de l\u00edpidos epid\u00e9rmicos.<\/li>\n<li><strong>\u00c1cido pirrolidona carbox\u00edlico:<\/strong> componente del Factor Hidratante Natural (NMF), esta mol\u00e9cula altamente higrosc\u00f3pica act\u00faa como un agente hidratante muy eficaz. Ayuda a la normalizaci\u00f3n de estructuras lamelares lip\u00eddicas desequilibradas en el estrato c\u00f3rneo.<\/li>\n<li><strong>Extracto de Tamarindus indica:<\/strong> complejo de polisac\u00e1ridos film\u00f3genos, equivalente vegetal del \u00e1cido hialur\u00f3nico.<\/li>\n<li><strong>Mezcla de amino\u00e1cidos:<\/strong> incluye 10 amino\u00e1cidos con propiedades de retenci\u00f3n alta de humedad (arginina, glicina, alanina, serina, valina, isoleucina, prolina, treonina, histidina, fenilalanina), que participan en la constituci\u00f3n del NMF.<\/li>\n<li><strong>Aceite de almendra dulce:<\/strong> tiene un efecto calmante y deja la piel suave y tersa. Mejora la tez y el tono de la piel. Suaviza y rejuvenece la piel. Reduce las cicatrices hipertr\u00f3ficas postoperatorias.<\/li>\n<li><strong>Manteca de karit\u00e9:<\/strong> se absorbe r\u00e1pidamente en la piel, act\u00faa como un agente que repone los l\u00edpidos y tiene excelentes propiedades de retenci\u00f3n de agua. Los compuestos fen\u00f3licos identificados en la manteca de karit\u00e9 tienen propiedades antioxidantes y algunos de sus componentes tienen propiedades antiinflamatorias, emolientes e hidratantes.<\/li>\n<li><strong>Palmitato de ascorbilo (vitamina C):<\/strong> estimula la producci\u00f3n de col\u00e1geno.<\/li>\n<li><strong>Tocoferol (vitamina E):<\/strong> potente antioxidante y fotoprotector, previene la peroxidaci\u00f3n de los l\u00edpidos cut\u00e1neos.<\/li>\n<\/ul>","protected":false},"excerpt":{"rendered":"<p>Aporta principios activos esenciales para la relipidaci\u00f3n y restauraci\u00f3n de la piel, la cual recupera hidrataci\u00f3n, firmeza y resistencia. Cuando est\u00e1 restaurada, la piel recupera la suavidad y la comodidad. Las caracter\u00edsticas se suavizan y descansan. La tez est\u00e1 radiante.<\/p>","protected":false},"featured_media":1154,"comment_status":"open","ping_status":"closed","template":"","meta":[],"product_brand":[],"product_cat":[86,73],"product_tag":[],"class_list":{"0":"post-1099","1":"product","2":"type-product","3":"status-publish","4":"has-post-thumbnail","6":"product_cat-mask","7":"product_cat-cosmeceutic","9":"first","10":"instock","11":"taxable","12":"shipping-taxable","13":"purchasable","14":"product-type-simple"},"_links":{"self":[{"href":"https:\/\/3rings.eu\/es\/wp-json\/wp\/v2\/product\/1099","targetHints":{"allow":["GET"]}}],"collection":[{"href":"https:\/\/3rings.eu\/es\/wp-json\/wp\/v2\/product"}],"about":[{"href":"https:\/\/3rings.eu\/es\/wp-json\/wp\/v2\/types\/product"}],"replies":[{"embeddable":true,"href":"https:\/\/3rings.eu\/es\/wp-json\/wp\/v2\/comments?post=1099"}],"version-history":[{"count":0,"href":"https:\/\/3rings.eu\/es\/wp-json\/wp\/v2\/product\/1099\/revisions"}],"wp:featuredmedia":[{"embeddable":true,"href":"https:\/\/3rings.eu\/es\/wp-json\/wp\/v2\/media\/1154"}],"wp:attachment":[{"href":"https:\/\/3rings.eu\/es\/wp-json\/wp\/v2\/media?parent=1099"}],"wp:term":[{"taxonomy":"product_brand","embeddable":true,"href":"https:\/\/3rings.eu\/es\/wp-json\/wp\/v2\/product_brand?post=1099"},{"taxonomy":"product_cat","embeddable":true,"href":"https:\/\/3rings.eu\/es\/wp-json\/wp\/v2\/product_cat?post=1099"},{"taxonomy":"product_tag","embeddable":true,"href":"https:\/\/3rings.eu\/es\/wp-json\/wp\/v2\/product_tag?post=1099"}],"curies":[{"name":"wp","href":"https:\/\/api.w.org\/{rel}","templated":true}]}}