{"id":1100,"date":"2020-11-08T09:53:41","date_gmt":"2020-11-08T08:53:41","guid":{"rendered":"https:\/\/3rings.eu\/biphasic-makeup-remover-200ml\/"},"modified":"2024-07-02T20:05:28","modified_gmt":"2024-07-02T18:05:28","slug":"nescens-desmaquillante-bifasico-ojos-labios-200ml","status":"publish","type":"product","link":"https:\/\/3rings.eu\/es\/producto\/nescens-desmaquillante-bifasico-ojos-labios-200ml\/","title":{"rendered":"Desmaquillante Bif\u00e1sico, Ojos y Labios - Nescens"},"content":{"rendered":"<p class=\"translation-block\">Sistema de limpieza Nescens - Desmaquillador + <a href=\"https:\/\/3rings.eu\/es\/producto\/nescens-gel-limpiador-cara-130ml\/\" target=\"_self\">Gel limpiador<\/a> - Ofrece una limpieza profunda y prepara la superficie de la piel para la aplicaci\u00f3n de cosmec\u00e9uticos para el cuidado de la piel.<\/p>\n<p>El compuesto extremadamente rico ayuda a mantener el equilibrio hidrolip\u00eddico y contribuye a la renovaci\u00f3n de las estructuras celulares y moleculares, tendiendo a reducir la aparici\u00f3n de l\u00edneas de expresi\u00f3n.<\/p>\n<h2>Beneficios cosmec\u00e9uticos<\/h2>\n<ul>\n<li>Gracias a su formulaci\u00f3n gal\u00e9nica a base de separaci\u00f3n temporal de fases, permite una eliminaci\u00f3n \u00f3ptima e instant\u00e1nea del maquillaje remanente, sin dejar residuos.<\/li>\n<li>Ayuda a fortalecer las pesta\u00f1as y favorece su crecimiento.<\/li>\n<li>Tiene una acci\u00f3n calmante, respetando incluso las pieles m\u00e1s sensibles.<\/li>\n<li>Ofrece acci\u00f3n anti-radicales libres.<\/li>\n<li>Asegura una tolerancia ocular \u00f3ptima.<\/li>\n<\/ul>\n<h2>Instrucciones de uso<\/h2>\n<p>Seg\u00fan el sistema cosmec\u00e9utico de Nescens, utiliza el desmaquillador bif\u00e1sico siguiendo el procedimiento que se describe a continuaci\u00f3n:<\/p>\n<p>Agita bien el frasco hasta que ambas fases est\u00e9n completamente mezcladas. Vierte una cantidad suficiente de desmaquillador bif\u00e1sico Nescens en un algod\u00f3n. Desliza el algod\u00f3n sobre el maquillaje sin frotar, hasta que se disuelva completamente.<\/p>\n<p class=\"translation-block\">Completa el proceso de limpieza aplicando el <a href=\"https:\/\/3rings.eu\/es\/producto\/nescens-gel-limpiador-cara-130ml\/\" target=\"_self\">gel limpiador Nescens<\/a> al resto de la cara, el cuello y el escote.<\/p>\n<p>Testado cl\u00ednicamente bajo supervisi\u00f3n dermatol\u00f3gica y oftalmol\u00f3gica. Adecuado para los ojos sensibles y usuarios de lentes de contacto.<\/p>\n<h2>Ingredientes activos principales<\/h2>\n<ul>\n<li><strong>Tetraisopalmitato de ascorbilo (vitamina C):<\/strong> estimula la s\u00edntesis del col\u00e1geno.<\/li>\n<li><strong>Bisabolol:<\/strong> act\u00faa como sanador, calmante, tranquilizante y emoliente.<\/li>\n<li><strong>Aceite de semilla de borago officinalis (borraja):<\/strong> se dice que ralentiza el envejecimiento cut\u00e1neo, la p\u00e9rdida de elasticidad, la deshidrataci\u00f3n y la formaci\u00f3n de arrugas. Muestra propiedades regenerativas y reestructurantes.<\/li>\n<li><strong>Aceite de semilla de Carthamus tinctorius (c\u00e1rtamo):<\/strong> act\u00faa como lubricante en la superficie de la piel, d\u00e1ndole un aspecto suave y terso. Ofrece una poderosa capacidad para eliminar la suciedad y el aceite.<\/li>\n<li><strong>Aceite de semilla de helianthus annuus (girasol):<\/strong> act\u00faa como emoliente y retiene la humedad en la piel.<\/li>\n<li><strong>Aceite de semilla de Prunus armeniaca (albaricoque):<\/strong> se usa como emoliente y humectante. Alivia la picaz\u00f3n, la sequedad y la inflamaci\u00f3n de la piel. Revitaliza la piel envejecida prematuramente.<\/li>\n<li><strong>Aceite de semilla de ricinus communis (ricino):<\/strong> se usa como emoliente y humectante.<\/li>\n<li><strong>Palmitato de retinilo (vitamina A):<\/strong> acelera la regeneraci\u00f3n de las c\u00e9lulas epid\u00e9rmicas y normaliza su diferenciaci\u00f3n.<\/li>\n<\/ul>","protected":false},"excerpt":{"rendered":"<p>Permite una eliminaci\u00f3n \u00f3ptima e instant\u00e1nea del maquillaje persistente sin dejar residuos. Disuelve sustancias lipof\u00edlicas como maquillaje de larga duraci\u00f3n o pesado, protectores solares y otros productos grasos.<\/p>","protected":false},"featured_media":1152,"comment_status":"open","ping_status":"closed","template":"","meta":[],"product_brand":[],"product_cat":[87,73],"product_tag":[],"class_list":{"0":"post-1100","1":"product","2":"type-product","3":"status-publish","4":"has-post-thumbnail","6":"product_cat-priming-care","7":"product_cat-cosmeceutic","9":"first","10":"instock","11":"taxable","12":"shipping-taxable","13":"purchasable","14":"product-type-simple"},"_links":{"self":[{"href":"https:\/\/3rings.eu\/es\/wp-json\/wp\/v2\/product\/1100","targetHints":{"allow":["GET"]}}],"collection":[{"href":"https:\/\/3rings.eu\/es\/wp-json\/wp\/v2\/product"}],"about":[{"href":"https:\/\/3rings.eu\/es\/wp-json\/wp\/v2\/types\/product"}],"replies":[{"embeddable":true,"href":"https:\/\/3rings.eu\/es\/wp-json\/wp\/v2\/comments?post=1100"}],"version-history":[{"count":0,"href":"https:\/\/3rings.eu\/es\/wp-json\/wp\/v2\/product\/1100\/revisions"}],"wp:featuredmedia":[{"embeddable":true,"href":"https:\/\/3rings.eu\/es\/wp-json\/wp\/v2\/media\/1152"}],"wp:attachment":[{"href":"https:\/\/3rings.eu\/es\/wp-json\/wp\/v2\/media?parent=1100"}],"wp:term":[{"taxonomy":"product_brand","embeddable":true,"href":"https:\/\/3rings.eu\/es\/wp-json\/wp\/v2\/product_brand?post=1100"},{"taxonomy":"product_cat","embeddable":true,"href":"https:\/\/3rings.eu\/es\/wp-json\/wp\/v2\/product_cat?post=1100"},{"taxonomy":"product_tag","embeddable":true,"href":"https:\/\/3rings.eu\/es\/wp-json\/wp\/v2\/product_tag?post=1100"}],"curies":[{"name":"wp","href":"https:\/\/api.w.org\/{rel}","templated":true}]}}