{"id":1101,"date":"2020-11-08T09:53:41","date_gmt":"2020-11-08T08:53:41","guid":{"rendered":"https:\/\/3rings.eu\/cellular-renewal-emulsion-night-30ml\/"},"modified":"2024-11-16T05:36:32","modified_gmt":"2024-11-16T04:36:32","slug":"nescens-emulsion-renovadora-celular-nocturna-cara-30ml","status":"publish","type":"product","link":"https:\/\/3rings.eu\/es\/producto\/nescens-emulsion-renovadora-celular-nocturna-cara-30ml\/","title":{"rendered":"Emulsi\u00f3n Renovadora Celular, Nocturna, Cara - Nescens"},"content":{"rendered":"<p>La emulsi\u00f3n de renovaci\u00f3n celular de Nescens contiene principios activos altamente concentrados con propiedades sin\u00e9rgicas que favorecen la descamaci\u00f3n y regeneraci\u00f3n de las c\u00e9lulas epid\u00e9rmicas y ayudan a prevenir su senescencia.<\/p>\n<h2>Beneficios cosmec\u00e9uticos<\/h2>\n<ul>\n<li>Induce una potente se\u00f1al de divisi\u00f3n celular para acelerar la restauraci\u00f3n del recubrimiento cut\u00e1neo.<\/li>\n<li>Activa la s\u00edntesis de prote\u00ednas estructurales, ayudando a reconstruir el sistema de soporte de la piel.<\/li>\n<li>Refuerza la actividad de los factores hidratantes naturales.<\/li>\n<li>Disminuye la aparici\u00f3n de imperfecciones pigmentarias.<\/li>\n<\/ul>\n<h2>Instrucciones de uso<\/h2>\n<p class=\"translation-block\">Utiliza la emulsi\u00f3n de renovaci\u00f3n celular todas las noches, despu\u00e9s de los <a href=\"https:\/\/3rings.eu\/es\/categoria-producto\/cosmeceutica\/cuidado-preparacion\/\" target=\"_self\">cuidados de preparaci\u00f3n<\/a> y el <a href=\"https:\/\/3rings.eu\/es\/categoria-producto\/cosmeceutica\/suero\/\" target=\"_self\">suero Nescens<\/a>.<\/p>\n<p class=\"translation-block\">Apply in the evening to face and neck in smoothing motions, taking care to avoid the eye contour area. Finish off with light tapping motions to help the penetration of the cosmeceutical. This formulation is particularly effective when used in combination with the <a href=\"https:\/\/3rings.eu\/es\/producto\/nescens-emulsion-diurna-regeneracion-molecular-cara-30ml\/\" target=\"_self\">Molecular Regeneration Emulsion, day correcting care<\/a>.<\/p>\n<p>Para hombre y mujer. Probado cl\u00ednicamente bajo supervisi\u00f3n dermatol\u00f3gica y oftalmol\u00f3gica.<\/p>\n<h2>Ingredientes activos principales<\/h2>\n<ul>\n<li><strong>Palmitato de retinilo:<\/strong> acelera la regeneraci\u00f3n de las c\u00e9lulas epid\u00e9rmicas y normaliza su proceso de diferenciaci\u00f3n.<\/li>\n<li><strong>\u00c1cido lactobi\u00f3nico:<\/strong> estimula la renovaci\u00f3n de los queratinocitos y asegura la cohesi\u00f3n de la capa epid\u00e9rmica. Ofrece una exfoliaci\u00f3n suave y muy eficaz. Retiene las mol\u00e9culas de agua en el estrato c\u00f3rneo de la piel.<\/li>\n<li><strong>L-fucosa:<\/strong> mejora la elasticidad de la piel y fomenta la s\u00edntesis de fibras de col\u00e1geno y elastina.<\/li>\n<li><strong>\u00c1cido f\u00edtico:<\/strong> previene la distrofia cut\u00e1nea debida al envejecimiento y asegura un nivel de hidrataci\u00f3n ideal.<\/li>\n<li><strong>Niacinamida:<\/strong> ejerce un efecto estabilizador sobre las c\u00e9lulas epid\u00e9rmicas. Mantiene la hidrataci\u00f3n de la piel al equilibrar los l\u00edpidos epid\u00e9rmicos en el estrato c\u00f3rneo. Aumenta la vascularizaci\u00f3n de las papilas d\u00e9rmicas.<\/li>\n<li><strong>Tetraisopalmitato de ascorbilo:<\/strong> estimula la producci\u00f3n de col\u00e1geno.<\/li>\n<\/ul>","protected":false},"excerpt":{"rendered":"<p>Ofrece una poderosa acci\u00f3n anti-aflojamiento. M\u00e1s suave y firme, la piel luce visiblemente rejuvenecida por la ma\u00f1ana. La tez luce m\u00e1s radiante.<\/p>","protected":false},"featured_media":1162,"comment_status":"open","ping_status":"closed","template":"","meta":[],"product_brand":[],"product_cat":[88,73],"product_tag":[],"class_list":{"0":"post-1101","1":"product","2":"type-product","3":"status-publish","4":"has-post-thumbnail","6":"product_cat-correcting-care","7":"product_cat-cosmeceutic","9":"first","10":"instock","11":"taxable","12":"shipping-taxable","13":"purchasable","14":"product-type-simple"},"_links":{"self":[{"href":"https:\/\/3rings.eu\/es\/wp-json\/wp\/v2\/product\/1101","targetHints":{"allow":["GET"]}}],"collection":[{"href":"https:\/\/3rings.eu\/es\/wp-json\/wp\/v2\/product"}],"about":[{"href":"https:\/\/3rings.eu\/es\/wp-json\/wp\/v2\/types\/product"}],"replies":[{"embeddable":true,"href":"https:\/\/3rings.eu\/es\/wp-json\/wp\/v2\/comments?post=1101"}],"version-history":[{"count":0,"href":"https:\/\/3rings.eu\/es\/wp-json\/wp\/v2\/product\/1101\/revisions"}],"wp:featuredmedia":[{"embeddable":true,"href":"https:\/\/3rings.eu\/es\/wp-json\/wp\/v2\/media\/1162"}],"wp:attachment":[{"href":"https:\/\/3rings.eu\/es\/wp-json\/wp\/v2\/media?parent=1101"}],"wp:term":[{"taxonomy":"product_brand","embeddable":true,"href":"https:\/\/3rings.eu\/es\/wp-json\/wp\/v2\/product_brand?post=1101"},{"taxonomy":"product_cat","embeddable":true,"href":"https:\/\/3rings.eu\/es\/wp-json\/wp\/v2\/product_cat?post=1101"},{"taxonomy":"product_tag","embeddable":true,"href":"https:\/\/3rings.eu\/es\/wp-json\/wp\/v2\/product_tag?post=1101"}],"curies":[{"name":"wp","href":"https:\/\/api.w.org\/{rel}","templated":true}]}}