{"id":1102,"date":"2020-11-08T09:53:41","date_gmt":"2020-11-08T08:53:41","guid":{"rendered":"https:\/\/3rings.eu\/cleansing-gel-130ml\/"},"modified":"2024-06-29T18:08:22","modified_gmt":"2024-06-29T16:08:22","slug":"nescens-gel-limpiador-cara-130ml","status":"publish","type":"product","link":"https:\/\/3rings.eu\/es\/producto\/nescens-gel-limpiador-cara-130ml\/","title":{"rendered":"Gel limpiador, Cara - Nescens"},"content":{"rendered":"<p>El gel limpiador Nescens combina una base limpiadora eficaz y suave con un complejo anti-sequedad. Especialmente dise\u00f1ado para la limpieza diaria de la cara y el cuello. Es un paso preparatorio fundamental antes de la aplicaci\u00f3n de cualquier producto Nescens para el cuidado de la piel.<\/p>\n<h2>Beneficios cosmec\u00e9uticos<\/h2>\n<ul>\n<li>Limpia la piel profundamente.<\/li>\n<li>Elimina las c\u00e9lulas muertas y las impurezas.<\/li>\n<li>La piel recupera luminosidad y suavidad.<\/li>\n<li>Asegura una sensaci\u00f3n de comodidad.<\/li>\n<li>Deja la piel limpia y revitalizada.<\/li>\n<li>Protege el equilibrio hidrolip\u00eddico natural de la piel.<\/li>\n<\/ul>\n<h2>Instrucciones de uso<\/h2>\n<p>Por la ma\u00f1ana y por la noche para preparar la piel antes de la aplicaci\u00f3n de productos para el cuidado de la piel.<\/p>\n<p>Presiona la bomba 4 veces para liberar la cantidad adecuada de gel limpiador en la palma de las manos (limpias y h\u00famedas). Haz espuma y aplica la espuma limpiadora sobre la cara y el cuello, previamente humedecidos con ligeros movimientos circulares. Enjuaga bien con agua tibia, luego seca suavemente la piel con palmaditas.<\/p>\n<p>Adecuado para desmaquillar cara, ojos y labios (excepto maquillaje resistente al agua).<\/p>\n<p class=\"translation-block\">Seg\u00fan el sistema cosmec\u00e9utico de Nescens, para una preparaci\u00f3n \u00f3ptima de la piel, utiliza el gel limpiador por la ma\u00f1ana y por la noche. Contin\u00faa con la aplicaci\u00f3n del <a href=\"https:\/\/3rings.eu\/es\/producto\/nescens-tonico-activador-metabolico-cara-150ml\/\" target=\"_self\">t\u00f3nico activador metab\u00f3lico<\/a>.<\/p>\n<p>Para hombre y mujer. Probado cl\u00ednicamente bajo supervisi\u00f3n dermatol\u00f3gica y oftalmol\u00f3gica.<\/p>","protected":false},"excerpt":{"rendered":"<p>Limpia la piel en profundidad y elimina las c\u00e9lulas muertas y las impurezas de la superficie mientras ayuda a proteger el equilibrio hidrolip\u00eddico natural de la piel. Deja la piel limpia y vigorizada.<\/p>","protected":false},"featured_media":1160,"comment_status":"open","ping_status":"closed","template":"","meta":[],"product_brand":[],"product_cat":[87,73],"product_tag":[],"class_list":{"0":"post-1102","1":"product","2":"type-product","3":"status-publish","4":"has-post-thumbnail","6":"product_cat-priming-care","7":"product_cat-cosmeceutic","9":"first","10":"instock","11":"taxable","12":"shipping-taxable","13":"purchasable","14":"product-type-simple"},"_links":{"self":[{"href":"https:\/\/3rings.eu\/es\/wp-json\/wp\/v2\/product\/1102","targetHints":{"allow":["GET"]}}],"collection":[{"href":"https:\/\/3rings.eu\/es\/wp-json\/wp\/v2\/product"}],"about":[{"href":"https:\/\/3rings.eu\/es\/wp-json\/wp\/v2\/types\/product"}],"replies":[{"embeddable":true,"href":"https:\/\/3rings.eu\/es\/wp-json\/wp\/v2\/comments?post=1102"}],"version-history":[{"count":0,"href":"https:\/\/3rings.eu\/es\/wp-json\/wp\/v2\/product\/1102\/revisions"}],"wp:featuredmedia":[{"embeddable":true,"href":"https:\/\/3rings.eu\/es\/wp-json\/wp\/v2\/media\/1160"}],"wp:attachment":[{"href":"https:\/\/3rings.eu\/es\/wp-json\/wp\/v2\/media?parent=1102"}],"wp:term":[{"taxonomy":"product_brand","embeddable":true,"href":"https:\/\/3rings.eu\/es\/wp-json\/wp\/v2\/product_brand?post=1102"},{"taxonomy":"product_cat","embeddable":true,"href":"https:\/\/3rings.eu\/es\/wp-json\/wp\/v2\/product_cat?post=1102"},{"taxonomy":"product_tag","embeddable":true,"href":"https:\/\/3rings.eu\/es\/wp-json\/wp\/v2\/product_tag?post=1102"}],"curies":[{"name":"wp","href":"https:\/\/api.w.org\/{rel}","templated":true}]}}