{"id":1103,"date":"2020-11-08T09:53:41","date_gmt":"2020-11-08T08:53:41","guid":{"rendered":"https:\/\/3rings.eu\/dark-spot-correcting-serum-facebody-30ml\/"},"modified":"2024-03-25T01:24:02","modified_gmt":"2024-03-25T00:24:02","slug":"nescens-suero-corrector-de-manchasrostro-y-cuerpo-30ml","status":"publish","type":"product","link":"https:\/\/3rings.eu\/es\/producto\/nescens-suero-corrector-de-manchasrostro-y-cuerpo-30ml\/","title":{"rendered":"Suero Corrector de Manchas\nRostro y Cuerpo\nNescens"},"content":{"rendered":"<p>El suero corrector de puntos negros de Nescens supone un gran avance en la correcci\u00f3n de las alteraciones cut\u00e1neas relacionadas con el fotoenvejecimiento. Combina los ingredientes activos de m\u00e1s alto rendimiento con eficacia cl\u00ednica probada para ayudar a reducir la aparici\u00f3n de manchas oscuras localizadas provocadas por la radiaci\u00f3n UV y el proceso de envejecimiento.<\/p>\n<p>Su uso regular ayuda a rejuvenecer la apariencia de la piel: se aclaran las imperfecciones de la pigmentaci\u00f3n y se restaura la uniformidad y claridad de los tejidos.<\/p>\n<h2>Beneficios cosmec\u00e9uticos<\/h2>\n<ul>\n<li>Ayuda a reducir la s\u00edntesis de melanina, pigmento responsable de la coloraci\u00f3n de la piel, mediante su acci\u00f3n sobre la enzima tirosinasa.<\/li>\n<li>Bloquea la transferencia de melanina a los queratinocitos, lo que ayuda a retrasar el mecanismo de melanizaci\u00f3n.<\/li>\n<li>Retrasa el proceso de oxidaci\u00f3n de la melanina, responsable de su oscurecimiento.<\/li>\n<li>Previene las consecuencias de los radicales libres y filtra la radiaci\u00f3n solar implicada en el envejecimiento fotoinducido.<\/li>\n<\/ul>\n<h2>Instrucciones de uso<\/h2>\n<p>Usar el suero corrector de puntos negros por la ma\u00f1ana y por la noche, en una aplicaci\u00f3n espec\u00edfica sobre los puntos negros y las zonas de hipercrom\u00eda.<\/p>\n<p class=\"translation-block\">Seg\u00fan el sistema cosmec\u00e9utico de Nescens, hay que seguir con la aplicaci\u00f3n de <a href=\"https:\/\/3rings.eu\/es\/categoria-producto\/cosmeceutica-2\/tratamiento-corrector\/\" target=\"_self\">productos de cuidado corrector para cara o cuerpo Nescens<\/a>.<\/p>\n<p>Para hombre y mujer. Probado cl\u00ednicamente bajo control dermatol\u00f3gico.<\/p>\n<h2>Ingredientes activos principales<\/h2>\n<ul>\n<li><strong>Niacinamida:<\/strong> fotoprotector potente que interfiere con la transferencia de los melanosomas a los queratinocitos.<\/li>\n<li><strong>Alfa-arbutina:<\/strong> inhibe la enzima tirosina involucrada en la producci\u00f3n de melanina.<\/li>\n<li><strong>\u00c1cido f\u00edtico:<\/strong> disminuye la producci\u00f3n de melanina. Aporta a la piel el nivel de hidrataci\u00f3n ideal.<\/li>\n<li><strong>Tetraisopalmitato de ascorbilo y tocoferol:<\/strong> potentes antioxidantes y fotoprotectores. Inhibe la s\u00edntesis de la melanina.<\/li>\n<\/ul>","protected":false},"excerpt":{"rendered":"<p>Combina los ingredientes activos de m\u00e1s alto rendimiento con eficacia cl\u00ednica probada para ayudar a reducir la aparici\u00f3n de manchas oscuras localizadas provocadas por la radiaci\u00f3n UV y el envejecimiento.<\/p>","protected":false},"featured_media":1158,"comment_status":"open","ping_status":"closed","template":"","meta":[],"product_brand":[],"product_cat":[84,73],"product_tag":[],"class_list":{"0":"post-1103","1":"product","2":"type-product","3":"status-publish","4":"has-post-thumbnail","6":"product_cat-serum","7":"product_cat-cosmeceutic","9":"first","10":"instock","11":"taxable","12":"shipping-taxable","13":"purchasable","14":"product-type-simple"},"_links":{"self":[{"href":"https:\/\/3rings.eu\/es\/wp-json\/wp\/v2\/product\/1103","targetHints":{"allow":["GET"]}}],"collection":[{"href":"https:\/\/3rings.eu\/es\/wp-json\/wp\/v2\/product"}],"about":[{"href":"https:\/\/3rings.eu\/es\/wp-json\/wp\/v2\/types\/product"}],"replies":[{"embeddable":true,"href":"https:\/\/3rings.eu\/es\/wp-json\/wp\/v2\/comments?post=1103"}],"version-history":[{"count":0,"href":"https:\/\/3rings.eu\/es\/wp-json\/wp\/v2\/product\/1103\/revisions"}],"wp:featuredmedia":[{"embeddable":true,"href":"https:\/\/3rings.eu\/es\/wp-json\/wp\/v2\/media\/1158"}],"wp:attachment":[{"href":"https:\/\/3rings.eu\/es\/wp-json\/wp\/v2\/media?parent=1103"}],"wp:term":[{"taxonomy":"product_brand","embeddable":true,"href":"https:\/\/3rings.eu\/es\/wp-json\/wp\/v2\/product_brand?post=1103"},{"taxonomy":"product_cat","embeddable":true,"href":"https:\/\/3rings.eu\/es\/wp-json\/wp\/v2\/product_cat?post=1103"},{"taxonomy":"product_tag","embeddable":true,"href":"https:\/\/3rings.eu\/es\/wp-json\/wp\/v2\/product_tag?post=1103"}],"curies":[{"name":"wp","href":"https:\/\/api.w.org\/{rel}","templated":true}]}}