{"id":1104,"date":"2020-11-08T09:53:41","date_gmt":"2020-11-08T08:53:41","guid":{"rendered":"https:\/\/3rings.eu\/detoxifiying-exfoliating-cleanser-75ml\/"},"modified":"2024-10-20T20:21:48","modified_gmt":"2024-10-20T18:21:48","slug":"nescens-desintoxicante-exfoliante-limpiador-cara-cuerpo-75ml","status":"publish","type":"product","link":"https:\/\/3rings.eu\/es\/producto\/nescens-desintoxicante-exfoliante-limpiador-cara-cuerpo-75ml\/","title":{"rendered":"Limpiador exfoliante desintoxicante, Cara y cuerpo - Nescens"},"content":{"rendered":"<p>Desintoxica la c\u00e9lula eliminando los componentes degradados que tienden a hacerla senescente de forma prematura. Este poderoso mecanismo es esencial para mantener la homeostasis celular y preservar la juventud de los tejidos.<\/p>\n<h3>Principio biol\u00f3gico b\u00e1sico<\/h3>\n<p>Para mantener la homeostasis, la c\u00e9lula debe eliminar varios componentes degradados y acumulados. Recientemente descubierta en la piel, la autofagia es hoy en d\u00eda un poderoso mecanismo fundamental para desintoxicar las c\u00e9lulas y asegurar su correcto funcionamiento, as\u00ed como para limitar la senescencia.<\/p>\n<h2>Beneficios cosmec\u00e9uticos<\/h2>\n<ul>\n<li>Incluye un sistema de agente limpiador ultraeficiente dise\u00f1ado para eliminar las impurezas de la epidermis sin alterar el equilibrio hidrolip\u00eddico natural.<\/li>\n<li>Evita el desengrasado y secado de los tejidos.<\/li>\n<li>Exfolia suavemente sin pelar, mejorando la textura y el aspecto de la piel (brillo, poros dilatados y visibles, textura cut\u00e1nea irregular, l\u00edneas de expresi\u00f3n, hiperpigmentaci\u00f3n cut\u00e1nea\u2026).<\/li>\n<li>Ayuda a reequilibrar el pH de la piel, que tiende a alcalinizarse con la edad.<\/li>\n<li>Desintoxica la c\u00e9lula eliminando componentes degradados que tienden a acelerar su proceso de envejecimiento.<\/li>\n<li>Revela la luminosidad del cutis neutralizando los radicales libres implicados en el envejecimiento cut\u00e1neo.<\/li>\n<\/ul>\n<h2>Instrucciones de uso<\/h2>\n<p>Como parte del r\u00e9gimen cosmec\u00e9utico de Nescens, para una limpieza profunda hay que usar el limpiador exfoliante desintoxicante en la ducha a diario, con la cara y cuerpo previamente humedecidos. Emulsionar y aclarar.<\/p>\n<p>Nescens crea una nueva era de geles de ducha. Al contacto con el agua, este gel trasl\u00facido cargado de microperlas antioxidantes azules se convierte en una espuma cremosa que limpia en profundidad, dejando la piel fresca y tersa.<\/p>\n<p>Su tama\u00f1o f\u00e1cil de transportar y su acci\u00f3n \"todo en uno\", lo convierten en un producto universal, que se puede usar en todas las circunstancias.<\/p>\n<p>Para todo tipo de piel. Ideal para cutis apagados en busca de luminosidad.<\/p>\n<p>Uso unisex. Testado cl\u00ednicamente bajo control dermatol\u00f3gico.<\/p>\n<h2>Ingredientes activos principales<\/h2>\n<ul>\n<li><strong>Coco-beta\u00edna, decil gluc\u00f3sido:<\/strong> agentes limpiadores espumosos. Elimina las impurezas de la epidermis sin alterar el equilibrio hidrolip\u00eddico natural.<\/li>\n<li><strong>Coco-gluc\u00f3sido:<\/strong> activo supergrasante de origen vegetal (derivado del aceite de coco y girasol). Evita el desengrasado y secado de los tejidos por lavado. Suaviza e hidrata la piel.<\/li>\n<li><strong>Cocoil glutamato dis\u00f3dico, cocoil glutamato s\u00f3dico:<\/strong> agente limpiador muy suave, derivado de un amino\u00e1cido y un \u00e1cido graso natural. Excelente limpiador, incluso en agua dura. Deja la piel suave e hidratada.<\/li>\n<li><strong>Extracto hidrolizado de Candida Saitoana (Celldetox):<\/strong> principio activo purificado, extracto de levadura (Candida Saitoana), rico en alfa-glucanos, obtenido por proceso biotecnol\u00f3gico, fundamental para la activaci\u00f3n del sistema autof\u00e1gico cut\u00e1neo. Fortalece el proceso de desintoxicaci\u00f3n celular eliminando los componentes alterados (prote\u00ednas oxidadas y l\u00edpidos peroxidados) que saturan las c\u00e9lulas. Garantiza la longevidad celular y tisular. Mejora el estado de la superficie de la piel intoxicada, suaviza el microrrelieve y reaviva la luminosidad del cutis. Limita los signos del fotoenvejecimiento, reduce las arrugas y mejora la homogeneidad de la piel.<\/li>\n<li><strong>Unispheres nt-2103 (azul):<\/strong> microesferas azules que contienen Vitamina A y E que combaten activamente las arrugas y retrasan el proceso de envejecimiento. Mejora la textura y firmeza de la piel.<\/li>\n<li><strong>Pantenol (provitamina B5):<\/strong> hidrata, estimula la proliferaci\u00f3n celular y favorece la regeneraci\u00f3n de tejidos. Protege y aporta suavidad a la piel.<\/li>\n<li><strong>\u00c1cido glic\u00f3lico:<\/strong> alfa-hidroxi\u00e1cido (AHA). Ayuda a disolver el cemento intercelular responsable de la queratinizaci\u00f3n anormal y favorece la hidrataci\u00f3n de la piel. Activa el proceso natural de eliminaci\u00f3n de c\u00e9lulas muertas y mejora la apariencia de la piel propensa al acn\u00e9.<\/li>\n<li><strong>Polvo de Chondrus Crispus (Carragenina o Algas Rojas):<\/strong> tiene propiedades calmantes, hidratantes y reestructurantes. Crea una pel\u00edcula protectora.<\/li>\n<\/ul>","protected":false},"excerpt":{"rendered":"<p>El primer limpiador antiedad todo en uno basado en la tecnolog\u00eda ultrainnovadora de \"limpieza celular\" que se puede utilizar en la ducha. Estimula el proceso de autorregeneraci\u00f3n de la piel. La piel luce s\u00faper limpia, fresca y clara.<\/p>","protected":false},"featured_media":1156,"comment_status":"open","ping_status":"closed","template":"","meta":[],"product_brand":[],"product_cat":[87,73],"product_tag":[],"class_list":{"0":"post-1104","1":"product","2":"type-product","3":"status-publish","4":"has-post-thumbnail","6":"product_cat-priming-care","7":"product_cat-cosmeceutic","9":"first","10":"instock","11":"taxable","12":"shipping-taxable","13":"purchasable","14":"product-type-simple"},"_links":{"self":[{"href":"https:\/\/3rings.eu\/es\/wp-json\/wp\/v2\/product\/1104","targetHints":{"allow":["GET"]}}],"collection":[{"href":"https:\/\/3rings.eu\/es\/wp-json\/wp\/v2\/product"}],"about":[{"href":"https:\/\/3rings.eu\/es\/wp-json\/wp\/v2\/types\/product"}],"replies":[{"embeddable":true,"href":"https:\/\/3rings.eu\/es\/wp-json\/wp\/v2\/comments?post=1104"}],"version-history":[{"count":0,"href":"https:\/\/3rings.eu\/es\/wp-json\/wp\/v2\/product\/1104\/revisions"}],"wp:featuredmedia":[{"embeddable":true,"href":"https:\/\/3rings.eu\/es\/wp-json\/wp\/v2\/media\/1156"}],"wp:attachment":[{"href":"https:\/\/3rings.eu\/es\/wp-json\/wp\/v2\/media?parent=1104"}],"wp:term":[{"taxonomy":"product_brand","embeddable":true,"href":"https:\/\/3rings.eu\/es\/wp-json\/wp\/v2\/product_brand?post=1104"},{"taxonomy":"product_cat","embeddable":true,"href":"https:\/\/3rings.eu\/es\/wp-json\/wp\/v2\/product_cat?post=1104"},{"taxonomy":"product_tag","embeddable":true,"href":"https:\/\/3rings.eu\/es\/wp-json\/wp\/v2\/product_tag?post=1104"}],"curies":[{"name":"wp","href":"https:\/\/api.w.org\/{rel}","templated":true}]}}