{"id":1105,"date":"2020-11-08T09:53:41","date_gmt":"2020-11-08T08:53:41","guid":{"rendered":"https:\/\/3rings.eu\/keratolytic-complex-15ml\/"},"modified":"2025-01-21T00:23:48","modified_gmt":"2025-01-20T23:23:48","slug":"nescens-complejo-queratolitico-cara","status":"publish","type":"product","link":"https:\/\/3rings.eu\/es\/producto\/nescens-complejo-queratolitico-cara\/","title":{"rendered":"Complejo queratol\u00edtico, Cara - Nescens"},"content":{"rendered":"<p>T\u00e9cnica recomendada de rejuvenecimiento de Nescens para actuar sobre la aparici\u00f3n de imperfecciones en la piel. Combina un polihidroxi\u00e1cido con un agente exfoliante intensivo. Su efecto sin\u00e9rgico favorece la descamaci\u00f3n superficial de la piel para afinar su recubrimiento.<\/p>\n<h2>Beneficios cosmec\u00e9uticos<\/h2>\n<ul>\n<li>Proporciona una potente renovaci\u00f3n de los tejidos cut\u00e1neos y una acci\u00f3n suavizante.<\/li>\n<li>Aumenta la proliferaci\u00f3n celular y la bios\u00edntesis de componentes moleculares, mejorando las propiedades mec\u00e1nicas de los problemas (elasticidad, firmeza, tonicidad).<\/li>\n<li>Mejora las propiedades de la barrera cut\u00e1nea y aumenta la resistencia de la piel a las agresiones ambientales.<\/li>\n<li>Contrarresta los efectos del fotoenvejecimiento mediante sus beneficios antioxidantes, quelantes y despigmentantes.<\/li>\n<\/ul>\n<h2>Instrucciones de uso<\/h2>\n<p>Peeling qu\u00edmico, recomendado una o dos veces a la semana, preferiblemente por la noche. La frecuencia de uso de este cosmec\u00e9utico est\u00e1 determinada por la condici\u00f3n de tu piel:<\/p>\n<ul>\n<li>En caso de piel fina y delicada y\/o con signos visibles de envejecimiento prematuro: 1 aplicaci\u00f3n \u00fanica a la semana.<\/li>\n<li>En caso de piel gruesa y\/o con signos visibles avanzados de envejecimiento: 2 aplicaciones a la semana.<\/li>\n<\/ul>\n<p class=\"translation-block\">Aplicar el complejo queratol\u00edtico despu\u00e9s del <a href=\"https:\/\/3rings.eu\/es\/producto\/nescens-gel-limpiador-cara-130ml\/\" target=\"_self\">gel limpiador<\/a> preferiblemente en cara y cuello, evitando cualquier contacto con los ojos. Deja actuar el cosmec\u00e9utico durante 5 minutos. Retira todo el producto con un pa\u00f1o h\u00famedo. Secar bien.<\/p>\n<p>Para hombre y mujer. Probado cl\u00ednicamente bajo control dermatol\u00f3gico.<\/p>\n<p>No usar antes de la exposici\u00f3n al sol, ni los hombres durante la hora siguiente a afeitarse.<\/p>\n<h2>Ingredientes activos principales<\/h2>\n<ul>\n<li><strong>\u00c1cido lactobi\u00f3nico:<\/strong> proporciona una exfoliaci\u00f3n suave y muy eficaz. Estimula la renovaci\u00f3n de los queratinocitos y asegura la cohesi\u00f3n de la capa epid\u00e9rmica. Retiene las mol\u00e9culas de agua en el estrato c\u00f3rneo de la piel.<\/li>\n<li><strong>\u00c1cido salic\u00edlico:<\/strong> exfolia suavemente el estrato c\u00f3rneo mientras hidrata la piel.<\/li>\n<li><strong>\u00c1cido f\u00edtico:<\/strong> previene la distrofia cut\u00e1nea relacionada con el envejecimiento y minimiza la acumulaci\u00f3n de calcio en pieles maduras. Asegura un nivel de hidrataci\u00f3n \u00f3ptimo.<\/li>\n<\/ul>","protected":false},"excerpt":{"rendered":"<p>Deja la piel retexturizada y visiblemente alisada, como retenida. La aspereza de la piel parece disminuida mientras que se enfoca en la apariencia de los poros. La tez parece m\u00e1s uniforme. Se restaura el aspecto juvenil de los rasgos faciales.<\/p>","protected":false},"featured_media":1150,"comment_status":"open","ping_status":"closed","template":"","meta":[],"product_brand":[],"product_cat":[85,73],"product_tag":[],"class_list":{"0":"post-1105","1":"product","2":"type-product","3":"status-publish","4":"has-post-thumbnail","6":"product_cat-exfoliator","7":"product_cat-cosmeceutic","9":"first","10":"instock","11":"taxable","12":"shipping-taxable","13":"purchasable","14":"product-type-simple"},"_links":{"self":[{"href":"https:\/\/3rings.eu\/es\/wp-json\/wp\/v2\/product\/1105","targetHints":{"allow":["GET"]}}],"collection":[{"href":"https:\/\/3rings.eu\/es\/wp-json\/wp\/v2\/product"}],"about":[{"href":"https:\/\/3rings.eu\/es\/wp-json\/wp\/v2\/types\/product"}],"replies":[{"embeddable":true,"href":"https:\/\/3rings.eu\/es\/wp-json\/wp\/v2\/comments?post=1105"}],"version-history":[{"count":0,"href":"https:\/\/3rings.eu\/es\/wp-json\/wp\/v2\/product\/1105\/revisions"}],"wp:featuredmedia":[{"embeddable":true,"href":"https:\/\/3rings.eu\/es\/wp-json\/wp\/v2\/media\/1150"}],"wp:attachment":[{"href":"https:\/\/3rings.eu\/es\/wp-json\/wp\/v2\/media?parent=1105"}],"wp:term":[{"taxonomy":"product_brand","embeddable":true,"href":"https:\/\/3rings.eu\/es\/wp-json\/wp\/v2\/product_brand?post=1105"},{"taxonomy":"product_cat","embeddable":true,"href":"https:\/\/3rings.eu\/es\/wp-json\/wp\/v2\/product_cat?post=1105"},{"taxonomy":"product_tag","embeddable":true,"href":"https:\/\/3rings.eu\/es\/wp-json\/wp\/v2\/product_tag?post=1105"}],"curies":[{"name":"wp","href":"https:\/\/api.w.org\/{rel}","templated":true}]}}