{"id":1106,"date":"2020-11-08T09:53:41","date_gmt":"2020-11-08T08:53:41","guid":{"rendered":"https:\/\/3rings.eu\/metabolic-activator-toner-150ml\/"},"modified":"2023-01-05T08:29:36","modified_gmt":"2023-01-05T07:29:36","slug":"nescens-tonico-activador-metabolico-cara-150ml","status":"publish","type":"product","link":"https:\/\/3rings.eu\/es\/producto\/nescens-tonico-activador-metabolico-cara-150ml\/","title":{"rendered":"T\u00f3nico Activador Metab\u00f3lico, Cara - Nescens"},"content":{"rendered":"<p>Retiene las mol\u00e9culas de agua en el estrato c\u00f3rneo y calma las posibles irritaciones. Fomenta la exfoliaci\u00f3n natural de la epidermis y mantiene la hidrataci\u00f3n, revelando la tez fresca y radiante de una piel de aspecto joven.<\/p>\n<h2>Beneficios cosmec\u00e9uticos<\/h2>\n<ul>\n<li>Estimula las funciones de las c\u00e9lulas metab\u00f3licas.<\/li>\n<li>Favorece la exfoliaci\u00f3n natural de la epidermis.<\/li>\n<li>Mejora la penetraci\u00f3n de las sustancias activas.<\/li>\n<li>Retiene las mol\u00e9culas de agua en el estrato c\u00f3rneo.<\/li>\n<li>Restaura la funci\u00f3n de barrera hidrolip\u00eddica natural y el pH cut\u00e1neo.<\/li>\n<li>Calma las posibles irritaciones.<\/li>\n<li>Elimina los \u00faltimos restos de residuos de la fase de limpieza y neutraliza los dep\u00f3sitos de agua dura.<\/li>\n<\/ul>\n<h2>Instrucciones de uso<\/h2>\n<p class=\"translation-block\">Como parte del plan cosmec\u00e9utico de Nescens, use el t\u00f3nico activador metab\u00f3lico dos veces al d\u00eda antes de aplicar <a href=\"https:\/\/3rings.eu\/es\/categoria-producto\/cosmeceutica-2\/tratamiento-corrector\/\" target=\"_self\">tratamientos de cuidado corrector de Nescens<\/a> para optimizar su absorci\u00f3n y potenciar sus beneficios, o utilizar solo para tonificar la piel y cerrar los poros.<\/p>\n<p>Roc\u00eda el t\u00f3nico activador metab\u00f3lico en la palma de tu mano, a continuaci\u00f3n apl\u00edcalo sobre la cara y el cuello perfectamente limpios y secos.<\/p>\n<p>Masajea los tejidos de la piel con movimientos suaves para favorecer la absorci\u00f3n del l\u00edquido.<\/p>\n<p>Para hombre y mujer. Probado cl\u00ednicamente bajo supervisi\u00f3n dermatol\u00f3gica y oftalmol\u00f3gica.<\/p>\n<h2>Ingredientes activos principales<\/h2>\n<ul>\n<li><strong>\u00c1cido lactobi\u00f3nico:<\/strong> proporciona una exfoliaci\u00f3n suave y muy eficaz. Estimula la renovaci\u00f3n de los queratinocitos y asegura la cohesi\u00f3n de la capa epid\u00e9rmica.<\/li>\n<li><strong>\u00c1cido salic\u00edlico:<\/strong> fomenta la exfoliaci\u00f3n no agresiva de la superficie de la piel mientras la hidrata.<\/li>\n<li><strong>Niacinamida:<\/strong> tiene un efecto estabilizador sobre la barrera epid\u00e9rmica. Estimula la s\u00edntesis de ceramidas. Mejora el contenido de humedad del estrato c\u00f3rneo. Aumenta la vascularizaci\u00f3n de las papilas d\u00e9rmicas.<\/li>\n<li><strong>Taurina:<\/strong> protege las c\u00e9lulas epid\u00e9rmicas de la deshidrataci\u00f3n en un ambiente seco.<\/li>\n<li><strong>Isomerato de sac\u00e1rido:<\/strong> ofrece una hidrataci\u00f3n muy eficaz y duradera.<\/li>\n<li><strong>Glicerina:<\/strong> restaura la organizaci\u00f3n de las laminillas lip\u00eddicas intercelulares en el estrato c\u00f3rneo. Aporta una hidrataci\u00f3n \u00f3ptima de las diferentes capas de la epidermis.<\/li>\n<li><strong>Urea:<\/strong> aumenta la actividad de las enzimas clave necesarias para la s\u00edntesis de l\u00edpidos en la epidermis.<\/li>\n<li><strong>Pantenol:<\/strong> elemento clave en la producci\u00f3n de energ\u00eda aer\u00f3bica en queratinocitos. Participa en la reconstituci\u00f3n de las capas lip\u00eddicas epid\u00e9rmicas. Sus propiedades higrosc\u00f3picas favorecen la hidrataci\u00f3n.<\/li>\n<li><strong>Extracto de Fomes officinalis (hongo):<\/strong> asegura un efecto astringente que da como resultado una apariencia de piel tersa, tonificada y vigorizada.<\/li>\n<\/ul>","protected":false},"excerpt":{"rendered":"<p>Estimula la funci\u00f3n celular y tonifica los tejidos de la piel. Los poros aparecen apretados y la textura de la piel m\u00e1s refinada, con un aspecto en la superficie m\u00e1s suave.<\/p>","protected":false},"featured_media":1274,"comment_status":"open","ping_status":"closed","template":"","meta":[],"product_brand":[],"product_cat":[87],"product_tag":[],"class_list":{"0":"post-1106","1":"product","2":"type-product","3":"status-publish","4":"has-post-thumbnail","6":"product_cat-priming-care","8":"first","9":"instock","10":"taxable","11":"shipping-taxable","12":"purchasable","13":"product-type-simple"},"_links":{"self":[{"href":"https:\/\/3rings.eu\/es\/wp-json\/wp\/v2\/product\/1106","targetHints":{"allow":["GET"]}}],"collection":[{"href":"https:\/\/3rings.eu\/es\/wp-json\/wp\/v2\/product"}],"about":[{"href":"https:\/\/3rings.eu\/es\/wp-json\/wp\/v2\/types\/product"}],"replies":[{"embeddable":true,"href":"https:\/\/3rings.eu\/es\/wp-json\/wp\/v2\/comments?post=1106"}],"version-history":[{"count":0,"href":"https:\/\/3rings.eu\/es\/wp-json\/wp\/v2\/product\/1106\/revisions"}],"wp:featuredmedia":[{"embeddable":true,"href":"https:\/\/3rings.eu\/es\/wp-json\/wp\/v2\/media\/1274"}],"wp:attachment":[{"href":"https:\/\/3rings.eu\/es\/wp-json\/wp\/v2\/media?parent=1106"}],"wp:term":[{"taxonomy":"product_brand","embeddable":true,"href":"https:\/\/3rings.eu\/es\/wp-json\/wp\/v2\/product_brand?post=1106"},{"taxonomy":"product_cat","embeddable":true,"href":"https:\/\/3rings.eu\/es\/wp-json\/wp\/v2\/product_cat?post=1106"},{"taxonomy":"product_tag","embeddable":true,"href":"https:\/\/3rings.eu\/es\/wp-json\/wp\/v2\/product_tag?post=1106"}],"curies":[{"name":"wp","href":"https:\/\/api.w.org\/{rel}","templated":true}]}}