{"id":1107,"date":"2020-11-08T09:53:42","date_gmt":"2020-11-08T08:53:42","guid":{"rendered":"https:\/\/3rings.eu\/molecular-regeneration-emulsion-day-30ml\/"},"modified":"2023-10-29T13:46:21","modified_gmt":"2023-10-29T12:46:21","slug":"nescens-emulsion-diurna-regeneracion-molecular-cara-30ml","status":"publish","type":"product","link":"https:\/\/3rings.eu\/es\/producto\/nescens-emulsion-diurna-regeneracion-molecular-cara-30ml\/","title":{"rendered":"Emulsi\u00f3n Diurna Regeneraci\u00f3n Molecular, Cara - Nescens"},"content":{"rendered":"<p>La emulsi\u00f3n de regeneraci\u00f3n molecular de Nescens, un concentrado de principios activos seleccionados por sus efectos sin\u00e9rgicos, tiene como objetivo ayudar a neutralizar los mecanismos de da\u00f1o molecular relacionados con el envejecimiento natural y fotoinducido, y favorecer la renovaci\u00f3n de macromol\u00e9culas en la matriz extracelular.<\/p>\n<h2>Beneficios cosmec\u00e9uticos<\/h2>\n<ul>\n<li>Ayuda a neutralizar los procesos de glicaci\u00f3n y oxidaci\u00f3n para restaurar la funci\u00f3n celular \u00f3ptima y prevenir el endurecimiento de las fibras de col\u00e1geno y elastina.<\/li>\n<li>Reduce la actividad de las metaloproteasas, enzimas implicadas en la degradaci\u00f3n y fragmentaci\u00f3n de prote\u00ednas estructurales, para prevenir la formaci\u00f3n de fracturas en la arquitectura de soporte de los tejidos, en el origen de las arrugas.<\/li>\n<li>Aumenta la resistencia de la piel a la radiaci\u00f3n UV, ayudando a limitar el proceso de fotoenvejecimiento.<\/li>\n<li>Participa en la renovaci\u00f3n de macromol\u00e9culas de la matriz extracelular, favoreciendo la firmeza y densidad de los tejidos.<\/li>\n<li>Ayuda a limitar la inflamaci\u00f3n de los tejidos causada por las agresiones ex\u00f3genas y end\u00f3genas.<\/li>\n<li>Ofrece una hidrataci\u00f3n intensa y duradera gracias a la inclusi\u00f3n de agentes hidratantes de efecto gradual.<\/li>\n<li>Nutre la piel aportando l\u00edpidos bioid\u00e9nticos (similares a los l\u00edpidos sintetizados de manera natural en la epidermis).<\/li>\n<\/ul>\n<h2>Instrucciones de uso<\/h2>\n<p class=\"translation-block\">Utiliza la emulsi\u00f3n de regeneraci\u00f3n molecular todas las ma\u00f1anas despu\u00e9s de los <a href=\"https:\/\/3rings.eu\/es\/categoria-producto\/cosmeceutica-2\/cuidado-preparacion\/\" target=\"_self\">productos de cuidado de preparaci\u00f3n<\/a> y el <a href=\"https:\/\/3rings.eu\/es\/categoria-producto\/cosmeceutica-2\/suero\/\" target=\"_self\">suero Nescens<\/a>. Esta formulaci\u00f3n es especialmente eficaz cuando se usa junto con la <a href=\"https:\/\/3rings.eu\/es\/producto\/nescens-emulsion-renovadora-celular-nocturna-cara-30ml\/\" target=\"_self\">emulsi\u00f3n de renovaci\u00f3n celular<\/a> (cuidado corrector nocturno).<\/p>\n<p>Aplicar por la ma\u00f1ana sobre la cara y el cuello con movimientos suaves, tratando de evitar la zona del contorno de los ojos. Termina con ligeros golpeteos para ayudar a la penetraci\u00f3n del cosmec\u00e9utico.<\/p>\n<p>Para hombre y mujer. Probado cl\u00ednicamente bajo supervisi\u00f3n dermatol\u00f3gica y oftalmol\u00f3gica.<\/p>\n<h2>Ingredientes activos principales<\/h2>\n<ul>\n<li><strong>Niacinamida:<\/strong> estimula la producci\u00f3n de col\u00e1geno y previene su degradaci\u00f3n. Disminuye las manchas de pigmentaci\u00f3n. Asegura un efecto fotoprotector.<\/li>\n<li><strong>Tetraisopalmitato de ascorbilo (forma estabilizada de vitamina C), tocoferol y acetato de tocoferilo (vitaminas E):<\/strong> poderosos antioxidantes y fotoprotectores. Ayudan a prevenir el da\u00f1o celular y molecular (peroxidaci\u00f3n de los l\u00edpidos de la piel) provocado por los radicales libres de ox\u00edgeno. Mejora la luminosidad y el tono de los tejidos de la piel.<\/li>\n<li><strong>Descarboxi carnosina HCL:<\/strong> inhibe el proceso de glicaci\u00f3n. Un gran antioxidante. Un dip\u00e9ptido sint\u00e9tico extremadamente estable que no se degrada.<\/li>\n<li><strong>Urea:<\/strong> aumenta la actividad de las enzimas implicadas en la s\u00edntesis de l\u00edpidos epid\u00e9rmicos.<\/li>\n<li><strong>Glicerina:<\/strong> restaura la estructura laminar de los l\u00edpidos intercelulares en el estrato c\u00f3rneo y asegura una hidrataci\u00f3n \u00f3ptima en las diferentes capas de la epidermis.<\/li>\n<li><strong>Taurina:<\/strong> protege las c\u00e9lulas epid\u00e9rmicas contra la deshidrataci\u00f3n en ambientes secos.<\/li>\n<li><strong>Isomerato de sac\u00e1rido:<\/strong> ofrece una hidrataci\u00f3n \u00f3ptima y duradera.<\/li>\n<li><strong>Pantenol:<\/strong> un elemento clave en la producci\u00f3n de energ\u00eda aer\u00f3bica en los queratinocitos. Contribuye a la reconstituci\u00f3n de las capas lip\u00eddicas epid\u00e9rmicas. Sus propiedades higrosc\u00f3picas potencian la hidrataci\u00f3n.<\/li>\n<li><strong>Ceramidas AP, NP, EOP:<\/strong> l\u00edpidos fundamentales necesarios para restaurar la barrera hidrolip\u00eddica. Ayudan a asegurar la cohesi\u00f3n de la capa c\u00f3rnea de la piel.<\/li>\n<li><strong>Fitoesfingosina:<\/strong> disminuye la actividad de las metaloproteinasas y aumenta la s\u00edntesis de prote\u00ednas en la matriz extracelular. Estimula la diferenciaci\u00f3n de los queratinocitos. Refuerza la cohesi\u00f3n entre los corneocitos. Tiene efectos anti-envejecimiento.<\/li>\n<li><strong>Colesterol:<\/strong> un componente esencial de la barrera lip\u00eddica epid\u00e9rmica.<\/li>\n<li><strong>Manteca de karit\u00e9:<\/strong> ayuda a retrasar el proceso de envejecimiento de la piel. Combina propiedades suavizantes, hidratantes y reestructurantes.<\/li>\n<li><strong>N-acetilglucosamina:<\/strong> fomenta la adhesi\u00f3n celular al unir las glicoprote\u00ednas que aseguran la cohesi\u00f3n entre los corneocitos. Favorece la expresi\u00f3n de los marcadores de diferenciaci\u00f3n de los queratinocitos (queratina e involucrina).<\/li>\n<li><strong>Manuronato de metilsilanol:<\/strong> fomenta la regeneraci\u00f3n de la piel. Retrasa la p\u00e9rdida de elasticidad cut\u00e1nea y los cambios en la estructura del tejido conectivo relacionados con el proceso de envejecimiento.<\/li>\n<li><strong>Extracto de hoja de camellia sinensis:<\/strong> el t\u00e9 blanco tiene propiedades antioxidantes y antirradicales a\u00fan m\u00e1s potentes que las del t\u00e9 verde. Como antioxidante e inhibidor de radicales libres, tiene un efecto protector particularmente fuerte sobre la piel.<\/li>\n<li><strong>Extracto de Silybum marianum (fitosoma de fosfol\u00edpidos de soja que contienen silibinina):<\/strong> inhibe la peroxidaci\u00f3n de l\u00edpidos y ayuda a reparar el ADN. Maximiza la s\u00edntesis de glutaci\u00f3n intracelular. Tiene efectos antiinflamatorios e inmunorreguladores.<\/li>\n<li><strong>Extracto de hoja de Cynara scolymus (alcachofa):<\/strong> normaliza el crecimiento de los queratinocitos en la epidermis y estimula la s\u00edntesis del col\u00e1geno en la dermis mientras la protege contra los da\u00f1os.<\/li>\n<li><strong>Extracto de bulbo de crocus chrysanthus:<\/strong> facilita la comunicaci\u00f3n intercelular. Aumenta la producci\u00f3n de factores de crecimiento de los queratinocitos (tipo TGF \u03b2), que estimulan la s\u00edntesis del col\u00e1geno y la elastina por parte de los fibroblastos.<\/li>\n<\/ul>","protected":false},"excerpt":{"rendered":"<p>Restaura la capacidad de los tejidos cut\u00e1neos para reconstruir sus principales marcadores de juventud: flexibilidad, densidad y firmeza. Las arrugas son menos visibles y la superficie de la piel tiene un aspecto m\u00e1s suave. La tez luce m\u00e1s radiante.<\/p>","protected":false},"featured_media":1146,"comment_status":"open","ping_status":"closed","template":"","meta":[],"product_brand":[],"product_cat":[88,73],"product_tag":[],"class_list":{"0":"post-1107","1":"product","2":"type-product","3":"status-publish","4":"has-post-thumbnail","6":"product_cat-correcting-care","7":"product_cat-cosmeceutic","9":"first","10":"instock","11":"taxable","12":"shipping-taxable","13":"purchasable","14":"product-type-simple"},"_links":{"self":[{"href":"https:\/\/3rings.eu\/es\/wp-json\/wp\/v2\/product\/1107","targetHints":{"allow":["GET"]}}],"collection":[{"href":"https:\/\/3rings.eu\/es\/wp-json\/wp\/v2\/product"}],"about":[{"href":"https:\/\/3rings.eu\/es\/wp-json\/wp\/v2\/types\/product"}],"replies":[{"embeddable":true,"href":"https:\/\/3rings.eu\/es\/wp-json\/wp\/v2\/comments?post=1107"}],"version-history":[{"count":0,"href":"https:\/\/3rings.eu\/es\/wp-json\/wp\/v2\/product\/1107\/revisions"}],"wp:featuredmedia":[{"embeddable":true,"href":"https:\/\/3rings.eu\/es\/wp-json\/wp\/v2\/media\/1146"}],"wp:attachment":[{"href":"https:\/\/3rings.eu\/es\/wp-json\/wp\/v2\/media?parent=1107"}],"wp:term":[{"taxonomy":"product_brand","embeddable":true,"href":"https:\/\/3rings.eu\/es\/wp-json\/wp\/v2\/product_brand?post=1107"},{"taxonomy":"product_cat","embeddable":true,"href":"https:\/\/3rings.eu\/es\/wp-json\/wp\/v2\/product_cat?post=1107"},{"taxonomy":"product_tag","embeddable":true,"href":"https:\/\/3rings.eu\/es\/wp-json\/wp\/v2\/product_tag?post=1107"}],"curies":[{"name":"wp","href":"https:\/\/api.w.org\/{rel}","templated":true}]}}