{"id":1108,"date":"2020-11-08T09:53:42","date_gmt":"2020-11-08T08:53:42","guid":{"rendered":"https:\/\/3rings.eu\/pha-resurfacing-emulsion-200ml\/"},"modified":"2024-10-22T14:59:37","modified_gmt":"2024-10-22T12:59:37","slug":"nescens-emulsion-rejuvenecedora-pha-cuerpo-200ml","status":"publish","type":"product","link":"https:\/\/3rings.eu\/es\/producto\/nescens-emulsion-rejuvenecedora-pha-cuerpo-200ml\/","title":{"rendered":"Emulsi\u00f3n rejuvenecedora PHA, Cuerpo - Nescens"},"content":{"rendered":"<p>La emulsi\u00f3n rejuvenecedora Nescens PHA ayuda a reducir la aparici\u00f3n de descamaci\u00f3n excesiva en condiciones de piel seca durante el proceso de envejecimiento. Basada en una estrategia innovadora de acidificaci\u00f3n aguda y exfoliaci\u00f3n del estrato c\u00f3rneo, contribuye a la eliminaci\u00f3n de la descamaci\u00f3n existente y ayuda a prevenir su reaparici\u00f3n.<\/p>\n<h2>Beneficios cosmec\u00e9uticos<\/h2>\n<ul>\n<li>Restaura la integridad del cemento intercelular, mejorando las propiedades f\u00edsicas y mec\u00e1nicas de la epidermis.<\/li>\n<li>Contrarresta el fen\u00f3meno de descamaci\u00f3n excesiva de las pieles secas, a trav\u00e9s de una doble acci\u00f3n: acidificaci\u00f3n aguda (formulaci\u00f3n de pH \u00e1cido) y exfoliaci\u00f3n intensa del estrato c\u00f3rneo.<\/li>\n<li>Restaura la funci\u00f3n de barrera de la piel y aumenta su resistencia a las agresiones ambientales.<\/li>\n<li>Fomenta la uni\u00f3n de la humedad en las capas superiores de la epidermis y aumenta la actividad de sus factores hidratantes naturales.<\/li>\n<\/ul>\n<h2>Instrucciones de uso<\/h2>\n<p>Seg\u00fan el sistema cosmec\u00e9utico de Nescens, se recomienda aplicar la emulsi\u00f3n rejuvenecedora PHA por la ma\u00f1ana y por la noche, enfoc\u00e1ndote en las zonas secas y escamosas de la piel (antebrazos, muslos, piernas...), con movimientos suaves hacia arriba.<\/p>\n<p>Para hombre y mujer. Probado cl\u00ednicamente bajo control dermatol\u00f3gico.<\/p>\n<h2>Ingredientes activos principales<\/h2>\n<ul>\n<li><strong>\u00c1cido lactobi\u00f3nico:<\/strong> ofrece una exfoliaci\u00f3n suave y muy eficaz. Estimula la renovaci\u00f3n de los queratinocitos y asegura la cohesi\u00f3n de la capa epid\u00e9rmica. Retiene las mol\u00e9culas de agua en el estrato c\u00f3rneo.<\/li>\n<li><strong>Niacinamida:<\/strong> ejerce un efecto estabilizador sobre la barrera epid\u00e9rmica. Mejora el contenido de humedad del estrato c\u00f3rneo. Acelera la diferenciaci\u00f3n de queratinocitos.<\/li>\n<li><strong>N-acetilglucosamina:<\/strong> fomenta la adhesi\u00f3n celular (se une a las glicoprote\u00ednas, que a su vez se unen a los corneocitos). Estimula la expresi\u00f3n de marcadores de diferenciaci\u00f3n de queratinocitos (queratina, involucrina).<\/li>\n<li><strong>Glicerina:<\/strong> restaura la estructura de laminillas lip\u00eddicas intercelulares del estrato c\u00f3rneo. Aporta niveles \u00f3ptimos de hidrataci\u00f3n en las diferentes capas de la epidermis.<\/li>\n<li><strong>Urea:<\/strong> incrementa la actividad de las enzimas clave necesarias para la s\u00edntesis de l\u00edpidos epid\u00e9rmicos.<\/li>\n<li><strong>Pantenol:<\/strong> participa en la regeneraci\u00f3n de las capas lip\u00eddicas epid\u00e9rmicas. Sus propiedades higrosc\u00f3picas favorecen la hidrataci\u00f3n.<\/li>\n<\/ul>","protected":false},"excerpt":{"rendered":"<p>Despu\u00e9s de varias aplicaciones, la apariencia de aspereza de la piel disminuye. La piel recupera las caracter\u00edsticas de una piel de aspecto m\u00e1s joven, con una apariencia aterciopelada y una sensaci\u00f3n suave y flexible.<\/p>","protected":false},"featured_media":1144,"comment_status":"open","ping_status":"closed","template":"","meta":[],"product_brand":[],"product_cat":[88,73],"product_tag":[],"class_list":{"0":"post-1108","1":"product","2":"type-product","3":"status-publish","4":"has-post-thumbnail","6":"product_cat-correcting-care","7":"product_cat-cosmeceutic","9":"first","10":"instock","11":"taxable","12":"shipping-taxable","13":"purchasable","14":"product-type-simple"},"_links":{"self":[{"href":"https:\/\/3rings.eu\/es\/wp-json\/wp\/v2\/product\/1108","targetHints":{"allow":["GET"]}}],"collection":[{"href":"https:\/\/3rings.eu\/es\/wp-json\/wp\/v2\/product"}],"about":[{"href":"https:\/\/3rings.eu\/es\/wp-json\/wp\/v2\/types\/product"}],"replies":[{"embeddable":true,"href":"https:\/\/3rings.eu\/es\/wp-json\/wp\/v2\/comments?post=1108"}],"version-history":[{"count":0,"href":"https:\/\/3rings.eu\/es\/wp-json\/wp\/v2\/product\/1108\/revisions"}],"wp:featuredmedia":[{"embeddable":true,"href":"https:\/\/3rings.eu\/es\/wp-json\/wp\/v2\/media\/1144"}],"wp:attachment":[{"href":"https:\/\/3rings.eu\/es\/wp-json\/wp\/v2\/media?parent=1108"}],"wp:term":[{"taxonomy":"product_brand","embeddable":true,"href":"https:\/\/3rings.eu\/es\/wp-json\/wp\/v2\/product_brand?post=1108"},{"taxonomy":"product_cat","embeddable":true,"href":"https:\/\/3rings.eu\/es\/wp-json\/wp\/v2\/product_cat?post=1108"},{"taxonomy":"product_tag","embeddable":true,"href":"https:\/\/3rings.eu\/es\/wp-json\/wp\/v2\/product_tag?post=1108"}],"curies":[{"name":"wp","href":"https:\/\/api.w.org\/{rel}","templated":true}]}}