{"id":1109,"date":"2020-11-08T09:53:42","date_gmt":"2020-11-08T08:53:42","guid":{"rendered":"https:\/\/3rings.eu\/renewing-gel-mask-eye-contour-30ml\/"},"modified":"2025-02-11T04:02:33","modified_gmt":"2025-02-11T03:02:33","slug":"nescens-mascarilla-gel-renovadora-contorno-ojos-30ml","status":"publish","type":"product","link":"https:\/\/3rings.eu\/es\/producto\/nescens-mascarilla-gel-renovadora-contorno-ojos-30ml\/","title":{"rendered":"Mascarilla Gel Renovadora, Contorno de Ojos - Nescens"},"content":{"rendered":"<p>Se reducen los signos de fatiga y de envejecimiento avanzado. Los ojos se iluminan con una nueva juventud.<\/p>\n<h2>Beneficios cosmec\u00e9uticos<\/h2>\n<ul>\n<li>Antiojeras: aclara las zonas oscuras al activar la microcirculaci\u00f3n.<\/li>\n<li>Antibolsas: reabsorbe la grasa acumulada bajo los p\u00e1rpados inferiores y reactiva el sistema linf\u00e1tico. Descongestiona y refresca.<\/li>\n<li>Antiarrugas: aporta agua a la epidermis. Activa los mecanismos de regeneraci\u00f3n celular. Contribuye al relleno de microarrugas.<\/li>\n<\/ul>\n<h2>Instrucciones de uso<\/h2>\n<p>Aplicar dos o tres veces a la semana.<\/p>\n<p>Como parte del programa cosmec\u00e9utico de cuidado de la piel de Nescens, usa la mascarilla gel renovadora en un \u00e1rea del contorno de ojos perfectamente limpia y seca.<\/p>\n<p>Aplicar generosamente sobre toda la superficie periorbitaria (p\u00e1rpados superior e inferior, as\u00ed como en las l\u00edneas del entrecejo).<\/p>\n<p>Dejar actuar durante 10 minutos y aclarar con agua tibia o simplemente eliminar el exceso de producto.<\/p>\n<p class=\"translation-block\">Proceed with the application of day or night <a href=\"https:\/\/3rings.eu\/es\/categoria-producto\/cosmeceutica-2\/tratamiento-corrector\/\" target=\"_self\">correcting care products<\/a>.<\/p>\n<p>Para hombre y mujer. Probado cl\u00ednicamente bajo supervisi\u00f3n dermatol\u00f3gica y oftalmol\u00f3gica.<\/p>\n<h2>Ingredientes activos principales<\/h2>\n<ul>\n<li><strong>Manuronato de metilsilanol:<\/strong> derivado org\u00e1nico del silicio. Propiedades hidratantes. Tambi\u00e9n contribuye a la nutrici\u00f3n de la piel. Acci\u00f3n citostimulante. Efecto anti-radicales libres y anti-glicaci\u00f3n. Mejora el tono venoso y tiene propiedades reafirmantes y lipol\u00edticas, adem\u00e1s de efecto antiinflamatorio. Ayuda a fomentar la regeneraci\u00f3n de la piel. Retrasa la p\u00e9rdida de elasticidad de la piel y los cambios en la estructura del tejido conectivo relacionados con el proceso de envejecimiento.<\/li>\n<li><strong>Glicerina:<\/strong> restaura la estructura laminar de los l\u00edpidos intercelulares en el estrato c\u00f3rneo y asegura una hidrataci\u00f3n \u00f3ptima en las diferentes capas de la epidermis.<\/li>\n<li><strong>Urea:<\/strong> aumenta la actividad de las enzimas clave necesarias para la s\u00edntesis de l\u00edpidos en la epidermis.<\/li>\n<li><strong>Pantenol (provitamina B5):<\/strong> ayuda a la regeneraci\u00f3n de la capa lip\u00eddica epid\u00e9rmica. Sus propiedades higrosc\u00f3picas favorecen la hidrataci\u00f3n. Estimula la proliferaci\u00f3n celular y estimula la regeneraci\u00f3n de tejidos. Protege y deja la epidermis suave y aterciopelada.<\/li>\n<li><strong>\u00c1cido pirrolidona carbox\u00edlico:<\/strong> componente del Factor Hidratante Natural (NMF), esta mol\u00e9cula altamente higrosc\u00f3pica act\u00faa como un agente hidratante muy eficaz. Ayuda a la normalizaci\u00f3n de estructuras lamelares lip\u00eddicas desequilibradas.<\/li>\n<li><strong>Mezcla de amino\u00e1cidos:<\/strong> incluye 10 amino\u00e1cidos con propiedades de alta retenci\u00f3n de humedad (arginina, glicina, alanina, serina, valina, isoleucina, prolina, treonina, histidina, fenilalanina), que potencian el NMF.<\/li>\n<li><strong>Descarboxi carnosina HCL:<\/strong> detiene el proceso de glicaci\u00f3n. Un gran antioxidante. Un dip\u00e9ptido sint\u00e9tico muy estable que no est\u00e1 sujeto a la degradaci\u00f3n.<\/li>\n<li><strong>Xilitilgluc\u00f3sido + Anhidroxilitol + Xilitol:<\/strong> armonizaci\u00f3n del flujo hidratado de la piel. Tiene acci\u00f3n hidratante y reestructurante. Optimiza las reservas de hidrataci\u00f3n mejorando el nivel de hidrataci\u00f3n de la epidermis y aumentando las reservas de agua de la piel. Limita la p\u00e9rdida de agua transepid\u00e9rmica estimulando la s\u00edntesis de ceramidas, lo que refuerza el efecto barrera y hace que la piel sea m\u00e1s fuerte y resistente. Ofrece una mejora visual en la superficie de la piel al normalizar el desprendimiento y suavizar el microrrelieve cut\u00e1neo.<\/li>\n<li><strong>Cafe\u00edna:<\/strong> reduce las adiposidades localizadas, favoreciendo la desintoxicaci\u00f3n de los tejidos.<\/li>\n<li><strong>Trehalosa:<\/strong> disacarruro de origen natural. Protege del da\u00f1o en la piel y en el cabello provocado por la deshidrataci\u00f3n en condiciones normales y extremas.<\/li>\n<li><strong>Agua de flor de Hamamelis Virginiana:<\/strong> utilizado por sus propiedades astringentes, hemost\u00e1ticas y vasoconstrictoras.<\/li>\n<li><strong>\u00c1cido glicirret\u00ednico:<\/strong> propiedades calmantes.<\/li>\n<li><strong>Hialuronato de sodio:<\/strong> con excelentes propiedades humectantes y formadoras de pel\u00edcula. Ayuda a preservar las caracter\u00edsticas m\u00e1s importantes de la piel joven, como la flexibilidad, la elasticidad y el tono.<\/li>\n<li><strong>Fosfol\u00edpidos + Escina + Beta-sitosterol:<\/strong> el extracto de escina que tienen los fitosomas (complejos de fosfol\u00edpidos vegetales biocompatibles) se utiliza para combatir el enrojecimiento e iluminar el cutis.<\/li>\n<li><strong>Polvo de Chondrus Crispus (Carragenina o Algas Rojas):<\/strong> tiene propiedades calmantes, hidratantes y reestructurantes. Tambi\u00e9n tiene caracter\u00edsticas de formaci\u00f3n de pel\u00edcula.<\/li>\n<li><strong>Isomerato de sac\u00e1rido:<\/strong> tiene un alto potencial de retenci\u00f3n de agua y se une qu\u00edmicamente con la queratina (imposibilitando el lavado), mejorando as\u00ed la retenci\u00f3n de agua por la queratina en cantidades considerables y de manera sostenible. Este agente calmante e hidratante disminuye la sequedad y aspereza de la piel y la relaja.<\/li>\n<li><strong>Pentilenglicol:<\/strong> mejora la capacidad de retenci\u00f3n de agua de la piel y aumenta su nivel de hidrataci\u00f3n. Ayuda a regenerar la pel\u00edcula hidrolip\u00eddica de la epidermis.<\/li>\n<\/ul>","protected":false},"excerpt":{"rendered":"<p>Ojeras - bolsas - arrugas: corrige los 3 signos de la edad espec\u00edficos de la zona del contorno de ojos con un solo producto. Incluye 30 ingredientes activos en un gel innovador que restaura la apariencia juvenil de los ojos tras solo varias aplicaciones.<\/p>","protected":false},"featured_media":1132,"comment_status":"open","ping_status":"closed","template":"","meta":[],"product_brand":[],"product_cat":[86,73],"product_tag":[],"class_list":{"0":"post-1109","1":"product","2":"type-product","3":"status-publish","4":"has-post-thumbnail","6":"product_cat-mask","7":"product_cat-cosmeceutic","9":"first","10":"instock","11":"taxable","12":"shipping-taxable","13":"purchasable","14":"product-type-simple"},"_links":{"self":[{"href":"https:\/\/3rings.eu\/es\/wp-json\/wp\/v2\/product\/1109","targetHints":{"allow":["GET"]}}],"collection":[{"href":"https:\/\/3rings.eu\/es\/wp-json\/wp\/v2\/product"}],"about":[{"href":"https:\/\/3rings.eu\/es\/wp-json\/wp\/v2\/types\/product"}],"replies":[{"embeddable":true,"href":"https:\/\/3rings.eu\/es\/wp-json\/wp\/v2\/comments?post=1109"}],"version-history":[{"count":0,"href":"https:\/\/3rings.eu\/es\/wp-json\/wp\/v2\/product\/1109\/revisions"}],"wp:featuredmedia":[{"embeddable":true,"href":"https:\/\/3rings.eu\/es\/wp-json\/wp\/v2\/media\/1132"}],"wp:attachment":[{"href":"https:\/\/3rings.eu\/es\/wp-json\/wp\/v2\/media?parent=1109"}],"wp:term":[{"taxonomy":"product_brand","embeddable":true,"href":"https:\/\/3rings.eu\/es\/wp-json\/wp\/v2\/product_brand?post=1109"},{"taxonomy":"product_cat","embeddable":true,"href":"https:\/\/3rings.eu\/es\/wp-json\/wp\/v2\/product_cat?post=1109"},{"taxonomy":"product_tag","embeddable":true,"href":"https:\/\/3rings.eu\/es\/wp-json\/wp\/v2\/product_tag?post=1109"}],"curies":[{"name":"wp","href":"https:\/\/api.w.org\/{rel}","templated":true}]}}