{"id":1111,"date":"2020-11-08T09:53:42","date_gmt":"2020-11-08T08:53:42","guid":{"rendered":"https:\/\/3rings.eu\/sequential-micro-peeling-60ml\/"},"modified":"2023-01-05T08:19:34","modified_gmt":"2023-01-05T07:19:34","slug":"nescens-micropeeling-secuencial-cara-60ml","status":"publish","type":"product","link":"https:\/\/3rings.eu\/es\/producto\/nescens-micropeeling-secuencial-cara-60ml\/","title":{"rendered":"Micropeeling secuencial, Cara - Nescens"},"content":{"rendered":"<p>Aporta un potente efecto renovador a la epidermis mediante un proceso de exfoliaci\u00f3n \u00fanico basado en una triple acci\u00f3n secuencial: biomim\u00e9tica, enzim\u00e1tica y mec\u00e1nica. Reduce el tiempo de renovaci\u00f3n celular ralentizado por la edad. La se\u00f1al entregada de esta manera contribuye a la reducci\u00f3n del tiempo de renovaci\u00f3n celular que se ralentiza con la edad.<\/p>\n<h2>Beneficios cosmec\u00e9uticos<\/h2>\n<ul>\n<li>Limpia la piel en profundidad y elimina las impurezas.<\/li>\n<li>Estimula la renovaci\u00f3n celular y mejora las propiedades mec\u00e1nicas del tejido cut\u00e1neo (flexibilidad, firmeza, tono, etc.).<\/li>\n<li>Fortalece el tejido cut\u00e1neo y ayuda a incrementar su resistencia a factores externos.<\/li>\n<li>Suaviza la superficie de la piel, elimina las asperezas y reduce los defectos superficiales.<\/li>\n<\/ul>\n<h2>Instrucciones de uso<\/h2>\n<p class=\"translation-block\">Como parte del programa cosmec\u00e9utico de cuidado de la piel de Nescens, utiliza el micropeeling secuencial una o dos veces por semana despu\u00e9s de limpiar a fondo la cara y el cuello. Se recomienda su uso antes de aplicar los tratamientos de <a href=\"https:\/\/3rings.eu\/es\/categoria-producto\/cosmeceutica\/tratamiento-corrector\/\" target=\"_self\">cuidado corrector de Nescens<\/a> para estimular su absorci\u00f3n y maximizar los resultados.<\/p>\n<p>Para hombre y mujer. Probado cl\u00ednicamente bajo control dermatol\u00f3gico.<\/p>\n<h2>Ingredientes activos principales<\/h2>\n<ul>\n<li><strong>\u00c1cido polil\u00e1ctico (exfoliante mec\u00e1nico):<\/strong> la acci\u00f3n pulidora de las micropart\u00edculas del \u00e1cido polil\u00e1ctico renueva la superficie de la epidermis. El tama\u00f1o de los granos se ha elegido para realizar un exfoliante no agresivo. Este pol\u00edmero natural, biodegradable y ecol\u00f3gico, act\u00faa como un agente exfoliante suave y no irritante.<\/li>\n<li><strong>Fermento de bacilo (exfoliante enzim\u00e1tico):<\/strong> separa las c\u00e9lulas muertas de la superficie de la piel mediante un clivaje proteol\u00edtico. Mejora el aspecto y la textura de la piel.<\/li>\n<li><strong>Acetato de hexanoil dip\u00e9ptido-3 norleucina (exfoliante biomim\u00e9tico):<\/strong> esta formulaci\u00f3n liposomal, que encapsula un trip\u00e9ptido espec\u00edfico, activa la regeneraci\u00f3n celular de la piel acelerando el proceso de exfoliaci\u00f3n natural de la epidermis.<\/li>\n<\/ul>","protected":false},"excerpt":{"rendered":"<p>Se reducen los defectos superficiales (l\u00edneas finas, manchas oscuras, poros visibles, etc.). La piel adquiere un aspecto renovado, visiblemente m\u00e1s terso, m\u00e1s suave y m\u00e1s joven. Con la activaci\u00f3n de la respiraci\u00f3n celular, la tez se vuelve uniforme y radiante de nuevo.<\/p>","protected":false},"featured_media":1137,"comment_status":"open","ping_status":"closed","template":"","meta":[],"product_brand":[],"product_cat":[85,73],"product_tag":[],"class_list":{"0":"post-1111","1":"product","2":"type-product","3":"status-publish","4":"has-post-thumbnail","6":"product_cat-exfoliator","7":"product_cat-cosmeceutic","9":"first","10":"instock","11":"taxable","12":"shipping-taxable","13":"purchasable","14":"product-type-simple"},"_links":{"self":[{"href":"https:\/\/3rings.eu\/es\/wp-json\/wp\/v2\/product\/1111","targetHints":{"allow":["GET"]}}],"collection":[{"href":"https:\/\/3rings.eu\/es\/wp-json\/wp\/v2\/product"}],"about":[{"href":"https:\/\/3rings.eu\/es\/wp-json\/wp\/v2\/types\/product"}],"replies":[{"embeddable":true,"href":"https:\/\/3rings.eu\/es\/wp-json\/wp\/v2\/comments?post=1111"}],"version-history":[{"count":0,"href":"https:\/\/3rings.eu\/es\/wp-json\/wp\/v2\/product\/1111\/revisions"}],"wp:featuredmedia":[{"embeddable":true,"href":"https:\/\/3rings.eu\/es\/wp-json\/wp\/v2\/media\/1137"}],"wp:attachment":[{"href":"https:\/\/3rings.eu\/es\/wp-json\/wp\/v2\/media?parent=1111"}],"wp:term":[{"taxonomy":"product_brand","embeddable":true,"href":"https:\/\/3rings.eu\/es\/wp-json\/wp\/v2\/product_brand?post=1111"},{"taxonomy":"product_cat","embeddable":true,"href":"https:\/\/3rings.eu\/es\/wp-json\/wp\/v2\/product_cat?post=1111"},{"taxonomy":"product_tag","embeddable":true,"href":"https:\/\/3rings.eu\/es\/wp-json\/wp\/v2\/product_tag?post=1111"}],"curies":[{"name":"wp","href":"https:\/\/api.w.org\/{rel}","templated":true}]}}