{"id":1112,"date":"2020-11-08T09:53:42","date_gmt":"2020-11-08T08:53:42","guid":{"rendered":"https:\/\/3rings.eu\/sequential-peeling-body-175ml\/"},"modified":"2024-12-05T23:51:00","modified_gmt":"2024-12-05T22:51:00","slug":"nescens-peeling-secuencial-cuerpo-175ml","status":"publish","type":"product","link":"https:\/\/3rings.eu\/es\/producto\/nescens-peeling-secuencial-cuerpo-175ml\/","title":{"rendered":"Peeling Secuencial, Cuerpo - Nescens"},"content":{"rendered":"<p>Con este peeling secuencial, la exfoliaci\u00f3n est\u00e1 en el centro del enfoque antienvejecimiento de Nescens, lo que marca un importante paso hacia delante. La investigaci\u00f3n de Nescens ha desarrollado un proceso de exfoliaci\u00f3n \u00fanico basado en una triple acci\u00f3n secuencial para aportar un potente efecto renovador a la epidermis: biomim\u00e9tico, enzim\u00e1tico y mec\u00e1nico.<\/p>\n<h2>Beneficios cosmec\u00e9uticos<\/h2>\n<ul>\n<li>Limpia la piel en profundidad y elimina las impurezas.<\/li>\n<li>Estimula la renovaci\u00f3n celular y mejora las propiedades mec\u00e1nicas del tejido cut\u00e1neo (flexibilidad, firmeza, tono, etc.).<\/li>\n<li>Fortalece el tejido cut\u00e1neo y ayuda a incrementar su resistencia a factores externos.<\/li>\n<li>Suaviza la superficie de la piel, elimina las asperezas y reduce los defectos superficiales.<\/li>\n<\/ul>\n<h2>Instrucciones de uso<\/h2>\n<p class=\"translation-block\">Como parte del programa cosmec\u00e9utico de cuidado de la piel de Nescens, utiliza el peeling secuencial dos veces a la semana en toda la superficie del cuerpo. Se recomienda su uso antes de aplicar los <a href=\"https:\/\/3rings.eu\/es\/categoria-producto\/cosmeceutica\/tratamiento-corrector\/\" target=\"_self\">tratamientos de cuidado corrector de Nescens <\/a> para estimular su absorci\u00f3n y maximizar los resultados.<\/p>\n<p>Para hombre y mujer. Probado cl\u00ednicamente bajo control dermatol\u00f3gico.<\/p>\n<h2>Ingredientes activos principales<\/h2>\n<ul>\n<li><strong>\u00c1cido polil\u00e1ctico (exfoliante mec\u00e1nico):<\/strong> la acci\u00f3n pulidora de las micropart\u00edculas del \u00e1cido polil\u00e1ctico renueva la superficie de la epidermis. El tama\u00f1o de los granos se ha elegido para realizar un exfoliante no agresivo. Este pol\u00edmero natural, biodegradable y ecol\u00f3gico, act\u00faa como un agente exfoliante suave y no irritante.<\/li>\n<li><strong>Fermento de bacilo (exfoliante enzim\u00e1tico):<\/strong> separa las c\u00e9lulas muertas de la superficie de la piel mediante un clivaje proteol\u00edtico. Mejora el aspecto y la textura de la piel.<\/li>\n<li><strong>Acetato de hexanoil dip\u00e9ptido-3 norleucina (exfoliante biomim\u00e9tico):<\/strong> esta formulaci\u00f3n liposomal, que encapsula un trip\u00e9ptido espec\u00edfico, activa la regeneraci\u00f3n celular de la piel acelerando el proceso de exfoliaci\u00f3n natural de la epidermis.<\/li>\n<\/ul>","protected":false},"excerpt":{"rendered":"<p>Reactiva la renovaci\u00f3n celular que se ralentiza con la edad, mejorando las propiedades mec\u00e1nicas de los tejidos (elasticidad, firmeza, tono, etc.). Se restaura la calidad de la piel: suave y refinada al instante.<\/p>","protected":false},"featured_media":1135,"comment_status":"open","ping_status":"closed","template":"","meta":[],"product_brand":[],"product_cat":[85,73],"product_tag":[],"class_list":{"0":"post-1112","1":"product","2":"type-product","3":"status-publish","4":"has-post-thumbnail","6":"product_cat-exfoliator","7":"product_cat-cosmeceutic","9":"first","10":"instock","11":"taxable","12":"shipping-taxable","13":"purchasable","14":"product-type-simple"},"_links":{"self":[{"href":"https:\/\/3rings.eu\/es\/wp-json\/wp\/v2\/product\/1112","targetHints":{"allow":["GET"]}}],"collection":[{"href":"https:\/\/3rings.eu\/es\/wp-json\/wp\/v2\/product"}],"about":[{"href":"https:\/\/3rings.eu\/es\/wp-json\/wp\/v2\/types\/product"}],"replies":[{"embeddable":true,"href":"https:\/\/3rings.eu\/es\/wp-json\/wp\/v2\/comments?post=1112"}],"version-history":[{"count":0,"href":"https:\/\/3rings.eu\/es\/wp-json\/wp\/v2\/product\/1112\/revisions"}],"wp:featuredmedia":[{"embeddable":true,"href":"https:\/\/3rings.eu\/es\/wp-json\/wp\/v2\/media\/1135"}],"wp:attachment":[{"href":"https:\/\/3rings.eu\/es\/wp-json\/wp\/v2\/media?parent=1112"}],"wp:term":[{"taxonomy":"product_brand","embeddable":true,"href":"https:\/\/3rings.eu\/es\/wp-json\/wp\/v2\/product_brand?post=1112"},{"taxonomy":"product_cat","embeddable":true,"href":"https:\/\/3rings.eu\/es\/wp-json\/wp\/v2\/product_cat?post=1112"},{"taxonomy":"product_tag","embeddable":true,"href":"https:\/\/3rings.eu\/es\/wp-json\/wp\/v2\/product_tag?post=1112"}],"curies":[{"name":"wp","href":"https:\/\/api.w.org\/{rel}","templated":true}]}}