{"id":1113,"date":"2020-11-08T09:53:42","date_gmt":"2020-11-08T08:53:42","guid":{"rendered":"https:\/\/3rings.eu\/smoothing-gel-emulsion-eye-contour-15ml\/"},"modified":"2025-01-22T11:18:19","modified_gmt":"2025-01-22T10:18:19","slug":"nescens-smoothing-gel-emulsion-eye-contour-area-15ml","status":"publish","type":"product","link":"https:\/\/3rings.eu\/es\/producto\/nescens-smoothing-gel-emulsion-eye-contour-area-15ml\/","title":{"rendered":"Gel Emulsi\u00f3n Suavizante, Contorno de Ojos - Nescens"},"content":{"rendered":"<p>El gel emulsi\u00f3n suavizante Nescens incluye ingredientes activos de alta tecnolog\u00eda que ayudan a estimular la s\u00edntesis de las glicoprote\u00ednas de soporte y por lo tanto a disminuir la aparici\u00f3n de arrugas en la zona periorbital.<\/p>\n<h2>Beneficios cosmec\u00e9uticos<\/h2>\n<ul>\n<li>Favorece la renovaci\u00f3n de queratinocitos y fibroblastos.<\/li>\n<li>Activa la producci\u00f3n de col\u00e1geno, elastina y glicosaminoglicanos.<\/li>\n<li>Asegura una hidrataci\u00f3n \u00f3ptima de la piel.<\/li>\n<\/ul>\n<h2>Instrucciones de uso<\/h2>\n<p class=\"translation-block\">Aplicar por la ma\u00f1ana y por la noche en la zona del contorno de ojos. Ejercer una presi\u00f3n suave desde las esquinas interiores hasta las esquinas exteriores de los ojos (sienes y patas de gallo). Terminar con golpecitos suaves para ayudar a la penetraci\u00f3n del cosmec\u00e9utico. Continuar con la aplicaci\u00f3n del <a href=\"https:\/\/3rings.eu\/es\/categoria-producto\/cosmeceutica\/tratamiento-corrector\/\" target=\"_self\">producto de cuidado corrector facial<\/a> adecuado, evitando la zona del contorno de ojos.<\/p>\n<p>Para hombre y mujer. Probado cl\u00ednicamente bajo supervisi\u00f3n dermatol\u00f3gica y oftalmol\u00f3gica.<\/p>\n<h2>Ingredientes activos principales<\/h2>\n<ul>\n<li><strong>L-fucosa:<\/strong> aumenta la renovaci\u00f3n de los queratinocitos. Mejora la firmeza de la piel al estimular la s\u00edntesis de col\u00e1geno y elastina.<\/li>\n<li><strong>\u00c1cido lactobi\u00f3nico:<\/strong> ayuda a la renovaci\u00f3n de los queratinocitos y asegura una cohesi\u00f3n \u00f3ptima de la barrera epid\u00e9rmica. Propiedades exfoliantes muy eficaces y suaves. Retiene las mol\u00e9culas de agua en el estrato c\u00f3rneo.<\/li>\n<li><strong>Trip\u00e9ptido-5 de palmitoilo:<\/strong> estimula los mecanismos de s\u00edntesis de col\u00e1geno.<\/li>\n<li><strong>Tocoferol:<\/strong> potente antioxidante y fotoprotector que inhibe la peroxidaci\u00f3n cut\u00e1nea de los l\u00edpidos.<\/li>\n<\/ul>","protected":false},"excerpt":{"rendered":"<p>Act\u00faa sobre los tejidos de la zona del contorno de ojos para suavizar las arrugas existentes y retrasa la aparici\u00f3n de arrugas nuevas. La mirada juvenil de los ojos se prolonga.<\/p>","protected":false},"featured_media":1148,"comment_status":"open","ping_status":"closed","template":"","meta":[],"product_brand":[],"product_cat":[88,73],"product_tag":[],"class_list":{"0":"post-1113","1":"product","2":"type-product","3":"status-publish","4":"has-post-thumbnail","6":"product_cat-correcting-care","7":"product_cat-cosmeceutic","9":"first","10":"instock","11":"taxable","12":"shipping-taxable","13":"purchasable","14":"product-type-simple"},"_links":{"self":[{"href":"https:\/\/3rings.eu\/es\/wp-json\/wp\/v2\/product\/1113","targetHints":{"allow":["GET"]}}],"collection":[{"href":"https:\/\/3rings.eu\/es\/wp-json\/wp\/v2\/product"}],"about":[{"href":"https:\/\/3rings.eu\/es\/wp-json\/wp\/v2\/types\/product"}],"replies":[{"embeddable":true,"href":"https:\/\/3rings.eu\/es\/wp-json\/wp\/v2\/comments?post=1113"}],"version-history":[{"count":0,"href":"https:\/\/3rings.eu\/es\/wp-json\/wp\/v2\/product\/1113\/revisions"}],"wp:featuredmedia":[{"embeddable":true,"href":"https:\/\/3rings.eu\/es\/wp-json\/wp\/v2\/media\/1148"}],"wp:attachment":[{"href":"https:\/\/3rings.eu\/es\/wp-json\/wp\/v2\/media?parent=1113"}],"wp:term":[{"taxonomy":"product_brand","embeddable":true,"href":"https:\/\/3rings.eu\/es\/wp-json\/wp\/v2\/product_brand?post=1113"},{"taxonomy":"product_cat","embeddable":true,"href":"https:\/\/3rings.eu\/es\/wp-json\/wp\/v2\/product_cat?post=1113"},{"taxonomy":"product_tag","embeddable":true,"href":"https:\/\/3rings.eu\/es\/wp-json\/wp\/v2\/product_tag?post=1113"}],"curies":[{"name":"wp","href":"https:\/\/api.w.org\/{rel}","templated":true}]}}