{"id":1116,"date":"2020-11-08T09:53:42","date_gmt":"2020-11-08T08:53:42","guid":{"rendered":"https:\/\/3rings.eu\/scent-candle-black-tea-180gr\/"},"modified":"2025-02-11T03:12:40","modified_gmt":"2025-02-11T02:12:40","slug":"nescens-vela-perfumada-te-negro-180gr","status":"publish","type":"product","link":"https:\/\/3rings.eu\/es\/producto\/nescens-vela-perfumada-te-negro-180gr\/","title":{"rendered":"Vela Perfumada, T\u00e9 Negro - Nescens"},"content":{"rendered":"<p>Taza de color negro adornada con hojas de t\u00e9, con un sutil contraste entre el brillo del acabado brillante y las tonalidades negras mate m\u00e1s sobrias. Viene en un estuche premium, negro y dorado. Vela con 3 mechas 100% algod\u00f3n, sin plomo, hechas a mano. Contiene un 10% de fragancia. Fabricado en Francia, en Grasse, capital del perfume. Tiempo de combusti\u00f3n: unas 150 horas.<\/p>\n<p>Fragancia sin al\u00e9rgenos.<\/p>\n<h2>Beneficios<\/h2>\n<ul>\n<li>Perfuma sutil y agradablemente los espacios comunes.<\/li>\n<li>Crea una atm\u00f3sfera c\u00e1lida y relajante.<\/li>\n<\/ul>\n<h2>Pir\u00e1mide olfativa<\/h2>\n<p><img fetchpriority=\"high\" decoding=\"async\" class=\"alignnone wp-image-2036 size-full\" title=\"Nescens - Vela perfumada - T\u00e9 negro - Pir\u00e1mide olfativa\" src=\"https:\/\/3rings.eu\/wp-content\/uploads\/2020\/11\/nescens-scented-candle-black-tea-olfactive-pyramid.jpg\" alt=\"Nescens - Vela perfumada - T\u00e9 negro - Pir\u00e1mide olfativa\" width=\"716\" height=\"475\" srcset=\"https:\/\/3rings.eu\/wp-content\/uploads\/2020\/11\/nescens-scented-candle-black-tea-olfactive-pyramid.jpg 716w, https:\/\/3rings.eu\/wp-content\/uploads\/2020\/11\/nescens-scented-candle-black-tea-olfactive-pyramid-300x199.jpg 300w, https:\/\/3rings.eu\/wp-content\/uploads\/2020\/11\/nescens-scented-candle-black-tea-olfactive-pyramid-16x12.jpg 16w, https:\/\/3rings.eu\/wp-content\/uploads\/2020\/11\/nescens-scented-candle-black-tea-olfactive-pyramid-600x398.jpg 600w\" sizes=\"(max-width: 716px) 100vw, 716px\" \/><\/p>\n<h2>Instrucciones de uso<\/h2>\n<p>Seguir las instrucciones del embalaje.<\/p>","protected":false},"excerpt":{"rendered":"<p>Fragancia refinada invernal, la vela de t\u00e9 negro revela sus tonalidades c\u00e1lidas y envolventes: un sabroso perfume de t\u00e9 negro, con la armon\u00eda especiada y amaderada del azafr\u00e1n, el ron oscuro y el vetiver, junto a delicados aromas de capullos de rosa e higo blanco. Una sutil vela perfumada para un ambiente elegante.<\/p>","protected":false},"featured_media":1179,"comment_status":"open","ping_status":"closed","template":"","meta":[],"product_brand":[],"product_cat":[89,73],"product_tag":[],"class_list":{"0":"post-1116","1":"product","2":"type-product","3":"status-publish","4":"has-post-thumbnail","6":"product_cat-fragrance-candle","7":"product_cat-cosmeceutic","9":"first","10":"instock","11":"taxable","12":"shipping-taxable","13":"purchasable","14":"product-type-simple"},"_links":{"self":[{"href":"https:\/\/3rings.eu\/es\/wp-json\/wp\/v2\/product\/1116","targetHints":{"allow":["GET"]}}],"collection":[{"href":"https:\/\/3rings.eu\/es\/wp-json\/wp\/v2\/product"}],"about":[{"href":"https:\/\/3rings.eu\/es\/wp-json\/wp\/v2\/types\/product"}],"replies":[{"embeddable":true,"href":"https:\/\/3rings.eu\/es\/wp-json\/wp\/v2\/comments?post=1116"}],"version-history":[{"count":0,"href":"https:\/\/3rings.eu\/es\/wp-json\/wp\/v2\/product\/1116\/revisions"}],"wp:featuredmedia":[{"embeddable":true,"href":"https:\/\/3rings.eu\/es\/wp-json\/wp\/v2\/media\/1179"}],"wp:attachment":[{"href":"https:\/\/3rings.eu\/es\/wp-json\/wp\/v2\/media?parent=1116"}],"wp:term":[{"taxonomy":"product_brand","embeddable":true,"href":"https:\/\/3rings.eu\/es\/wp-json\/wp\/v2\/product_brand?post=1116"},{"taxonomy":"product_cat","embeddable":true,"href":"https:\/\/3rings.eu\/es\/wp-json\/wp\/v2\/product_cat?post=1116"},{"taxonomy":"product_tag","embeddable":true,"href":"https:\/\/3rings.eu\/es\/wp-json\/wp\/v2\/product_tag?post=1116"}],"curies":[{"name":"wp","href":"https:\/\/api.w.org\/{rel}","templated":true}]}}