{"id":1120,"date":"2020-11-08T09:53:42","date_gmt":"2020-11-08T08:53:42","guid":{"rendered":"https:\/\/3rings.eu\/parfum-int-bleu-initial-100ml\/"},"modified":"2023-01-05T08:12:43","modified_gmt":"2023-01-05T07:12:43","slug":"nescens-fragancia-ambiente-bleu-initial-100ml","status":"publish","type":"product","link":"https:\/\/3rings.eu\/es\/producto\/nescens-fragancia-ambiente-bleu-initial-100ml\/","title":{"rendered":"Fragancia ambiente, Bleu Initial - Nescens"},"content":{"rendered":"<p>Inspirada en el ic\u00f3nico color azul de la marca, los productos de fragancia Bleu Initial, impregnan una fragancia ambiental, difusor y vela de la firma olfativa de la gama de cuidado de la piel Nescens.<\/p>\n<p>Frasco de vidrio blanco lacado. Contiene un 10% de fragancia. Fabricado en Francia, Grasse, capital del perfume.<\/p>\n<p>Fragancia sin al\u00e9rgenos.<\/p>\n<h2>Beneficios<\/h2>\n<ul>\n<li>Perfume sutil y agradable para la ropa de spa, la cabina de tratamiento y los espacios comunes.<\/li>\n<li>Crea una atm\u00f3sfera c\u00e1lida y relajante.<\/li>\n<li>Sumerge al cliente en el relajante universo olfativo de Nescens para lograr una experiencia de bienestar perfecta.<\/li>\n<\/ul>\n<h2>Pir\u00e1mide olfativa<\/h2>\n<p><img fetchpriority=\"high\" decoding=\"async\" class=\"alignnone wp-image-2014 size-full\" title=\"Nescens - Fragancia ambiental - Bleu Initial - Pir\u00e1mide olfativa\" src=\"https:\/\/3rings.eu\/wp-content\/uploads\/2020\/11\/nescens-room-fragrance-bleu-initial-olfactive-pyramid.jpg\" alt=\"Nescens - Fragancia ambiental - Bleu Initial - Pir\u00e1mide olfativa\" width=\"1980\" height=\"702\" srcset=\"https:\/\/3rings.eu\/wp-content\/uploads\/2020\/11\/nescens-room-fragrance-bleu-initial-olfactive-pyramid.jpg 1980w, https:\/\/3rings.eu\/wp-content\/uploads\/2020\/11\/nescens-room-fragrance-bleu-initial-olfactive-pyramid-300x106.jpg 300w, https:\/\/3rings.eu\/wp-content\/uploads\/2020\/11\/nescens-room-fragrance-bleu-initial-olfactive-pyramid-1024x363.jpg 1024w, https:\/\/3rings.eu\/wp-content\/uploads\/2020\/11\/nescens-room-fragrance-bleu-initial-olfactive-pyramid-768x272.jpg 768w, https:\/\/3rings.eu\/wp-content\/uploads\/2020\/11\/nescens-room-fragrance-bleu-initial-olfactive-pyramid-1536x545.jpg 1536w, https:\/\/3rings.eu\/wp-content\/uploads\/2020\/11\/nescens-room-fragrance-bleu-initial-olfactive-pyramid-16x6.jpg 16w, https:\/\/3rings.eu\/wp-content\/uploads\/2020\/11\/nescens-room-fragrance-bleu-initial-olfactive-pyramid-600x213.jpg 600w\" sizes=\"(max-width: 1980px) 100vw, 1980px\" \/><\/p>\n<h2>Instrucciones de uso<\/h2>\n<p>Para perfumar tu spa con delicadeza y ofrecer un momento de relajaci\u00f3n \u00fanico con la fragancia bleu initial, roc\u00edala en la habitaci\u00f3n, en la ropa de cama o en los muebles blandos.<\/p>\n<p>No aplicar sobre la piel, no testado bajo control dermatol\u00f3gico.<\/p>","protected":false},"excerpt":{"rendered":"<p>Un aroma floral con tonalidades frescas de c\u00edtricos y jazm\u00edn, que se completa con la c\u00e1lida suavidad de tonalidades narc\u00f3ticas, amaderadas y de vainilla.<\/p>","protected":false},"featured_media":1620,"comment_status":"open","ping_status":"closed","template":"","meta":[],"product_brand":[],"product_cat":[89,73],"product_tag":[],"class_list":{"0":"post-1120","1":"product","2":"type-product","3":"status-publish","4":"has-post-thumbnail","6":"product_cat-fragrance-candle","7":"product_cat-cosmeceutic","9":"first","10":"instock","11":"taxable","12":"shipping-taxable","13":"purchasable","14":"product-type-simple"},"_links":{"self":[{"href":"https:\/\/3rings.eu\/es\/wp-json\/wp\/v2\/product\/1120","targetHints":{"allow":["GET"]}}],"collection":[{"href":"https:\/\/3rings.eu\/es\/wp-json\/wp\/v2\/product"}],"about":[{"href":"https:\/\/3rings.eu\/es\/wp-json\/wp\/v2\/types\/product"}],"replies":[{"embeddable":true,"href":"https:\/\/3rings.eu\/es\/wp-json\/wp\/v2\/comments?post=1120"}],"version-history":[{"count":0,"href":"https:\/\/3rings.eu\/es\/wp-json\/wp\/v2\/product\/1120\/revisions"}],"wp:featuredmedia":[{"embeddable":true,"href":"https:\/\/3rings.eu\/es\/wp-json\/wp\/v2\/media\/1620"}],"wp:attachment":[{"href":"https:\/\/3rings.eu\/es\/wp-json\/wp\/v2\/media?parent=1120"}],"wp:term":[{"taxonomy":"product_brand","embeddable":true,"href":"https:\/\/3rings.eu\/es\/wp-json\/wp\/v2\/product_brand?post=1120"},{"taxonomy":"product_cat","embeddable":true,"href":"https:\/\/3rings.eu\/es\/wp-json\/wp\/v2\/product_cat?post=1120"},{"taxonomy":"product_tag","embeddable":true,"href":"https:\/\/3rings.eu\/es\/wp-json\/wp\/v2\/product_tag?post=1120"}],"curies":[{"name":"wp","href":"https:\/\/api.w.org\/{rel}","templated":true}]}}