{"id":1121,"date":"2020-11-08T09:53:43","date_gmt":"2020-11-08T08:53:43","guid":{"rendered":"https:\/\/3rings.eu\/global-anti-aging-hands-40ml\/"},"modified":"2023-01-05T08:11:59","modified_gmt":"2023-01-05T07:11:59","slug":"nescens-cuidado-total-anti-edad-manos-40ml","status":"publish","type":"product","link":"https:\/\/3rings.eu\/es\/producto\/nescens-cuidado-total-anti-edad-manos-40ml\/","title":{"rendered":"Cuidado total antiedad, manos - Nescens"},"content":{"rendered":"<p>F\u00f3rmula cosmec\u00e9utica \u00fanica con concentraci\u00f3n ultra alta de ingredientes activos, que absorbe r\u00e1pidamente la piel sin dejar una sensaci\u00f3n grasosa. Este producto antienvejecimiento espec\u00edfico de Nescens se basa en los resultados de las principales investigaciones biom\u00e9dicas sobre el envejecimiento de la piel. Juntos, sus ingredientes activos refuerzan, redensifican y fortalecen la piel, haciendo que las manos luzcan y se sientan m\u00e1s j\u00f3venes.<\/p>\n<h2>Beneficios cosmec\u00e9uticos<\/h2>\n<ul>\n<li>Mejora la funci\u00f3n barrera, aumentando la resistencia de la piel a agresiones t\u00e9rmicas, f\u00edsicas y qu\u00edmicas.<\/li>\n<li>Activa la renovaci\u00f3n de las prote\u00ednas estructurales y estimula los factores naturales del crecimiento de la piel, devolviendo la firmeza, tono y densidad a los tejidos.<\/li>\n<li>Aporta una hidrataci\u00f3n intensa y duradera.<\/li>\n<li>Previene la sequedad.<\/li>\n<li>Repara la pigmentaci\u00f3n relacionada con la piel envejecida.<\/li>\n<li>Garantiza una protecci\u00f3n eficaz contra los radicales libres y la radiaci\u00f3n ultravioleta, que son las principales causas del envejecimiento cronol\u00f3gico o fotoinducido.<\/li>\n<\/ul>\n<h2>Instrucciones de uso<\/h2>\n<p>Aplicar por la ma\u00f1ana y la noche sobre las manos perfectamente limpias y secas. Masajear el producto en el tejido de la piel, desde las mu\u00f1ecas hasta las yemas de los dedos. Volver a aplicar durante el d\u00eda despu\u00e9s de lavarte las manos. Terminar con ligeros golpecitos para ayudar a la penetraci\u00f3n del cosmec\u00e9utico.<\/p>\n<p class=\"translation-block\">Si hay manchas oscuras provocadas por el envejecimiento cronol\u00f3gico o fotoinducido, aplica el <a href=\"https:\/\/3rings.eu\/es\/producto\/nescens-suero-corrector-puntos-negros-cara-cuerpo-30ml\/\" target=\"_self\">suero corrector de puntos negros Nescens<\/a> directamente en las \u00e1reas de inter\u00e9s.<\/p>\n<p>Para hombre y mujer. Probado cl\u00ednicamente bajo control dermatol\u00f3gico.<\/p>\n<h2>Ingredientes activos principales<\/h2>\n<ul>\n<li><strong>Fitoesteroles (ecdisterona):<\/strong> potente estimulante de producci\u00f3n celular con una alta concentraci\u00f3n de ecdisterona procedente de extractos de helechos tropicales. Ayuda a retardar el proceso de envejecimiento y recrear el volumen, la estructura y el perfil de una piel m\u00e1s joven. Refuerzo que mejora la conexi\u00f3n entre la dermis y la epidermis, haciendo que la piel sea m\u00e1s firme y el\u00e1stica. La epidermis se estratifica con mayor rapidez, recreando la densidad de la piel m\u00e1s joven y se restaura la cohesi\u00f3n del estrato c\u00f3rneo para que pueda ofrecer la mejor barrera protectora posible.<\/li>\n<li><strong>Niacinamida (vitamina B3):<\/strong> vitamina multifuncional. Fortalece la piel aumentando la resistencia de la capa exterior y tambi\u00e9n ayuda a mantener la piel hidratada. Mejora visiblemente la apariencia de la piel envejecida al promover la s\u00edntesis dirigida de col\u00e1geno. Tambi\u00e9n ayuda a aclarar la piel al contrarrestar la transferencia de melanosomas a los queratinocitos que provocan la pigmentaci\u00f3n de la piel. Los estudios in vivo han demostrado que la niacinamida reduce significativamente las manchas oscuras y ayuda a igualar el tono de la piel.<\/li>\n<li><strong>Extracto de tallo de Opuntia ficus-indica (extracto concentrado de nopal):<\/strong> rico en amino\u00e1cidos, flavonas, vitaminas, antioxidantes y polisac\u00e1ridos. Protege la piel de los factores ambientales (bloquea la liberaci\u00f3n de marcadores de estr\u00e9s de las c\u00e9lulas nerviosas sensoriales de la piel, calma la piel irritada) y proporciona una hidrataci\u00f3n intensa y duradera (propiedades hidratantes excepcionales gracias a los altos niveles de agentes hidratantes). Los estudios cl\u00ednicos llevados a cabo tanto en hombres como en mujeres han demostrado que el extracto concentrado de nopal act\u00faa muy bien para calmar y reafirmar la piel. Tambi\u00e9n demostr\u00f3 tener un efecto hidratante significativo, incluso en productos dise\u00f1ados para quitarse tras un lavado.<\/li>\n<li><strong>Palmitato de retinilo (vitamina A):<\/strong> acelera el recambio celular en la epidermis y fomenta una apariencia suave y uniforme. Tambi\u00e9n ayuda a mejorar la firmeza de la piel y a prevenir la sequedad.<\/li>\n<li><strong>Tocoferol (vitamina E):<\/strong> funciona como antioxidante y tambi\u00e9n mejora la hidrataci\u00f3n. Reaviva la luminosidad de la piel, restaura la tonicidad de los tejidos y protege contra el da\u00f1o solar.<\/li>\n<li><strong>Hialuronato de sodio (\u00e1cido hialur\u00f3nico de peso molecular alto):<\/strong> tiene propiedades de hidrataci\u00f3n y formaci\u00f3n de pel\u00edcula excepcionales. Fortalece la resistencia de las \u00e1reas expuestas del tejido de la piel, ayudando a retener la tonicidad, elasticidad y flexibilidad juvenil de la piel.<\/li>\n<li><strong>Arbutina alfa:<\/strong> aclara la piel y fomenta un tono de piel uniforme al inhibir la enzima tirosinasa, necesaria para la bios\u00edntesis de melanina en la piel.<\/li>\n<li><strong>Extracto de bulbo de crocus chrysanthus:<\/strong> aumenta la producci\u00f3n de col\u00e1geno y elastina en la piel y estimula los factores naturales de crecimiento de la piel (como se confirm\u00f3 en ensayos cl\u00ednicos tras dos semanas de tratamiento). El extracto rejuvenece la matriz cut\u00e1nea estimulando la comunicaci\u00f3n entre las c\u00e9lulas cut\u00e1neas, lo que mejora las propiedades biomec\u00e1nicas de la piel (esencial para el crecimiento, regeneraci\u00f3n y rejuvenecimiento de los tejidos).<\/li>\n<li><strong>Fitoesfingosina:<\/strong> un l\u00edpido biomim\u00e9tico id\u00e9ntico al que se encuentra de manera natural en la piel. Tiene un papel fundamental para fomentar la funci\u00f3n de la barrera cut\u00e1nea. Alivia el tejido da\u00f1ado equilibrando la microflora de la piel.<br \/>\n<strong>Ascorbilfosfato de magnesio (vitamina C):<\/strong> protege activamente contra el envejecimiento reduciendo las manchas oscuras, neutralizando los radicales libres y previniendo la aparici\u00f3n de arrugas.<\/li>\n<li><strong>Aceite de olus (aceite vegetal), acetato de tocoferilo (vitamina E), esteroles de glicina de soja (soja), glicerina, carboximetil beta-glucano de sodio, carnosina, \u00e1cido l\u00e1ctico:<\/strong>\n<ul>\n<li>Innovador humectante laminar de triple acci\u00f3n. Forma una pel\u00edcula protectora, refuerza las defensas de la piel e imita los factores hidratantes naturales para retener la humedad en el tejido cut\u00e1neo y potenciar su funci\u00f3n de barrera.<\/li>\n<li>Carnosina: p\u00e9ptido anti-envejecimiento. Previene la reticulaci\u00f3n y el endurecimiento del col\u00e1geno y elastina provocados por el proceso de glicaci\u00f3n.<\/li>\n<\/ul>\n<\/li>\n<\/ul>\n<p>Los estudios cl\u00ednicos han demostrado que este agente hidratante hidrocomplejo fortalece y calma la piel con efectos inmediatos y duraderos.<\/p>","protected":false},"excerpt":{"rendered":"<p>Producto todo en uno muy eficaz que previene y corrige la aparici\u00f3n de alteraciones relacionadas con la edad en los tejidos m\u00e1s expuestos de las manos: deshidrataci\u00f3n, sequedad, rugosidad, micro pliegues, manchas oscuras, p\u00e9rdida de densidad. Para manos rejuvenecidas y revitalizadas.<\/p>","protected":false},"featured_media":1130,"comment_status":"open","ping_status":"closed","template":"","meta":[],"product_brand":[],"product_cat":[88,73],"product_tag":[],"class_list":{"0":"post-1121","1":"product","2":"type-product","3":"status-publish","4":"has-post-thumbnail","6":"product_cat-correcting-care","7":"product_cat-cosmeceutic","9":"first","10":"instock","11":"taxable","12":"shipping-taxable","13":"purchasable","14":"product-type-simple"},"_links":{"self":[{"href":"https:\/\/3rings.eu\/es\/wp-json\/wp\/v2\/product\/1121","targetHints":{"allow":["GET"]}}],"collection":[{"href":"https:\/\/3rings.eu\/es\/wp-json\/wp\/v2\/product"}],"about":[{"href":"https:\/\/3rings.eu\/es\/wp-json\/wp\/v2\/types\/product"}],"replies":[{"embeddable":true,"href":"https:\/\/3rings.eu\/es\/wp-json\/wp\/v2\/comments?post=1121"}],"version-history":[{"count":0,"href":"https:\/\/3rings.eu\/es\/wp-json\/wp\/v2\/product\/1121\/revisions"}],"wp:featuredmedia":[{"embeddable":true,"href":"https:\/\/3rings.eu\/es\/wp-json\/wp\/v2\/media\/1130"}],"wp:attachment":[{"href":"https:\/\/3rings.eu\/es\/wp-json\/wp\/v2\/media?parent=1121"}],"wp:term":[{"taxonomy":"product_brand","embeddable":true,"href":"https:\/\/3rings.eu\/es\/wp-json\/wp\/v2\/product_brand?post=1121"},{"taxonomy":"product_cat","embeddable":true,"href":"https:\/\/3rings.eu\/es\/wp-json\/wp\/v2\/product_cat?post=1121"},{"taxonomy":"product_tag","embeddable":true,"href":"https:\/\/3rings.eu\/es\/wp-json\/wp\/v2\/product_tag?post=1121"}],"curies":[{"name":"wp","href":"https:\/\/api.w.org\/{rel}","templated":true}]}}