{"id":1122,"date":"2020-11-08T09:53:43","date_gmt":"2020-11-08T08:53:43","guid":{"rendered":"https:\/\/3rings.eu\/total-anti-aging-oil-body-150ml\/"},"modified":"2024-07-25T13:58:50","modified_gmt":"2024-07-25T11:58:50","slug":"nescens-aceite-antiedad-total-cuerpo-150ml","status":"publish","type":"product","link":"https:\/\/3rings.eu\/es\/producto\/nescens-aceite-antiedad-total-cuerpo-150ml\/","title":{"rendered":"Aceite antiedad total, Cuerpo - Nescens"},"content":{"rendered":"<p>Las propiedades excepcionales de las plantas son la base del primer aceite de masaje y tratamiento de Nescens, para lograr una piel m\u00e1s firme, tersa y tonificada. La f\u00f3rmula exclusiva de este compuesto a base de aceite combina 4 aceites vegetales de primera calidad con vitaminas anti-radicales. Estos aceites se han seleccionado cuidadosamente por sus propiedades nutritivas, protectoras y reconstituyentes y los efectos rejuvenecedores comprobados de sus ingredientes (vitaminas, minerales, antioxidantes y \u00e1cidos grasos esenciales).<\/p>\n<h2>Beneficios cosmec\u00e9uticos<\/h2>\n<p>Los ingredientes:<\/p>\n<ul>\n<li>Hidratan y nutren intensamente la piel, evitando su deshidrataci\u00f3n.<\/li>\n<li>Activan la renovaci\u00f3n celular, mejorando la elasticidad y firmeza de los tejidos.<\/li>\n<li>Proporcionan protecci\u00f3n contra agentes externos.<\/li>\n<li>Restauran la luminosidad de la piel y calman las irritaciones.<\/li>\n<li>Alisan, suavizan y tonifican los tejidos.<\/li>\n<\/ul>\n<h2>Instrucciones de uso<\/h2>\n<p>De uso diario realizando movimientos suaves.<\/p>\n<p>Unisex. Probado cl\u00ednicamente bajo control dermatol\u00f3gico.<\/p>\n<h2>Ingredientes activos principales<\/h2>\n<ul>\n<li><strong>Aceite de Prunus amygdalus dulcis (aceite de almendras dulces):<\/strong> act\u00faa como una sustancia calmante, dando a la piel un aspecto suave y terso. Realza la luminosidad y el tono de la piel. Aporta un efecto rejuvenecedor y suavizante. Reduce las cicatrices hipertr\u00f3ficas en el postoperatorio.<\/li>\n<li><strong>Aceite de semilla de Simmondsia chinensis (aceite de jojoba):<\/strong> un aceite hidratante y emoliente. Reduce la p\u00e9rdida de agua transepid\u00e9rmica, aportando suavidad y flexibilidad a la piel.<\/li>\n<li><strong>Aceite de fruta de Olea europaea (aceite de oliva):<\/strong> naturalmente rico en antioxidantes (anti-envejecimiento), escualeno (humectante), vitaminas, minerales y \u00e1cidos grasos naturales. Previene la aparici\u00f3n de l\u00edneas delgadas y arrugas. Nutre, regenera y protege la piel. Mejora la elasticidad de la piel durante el masaje.<\/li>\n<li><strong>Aceite de semilla de argania spinosa (aceite de arg\u00e1n):<\/strong> regula el nivel de pH de la piel, ayuda a proteger la piel de la radiaci\u00f3n solar y otros efectos da\u00f1inos. Nutre e hidrata la piel seca y escamosa. Estimula la renovaci\u00f3n celular y mejora la elasticidad de la piel al mismo tiempo que suaviza las arrugas y las l\u00edneas de expresi\u00f3n.<\/li>\n<li><strong>Palmitato de ascorbilo (vitamina C):<\/strong> estimula la producci\u00f3n de col\u00e1geno.<\/li>\n<li><strong>Tocoferol y acetato de tocoferilo (vitamina E):<\/strong> aumenta la hidrataci\u00f3n de la piel. Mejora la calidad de la superficie cut\u00e1nea. Proporciona un efecto fotoprotector y mejora la eficacia de los factores de protecci\u00f3n solar (FPS). Promueve la actividad antioxidante.<\/li>\n<\/ul>","protected":false},"excerpt":{"rendered":"<p>Combinado con movimientos modeladores y suavizantes, el aceite antiedad total Nescens mejora la expresi\u00f3n de los principales marcadores de juventud de la piel: elasticidad, firmeza, suavidad, comodidad, flexibilidad, tono.<\/p>","protected":false},"featured_media":1127,"comment_status":"open","ping_status":"closed","template":"","meta":[],"product_brand":[],"product_cat":[90,73],"product_tag":[],"class_list":{"0":"post-1122","1":"product","2":"type-product","3":"status-publish","4":"has-post-thumbnail","6":"product_cat-modeling-care","7":"product_cat-cosmeceutic","9":"first","10":"instock","11":"taxable","12":"shipping-taxable","13":"purchasable","14":"product-type-simple"},"_links":{"self":[{"href":"https:\/\/3rings.eu\/es\/wp-json\/wp\/v2\/product\/1122","targetHints":{"allow":["GET"]}}],"collection":[{"href":"https:\/\/3rings.eu\/es\/wp-json\/wp\/v2\/product"}],"about":[{"href":"https:\/\/3rings.eu\/es\/wp-json\/wp\/v2\/types\/product"}],"replies":[{"embeddable":true,"href":"https:\/\/3rings.eu\/es\/wp-json\/wp\/v2\/comments?post=1122"}],"version-history":[{"count":0,"href":"https:\/\/3rings.eu\/es\/wp-json\/wp\/v2\/product\/1122\/revisions"}],"wp:featuredmedia":[{"embeddable":true,"href":"https:\/\/3rings.eu\/es\/wp-json\/wp\/v2\/media\/1127"}],"wp:attachment":[{"href":"https:\/\/3rings.eu\/es\/wp-json\/wp\/v2\/media?parent=1122"}],"wp:term":[{"taxonomy":"product_brand","embeddable":true,"href":"https:\/\/3rings.eu\/es\/wp-json\/wp\/v2\/product_brand?post=1122"},{"taxonomy":"product_cat","embeddable":true,"href":"https:\/\/3rings.eu\/es\/wp-json\/wp\/v2\/product_cat?post=1122"},{"taxonomy":"product_tag","embeddable":true,"href":"https:\/\/3rings.eu\/es\/wp-json\/wp\/v2\/product_tag?post=1122"}],"curies":[{"name":"wp","href":"https:\/\/api.w.org\/{rel}","templated":true}]}}